{"id":7453,"date":"2021-07-21T11:48:39","date_gmt":"2021-07-21T09:48:39","guid":{"rendered":"https:\/\/www.seniorenakademie.dhbw-heidenheim.de\/?page_id=7453"},"modified":"2026-03-11T10:47:26","modified_gmt":"2026-03-11T09:47:26","slug":"unterwegs-2025-26","status":"publish","type":"page","link":"https:\/\/www.seniorenakademie.dhbw-heidenheim.de\/index.php\/semesterprogramm-2025-2026\/unterwegs-2025-26\/","title":{"rendered":"unterwegs 2025\/26"},"content":{"rendered":"\n<p class=\"wp-block-paragraph\"><strong>Durch Klicken auf die markierten \u00dcberschriften erhalten Sie zus\u00e4tzliche Informationen.<\/strong><\/p>\n\n\n\n<p class=\"wp-block-paragraph\"><a href=\"https:\/\/www.seniorenakademie.dhbw-heidenheim.de\/index.php\/semesterprogramm-2025-2026\/unterwegs-2025-26\/wanderung-im-steinheimer-becken\/\" data-type=\"page\" data-id=\"12097\"><strong>Wir wandern im \u201eSteinheimer Becken\u201c<\/strong> <strong>*<\/strong><\/a><br>Helmut Sch\u00f6nmann.<br>Donnerstag, 09. Oktober 2025, (Max 15 Teiln. &#8211; Anmeldung)<br><\/p>\n\n\n\n<p class=\"has-black-color has-text-color wp-block-paragraph\"><a href=\"https:\/\/www.seniorenakademie.dhbw-heidenheim.de\/index.php\/semesterprogramm-2025-2026\/unterwegs-2025-26\/kulturfahrt-nach-munchen-museum-brandhorst\/\"><strong>Kulturfahrt nach M\u00fcnchen: Museum Brandhorst  &#8211; entf\u00e4llt &#8211;<\/strong> <\/a><br>Reinhard Ehrtmann<br>Mittwoch 6.Mai 2026 (Tagesfahrt mit Bus)<\/p>\n\n\n\n<p class=\"wp-block-paragraph\"><a href=\"https:\/\/www.seniorenakademie.dhbw-heidenheim.de\/index.php\/semesterprogramm-2025-2026\/unterwegs-2025-26\/weiherwiesenrunde-sah\/\" data-type=\"page\" data-id=\"14021\"><strong>Wanderung<\/strong> &#8211; <strong>Weiherwiesenrunde<\/strong><\/a><br>Otto Palfi <br><strong>Donnerstag 23. April 2026 13:30 Uhr Parkplatz Irmannweiler Waldrand<\/strong><\/p>\n\n\n\n<p class=\"wp-block-paragraph\"><strong>*Gesonderte Anmeldung erforderlich<\/strong><\/p>\n\n\n\n<p class=\"wp-block-paragraph\"><\/p>\n","protected":false},"excerpt":{"rendered":"<p>Durch Klicken auf die markierten \u00dcberschriften erhalten Sie zus\u00e4tzliche Informationen. Wir wandern im \u201eSteinheimer Becken\u201c *Helmut Sch\u00f6nmann.Donnerstag, 09. Oktober 2025, (Max 15 Teiln. &#8211; Anmeldung) Kulturfahrt nach M\u00fcnchen: Museum Brandhorst &#8211; entf\u00e4llt &#8211; Reinhard EhrtmannMittwoch 6.Mai 2026 (Tagesfahrt mit Bus) Wanderung &#8211; WeiherwiesenrundeOtto Palfi Donnerstag 23. April 2026 13:30 Uhr Parkplatz Irmannweiler Waldrand *Gesonderte Anmeldung <a class=\"more-link\" href=\"https:\/\/www.seniorenakademie.dhbw-heidenheim.de\/index.php\/semesterprogramm-2025-2026\/unterwegs-2025-26\/\">weiterlesen&#8230;<\/a><\/p>\n","protected":false},"author":10,"featured_media":0,"parent":10633,"menu_order":0,"comment_status":"closed","ping_status":"closed","template":"","meta":{"_crdt_document":"","_themeisle_gutenberg_block_has_review":false,"footnotes":""},"class_list":["post-7453","page","type-page","status-publish","hentry","gallery-content-unit"],"_links":{"self":[{"href":"https:\/\/www.seniorenakademie.dhbw-heidenheim.de\/index.php\/wp-json\/wp\/v2\/pages\/7453","targetHints":{"allow":["GET"]}}],"collection":[{"href":"https:\/\/www.seniorenakademie.dhbw-heidenheim.de\/index.php\/wp-json\/wp\/v2\/pages"}],"about":[{"href":"https:\/\/www.seniorenakademie.dhbw-heidenheim.de\/index.php\/wp-json\/wp\/v2\/types\/page"}],"author":[{"embeddable":true,"href":"https:\/\/www.seniorenakademie.dhbw-heidenheim.de\/index.php\/wp-json\/wp\/v2\/users\/10"}],"replies":[{"embeddable":true,"href":"https:\/\/www.seniorenakademie.dhbw-heidenheim.de\/index.php\/wp-json\/wp\/v2\/comments?post=7453"}],"version-history":[{"count":31,"href":"https:\/\/www.seniorenakademie.dhbw-heidenheim.de\/index.php\/wp-json\/wp\/v2\/pages\/7453\/revisions"}],"predecessor-version":[{"id":14044,"href":"https:\/\/www.seniorenakademie.dhbw-heidenheim.de\/index.php\/wp-json\/wp\/v2\/pages\/7453\/revisions\/14044"}],"up":[{"embeddable":true,"href":"https:\/\/www.seniorenakademie.dhbw-heidenheim.de\/index.php\/wp-json\/wp\/v2\/pages\/10633"}],"wp:attachment":[{"href":"https:\/\/www.seniorenakademie.dhbw-heidenheim.de\/index.php\/wp-json\/wp\/v2\/media?parent=7453"}],"curies":[{"name":"wp","href":"https:\/\/api.w.org\/{rel}","templated":true}]}}