{"id":6789,"date":"2020-09-01T14:12:17","date_gmt":"2020-09-01T12:12:17","guid":{"rendered":"https:\/\/www.seniorenakademie.dhbw-heidenheim.de\/?page_id=6789"},"modified":"2026-02-07T11:17:27","modified_gmt":"2026-02-07T10:17:27","slug":"vorsorge-fuer-das-alter-und-den-tod-vollmachten-patientenverfuegungen-testament-erbrecht","status":"publish","type":"page","link":"https:\/\/www.seniorenakademie.dhbw-heidenheim.de\/index.php\/semesterprogramm-2025-2026\/veranstaltungen-25-26\/vorsorge-fuer-das-alter-und-den-tod-vollmachten-patientenverfuegungen-testament-erbrecht\/","title":{"rendered":"Vorsorge f\u00fcr das Alter und den Tod &#8211; Vollmachten \/ Patientenverf\u00fcgungen \/ Testament \/ Erbrecht"},"content":{"rendered":"\n<p class=\"wp-block-paragraph\">am Dienstag, 24.02. 26, 15:00 &#8211; 16:30 Uhr  i<strong>n der Aula (Raum 203)<\/strong><\/p>\n\n\n\n<!--more-->\n\n\n\n<p class=\"wp-block-paragraph\">Mit Vollmachten, Patientenverf\u00fcgung, Betreuungsverf\u00fcgung und Testament hat jeder die M\u00f6glichkeit, bedarfsgerecht vorzusorgen. Wie kann man Vorsorge f\u00fcr den Lebensabend und den Pflegefall treffen?<\/p>\n\n\n\n<p class=\"wp-block-paragraph\">Eine Erbschaft antreten \u2011 wer w\u00fcrde das nicht gerne tun? Aber nicht immer ist es eine reine Freude. Nicht immer ist klar, wer was bekommt. Jeder sollte deshalb rechtzeitig daran denken, sein Testament zu machen. Die Regeln f\u00fcr ein Testament sind streng. Deshalb Vorsicht bei der Testamentserrichtung.<\/p>\n\n\n\n<p class=\"wp-block-paragraph\">Was kann man in einem Testament oder Erbvertrag regeln und welche Auswirkungen hat dies auf das Verm\u00f6gen.<\/p>\n\n\n\n<p class=\"wp-block-paragraph\">Kann man Kinder enterben und wie hoch ist dann der Pflichtteil?<\/p>\n\n\n\n<p class=\"wp-block-paragraph\">Wer haftet f\u00fcr die Schulden des Verstorbenen.<\/p>\n\n\n\n<p class=\"wp-block-paragraph\">Wie hoch ist die Erbschaftssteuer.<\/p>\n\n\n\n<p class=\"wp-block-paragraph\">Der Vortrag gibt Antworten auf diese und andere Fragen.<\/p>\n\n\n\n<p class=\"wp-block-paragraph\">Der Referent ist Notar a.D. und lehrt als Professor an der Dualen Hochschule Baden-W\u00fcrttemberg und beim Deutschen Anwaltsinstitiut.<\/p>\n\n\n\n<p class=\"wp-block-paragraph\">Es besteht Gelegenheit, sich aus erster Hand zu informieren.<\/p>\n","protected":false},"excerpt":{"rendered":"<p>am Dienstag, 24.02. 26, 15:00 &#8211; 16:30 Uhr in der Aula (Raum 203)<\/p>\n","protected":false},"author":10,"featured_media":214,"parent":12007,"menu_order":0,"comment_status":"closed","ping_status":"closed","template":"","meta":{"_crdt_document":"","_themeisle_gutenberg_block_has_review":false,"footnotes":""},"class_list":["post-6789","page","type-page","status-publish","has-post-thumbnail","hentry","gallery-content-unit"],"_links":{"self":[{"href":"https:\/\/www.seniorenakademie.dhbw-heidenheim.de\/index.php\/wp-json\/wp\/v2\/pages\/6789","targetHints":{"allow":["GET"]}}],"collection":[{"href":"https:\/\/www.seniorenakademie.dhbw-heidenheim.de\/index.php\/wp-json\/wp\/v2\/pages"}],"about":[{"href":"https:\/\/www.seniorenakademie.dhbw-heidenheim.de\/index.php\/wp-json\/wp\/v2\/types\/page"}],"author":[{"embeddable":true,"href":"https:\/\/www.seniorenakademie.dhbw-heidenheim.de\/index.php\/wp-json\/wp\/v2\/users\/10"}],"replies":[{"embeddable":true,"href":"https:\/\/www.seniorenakademie.dhbw-heidenheim.de\/index.php\/wp-json\/wp\/v2\/comments?post=6789"}],"version-history":[{"count":7,"href":"https:\/\/www.seniorenakademie.dhbw-heidenheim.de\/index.php\/wp-json\/wp\/v2\/pages\/6789\/revisions"}],"predecessor-version":[{"id":13992,"href":"https:\/\/www.seniorenakademie.dhbw-heidenheim.de\/index.php\/wp-json\/wp\/v2\/pages\/6789\/revisions\/13992"}],"up":[{"embeddable":true,"href":"https:\/\/www.seniorenakademie.dhbw-heidenheim.de\/index.php\/wp-json\/wp\/v2\/pages\/12007"}],"wp:featuredmedia":[{"embeddable":true,"href":"https:\/\/www.seniorenakademie.dhbw-heidenheim.de\/index.php\/wp-json\/wp\/v2\/media\/214"}],"wp:attachment":[{"href":"https:\/\/www.seniorenakademie.dhbw-heidenheim.de\/index.php\/wp-json\/wp\/v2\/media?parent=6789"}],"curies":[{"name":"wp","href":"https:\/\/api.w.org\/{rel}","templated":true}]}}