{"id":561,"date":"2017-08-15T11:57:46","date_gmt":"2017-08-15T09:57:46","guid":{"rendered":"http:\/\/www.seniorenakademie.dhbw-heidenheim.de\/?page_id=561"},"modified":"2025-07-11T11:49:46","modified_gmt":"2025-07-11T09:49:46","slug":"geschaeftsfuehrung","status":"publish","type":"page","link":"https:\/\/www.seniorenakademie.dhbw-heidenheim.de\/index.php\/geschaeftsfuehrung\/","title":{"rendered":"Gesch\u00e4ftsf\u00fchrung"},"content":{"rendered":"\n<p class=\"wp-block-paragraph\"><span style=\"font-weight: 400;\">Das B\u00fcro der Selbstverwaltung befindet sich im Geb\u00e4ude der DHBW in der Wilhelmstrasse 10, 2. Stock, Raum 228.&nbsp;Von hier aus werden die Gesch\u00e4fte gef\u00fchrt. In der Selbstverwaltung arbeiten besonders engagierte Mitglieder&nbsp;nach selbst aufgestellter <a href=\"https:\/\/www.seniorenakademie.dhbw-heidenheim.de\/wp-content\/uploads\/2020\/07\/2020-Gesch\u00e4ftsordnung-der-SAH.pdf\">Gesch\u00e4ftsordnung<\/a>.<\/span><\/p>\n\n\n\n<hr class=\"wp-block-separator has-alpha-channel-opacity\"\/>\n\n\n\n<h4 class=\"wp-block-heading\">Mitglieder der Selbstverwaltung<\/h4>\n\n\n\n<figure class=\"wp-block-image size-full is-resized\"><img loading=\"lazy\" decoding=\"async\" width=\"773\" height=\"232\" src=\"https:\/\/www.seniorenakademie.dhbw-heidenheim.de\/wp-content\/uploads\/2025\/07\/SV-25.jpg\" alt=\"\" class=\"wp-image-13300\" style=\"width:780px;height:auto\" srcset=\"https:\/\/www.seniorenakademie.dhbw-heidenheim.de\/wp-content\/uploads\/2025\/07\/SV-25.jpg 773w, https:\/\/www.seniorenakademie.dhbw-heidenheim.de\/wp-content\/uploads\/2025\/07\/SV-25-300x90.jpg 300w, https:\/\/www.seniorenakademie.dhbw-heidenheim.de\/wp-content\/uploads\/2025\/07\/SV-25-768x230.jpg 768w\" sizes=\"auto, (max-width: 773px) 100vw, 773px\" \/><\/figure>\n\n\n\n<h5 class=\"wp-block-heading\">Vorstand<\/h5>\n\n\n<div class=\"wp-block-image\">\n<figure class=\"aligncenter size-full\"><img loading=\"lazy\" decoding=\"async\" width=\"404\" height=\"232\" src=\"https:\/\/www.seniorenakademie.dhbw-heidenheim.de\/wp-content\/uploads\/2025\/07\/SV-GF.jpg\" alt=\"\" class=\"wp-image-13303\" srcset=\"https:\/\/www.seniorenakademie.dhbw-heidenheim.de\/wp-content\/uploads\/2025\/07\/SV-GF.jpg 404w, https:\/\/www.seniorenakademie.dhbw-heidenheim.de\/wp-content\/uploads\/2025\/07\/SV-GF-300x172.jpg 300w\" sizes=\"auto, (max-width: 404px) 100vw, 404px\" \/><\/figure>\n<\/div>\n\n\n<h4 class=\"wp-block-heading\">Beirat<\/h4>\n\n\n\n<p class=\"wp-block-paragraph\">Zur Festlegung der Konzeption der Seniorenakademie und zur Evaluation (Auswertung) der Ergebnisse der einzelnen Projekte wurde ein Beirat gegr\u00fcndet.<br>Ihm geh\u00f6ren an:<\/p>\n\n\n\n<ul class=\"wp-block-list\">\n<li>Der Rektor der <a href=\"https:\/\/www.heidenheim.dhbw.de\/startseite\">DHBW Heidenheim<\/a><\/li>\n\n\n\n<li>Der Vorsitzende des F\u00f6rderervereins der DHBW Heidenheim e.V.<\/li>\n\n\n\n<li>Der Gesch\u00e4ftsf\u00fchrer des F\u00f6rderervereins der DHBW Heidenheim e.V.<\/li>\n\n\n\n<li>Vertreter*in der Stadt Heidenheim<\/li>\n\n\n\n<li>Die Vorsitzenden der Selbstverwaltung<\/li>\n<\/ul>\n\n\n\n<p class=\"wp-block-paragraph\"><\/p>\n","protected":false},"excerpt":{"rendered":"<p>Das B\u00fcro der Selbstverwaltung befindet sich im Geb\u00e4ude der DHBW in der Wilhelmstrasse 10, 2. Stock, Raum 228.&nbsp;Von hier aus werden die Gesch\u00e4fte gef\u00fchrt. In der Selbstverwaltung arbeiten besonders engagierte Mitglieder&nbsp;nach selbst aufgestellter Gesch\u00e4ftsordnung. Mitglieder der Selbstverwaltung Vorstand Beirat Zur Festlegung der Konzeption der Seniorenakademie und zur Evaluation (Auswertung) der Ergebnisse der einzelnen Projekte wurde <a class=\"more-link\" href=\"https:\/\/www.seniorenakademie.dhbw-heidenheim.de\/index.php\/geschaeftsfuehrung\/\">weiterlesen&#8230;<\/a><\/p>\n","protected":false},"author":10,"featured_media":214,"parent":0,"menu_order":0,"comment_status":"closed","ping_status":"closed","template":"","meta":{"_crdt_document":"","_themeisle_gutenberg_block_has_review":false,"footnotes":""},"class_list":["post-561","page","type-page","status-publish","has-post-thumbnail","hentry","gallery-content-unit"],"_links":{"self":[{"href":"https:\/\/www.seniorenakademie.dhbw-heidenheim.de\/index.php\/wp-json\/wp\/v2\/pages\/561","targetHints":{"allow":["GET"]}}],"collection":[{"href":"https:\/\/www.seniorenakademie.dhbw-heidenheim.de\/index.php\/wp-json\/wp\/v2\/pages"}],"about":[{"href":"https:\/\/www.seniorenakademie.dhbw-heidenheim.de\/index.php\/wp-json\/wp\/v2\/types\/page"}],"author":[{"embeddable":true,"href":"https:\/\/www.seniorenakademie.dhbw-heidenheim.de\/index.php\/wp-json\/wp\/v2\/users\/10"}],"replies":[{"embeddable":true,"href":"https:\/\/www.seniorenakademie.dhbw-heidenheim.de\/index.php\/wp-json\/wp\/v2\/comments?post=561"}],"version-history":[{"count":47,"href":"https:\/\/www.seniorenakademie.dhbw-heidenheim.de\/index.php\/wp-json\/wp\/v2\/pages\/561\/revisions"}],"predecessor-version":[{"id":13305,"href":"https:\/\/www.seniorenakademie.dhbw-heidenheim.de\/index.php\/wp-json\/wp\/v2\/pages\/561\/revisions\/13305"}],"wp:featuredmedia":[{"embeddable":true,"href":"https:\/\/www.seniorenakademie.dhbw-heidenheim.de\/index.php\/wp-json\/wp\/v2\/media\/214"}],"wp:attachment":[{"href":"https:\/\/www.seniorenakademie.dhbw-heidenheim.de\/index.php\/wp-json\/wp\/v2\/media?parent=561"}],"curies":[{"name":"wp","href":"https:\/\/api.w.org\/{rel}","templated":true}]}}