{"id":5600,"date":"2019-07-27T17:04:48","date_gmt":"2019-07-27T15:04:48","guid":{"rendered":"https:\/\/www.seniorenakademie.dhbw-heidenheim.de\/?page_id=5600"},"modified":"2025-09-03T11:29:20","modified_gmt":"2025-09-03T09:29:20","slug":"der-pc-im-seniorenalltag","status":"publish","type":"page","link":"https:\/\/www.seniorenakademie.dhbw-heidenheim.de\/index.php\/semesterprogramm-2025-2026\/sprachen-und-digitale-medien-25-26\/der-pc-im-seniorenalltag\/","title":{"rendered":"Der PC im Seniorenalltag"},"content":{"rendered":"\n<p class=\"has-text-align-right wp-block-paragraph\"><strong>Maximale Teilnehmerzahl 15<\/strong><\/p>\n\n\n\n<ul class=\"wp-block-list\">\n<li>Kenntnisse, die einem einsemestrigen Fortgeschrittenenkurs entsprechen, sind bei den Teilnehmern des Kurses Voraussetzung. Wir wollen Gelerntes anwenden und die Praxis und Erfahrung erweitern. In etlichen Bereichen k\u00f6nnen wir bei Interesse der Teilnehmer weiter in die Tiefe gehen.<\/li>\n\n\n\n<li>Ausstattung des Computerlabors im 3. Stock in der Marienstra\u00dfe (W\u00fcrfel) Raum 321 besteht im Augenblick aus Windows 11 und Office 365 (Word, Excel und Powerpoint).<\/li>\n<\/ul>\n\n\n\n<p class=\"wp-block-paragraph\">Einf\u00fchrung:<\/p>\n\n\n\n<ul class=\"wp-block-list\">\n<li>Einf\u00fchrung in Handhabung der neuen PC-Netz-Anlage,<\/li>\n\n\n\n<li>Wiederholungen, Grundlagen<\/li>\n\n\n\n<li>Anlegen und Verwalten von Verzeichnissen, Ordnern und Dateien auf dem USB&nbsp;\u2013&nbsp;Stick<\/li>\n\n\n\n<li><strong>Bitte schon in der ersten Stunde einen funktionsf\u00e4higen USB-Stick mitbringen.<\/strong><\/li>\n<\/ul>\n\n\n\n<p class=\"wp-block-paragraph\">Die meisten Themen werden wir in kleinen oder gr\u00f6\u00dferen Projekten erarbeiten.<\/p>\n\n\n\n<p class=\"wp-block-paragraph\"><strong>Schwerpunkt-Themen:<\/strong><\/p>\n\n\n\n<p class=\"wp-block-paragraph\">(Von den unten aufgef\u00fchrten Themen greifen wir auf Wunsch einige heraus. Es k\u00f6nnen nach R\u00fccksprache mit dem Kursleiter weitere Themen aufgegriffen werden)<\/p>\n\n\n\n<ul class=\"wp-block-list\">\n<li>Kopieren und Einf\u00fcgen, \u2026 von Dateien, Bildern, Grafiken, Texten, Textfeldern, Objekten,\u201c Clipart\u201c, Wordart, Autoformen, Schriften, Symbolen, Hyperlinks in den Office-Programme<\/li>\n\n\n\n<li>Erstellen von Gl\u00fcckwunschkarten, Gutscheinen, Visitenkarten, Adressenetiketten, Umschl\u00e4gen, sonstigen Aufklebern, Serienbriefen<\/li>\n\n\n\n<li>Word-Tabellen und Excel-Tabellen erstellen<\/li>\n\n\n\n<li>Einblick in die M\u00f6glichkeiten von Excel, Berechnungen in Excel<\/li>\n\n\n\n<li>Powerpoint-Pr\u00e4sentationen erstellen<\/li>\n\n\n\n<li>Internetrecherche f\u00fcr Projekte<\/li>\n\n\n\n<li>Informationen im Internet finden, weitere Suchmaschinen, Online-Zeitungen, \u2026<\/li>\n<\/ul>\n\n\n\n<p class=\"wp-block-paragraph\">Empfehlung zum \u00dcben au\u00dferhalb des Kurses:<br>PC\/Laptop mit Windows 10\/11 und Office 2019\/?. (Versionen ab Office 2016 unterscheiden sich nicht gravierend)<\/p>\n\n\n\n<p class=\"has-text-color has-link-color wp-elements-911a690f2c7fa5794c27a17f0cdc8a82 wp-block-paragraph\" style=\"color:#f70505\"><strong>Der Kurs beginnt am 13. Oktober 2025<\/strong> und <strong>findet im (Labor) in der Marienstra\u00dfe (W\u00fcrfel) im Raum M321 statt<\/strong><\/p>\n\n\n\n<p class=\"wp-block-paragraph\">Jeweils montags von 9.30 \u2013 11.30 Uhr mit einer Pause.<\/p>\n\n\n\n<p class=\"wp-block-paragraph\"><\/p>\n","protected":false},"excerpt":{"rendered":"<p>Maximale Teilnehmerzahl 15 Einf\u00fchrung: Die meisten Themen werden wir in kleinen oder gr\u00f6\u00dferen Projekten erarbeiten. Schwerpunkt-Themen: (Von den unten aufgef\u00fchrten Themen greifen wir auf Wunsch einige heraus. Es k\u00f6nnen nach R\u00fccksprache mit dem Kursleiter weitere Themen aufgegriffen werden) Empfehlung zum \u00dcben au\u00dferhalb des Kurses:PC\/Laptop mit Windows 10\/11 und Office 2019\/?. (Versionen ab Office 2016 unterscheiden <a class=\"more-link\" href=\"https:\/\/www.seniorenakademie.dhbw-heidenheim.de\/index.php\/semesterprogramm-2025-2026\/sprachen-und-digitale-medien-25-26\/der-pc-im-seniorenalltag\/\">weiterlesen&#8230;<\/a><\/p>\n","protected":false},"author":10,"featured_media":0,"parent":12028,"menu_order":0,"comment_status":"closed","ping_status":"closed","template":"","meta":{"_crdt_document":"","_themeisle_gutenberg_block_has_review":false,"footnotes":""},"class_list":["post-5600","page","type-page","status-publish","hentry","gallery-content-unit"],"_links":{"self":[{"href":"https:\/\/www.seniorenakademie.dhbw-heidenheim.de\/index.php\/wp-json\/wp\/v2\/pages\/5600","targetHints":{"allow":["GET"]}}],"collection":[{"href":"https:\/\/www.seniorenakademie.dhbw-heidenheim.de\/index.php\/wp-json\/wp\/v2\/pages"}],"about":[{"href":"https:\/\/www.seniorenakademie.dhbw-heidenheim.de\/index.php\/wp-json\/wp\/v2\/types\/page"}],"author":[{"embeddable":true,"href":"https:\/\/www.seniorenakademie.dhbw-heidenheim.de\/index.php\/wp-json\/wp\/v2\/users\/10"}],"replies":[{"embeddable":true,"href":"https:\/\/www.seniorenakademie.dhbw-heidenheim.de\/index.php\/wp-json\/wp\/v2\/comments?post=5600"}],"version-history":[{"count":19,"href":"https:\/\/www.seniorenakademie.dhbw-heidenheim.de\/index.php\/wp-json\/wp\/v2\/pages\/5600\/revisions"}],"predecessor-version":[{"id":13555,"href":"https:\/\/www.seniorenakademie.dhbw-heidenheim.de\/index.php\/wp-json\/wp\/v2\/pages\/5600\/revisions\/13555"}],"up":[{"embeddable":true,"href":"https:\/\/www.seniorenakademie.dhbw-heidenheim.de\/index.php\/wp-json\/wp\/v2\/pages\/12028"}],"wp:attachment":[{"href":"https:\/\/www.seniorenakademie.dhbw-heidenheim.de\/index.php\/wp-json\/wp\/v2\/media?parent=5600"}],"curies":[{"name":"wp","href":"https:\/\/api.w.org\/{rel}","templated":true}]}}