{"id":5394,"date":"2019-07-24T11:06:01","date_gmt":"2019-07-24T09:06:01","guid":{"rendered":"https:\/\/www.seniorenakademie.dhbw-heidenheim.de\/?page_id=5394"},"modified":"2026-04-15T16:19:03","modified_gmt":"2026-04-15T14:19:03","slug":"haeuser-optimal-verschenken-und-vererben","status":"publish","type":"page","link":"https:\/\/www.seniorenakademie.dhbw-heidenheim.de\/index.php\/semesterprogramm-2025-2026\/veranstaltungen-25-26\/haeuser-optimal-verschenken-und-vererben\/","title":{"rendered":"H\u00e4user optimal verschenken und vererben"},"content":{"rendered":"\n<p class=\"wp-block-paragraph\"><strong>Soll ich mein Haus zu Lebzeiten hergeben &#8211; Was man bei einer Haus\u00fcbertragung wissen sollte<\/strong><\/p>\n\n\n\n<p class=\"wp-block-paragraph\">Oft stehen \u00e4ltere Menschen vor\nder schwierigen Frage, ob sie bereits zu Lebzeiten ihren Grundbesitz auf Kinder\noder Enkelkinder \u00fcbertragen sollen. Eine so weit tragende Entscheidung bedarf\nreiflicher \u00dcberlegung. Chancen und Risiken einer Haus\u00fcbertragung m\u00fcssen\ngegeneinander abgewogen werden. Wie kann sich der \u00dcbergeber mit einem Wohnrecht\noder Nie\u00dfbrauch absichern, was geschieht, wenn der \u00dcbergeber ins Alten- oder\nPflegeheim muss oder der \u00dcbernehmer vor dem \u00dcbergeber stirbt, welche Vorbehalte\nkann der \u00dcbergeber vereinbaren. F\u00e4llt eine Schenkungsteuer an und wie hoch sind\ndie Kosten beim Notar und Grundbuchamt? <\/p>\n\n\n\n<p class=\"wp-block-paragraph\">Der Vortrag von Notar a.D. Professor Walter B\u00f6hringer, Heidenheim,\ninformiert \u00fcber die M\u00f6glichkeiten der Gestaltung von Haus\u00fcbergaben an Kinder,\ngeht auf Fragen des Pflichtteilsrechts weichender Kinder und eine etwaige\nSchenkungsteuer ein. <\/p>\n\n\n\n<p class=\"wp-block-paragraph\">Es besteht Gelegenheit, sich aus erster Hand zu informieren. Der Referent\nwar Notar und lehrt an der Dualen Hochschule Baden-W\u00fcrttemberg.<\/p>\n\n\n\n<p class=\"wp-block-paragraph\"><strong>Themenpunkte im Einzelnen:<\/strong><\/p>\n\n\n\n<ul class=\"wp-block-list\"><li>Soll ich\nmein Haus zu meinen Lebezeiten \u00fcbergeben oder ins Erbe gehen lassen? Muss ich\ndann ein Testament machen?<\/li><li>Gr\u00fcnde f\u00fcr\neine Haus\u00fcbergabe zu Lebzeiten<\/li><li>Zeitpunkt\nder \u00dcbergabe und Auswahl der Person des Erwerbers<\/li><li>Muss der\n\u00dcbernehmer einen \u00dcbergabepreis zahlen oder Schenkung?<\/li><li>Welche\nAbsicherung erh\u00e4lt der \u00dcbergeber (z.B. Wohnrecht)?<\/li><li>Und was bekommen\ndie weichenden Kinder?<\/li><li>Was\npassiert, wenn der \u00dcbergeber ins Pflegeheim muss?<\/li><li>F\u00e4llt eine\nSchenkungssteuer an und wie hoch sind die Kosten beim Notar und Grundbuchamt<\/li><\/ul>\n","protected":false},"excerpt":{"rendered":"<p>Soll ich mein Haus zu Lebzeiten hergeben &#8211; Was man bei einer Haus\u00fcbertragung wissen sollte Oft stehen \u00e4ltere Menschen vor der schwierigen Frage, ob sie bereits zu Lebzeiten ihren Grundbesitz auf Kinder oder Enkelkinder \u00fcbertragen sollen. Eine so weit tragende Entscheidung bedarf reiflicher \u00dcberlegung. Chancen und Risiken einer Haus\u00fcbertragung m\u00fcssen gegeneinander abgewogen werden. Wie kann <a class=\"more-link\" href=\"https:\/\/www.seniorenakademie.dhbw-heidenheim.de\/index.php\/semesterprogramm-2025-2026\/veranstaltungen-25-26\/haeuser-optimal-verschenken-und-vererben\/\">weiterlesen&#8230;<\/a><\/p>\n","protected":false},"author":10,"featured_media":0,"parent":12007,"menu_order":0,"comment_status":"closed","ping_status":"closed","template":"","meta":{"_crdt_document":"{\"document\":\"AAAH\/JvY4wamAZQBCJABgkAABgIBAgoCQgEASgCsAwECCgJCAQBKAKoTAQIKAkIBAEoAtgcBAgoCQgEASgCoBAECCgJCAQBKAKwBAQIKAQ1KLAIBAQgCQgBIAIAEAQEIAkIASACqAQEBCAJCAEgAjgIBAQgCQgBIAJQCAQEIAkIASACKAgEBCAJCAEgApgEBAQgCQgBIAIICAQEIAkIASAC5ASgDJwAEACcABAAnACgEJwAoAScABwAoAycBBAAoAicAhwAoAycBBAAoAicAhwAoAycBBAAoAicAhwAoAycBBAAoAicAhwAoAycBBAAoAicAhwAoAycAKA8nAAcAKAInAQQAKAEnAIcAKAInAQQAKAEnAIcAKAInAQQAKAEnAIcAKAInAQQAKAEnAIcAKAInAQQAKAEnAIcAKAInAQQAKAEnAIcAKAInAQQAKAEnAIcAKAInAQQAKAEnpCvmKXN0YXRldmVyc2lvbmRvY3VtZW50ZGF0ZWRvY3VtZW50c2x1Z2RvY3VtZW50c3RhdHVzZG9jdW1lbnR0aXRsZUjDpHVzZXIgb3B0aW1hbCB2ZXJzY2hlbmtlbiB1bmQgdmVyZXJiZW5kb2N1bWVudGNvbnRlbnQ8IS0tIHdwOnBhcmFncmFwaCAtLT4KPHA+PHN0cm9uZz5Tb2xsIGljaCBtZWluIEhhdXMgenUgTGViemVpdGVuIGhlcmdlYmVuIC0gV2FzIG1hbiBiZWkgZWluZXIgSGF1c8O8YmVydHJhZ3VuZyB3aXNzZW4gc29sbHRlPC9zdHJvbmc+PC9wPgo8IS0tIC93cDpwYXJhZ3JhcGggLS0+Cgo8IS0tIHdwOnBhcmFncmFwaCAtLT4KPHA+T2Z0IHN0ZWhlbiDDpGx0ZXJlIE1lbnNjaGVuIHZvcgpkZXIgc2Nod2llcmlnZW4gRnJhZ2UsIG9iIHNpZSBiZXJlaXRzIHp1IExlYnplaXRlbiBpaHJlbiBHcnVuZGJlc2l0eiBhdWYgS2luZGVyCm9kZXIgRW5rZWxraW5kZXIgw7xiZXJ0cmFnZW4gc29sbGVuLiBFaW5lIHNvIHdlaXQgdHJhZ2VuZGUgRW50c2NoZWlkdW5nIGJlZGFyZgpyZWlmbGljaGVyIMOcYmVybGVndW5nLiBDaGFuY2VuIHVuZCBSaXNpa2VuIGVpbmVyIEhhdXPDvGJlcnRyYWd1bmcgbcO8c3NlbgpnZWdlbmVpbmFuZGVyIGFiZ2V3b2dlbiB3ZXJkZW4uIFdpZSBrYW5uIHNpY2ggZGVyIMOcYmVyZ2ViZXIgbWl0IGVpbmVtIFdvaG5yZWNodApvZGVyIE5pZcOfYnJhdWNoIGFic2ljaGVybiwgd2FzIGdlc2NoaWVodCwgd2VubiBkZXIgw5xiZXJnZWJlciBpbnMgQWx0ZW4tIG9kZXIKUGZsZWdlaGVpbSBtdXNzIG9kZXIgZGVyIMOcYmVybmVobWVyIHZvciBkZW0gw5xiZXJnZWJlciBzdGlyYnQsIHdlbGNoZSBWb3JiZWhhbHRlCmthbm4gZGVyIMOcYmVyZ2ViZXIgdmVyZWluYmFyZW4uIEbDpGxsdCBlaW5lIFNjaGVua3VuZ3N0ZXVlciBhbiB1bmQgd2llIGhvY2ggc2luZApkaWUgS29zdGVuIGJlaW0gTm90YXIgdW5kIEdydW5kYnVjaGFtdD8gPC9wPgo8IS0tIC93cDpwYXJhZ3JhcGggLS0+Cgo8IS0tIHdwOnBhcmFncmFwaCAtLT4KPHA+RGVyIFZvcnRyYWcgdm9uIE5vdGFyIGEuRC4gUHJvZmVzc29yIFdhbHRlciBCw7ZocmluZ2VyLCBIZWlkZW5oZWltLAppbmZvcm1pZXJ0IMO8YmVyIGRpZSBNw7ZnbGljaGtlaXRlbiBkZXIgR2VzdGFsdHVuZyB2b24gSGF1c8O8YmVyZ2FiZW4gYW4gS2luZGVyLApnZWh0IGF1ZiBGcmFnZW4gZGVzIFBmbGljaHR0ZWlsc3JlY2h0cyB3ZWljaGVuZGVyIEtpbmRlciB1bmQgZWluZSBldHdhaWdlClNjaGVua3VuZ3N0ZXVlciBlaW4uIDwvcD4KPCEtLSAvd3A6cGFyYWdyYXBoIC0tPgoKPCEtLSB3cDpwYXJhZ3JhcGggLS0+CjxwPkVzIGJlc3RlaHQgR2VsZWdlbmhlaXQsIHNpY2ggYXVzIGVyc3RlciBIYW5kIHp1IGluZm9ybWllcmVuLiBEZXIgUmVmZXJlbnQKd2FyIE5vdGFyIHVuZCBsZWhydCBhbiBkZXIgRHVhbGVuIEhvY2hzY2h1bGUgQmFkZW4tV8O8cnR0ZW1iZXJnLjwvcD4KPCEtLSAvd3A6cGFyYWdyYXBoIC0tPgoKPCEtLSB3cDpwYXJhZ3JhcGggLS0+CjxwPjxzdHJvbmc+VGhlbWVucHVua3RlIGltIEVpbnplbG5lbjo8L3N0cm9uZz48L3A+CjwhLS0gL3dwOnBhcmFncmFwaCAtLT4KCjwhLS0gd3A6bGlzdCAtLT4KPHVsPjxsaT5Tb2xsIGljaAptZWluIEhhdXMgenUgbWVpbmVuIExlYmV6ZWl0ZW4gw7xiZXJnZWJlbiBvZGVyIGlucyBFcmJlIGdlaGVuIGxhc3Nlbj8gTXVzcyBpY2gKZGFubiBlaW4gVGVzdGFtZW50IG1hY2hlbj88L2xpPjxsaT5HcsO8bmRlIGbDvHIKZWluZSBIYXVzw7xiZXJnYWJlIHp1IExlYnplaXRlbjwvbGk+PGxpPlplaXRwdW5rdApkZXIgw5xiZXJnYWJlIHVuZCBBdXN3YWhsIGRlciBQZXJzb24gZGVzIEVyd2VyYmVyczwvbGk+PGxpPk11c3MgZGVyCsOcYmVybmVobWVyIGVpbmVuIMOcYmVyZ2FiZXByZWlzIHphaGxlbiBvZGVyIFNjaGVua3VuZz88L2xpPjxsaT5XZWxjaGUKQWJzaWNoZXJ1bmcgZXJow6RsdCBkZXIgw5xiZXJnZWJlciAoei5CLiBXb2hucmVjaHQpPzwvbGk+PGxpPlVuZCB3YXMgYmVrb21tZW4KZGllIHdlaWNoZW5kZW4gS2luZGVyPzwvbGk+PGxpPldhcwpwYXNzaWVydCwgd2VubiBkZXIgw5xiZXJnZWJlciBpbnMgUGZsZWdlaGVpbSBtdXNzPzwvbGk+PGxpPkbDpGxsdCBlaW5lClNjaGVua3VuZ3NzdGV1ZXIgYW4gdW5kIHdpZSBob2NoIHNpbmQgZGllIEtvc3RlbiBiZWltIE5vdGFyIHVuZCBHcnVuZGJ1Y2hhbXQ8L2xpPjwvdWw+CjwhLS0gL3dwOmxpc3QgLS0+ZG9jdW1lbnRleGNlcnB0ZG9jdW1lbnRhdXRob3Jkb2N1bWVudGZlYXR1cmVkX21lZGlhZG9jdW1lbnRjb21tZW50X3N0YXR1c2RvY3VtZW50cGluZ19zdGF0dXNkb2N1bWVudHRlbXBsYXRlZG9jdW1lbnRtZXRhX3RoZW1laXNsZV9ndXRlbmJlcmdfYmxvY2tfaGFzX3Jldmlld2Zvb3Rub3Rlc2RvY3VtZW50YmxvY2tzY2xpZW50SWRpc1ZhbGlkb3JpZ2luYWxDb250ZW50bmFtZWF0dHJpYnV0ZXNjb250ZW50PHN0cm9uZz5Tb2xsIGljaCBtZWluIEhhdXMgenUgTGViemVpdGVuIGhlcmdlYmVuIC0gV2FzIG1hbiBiZWkgZWluZXIgSGF1c8O8YmVydHJhZ3VuZyB3aXNzZW4gc29sbHRlPC9zdHJvbmc+ZHJvcENhcGhhc0N1c3RvbUNTU290dGVyQ29uZGl0aW9uc2lubmVyQmxvY2tzY2xpZW50SWRpc1ZhbGlkb3JpZ2luYWxDb250ZW50bmFtZWF0dHJpYnV0ZXNjb250ZW50T2Z0IHN0ZWhlbiDDpGx0ZXJlIE1lbnNjaGVuIHZvcgpkZXIgc2Nod2llcmlnZW4gRnJhZ2UsIG9iIHNpZSBiZXJlaXRzIHp1IExlYnplaXRlbiBpaHJlbiBHcnVuZGJlc2l0eiBhdWYgS2luZGVyCm9kZXIgRW5rZWxraW5kZXIgw7xiZXJ0cmFnZW4gc29sbGVuLiBFaW5lIHNvIHdlaXQgdHJhZ2VuZGUgRW50c2NoZWlkdW5nIGJlZGFyZgpyZWlmbGljaGVyIMOcYmVybGVndW5nLiBDaGFuY2VuIHVuZCBSaXNpa2VuIGVpbmVyIEhhdXPDvGJlcnRyYWd1bmcgbcO8c3NlbgpnZWdlbmVpbmFuZGVyIGFiZ2V3b2dlbiB3ZXJkZW4uIFdpZSBrYW5uIHNpY2ggZGVyIMOcYmVyZ2ViZXIgbWl0IGVpbmVtIFdvaG5yZWNodApvZGVyIE5pZcOfYnJhdWNoIGFic2ljaGVybiwgd2FzIGdlc2NoaWVodCwgd2VubiBkZXIgw5xiZXJnZWJlciBpbnMgQWx0ZW4tIG9kZXIKUGZsZWdlaGVpbSBtdXNzIG9kZXIgZGVyIMOcYmVybmVobWVyIHZvciBkZW0gw5xiZXJnZWJlciBzdGlyYnQsIHdlbGNoZSBWb3JiZWhhbHRlCmthbm4gZGVyIMOcYmVyZ2ViZXIgdmVyZWluYmFyZW4uIEbDpGxsdCBlaW5lIFNjaGVua3VuZ3N0ZXVlciBhbiB1bmQgd2llIGhvY2ggc2luZApkaWUgS29zdGVuIGJlaW0gTm90YXIgdW5kIEdydW5kYnVjaGFtdD8gZHJvcENhcGhhc0N1c3RvbUNTU290dGVyQ29uZGl0aW9uc2lubmVyQmxvY2tzY2xpZW50SWRpc1ZhbGlkb3JpZ2luYWxDb250ZW50bmFtZWF0dHJpYnV0ZXNjb250ZW50RGVyIFZvcnRyYWcgdm9uIE5vdGFyIGEuRC4gUHJvZmVzc29yIFdhbHRlciBCw7ZocmluZ2VyLCBIZWlkZW5oZWltLAppbmZvcm1pZXJ0IMO8YmVyIGRpZSBNw7ZnbGljaGtlaXRlbiBkZXIgR2VzdGFsdHVuZyB2b24gSGF1c8O8YmVyZ2FiZW4gYW4gS2luZGVyLApnZWh0IGF1ZiBGcmFnZW4gZGVzIFBmbGljaHR0ZWlsc3JlY2h0cyB3ZWljaGVuZGVyIEtpbmRlciB1bmQgZWluZSBldHdhaWdlClNjaGVua3VuZ3N0ZXVlciBlaW4uIGRyb3BDYXBoYXNDdXN0b21DU1NvdHRlckNvbmRpdGlvbnNpbm5lckJsb2Nrc2NsaWVudElkaXNWYWxpZG9yaWdpbmFsQ29udGVudG5hbWVhdHRyaWJ1dGVzY29udGVudEVzIGJlc3RlaHQgR2VsZWdlbmhlaXQsIHNpY2ggYXVzIGVyc3RlciBIYW5kIHp1IGluZm9ybWllcmVuLiBEZXIgUmVmZXJlbnQKd2FyIE5vdGFyIHVuZCBsZWhydCBhbiBkZXIgRHVhbGVuIEhvY2hzY2h1bGUgQmFkZW4tV8O8cnR0ZW1iZXJnLmRyb3BDYXBoYXNDdXN0b21DU1NvdHRlckNvbmRpdGlvbnNpbm5lckJsb2Nrc2NsaWVudElkaXNWYWxpZG9yaWdpbmFsQ29udGVudG5hbWVhdHRyaWJ1dGVzY29udGVudDxzdHJvbmc+VGhlbWVucHVua3RlIGltIEVpbnplbG5lbjo8L3N0cm9uZz5kcm9wQ2FwaGFzQ3VzdG9tQ1NTb3R0ZXJDb25kaXRpb25zaW5uZXJCbG9ja3NjbGllbnRJZGlzVmFsaWRvcmlnaW5hbENvbnRlbnRuYW1lYXR0cmlidXRlc3BsYWNlaG9sZGVyYmFja2dyb3VuZENvbG9ydGV4dENvbG9yZ3JhZGllbnRsb2NrYW5jaG9yY2xhc3NOYW1lZm9udEZhbWlseWZvbnRTaXplc3R5bGVtZXRhZGF0YW90dGVyQ29uZGl0aW9uc2hhc0N1c3RvbUNTU2N1c3RvbUNTU29yZGVyZWR2YWx1ZXNpbm5lckJsb2Nrc2NsaWVudElkaXNWYWxpZG5hbWVhdHRyaWJ1dGVzY29udGVudFNvbGwgaWNoPGJyPm1laW4gSGF1cyB6dSBtZWluZW4gTGViZXplaXRlbiDDvGJlcmdlYmVuIG9kZXIgaW5zIEVyYmUgZ2VoZW4gbGFzc2VuPyBNdXNzIGljaDxicj5kYW5uIGVpbiBUZXN0YW1lbnQgbWFjaGVuP2hhc0N1c3RvbUNTU290dGVyQ29uZGl0aW9uc2lubmVyQmxvY2tzY2xpZW50SWRpc1ZhbGlkbmFtZWF0dHJpYnV0ZXNjb250ZW50R3LDvG5kZSBmw7xyPGJyPmVpbmUgSGF1c8O8YmVyZ2FiZSB6dSBMZWJ6ZWl0ZW5oYXNDdXN0b21DU1NvdHRlckNvbmRpdGlvbnNpbm5lckJsb2Nrc2NsaWVudElkaXNWYWxpZG5hbWVhdHRyaWJ1dGVzY29udGVudFplaXRwdW5rdDxicj5kZXIgw5xiZXJnYWJlIHVuZCBBdXN3YWhsIGRlciBQZXJzb24gZGVzIEVyd2VyYmVyc2hhc0N1c3RvbUNTU290dGVyQ29uZGl0aW9uc2lubmVyQmxvY2tzY2xpZW50SWRpc1ZhbGlkbmFtZWF0dHJpYnV0ZXNjb250ZW50TXVzcyBkZXI8YnI+w5xiZXJuZWhtZXIgZWluZW4gw5xiZXJnYWJlcHJlaXMgemFobGVuIG9kZXIgU2NoZW5rdW5nP2hhc0N1c3RvbUNTU290dGVyQ29uZGl0aW9uc2lubmVyQmxvY2tzY2xpZW50SWRpc1ZhbGlkbmFtZWF0dHJpYnV0ZXNjb250ZW50V2VsY2hlPGJyPkFic2ljaGVydW5nIGVyaMOkbHQgZGVyIMOcYmVyZ2ViZXIgKHouQi4gV29obnJlY2h0KT9oYXNDdXN0b21DU1NvdHRlckNvbmRpdGlvbnNpbm5lckJsb2Nrc2NsaWVudElkaXNWYWxpZG5hbWVhdHRyaWJ1dGVzY29udGVudFVuZCB3YXMgYmVrb21tZW48YnI+ZGllIHdlaWNoZW5kZW4gS2luZGVyP2hhc0N1c3RvbUNTU290dGVyQ29uZGl0aW9uc2lubmVyQmxvY2tzY2xpZW50SWRpc1ZhbGlkbmFtZWF0dHJpYnV0ZXNjb250ZW50V2FzPGJyPnBhc3NpZXJ0LCB3ZW5uIGRlciDDnGJlcmdlYmVyIGlucyBQZmxlZ2VoZWltIG11c3M\/aGFzQ3VzdG9tQ1NTb3R0ZXJDb25kaXRpb25zaW5uZXJCbG9ja3NjbGllbnRJZGlzVmFsaWRuYW1lYXR0cmlidXRlc2NvbnRlbnRGw6RsbHQgZWluZTxicj5TY2hlbmt1bmdzc3RldWVyIGFuIHVuZCB3aWUgaG9jaCBzaW5kIGRpZSBLb3N0ZW4gYmVpbSBOb3RhciB1bmQgR3J1bmRidWNoYW10aGFzQ3VzdG9tQ1NTb3R0ZXJDb25kaXRpb25zaW5uZXJCbG9ja3MFBwgECAQIBggFJwgHuh8IBwgGCA4IDggLSAEEJQkIBggHDwQKB6sBBwwPCwgHDwQKB6oJBwwPCwgHDwQKB7ADBwwPCwgHDwQKB4kCBwwPCwgHDwQKBysHDA8LCAcPBAoLDwkIBAYJCggFCA8MCQcGCwgHBAoHtwEMDwsIBwQKBywMDwsIBwQKBz4MDwsIBwQKB4EBDA8LCAcECgc8DA8LCAcECgcqDA8LCAcECgc4DA8LCAcECgeaAQwPCw8BBAAAAQAAAAEGAAEBAAA7QgEBAEEAAgBBAAIAQQACAEEAAgBBAAIAQQAAQQACAEEAAgBBAAIAQQACAEEAAgBBAAIAQQACAEEAAgACQWgBtQEAfQF3EzIwMTktMDctMjRUMTE6MDY6MDF3KGhhZXVzZXItb3B0aW1hbC12ZXJzY2hlbmtlbi11bmQtdmVyZXJiZW53B3B1Ymxpc2h9Cn0AdwZjbG9zZWR3BmNsb3NlZHcAeXcAdyQ4MjYwMDFmMC1iOTRlLTRiMWEtOWY3OS04ZmI4ZjdiOWZiMmV4d3M8cD48c3Ryb25nPlNvbGwgaWNoIG1laW4gSGF1cyB6dSBMZWJ6ZWl0ZW4gaGVyZ2ViZW4gLSBXYXMgbWFuIGJlaSBlaW5lciBIYXVzw7xiZXJ0cmFndW5nIHdpc3NlbiBzb2xsdGU8L3N0cm9uZz48L3A+dw5jb3JlL3BhcmFncmFwaHl5dQB3JGMxZTI5MzMyLWU0YTUtNDAwZC1hZGFhLTAzMDk2MTBlYWM0NXh3\/QQ8cD5PZnQgc3RlaGVuIMOkbHRlcmUgTWVuc2NoZW4gdm9yCmRlciBzY2h3aWVyaWdlbiBGcmFnZSwgb2Igc2llIGJlcmVpdHMgenUgTGViemVpdGVuIGlocmVuIEdydW5kYmVzaXR6IGF1ZiBLaW5kZXIKb2RlciBFbmtlbGtpbmRlciDDvGJlcnRyYWdlbiBzb2xsZW4uIEVpbmUgc28gd2VpdCB0cmFnZW5kZSBFbnRzY2hlaWR1bmcgYmVkYXJmCnJlaWZsaWNoZXIgw5xiZXJsZWd1bmcuIENoYW5jZW4gdW5kIFJpc2lrZW4gZWluZXIgSGF1c8O8YmVydHJhZ3VuZyBtw7xzc2VuCmdlZ2VuZWluYW5kZXIgYWJnZXdvZ2VuIHdlcmRlbi4gV2llIGthbm4gc2ljaCBkZXIgw5xiZXJnZWJlciBtaXQgZWluZW0gV29obnJlY2h0Cm9kZXIgTmllw59icmF1Y2ggYWJzaWNoZXJuLCB3YXMgZ2VzY2hpZWh0LCB3ZW5uIGRlciDDnGJlcmdlYmVyIGlucyBBbHRlbi0gb2RlcgpQZmxlZ2VoZWltIG11c3Mgb2RlciBkZXIgw5xiZXJuZWhtZXIgdm9yIGRlbSDDnGJlcmdlYmVyIHN0aXJidCwgd2VsY2hlIFZvcmJlaGFsdGUKa2FubiBkZXIgw5xiZXJnZWJlciB2ZXJlaW5iYXJlbi4gRsOkbGx0IGVpbmUgU2NoZW5rdW5nc3RldWVyIGFuIHVuZCB3aWUgaG9jaCBzaW5kCmRpZSBLb3N0ZW4gYmVpbSBOb3RhciB1bmQgR3J1bmRidWNoYW10PyA8L3A+dw5jb3JlL3BhcmFncmFwaHl5dQB3JDllMTNkYTdmLTE2MDMtNGQ2Yy04NTU2LWUwMTcwYTliZjllY3h3+wE8cD5EZXIgVm9ydHJhZyB2b24gTm90YXIgYS5ELiBQcm9mZXNzb3IgV2FsdGVyIELDtmhyaW5nZXIsIEhlaWRlbmhlaW0sCmluZm9ybWllcnQgw7xiZXIgZGllIE3DtmdsaWNoa2VpdGVuIGRlciBHZXN0YWx0dW5nIHZvbiBIYXVzw7xiZXJnYWJlbiBhbiBLaW5kZXIsCmdlaHQgYXVmIEZyYWdlbiBkZXMgUGZsaWNodHRlaWxzcmVjaHRzIHdlaWNoZW5kZXIgS2luZGVyIHVuZCBlaW5lIGV0d2FpZ2UKU2NoZW5rdW5nc3RldWVyIGVpbi4gPC9wPncOY29yZS9wYXJhZ3JhcGh5eXUAdyQwY2IwOGY1My1lZGJhLTRjODktYjY1Zi0xY2MzNDAxMjMwZGJ4d5EBPHA+RXMgYmVzdGVodCBHZWxlZ2VuaGVpdCwgc2ljaCBhdXMgZXJzdGVyIEhhbmQgenUgaW5mb3JtaWVyZW4uIERlciBSZWZlcmVudAp3YXIgTm90YXIgdW5kIGxlaHJ0IGFuIGRlciBEdWFsZW4gSG9jaHNjaHVsZSBCYWRlbi1Xw7xydHRlbWJlcmcuPC9wPncOY29yZS9wYXJhZ3JhcGh5eXUAdyRjYWQ3ZThmMi1kNzU2LTQ4OTYtYjNjMC1jZTlkZDAyMjkzMTF4dzI8cD48c3Ryb25nPlRoZW1lbnB1bmt0ZSBpbSBFaW56ZWxuZW46PC9zdHJvbmc+PC9wPncOY29yZS9wYXJhZ3JhcGh5eXUAdyQ1NGNmZjBmNC0wNWQwLTRjODEtYWYwMS05NDcyNjQ5NDAxYTd4d9sEPHVsPjxsaT5Tb2xsIGljaAptZWluIEhhdXMgenUgbWVpbmVuIExlYmV6ZWl0ZW4gw7xiZXJnZWJlbiBvZGVyIGlucyBFcmJlIGdlaGVuIGxhc3Nlbj8gTXVzcyBpY2gKZGFubiBlaW4gVGVzdGFtZW50IG1hY2hlbj88L2xpPjxsaT5HcsO8bmRlIGbDvHIKZWluZSBIYXVzw7xiZXJnYWJlIHp1IExlYnplaXRlbjwvbGk+PGxpPlplaXRwdW5rdApkZXIgw5xiZXJnYWJlIHVuZCBBdXN3YWhsIGRlciBQZXJzb24gZGVzIEVyd2VyYmVyczwvbGk+PGxpPk11c3MgZGVyCsOcYmVybmVobWVyIGVpbmVuIMOcYmVyZ2FiZXByZWlzIHphaGxlbiBvZGVyIFNjaGVua3VuZz88L2xpPjxsaT5XZWxjaGUKQWJzaWNoZXJ1bmcgZXJow6RsdCBkZXIgw5xiZXJnZWJlciAoei5CLiBXb2hucmVjaHQpPzwvbGk+PGxpPlVuZCB3YXMgYmVrb21tZW4KZGllIHdlaWNoZW5kZW4gS2luZGVyPzwvbGk+PGxpPldhcwpwYXNzaWVydCwgd2VubiBkZXIgw5xiZXJnZWJlciBpbnMgUGZsZWdlaGVpbSBtdXNzPzwvbGk+PGxpPkbDpGxsdCBlaW5lClNjaGVua3VuZ3NzdGV1ZXIgYW4gdW5kIHdpZSBob2NoIHNpbmQgZGllIEtvc3RlbiBiZWltIE5vdGFyIHVuZCBHcnVuZGJ1Y2hhbXQ8L2xpPjwvdWw+dwljb3JlL2xpc3R\/f39\/f39\/f39\/f3UAeX95dwB3JGE1MTQzMDczLWIwMWYtNGQ4NC05YTlmLTE1YThjNWMwNGFhYnh3DmNvcmUvbGlzdC1pdGVteXUAdyRkMzIwMWYyZi1jYWJjLTRhYWYtOTAyMC1jYWMxNWQwYzkzZDB4dw5jb3JlL2xpc3QtaXRlbXl1AHckMGQ0M2EwMzMtM2Q3Mi00MDE0LTk5MjktOTdiZDEwNzQ1ZWYzeHcOY29yZS9saXN0LWl0ZW15dQB3JGU2MWFkN2I1LTNhZDEtNDc1NC1hNDgyLTEyZmU2MmJhN2ZkNXh3DmNvcmUvbGlzdC1pdGVteXUAdyQxYThmN2I0Yi04YWY5LTRiMzktOWY0Ny1iNjgxODc2MjMyODB4dw5jb3JlL2xpc3QtaXRlbXl1AHckYTdmNWM3YjAtMDBiZC00NjY4LWI4YmQtMDVlMmU1YTY2MDRkeHcOY29yZS9saXN0LWl0ZW15dQB3JDkxZWExNGY3LWY1MWEtNDViMC1iNzNiLTMxOTExNTQwZmExZnh3DmNvcmUvbGlzdC1pdGVteXUAdyQ0YTdkMWQ0Yi02NWNhLTQwNTgtYmRmYS04Yzk1MTRlMzA5Yjd4dw5jb3JlL2xpc3QtaXRlbXl1AAA=\",\"updateId\":66671867}","_themeisle_gutenberg_block_has_review":false,"footnotes":""},"class_list":["post-5394","page","type-page","status-publish","hentry","gallery-content-unit"],"_links":{"self":[{"href":"https:\/\/www.seniorenakademie.dhbw-heidenheim.de\/index.php\/wp-json\/wp\/v2\/pages\/5394","targetHints":{"allow":["GET"]}}],"collection":[{"href":"https:\/\/www.seniorenakademie.dhbw-heidenheim.de\/index.php\/wp-json\/wp\/v2\/pages"}],"about":[{"href":"https:\/\/www.seniorenakademie.dhbw-heidenheim.de\/index.php\/wp-json\/wp\/v2\/types\/page"}],"author":[{"embeddable":true,"href":"https:\/\/www.seniorenakademie.dhbw-heidenheim.de\/index.php\/wp-json\/wp\/v2\/users\/10"}],"replies":[{"embeddable":true,"href":"https:\/\/www.seniorenakademie.dhbw-heidenheim.de\/index.php\/wp-json\/wp\/v2\/comments?post=5394"}],"version-history":[{"count":2,"href":"https:\/\/www.seniorenakademie.dhbw-heidenheim.de\/index.php\/wp-json\/wp\/v2\/pages\/5394\/revisions"}],"predecessor-version":[{"id":14213,"href":"https:\/\/www.seniorenakademie.dhbw-heidenheim.de\/index.php\/wp-json\/wp\/v2\/pages\/5394\/revisions\/14213"}],"up":[{"embeddable":true,"href":"https:\/\/www.seniorenakademie.dhbw-heidenheim.de\/index.php\/wp-json\/wp\/v2\/pages\/12007"}],"wp:attachment":[{"href":"https:\/\/www.seniorenakademie.dhbw-heidenheim.de\/index.php\/wp-json\/wp\/v2\/media?parent=5394"}],"curies":[{"name":"wp","href":"https:\/\/api.w.org\/{rel}","templated":true}]}}