{"id":4072,"date":"2018-11-27T09:32:03","date_gmt":"2018-11-27T08:32:03","guid":{"rendered":"https:\/\/www.seniorenakademie.dhbw-heidenheim.de\/?page_id=4072"},"modified":"2020-08-14T11:02:22","modified_gmt":"2020-08-14T09:02:22","slug":"sah-besucht-muellheitzkraftwerk","status":"publish","type":"page","link":"https:\/\/www.seniorenakademie.dhbw-heidenheim.de\/index.php\/aktivitaeten\/semester-1718\/sah-besucht-muellheitzkraftwerk\/","title":{"rendered":"SAH besuchte M\u00fcllheizkraftwerk"},"content":{"rendered":"\n<!--more-->\n\n\n\n<p class=\"wp-block-paragraph\"><strong>Seniorenakademie besuchte unterLeitung des Kreisabfallwirtschaftsbetriebs das M\u00fcllheizkraftwerk im Ulmer Donautal<\/strong><\/p>\n\n\n\n<p class=\"has-text-align-center wp-block-paragraph\"><strong><a href=\"https:\/\/www.seniorenakademie.dhbw-heidenheim.de\/index.php\/galerien\/muellverbrennung-ulm\/\">zur Bildergalerie<\/a><\/strong><br><\/p>\n\n\n\n<p class=\"wp-block-paragraph\">Am Schwenkparkplatz&nbsp;in Mergelstetten hat sich eine 20-k\u00f6pfige Gruppe von der Seniorenakademie &nbsp;unter F\u00fchrung von Viktor Wagner eingefunden, umgemeinsam mit dem Kreisabfallwirtschaftsbetrieb eine Informationsfahrt ins Ulmer M\u00fcllheizkraftwerk zu unternehmen. Bereits auf der Fahrt ins Donautal wird den Teilnehmern erl\u00e4utert, &nbsp;was der Kreisabfallwirtschaftsbetrieb aktuell im Blick auf M\u00fcllvermeidung, Klima- und Umweltschutz macht. Und dass dieser seit Jahrzehnten Garant sei f\u00fcr eine zuverl\u00e4ssige und umweltorientierte Abfallentsorgung und Wertstoffvermarktung. Diese Dienstleistung kommt rund 55 000 Haushalten und etwa 5000 Betrieben zugute. Als der Bus kurz darauf am Biokompostwerk in Mergelstetten vorbeif\u00e4hrt, fehlt auch nicht der Hinweis darauf, dass der Kreisabfallwirtschaftsbetrieb hier beispielhaft einer Kreislaufwirtschaft den Weg geebnet hat. Sozusagen vom Apfelbutzen aus der Biotonne zum Frischekompost als D\u00fcnger f\u00fcr den Apfelbaum. Als b\u00fcrgerfreundlicher Service wurde zudem auf die 17 Wertstoff-Zentren in den Kreisgemeinden hingewiesen, die f\u00fcr eine getrennte Sammlung von Wertstoffen bereitstehen.&nbsp; Als Miteigent\u00fcmer des Ulmer Heizkraftwerkes habe der Landkreis Heidenheim auch eine verantwortungsvolle L\u00f6sung f\u00fcr die thermische Entsorgung des Restm\u00fclls aus dem Landkreis Heidenheim auf den Weg gebracht. Deutlich gemacht wurde aber auch, dass f\u00fcr die immer mal wieder umstrittene Entsorgung und Abfuhr der Verpackungsabf\u00e4lle \u00fcber den Gelben Sack und deren Verwertung und Vermarktung die Dualen Systeme, also die Privatwirtschaft zust\u00e4ndig ist. Im Blick auf die beiden Systeme Gelber Sack oder Gelbe Tonne wurden kurz die Vor- und Nachteile des jeweiligen Systems aufgezeigt.&nbsp; <\/p>\n\n\n\n<div class=\"wp-block-image\"><figure class=\"alignleft is-resized\"><img loading=\"lazy\" decoding=\"async\" src=\"https:\/\/www.seniorenakademie.dhbw-heidenheim.de\/wp-content\/uploads\/2018\/11\/MV-001.jpg\" alt=\"\" class=\"wp-image-4078\" width=\"315\" height=\"236\" srcset=\"https:\/\/www.seniorenakademie.dhbw-heidenheim.de\/wp-content\/uploads\/2018\/11\/MV-001.jpg 850w, https:\/\/www.seniorenakademie.dhbw-heidenheim.de\/wp-content\/uploads\/2018\/11\/MV-001-300x225.jpg 300w, https:\/\/www.seniorenakademie.dhbw-heidenheim.de\/wp-content\/uploads\/2018\/11\/MV-001-768x576.jpg 768w\" sizes=\"auto, (max-width: 315px) 100vw, 315px\" \/><figcaption>H. Brugger mit der SAH-Gruppe<\/figcaption><\/figure><\/div>\n\n\n\n<p class=\"wp-block-paragraph\">Und dann war die Besuchergruppe auch schon angekommen im Donautal, wo den Teilnehmern &#8211; nach einem &nbsp;gut gemachten Informationsfilm &#8211; &nbsp;bei einem Rundgang das M\u00fcllheizkraftwerk gezeigt wurde. \u201eWir haben hier eigentlich einen perfekten Standort im Donautal. Und k\u00f6nnen auch einige Gro\u00dfkunden zuverl\u00e4ssig mit Strom versorgen\u201c, erl\u00e4uterte Helmut Brugger vom MHKW den G\u00e4sten aus Heidenheim.<\/p>\n\n\n\n<div class=\"wp-block-image\"><figure class=\"alignright is-resized\"><img loading=\"lazy\" decoding=\"async\" src=\"https:\/\/www.seniorenakademie.dhbw-heidenheim.de\/wp-content\/uploads\/2018\/11\/MV-003-768x1024.jpg\" alt=\"\" class=\"wp-image-4079\" width=\"214\" height=\"285\" srcset=\"https:\/\/www.seniorenakademie.dhbw-heidenheim.de\/wp-content\/uploads\/2018\/11\/MV-003-768x1024.jpg 768w, https:\/\/www.seniorenakademie.dhbw-heidenheim.de\/wp-content\/uploads\/2018\/11\/MV-003-225x300.jpg 225w, https:\/\/www.seniorenakademie.dhbw-heidenheim.de\/wp-content\/uploads\/2018\/11\/MV-003.jpg 850w\" sizes=\"auto, (max-width: 214px) 100vw, 214px\" \/><figcaption>M\u00fcllbunker<\/figcaption><\/figure><\/div>\n\n\n\n<p class=\"wp-block-paragraph\">Auch, dass eine Tonne Abfall&nbsp; rund 300 Liter Heiz\u00f6l ersetze. Der ankommende M\u00fcll aus dem Landkreis Heidenheim wird, bevor er in die Verbrennung kommt, im Bunker gemischt. Denn je homogener der M\u00fcll ist, desto optimaler verl\u00e4uft die Verbrennung. Das Bunkervolumen betr\u00e4gt 5.800 Kubikmeter. Und mit so einem vollen Bunker kann das MHKW etwa f\u00fcnf Tage geheizt werden\u201c. \u00dcber einen Einf\u00fclltrichter kommt der M\u00fcll dann auf den Verbrennungsrost. Dabei wird der gesamte Vorgang online von der Leitwarte, dem \u201eGehirn\u201c des Werkes \u00fcberwacht. <\/p>\n\n\n\n<figure class=\"wp-block-image\"><img loading=\"lazy\" decoding=\"async\" width=\"847\" height=\"403\" src=\"https:\/\/www.seniorenakademie.dhbw-heidenheim.de\/wp-content\/uploads\/2018\/11\/MV-010-e1543427143484.jpg\" alt=\"\" class=\"wp-image-4085\" srcset=\"https:\/\/www.seniorenakademie.dhbw-heidenheim.de\/wp-content\/uploads\/2018\/11\/MV-010-e1543427143484.jpg 847w, https:\/\/www.seniorenakademie.dhbw-heidenheim.de\/wp-content\/uploads\/2018\/11\/MV-010-e1543427143484-300x143.jpg 300w, https:\/\/www.seniorenakademie.dhbw-heidenheim.de\/wp-content\/uploads\/2018\/11\/MV-010-e1543427143484-768x365.jpg 768w\" sizes=\"auto, (max-width: 847px) 100vw, 847px\" \/><figcaption>Leitwarte<\/figcaption><\/figure>\n\n\n\n<p class=\"wp-block-paragraph\">Die eigentliche Verbrennung erfolgt in der Brennkammer, wobei Temperaturen von 900 bis 1.100 Grad \u00fcber dem Rost gemessen werden. Anschlie\u00dfend f\u00e4llt die zur\u00fcckgebliebene Schlacke, also der&nbsp; Rest des ausgebrannten M\u00fclls, durch einen Fallschacht in den so genannten Kettenentschlacker. Dort wird diese in einem Kettenbad abgek\u00fchlt und kommt \u00fcber einen Kettenf\u00f6rderer zu den Containern f\u00fcr den Abtransport. Anschlie\u00dfend wurde der Containerbahnhof in Augenschein genommen, wo die Transportbeh\u00e4lter mit der Schlacke zum Abtransport bereitgestellt sind. <\/p>\n\n\n\n<p class=\"wp-block-paragraph\">Die Abluftwerte der Anlage werden st\u00e4ndig gemessen und ausgewertet.&nbsp; Und zwar bevor diese in den 91 Meter hohen Schornstein kommen. Eine mehrstufige Rauchgasreinigung sorgt daf\u00fcr, dass die Emissionen deutlich unter den genehmigten Grenzwerten liegen. Diese gelten gerade auch f\u00fcr die Emissionswerte von Dioxinen und Furanen. Stickoxide werden wiederum in die Bestandteile Stickstoff und Wasser zerlegt. Und zwar, indem Ammoniak zugegeben wird. Ein Elektrofilter scheidet \u00fcber 99 Prozent aller Staubpartikel ab. \u201eUnd eine dreistufige Nassw\u00e4sche w\u00e4scht gasf\u00f6rmige Schadstoffe aus. Zum Schluss kommt noch unser \u201ePolizeifilter\u201c, also ein Gewebefilter zum Einsatz, der als letzte Reinigungsstufe daf\u00fcr sorgt, dass das Rauchgas sauber gereinigt ist.\u201c&nbsp; &nbsp;<\/p>\n\n\n\n<p class=\"wp-block-paragraph\">Schlussendlich waren alle Teilnehmer sehr beeindruckt von den vielen, gut aufbereitetenInformationen, die bei dieser Ausflugsfahrt vermittelt wurden. Anerkennung zollten die Teilnehmer aber auch der verantwortungsvollen und guten Arbeit des Kreisabfallwirtschaftsbetriebs Heidenheim in Sachen M\u00fcll. <\/p>\n","protected":false},"excerpt":{"rendered":"","protected":false},"author":10,"featured_media":214,"parent":2080,"menu_order":0,"comment_status":"closed","ping_status":"closed","template":"","meta":{"_crdt_document":"","_themeisle_gutenberg_block_has_review":false,"footnotes":""},"class_list":["post-4072","page","type-page","status-publish","has-post-thumbnail","hentry","gallery-content-unit"],"_links":{"self":[{"href":"https:\/\/www.seniorenakademie.dhbw-heidenheim.de\/index.php\/wp-json\/wp\/v2\/pages\/4072","targetHints":{"allow":["GET"]}}],"collection":[{"href":"https:\/\/www.seniorenakademie.dhbw-heidenheim.de\/index.php\/wp-json\/wp\/v2\/pages"}],"about":[{"href":"https:\/\/www.seniorenakademie.dhbw-heidenheim.de\/index.php\/wp-json\/wp\/v2\/types\/page"}],"author":[{"embeddable":true,"href":"https:\/\/www.seniorenakademie.dhbw-heidenheim.de\/index.php\/wp-json\/wp\/v2\/users\/10"}],"replies":[{"embeddable":true,"href":"https:\/\/www.seniorenakademie.dhbw-heidenheim.de\/index.php\/wp-json\/wp\/v2\/comments?post=4072"}],"version-history":[{"count":25,"href":"https:\/\/www.seniorenakademie.dhbw-heidenheim.de\/index.php\/wp-json\/wp\/v2\/pages\/4072\/revisions"}],"predecessor-version":[{"id":6648,"href":"https:\/\/www.seniorenakademie.dhbw-heidenheim.de\/index.php\/wp-json\/wp\/v2\/pages\/4072\/revisions\/6648"}],"up":[{"embeddable":true,"href":"https:\/\/www.seniorenakademie.dhbw-heidenheim.de\/index.php\/wp-json\/wp\/v2\/pages\/2080"}],"wp:featuredmedia":[{"embeddable":true,"href":"https:\/\/www.seniorenakademie.dhbw-heidenheim.de\/index.php\/wp-json\/wp\/v2\/media\/214"}],"wp:attachment":[{"href":"https:\/\/www.seniorenakademie.dhbw-heidenheim.de\/index.php\/wp-json\/wp\/v2\/media?parent=4072"}],"curies":[{"name":"wp","href":"https:\/\/api.w.org\/{rel}","templated":true}]}}