{"id":3128,"date":"2018-08-02T14:35:15","date_gmt":"2018-08-02T12:35:15","guid":{"rendered":"http:\/\/www.seniorenakademie.dhbw-heidenheim.de\/?page_id=3128"},"modified":"2024-05-17T15:34:34","modified_gmt":"2024-05-17T13:34:34","slug":"aktuelles-semester","status":"publish","type":"page","link":"https:\/\/www.seniorenakademie.dhbw-heidenheim.de\/index.php\/aktivitaeten\/aktuelles-semester\/","title":{"rendered":"R\u00fcckblick auf Semester ab 22\/23"},"content":{"rendered":"<div class=\"entry-content\">\n<p><strong>Durch Klicken auf die markierten \u00dcberschriften erhalten Sie zus\u00e4tzliche Informationen.<\/strong><\/p>\n<ul>\n<li><a href=\"https:\/\/www.seniorenakademie.dhbw-heidenheim.de\/index.php\/aktivitaeten\/aktuelles-semester\/bericht-von-der-vollbersammlung-neue-geschaeftfuehrung-an-der-sah\/\"><strong>Bericht von der Vollversammlung 22 \u2013 neue Gesch\u00e4ftsf\u00fchrung gew\u00e4hlt<\/strong><\/a><\/li>\n<\/ul>\n<\/div>\n\n\n<ul class=\"wp-block-list\">\n<li><strong><a href=\"https:\/\/www.seniorenakademie.dhbw-heidenheim.de\/index.php\/aktivitaeten\/aktuelles-semester\/semesterabschlussfeier-2023\/\">Semesterabschlussfeier 2023<\/a><\/strong><\/li>\n\n\n\n<li><strong><a href=\"https:\/\/www.seniorenakademie.dhbw-heidenheim.de\/index.php\/semesterabschlussfeier-2024\/\">Semesterabschlussfeier 2024<\/a><\/strong><\/li>\n\n\n\n<li><\/li>\n<\/ul>\n","protected":false},"excerpt":{"rendered":"<p>Durch Klicken auf die markierten \u00dcberschriften erhalten Sie zus\u00e4tzliche Informationen. Bericht von der Vollversammlung 22 \u2013 neue Gesch\u00e4ftsf\u00fchrung gew\u00e4hlt<\/p>\n","protected":false},"author":10,"featured_media":1138,"parent":120,"menu_order":0,"comment_status":"closed","ping_status":"closed","template":"","meta":{"_crdt_document":"","_themeisle_gutenberg_block_has_review":false,"footnotes":""},"class_list":["post-3128","page","type-page","status-publish","has-post-thumbnail","hentry","gallery-content-unit"],"_links":{"self":[{"href":"https:\/\/www.seniorenakademie.dhbw-heidenheim.de\/index.php\/wp-json\/wp\/v2\/pages\/3128","targetHints":{"allow":["GET"]}}],"collection":[{"href":"https:\/\/www.seniorenakademie.dhbw-heidenheim.de\/index.php\/wp-json\/wp\/v2\/pages"}],"about":[{"href":"https:\/\/www.seniorenakademie.dhbw-heidenheim.de\/index.php\/wp-json\/wp\/v2\/types\/page"}],"author":[{"embeddable":true,"href":"https:\/\/www.seniorenakademie.dhbw-heidenheim.de\/index.php\/wp-json\/wp\/v2\/users\/10"}],"replies":[{"embeddable":true,"href":"https:\/\/www.seniorenakademie.dhbw-heidenheim.de\/index.php\/wp-json\/wp\/v2\/comments?post=3128"}],"version-history":[{"count":27,"href":"https:\/\/www.seniorenakademie.dhbw-heidenheim.de\/index.php\/wp-json\/wp\/v2\/pages\/3128\/revisions"}],"predecessor-version":[{"id":12022,"href":"https:\/\/www.seniorenakademie.dhbw-heidenheim.de\/index.php\/wp-json\/wp\/v2\/pages\/3128\/revisions\/12022"}],"up":[{"embeddable":true,"href":"https:\/\/www.seniorenakademie.dhbw-heidenheim.de\/index.php\/wp-json\/wp\/v2\/pages\/120"}],"wp:featuredmedia":[{"embeddable":true,"href":"https:\/\/www.seniorenakademie.dhbw-heidenheim.de\/index.php\/wp-json\/wp\/v2\/media\/1138"}],"wp:attachment":[{"href":"https:\/\/www.seniorenakademie.dhbw-heidenheim.de\/index.php\/wp-json\/wp\/v2\/media?parent=3128"}],"curies":[{"name":"wp","href":"https:\/\/api.w.org\/{rel}","templated":true}]}}