{"id":2925,"date":"2018-04-18T17:45:20","date_gmt":"2018-04-18T15:45:20","guid":{"rendered":"http:\/\/www.seniorenakademie.dhbw-heidenheim.de\/?page_id=2925"},"modified":"2018-04-18T17:57:00","modified_gmt":"2018-04-18T15:57:00","slug":"kulturfahrt-der-sah-nach-muenchen","status":"publish","type":"page","link":"https:\/\/www.seniorenakademie.dhbw-heidenheim.de\/index.php\/kulturfahrt-der-sah-nach-muenchen\/","title":{"rendered":"Kulturfahrt der SAH nach M\u00fcnchen"},"content":{"rendered":"<p>&nbsp;<\/p>\n<p><!--more-->P\u00fcnktlich um 7:30 Uhr startete eine Gruppe von 40 SeniorInnen der SAH in Heidenheim vom Parkplatz in den Seewiesen unter der Leitung von Georg Pr\u00fcfer und Ellen Sch\u00f6nfelder zu einer Kulturfahrt nach M\u00fcnchen.<\/p>\n<p>Auf dem Programm stand ein Besuch der <strong>Alten Pinakothek<\/strong>. \u00a0Bei einer F\u00fchrung durch die Gem\u00e4ldesammlung in 2 Gruppen, Dauer ca. 90 min., wurden ausgew\u00e4hlte \u201eAlte Meister\u201c wie Tizian, Tiepolo, D\u00fcrer, Poussin, Rubens, Rembrandt und Andere ausf\u00fchrlich erkl\u00e4rt. In der Gem\u00e4ldesammlung, die gerade renoviert wird, sind 800 herausragende Werke aus der Zeit vom Mittelalter bis beginnendes 19. Jh. zu sehen. Es gab die M\u00f6glichkeit danach in eigener Regie durch die Sammlung zu gehen oder in der Cafeteria in der Alten Pinakothek eine kleine Mittagspause zu machen.<\/p>\n<p>Bei strahlendem Sonnenschein und sehr angenehmen Temperaturen folgte am Nachmittag ein gef\u00fchrter Gang (G. Pr\u00fcfer und E. Sch\u00f6nfelder) durch Schwabing \u00a0\u00a0(Ludwigstra\u00dfe, Ludwig-Maximilians-Universit\u00e4t, Geschwister Scholl Platz, Leopoldstra\u00dfe) und\u00a0 den Englischen Garten (vom Kleinhesseloher See \u00fcber den chinesischen Turm (mit Biergarten) und dem Hofgarten zur Feldherrnhalle (6 \u2013 7 km, ca 2 Std. Gehzeit).<\/p>\n<p>Mit dem Bus fuhr die Gruppe am sp\u00e4ten Nachmittag zur Brauereigastst\u00e4tte \u201ePaulaner am Nockherberg\u201c und lie\u00df den Kulturausflug mit einem Vesper oder Abendessen ausklingen.<\/p>\n<h5><a href=\"http:\/\/www.seniorenakademie.dhbw-heidenheim.de\/index.php\/galerien\/kulturfahrt-nach-muenchen\/\"><span style=\"color: #0000ff;\">Impressionen zu dieser Fahrt<\/span><\/a><\/h5>\n","protected":false},"excerpt":{"rendered":"<p>&nbsp;<\/p>\n","protected":false},"author":10,"featured_media":214,"parent":0,"menu_order":0,"comment_status":"closed","ping_status":"closed","template":"","meta":{"_crdt_document":"","_themeisle_gutenberg_block_has_review":false,"footnotes":""},"class_list":["post-2925","page","type-page","status-publish","has-post-thumbnail","hentry","gallery-content-unit"],"_links":{"self":[{"href":"https:\/\/www.seniorenakademie.dhbw-heidenheim.de\/index.php\/wp-json\/wp\/v2\/pages\/2925","targetHints":{"allow":["GET"]}}],"collection":[{"href":"https:\/\/www.seniorenakademie.dhbw-heidenheim.de\/index.php\/wp-json\/wp\/v2\/pages"}],"about":[{"href":"https:\/\/www.seniorenakademie.dhbw-heidenheim.de\/index.php\/wp-json\/wp\/v2\/types\/page"}],"author":[{"embeddable":true,"href":"https:\/\/www.seniorenakademie.dhbw-heidenheim.de\/index.php\/wp-json\/wp\/v2\/users\/10"}],"replies":[{"embeddable":true,"href":"https:\/\/www.seniorenakademie.dhbw-heidenheim.de\/index.php\/wp-json\/wp\/v2\/comments?post=2925"}],"version-history":[{"count":9,"href":"https:\/\/www.seniorenakademie.dhbw-heidenheim.de\/index.php\/wp-json\/wp\/v2\/pages\/2925\/revisions"}],"predecessor-version":[{"id":2936,"href":"https:\/\/www.seniorenakademie.dhbw-heidenheim.de\/index.php\/wp-json\/wp\/v2\/pages\/2925\/revisions\/2936"}],"wp:featuredmedia":[{"embeddable":true,"href":"https:\/\/www.seniorenakademie.dhbw-heidenheim.de\/index.php\/wp-json\/wp\/v2\/media\/214"}],"wp:attachment":[{"href":"https:\/\/www.seniorenakademie.dhbw-heidenheim.de\/index.php\/wp-json\/wp\/v2\/media?parent=2925"}],"curies":[{"name":"wp","href":"https:\/\/api.w.org\/{rel}","templated":true}]}}