{"id":188,"date":"2017-08-14T11:24:21","date_gmt":"2017-08-14T09:24:21","guid":{"rendered":"http:\/\/www.seniorenakademie.dhbw-heidenheim.de\/?page_id=188"},"modified":"2025-12-15T11:39:42","modified_gmt":"2025-12-15T10:39:42","slug":"ueber-uns","status":"publish","type":"page","link":"https:\/\/www.seniorenakademie.dhbw-heidenheim.de\/index.php\/ueber-uns\/","title":{"rendered":"\u00dcber uns"},"content":{"rendered":"<p>Die Seniorenakademie Heidenheim wurde 1998 von der Berufsakademie Heidenheim (heute DHBW Heidenheim) unter der Tr\u00e4gerschaft des F\u00f6rdervereins der Dualen Hochschule Heidenheim e.V. gegr\u00fcndet. Man wollte dem Bed\u00fcrfnis \u00e4lterer Menschen nach geistiger Bet\u00e4tigung, pers\u00f6nlichem Austausch und auch medientechnischer Weiterbildung Rechnung tragen.<\/p>\n<p>Seit 2001 organisiert sich die Seniorenakademie Heidenheim ehrenamtlich in Eigenregie. Sie ist offen f\u00fcr alle interessierte Senioren*innen \u2013 auch ohne formalen Bildungsabschluss.<\/p>\n<p>Engagierte Senioren*innen halten Vortr\u00e4ge aus ihren Berufsfeldern oder Interessengebieten, organisieren Bildungsreisen oder geben ihre Medienkompetenz weiter. Auch Menschen, die noch im Berufsleben stehen, referieren \u00fcber spezielle Themen oder vermitteln altersspezifische Hilfestellungen.<\/p>\n<p>Die Themen erstrecken sich von Literatur, Geschichte, Geographie \u00fcber Kunst, Musik, Philosophie bis hin zu Mathematik und Technik, sowie auch Reiseberichte rund um die Welt. Konversationsrunden in Englisch und Franz\u00f6sisch sowie Wanderungen, Tanzen,\u00a0 gemeinsames Singen und ein Ukulele Anf\u00e4ngerkurs runden das Angebot ab.<\/p>\n<p>Das Semester beginnt Anfang Oktober und endet im M\u00e4rz. Einige Aktivit\u00e4ten finden auch im Sommer statt. Das Semesterprogramm mit konkreten und ausf\u00fchrlichen Erl\u00e4uterungen wird jeweils tagesaktuell auf unserer Homepage ver\u00f6ffentlicht.<\/p>\n<p>Die Seniorenakademie wird finanziert durch den <a href=\"http:\/\/www.heidenheim.dhbw.de\/dhbw-heidenheim\/foerderverein.html\">F\u00f6rderverein der DHBW Heidenheim e.V.<\/a> , sowie aus Semestergrundgeb\u00fchren, Teilnahmegeb\u00fchren und Spenden.<\/p>\n<p><strong>Die Semestergeb\u00fchr betr\u00e4gt 60,00\u20ac f\u00fcr ein Gesch\u00e4ftsjahr (1. Oktober bis 30. September) und berechtigt zur Teilnahme an allen Vortr\u00e4gen. F\u00fcr Medien- und Sprachkurse, wie auch sonstige Veranstaltungen (wie z.B. Tanzkurs, Theaterfahrten) sowie Bildungsreisen ist sie Voraussetzung, diese m\u00fcssen zus\u00e4tzlich bezahlt werden. G\u00e4ste eines Vortrags bezahlen 7,00\u20ac.\u00a0 Sie k\u00f6nnen sich \u00fcber das Anmeldeformular anmelden.<\/strong><span id=\"nf-drawer-content\"><\/span><\/p>\n<p>Falls nicht anders angegeben, finden die Veranstaltungen im alten Geb\u00e4ude der DHBW Heidenheim in der Wilhelmstra\u00dfe 10 in Heidenheim statt.<\/p>\n","protected":false},"excerpt":{"rendered":"<p>Die Seniorenakademie Heidenheim wurde 1998 von der Berufsakademie Heidenheim (heute DHBW Heidenheim) unter der Tr\u00e4gerschaft des F\u00f6rdervereins der Dualen Hochschule Heidenheim e.V. gegr\u00fcndet. Man wollte dem Bed\u00fcrfnis \u00e4lterer Menschen nach geistiger Bet\u00e4tigung, pers\u00f6nlichem Austausch und auch medientechnischer Weiterbildung Rechnung tragen. Seit 2001 organisiert sich die Seniorenakademie Heidenheim ehrenamtlich in Eigenregie. Sie ist offen f\u00fcr alle <a class=\"more-link\" href=\"https:\/\/www.seniorenakademie.dhbw-heidenheim.de\/index.php\/ueber-uns\/\">weiterlesen&#8230;<\/a><\/p>\n","protected":false},"author":10,"featured_media":214,"parent":0,"menu_order":0,"comment_status":"closed","ping_status":"closed","template":"","meta":{"_crdt_document":"","_themeisle_gutenberg_block_has_review":false,"footnotes":""},"class_list":["post-188","page","type-page","status-publish","has-post-thumbnail","hentry","gallery-content-unit"],"_links":{"self":[{"href":"https:\/\/www.seniorenakademie.dhbw-heidenheim.de\/index.php\/wp-json\/wp\/v2\/pages\/188","targetHints":{"allow":["GET"]}}],"collection":[{"href":"https:\/\/www.seniorenakademie.dhbw-heidenheim.de\/index.php\/wp-json\/wp\/v2\/pages"}],"about":[{"href":"https:\/\/www.seniorenakademie.dhbw-heidenheim.de\/index.php\/wp-json\/wp\/v2\/types\/page"}],"author":[{"embeddable":true,"href":"https:\/\/www.seniorenakademie.dhbw-heidenheim.de\/index.php\/wp-json\/wp\/v2\/users\/10"}],"replies":[{"embeddable":true,"href":"https:\/\/www.seniorenakademie.dhbw-heidenheim.de\/index.php\/wp-json\/wp\/v2\/comments?post=188"}],"version-history":[{"count":25,"href":"https:\/\/www.seniorenakademie.dhbw-heidenheim.de\/index.php\/wp-json\/wp\/v2\/pages\/188\/revisions"}],"predecessor-version":[{"id":13874,"href":"https:\/\/www.seniorenakademie.dhbw-heidenheim.de\/index.php\/wp-json\/wp\/v2\/pages\/188\/revisions\/13874"}],"wp:featuredmedia":[{"embeddable":true,"href":"https:\/\/www.seniorenakademie.dhbw-heidenheim.de\/index.php\/wp-json\/wp\/v2\/media\/214"}],"wp:attachment":[{"href":"https:\/\/www.seniorenakademie.dhbw-heidenheim.de\/index.php\/wp-json\/wp\/v2\/media?parent=188"}],"curies":[{"name":"wp","href":"https:\/\/api.w.org\/{rel}","templated":true}]}}