{"id":14160,"date":"2026-04-04T14:31:34","date_gmt":"2026-04-04T12:31:34","guid":{"rendered":"https:\/\/www.seniorenakademie.dhbw-heidenheim.de\/?page_id=14160"},"modified":"2026-04-15T16:08:36","modified_gmt":"2026-04-15T14:08:36","slug":"sprachen-und-digitale-medien-26-27","status":"publish","type":"page","link":"https:\/\/www.seniorenakademie.dhbw-heidenheim.de\/index.php\/semesterprogramm-2026-2027\/sprachen-und-digitale-medien-26-27\/","title":{"rendered":"Sprachen und Digitale Medien 26\/27"},"content":{"rendered":"\n<p class=\"has-text-color has-link-color wp-elements-00b3407e783c3315c58f4ffea3dedfc8 wp-block-paragraph\" style=\"color:#f80000\"><strong>Alle PC-Angebote finden im Labor in der Marienstra\u00dfe Raum M321 statt.<\/strong> <strong>Alle weiteren Angebote finden in der Marienstra\u00dfe in den jeweils angegebenen R\u00e4umen statt.<\/strong><\/p>\n\n\n\n<p class=\"has-text-align-center wp-block-paragraph\"><strong>Anmeldeformular zu den PC-, Smartphonekursen und den Sprachen<\/strong><\/p>\n\n\n\n<p class=\"wp-block-paragraph\"><strong>Durch Klicken auf die \u00dcberschriften erhalten Sie zus\u00e4tzliche Informationen.<\/strong><\/p>\n\n\n\n<p class=\"wp-block-paragraph\"><a href=\"https:\/\/www.seniorenakademie.dhbw-heidenheim.de\/index.php\/semesterprogramm-2025-2026\/sprachen-und-digitale-medien-25-26\/franzoesisch\/\" data-type=\"page\" data-id=\"10856\"><strong>FRANZ\u00d6SISCH I<\/strong><\/a> &#8211; B1 Niveau<br>Erika Edler<br>Montag, w\u00f6chentlich ab 26. Oktober 2026, im <strong><strong>Raum M?,  <\/strong><\/strong><br>09:30 bis 10:30 Uhr, <strong>maximale Teilnehmerzahl 15<\/strong><\/p>\n\n\n\n<p class=\"wp-block-paragraph\"><a href=\"https:\/\/www.seniorenakademie.dhbw-heidenheim.de\/index.php\/semesterprogramm-2023-2024\/digitale-medien-2021-22\/franzoesisch\/\"><strong>FRANZ\u00d6SISCH II<\/strong><\/a> &#8211; Fortf\u00fchrung des bisherigen Kurses<br>Erika Edler<br>Montag, w\u00f6chentlich ab 26. Oktober 2026 <br>10:30 bis 12:00 Uhr, im <strong><strong>Raum M<\/strong><\/strong>?<\/p>\n\n\n\n<p class=\"wp-block-paragraph\"><strong><a href=\"https:\/\/www.seniorenakademie.dhbw-heidenheim.de\/index.php\/semesterprogramm-2025-2026\/sprachen-und-digitale-medien-25-26\/englisch\/\" data-type=\"page\" data-id=\"10918\">ENGLISCH Club &#8211; Conversation and language practise<\/a><\/strong><br>Eberhard Rottler<br>Freitag, w\u00f6chentlich ab 16. Oktober 2026<br>09:45 bis 11:15 Uhr, im <strong><strong>Raum M?<\/strong><\/strong><\/p>\n\n\n\n<p class=\"has-black-color has-text-color wp-block-paragraph\"><strong><a href=\"https:\/\/www.seniorenakademie.dhbw-heidenheim.de\/index.php\/semesterprogramm-2025-2026\/sprachen-und-digitale-medien-25-26\/der-pc-im-seniorenalltag\/\" data-type=\"page\" data-id=\"5600\">Der PC im Seniorenalltag<\/a><\/strong><br>G\u00fcnter Schrumpf <br>Montag, w\u00f6chentlich ab 12. Oktober 2026 <br>09:30 Uhr bis 11:30 Uhr mit Pause, <strong>Raum M321<\/strong><\/p>\n\n\n\n<p class=\"has-black-color has-text-color wp-block-paragraph\"><strong>iPHONE f\u00fcr Einsteiger und Fortgeschrittene<\/strong> <br>Marianne Holz<br>Dienstag, ab <br>09:00 Uhr bis 10:30 Uhr <strong>Raum M<\/strong><\/p>\n\n\n\n<p class=\"has-black-color has-text-color wp-block-paragraph\"><strong>iPHONE f\u00fcr Einsteiger und Fortgeschrittene<\/strong> Kurs 1<br>Marianne Holz<br>Dienstag, ab  2026, 6 mal<br>09:00 Uhr bis 10:30 Uhr <strong>Raum <strong>M?<\/strong><\/strong><\/p>\n\n\n\n<p class=\"has-black-color has-text-color wp-block-paragraph\"><strong>iPHONE Fortf\u00fchrungskurs<\/strong> <br>Marianne Holz<br>Dienstag, ab . Oktober 2026<br>10:30 Uhr bis 12:00 Uhr <strong>Raum M?<\/strong><\/p>\n\n\n\n<p class=\"has-black-color has-text-color wp-block-paragraph\"><strong>iPHONE Fortf\u00fchrungskurs<\/strong> Kurs 2<br>Marianne Holz<br>Dienstag, ab  2027, 6 mal<br>10:30 Uhr bis 12:00 Uhr <strong>Raum <strong><strong>M?<\/strong><\/strong><\/strong><\/p>\n\n\n\n<p class=\"has-black-color has-text-color wp-block-paragraph\"><strong>iPHONE Fortsetzungskurs<\/strong> &#8211; ausgebucht<br>Alfred Handel<br>Freitag, ab 13. November 2026, 6-mal <br>10:00 Uhr bis 11:30 Uhr, <strong>Raum M?<\/strong><\/p>\n\n\n\n<p class=\"has-black-color has-text-color wp-block-paragraph\"><strong>SMARTPHONE \u2013 ANDROID f\u00fcr Anf\u00e4nger<\/strong><br>Wolfgang Rummel<br>Donnerstag, ?. Januar &#8211; ?. Februar 2026, 6-mal <br>10:00 Uhr bis 11:30 Uhr, <strong>Raum M<\/strong>?<\/p>\n\n\n\n<p class=\"wp-block-paragraph\"><\/p>\n","protected":false},"excerpt":{"rendered":"<p>Alle PC-Angebote finden im Labor in der Marienstra\u00dfe Raum M321 statt. Alle weiteren Angebote finden in der Marienstra\u00dfe in den jeweils angegebenen R\u00e4umen statt. Anmeldeformular zu den PC-, Smartphonekursen und den Sprachen Durch Klicken auf die \u00dcberschriften erhalten Sie zus\u00e4tzliche Informationen. FRANZ\u00d6SISCH I &#8211; B1 NiveauErika EdlerMontag, w\u00f6chentlich ab 26. Oktober 2026, im Raum M?, <a class=\"more-link\" href=\"https:\/\/www.seniorenakademie.dhbw-heidenheim.de\/index.php\/semesterprogramm-2026-2027\/sprachen-und-digitale-medien-26-27\/\">weiterlesen&#8230;<\/a><\/p>\n","protected":false},"author":10,"featured_media":1213,"parent":12004,"menu_order":0,"comment_status":"closed","ping_status":"closed","template":"","meta":{"_crdt_document":"{\"document\":\"AAAH5cS4yguzAZ4BCIYBjIQBAAYCAQIKAkIBAUoAnAYBAgoCQgEBSgC0AgECCgJCAQBKAI4DAQIKAkIBAEoAsgwBAgoCQgEASgCuCgECCgJCAQBKAIgMAQIKAkIBAUoArAsBAgoCQgEBSgC6BAECCgJCAQFKAIIGAQIKAkIBAUoAsgQBAgoCQgEBSgC+BQECCgJCAQFKAKAFAQIKAkIBAUoAsgUBAgoBAUoAuwEoAycABAAnAAQAJwAoBCcAKAEnAAcAKAMnAQQAKAMnAIcAKAMnAQQAKAMnAIcAKAMnAQQAKAInAIcAKAMnAQQAKAInAIcAKAMnAQQAKAInAIcAKAMnAQQAKAInAIcAKAMnAQQAKAMnAIcAKAMnAQQAKAMnAIcAKAMnAQQAKAMnAIcAKAMnAQQAKAMnAIcAKAMnAQQAKAMnAIcAKAMnAQQAKAMnAIcAKAMnAQQAKAMnAIcAKAMnASgCJwAow0buRHN0YXRldmVyc2lvbmRvY3VtZW50ZGF0ZWRvY3VtZW50c2x1Z2RvY3VtZW50c3RhdHVzZG9jdW1lbnR0aXRsZVNwcmFjaGVuIHVuZCBEaWdpdGFsZSBNZWRpZW4gMjYvMjdkb2N1bWVudGNvbnRlbnQ8IS0tIHdwOnBhcmFncmFwaCB7InN0eWxlIjp7ImNvbG9yIjp7InRleHQiOiIjZjgwMDAwIn0sImVsZW1lbnRzIjp7ImxpbmsiOnsiY29sb3IiOnsidGV4dCI6IiNmODAwMDAifX19fX0gLS0+CjxwIGNsYXNzPSJoYXMtdGV4dC1jb2xvciBoYXMtbGluay1jb2xvciIgc3R5bGU9ImNvbG9yOiNmODAwMDAiPjxzdHJvbmc+QWxsZSBQQy1BbmdlYm90ZSBmaW5kZW4gaW0gTGFib3IgaW4gZGVyIE1hcmllbnN0cmHDn2UgUmF1bSBNMzIxIHN0YXR0Ljwvc3Ryb25nPiA8c3Ryb25nPkFsbGUgd2VpdGVyZW4gQW5nZWJvdGUgZmluZGVuIGluIGRlciBNYXJpZW5zdHJhw59lIGluIGRlbiBqZXdlaWxzIGFuZ2VnZWJlbmVuIFLDpHVtZW4gc3RhdHQuPC9zdHJvbmc+PC9wPgo8IS0tIC93cDpwYXJhZ3JhcGggLS0+Cgo8IS0tIHdwOnBhcmFncmFwaCB7InN0eWxlIjp7InR5cG9ncmFwaHkiOnsidGV4dEFsaWduIjoiY2VudGVyIn19fSAtLT4KPHAgY2xhc3M9Imhhcy10ZXh0LWFsaWduLWNlbnRlciI+PHN0cm9uZz5Bbm1lbGRlZm9ybXVsYXIgenUgZGVuIFBDLSwgU21hcnRwaG9uZWt1cnNlbiB1bmQgZGVuIFNwcmFjaGVuPC9zdHJvbmc+PC9wPgo8IS0tIC93cDpwYXJhZ3JhcGggLS0+Cgo8IS0tIHdwOnBhcmFncmFwaCAtLT4KPHA+PHN0cm9uZz5EdXJjaCBLbGlja2VuIGF1ZiBkaWUgw5xiZXJzY2hyaWZ0ZW4gZXJoYWx0ZW4gU2llIHp1c8OkdHpsaWNoZSBJbmZvcm1hdGlvbmVuLjwvc3Ryb25nPjwvcD4KPCEtLSAvd3A6cGFyYWdyYXBoIC0tPgoKPCEtLSB3cDpwYXJhZ3JhcGggLS0+CjxwPjxhIGhyZWY9Imh0dHBzOi8vd3d3LnNlbmlvcmVuYWthZGVtaWUuZGhidy1oZWlkZW5oZWltLmRlL2luZGV4LnBocC9zZW1lc3RlcnByb2dyYW1tLTIwMjUtMjAyNi9zcHJhY2hlbi11bmQtZGlnaXRhbGUtbWVkaWVuLTI1LTI2L2ZyYW56b2VzaXNjaC8iIGRhdGEtdHlwZT0icGFnZSIgZGF0YS1pZD0iMTA4NTYiPjxzdHJvbmc+RlJBTlrDllNJU0NIIEk8L3N0cm9uZz48L2E+IC0gQjEgTml2ZWF1PGJyPkVyaWthIEVkbGVyPGJyPk1vbnRhZywgd8O2Y2hlbnRsaWNoIGFiIDI2LiBPa3RvYmVyIDIwMjYsIGltIDxzdHJvbmc+PHN0cm9uZz5SYXVtIE0\/LCAgPC9zdHJvbmc+PC9zdHJvbmc+PGJyPjA5OjMwIGJpcyAxMDozMCBVaHIsIDxzdHJvbmc+bWF4aW1hbGUgVGVpbG5laG1lcnphaGwgMTU8L3N0cm9uZz48L3A+CjwhLS0gL3dwOnBhcmFncmFwaCAtLT4KCjwhLS0gd3A6cGFyYWdyYXBoIC0tPgo8cD48YSBocmVmPSJodHRwczovL3d3dy5zZW5pb3JlbmFrYWRlbWllLmRoYnctaGVpZGVuaGVpbS5kZS9pbmRleC5waHAvc2VtZXN0ZXJwcm9ncmFtbS0yMDIzLTIwMjQvZGlnaXRhbGUtbWVkaWVuLTIwMjEtMjIvZnJhbnpvZXNpc2NoLyI+PHN0cm9uZz5GUkFOWsOWU0lTQ0ggSUk8L3N0cm9uZz48L2E+IC0gRm9ydGbDvGhydW5nIGRlcyBiaXNoZXJpZ2VuIEt1cnNlczxicj5FcmlrYSBFZGxlcjxicj5Nb250YWcsIHfDtmNoZW50bGljaCBhYiAyNi4gT2t0b2JlciAyMDI2IDxicj4xMDozMCBiaXMgMTI6MDAgVWhyLCBpbSA8c3Ryb25nPjxzdHJvbmc+UmF1bSBNPC9zdHJvbmc+PC9zdHJvbmc+PzwvcD4KPCEtLSAvd3A6cGFyYWdyYXBoIC0tPgoKPCEtLSB3cDpwYXJhZ3JhcGggLS0+CjxwPjxzdHJvbmc+PGEgaHJlZj0iaHR0cHM6Ly93d3cuc2VuaW9yZW5ha2FkZW1pZS5kaGJ3LWhlaWRlbmhlaW0uZGUvaW5kZXgucGhwL3NlbWVzdGVycHJvZ3JhbW0tMjAyNS0yMDI2L3NwcmFjaGVuLXVuZC1kaWdpdGFsZS1tZWRpZW4tMjUtMjYvZW5nbGlzY2gvIiBkYXRhLXR5cGU9InBhZ2UiIGRhdGEtaWQ9IjEwOTE4Ij5FTkdMSVNDSCBDbHViIC0gQ29udmVyc2F0aW9uIGFuZCBsYW5ndWFnZSBwcmFjdGlzZTwvYT48L3N0cm9uZz48YnI+RWJlcmhhcmQgUm90dGxlcjxicj5GcmVpdGFnLCB3w7ZjaGVudGxpY2ggYWIgMTYuIE9rdG9iZXIgMjAyNjxicj4wOTo0NSBiaXMgMTE6MTUgVWhyLCBpbSA8c3Ryb25nPjxzdHJvbmc+UmF1bSBNPzwvc3Ryb25nPjwvc3Ryb25nPjwvcD4KPCEtLSAvd3A6cGFyYWdyYXBoIC0tPgoKPCEtLSB3cDpwYXJhZ3JhcGggeyJ0ZXh0Q29sb3IiOiJibGFjayJ9IC0tPgo8cCBjbGFzcz0iaGFzLWJsYWNrLWNvbG9yIGhhcy10ZXh0LWNvbG9yIj48c3Ryb25nPjxhIGhyZWY9Imh0dHBzOi8vd3d3LnNlbmlvcmVuYWthZGVtaWUuZGhidy1oZWlkZW5oZWltLmRlL2luZGV4LnBocC9zZW1lc3RlcnByb2dyYW1tLTIwMjUtMjAyNi9zcHJhY2hlbi11bmQtZGlnaXRhbGUtbWVkaWVuLTI1LTI2L2Rlci1wYy1pbS1zZW5pb3JlbmFsbHRhZy8iIGRhdGEtdHlwZT0icGFnZSIgZGF0YS1pZD0iNTYwMCI+RGVyIFBDIGltIFNlbmlvcmVuYWxsdGFnPC9hPjwvc3Ryb25nPjxicj5Hw7xudGVyIFNjaHJ1bXBmIDxicj5Nb250YWcsIHfDtmNoZW50bGljaCBhYiAxMi4gT2t0b2JlciAyMDI2IDxicj4wOTozMCBVaHIgYmlzIDExOjMwIFVociBtaXQgUGF1c2UsIDxzdHJvbmc+UmF1bSBNMzIxPC9zdHJvbmc+PC9wPgo8IS0tIC93cDpwYXJhZ3JhcGggLS0+Cgo8IS0tIHdwOnBhcmFncmFwaCB7InRleHRDb2xvciI6ImJsYWNrIn0gLS0+CjxwIGNsYXNzPSJoYXMtYmxhY2stY29sb3IgaGFzLXRleHQtY29sb3IiPjxzdHJvbmc+aVBIT05FIGbDvHIgRWluc3RlaWdlciB1bmQgRm9ydGdlc2Nocml0dGVuZTwvc3Ryb25nPiA8YnI+TWFyaWFubmUgSG9sejxicj5EaWVuc3RhZywgYWIgPGJyPjA5OjAwIFVociBiaXMgMTA6MzAgVWhyIDxzdHJvbmc+UmF1bSBNPC9zdHJvbmc+PC9wPgo8IS0tIC93cDpwYXJhZ3JhcGggLS0+Cgo8IS0tIHdwOnBhcmFncmFwaCB7InRleHRDb2xvciI6ImJsYWNrIn0gLS0+CjxwIGNsYXNzPSJoYXMtYmxhY2stY29sb3IgaGFzLXRleHQtY29sb3IiPjxzdHJvbmc+aVBIT05FIGbDvHIgRWluc3RlaWdlciB1bmQgRm9ydGdlc2Nocml0dGVuZTwvc3Ryb25nPiBLdXJzIDE8YnI+TWFyaWFubmUgSG9sejxicj5EaWVuc3RhZywgYWIgIDIwMjYsIDYgbWFsPGJyPjA5OjAwIFVociBiaXMgMTA6MzAgVWhyIDxzdHJvbmc+UmF1bSA8c3Ryb25nPk0\/PC9zdHJvbmc+PC9zdHJvbmc+PC9wPgo8IS0tIC93cDpwYXJhZ3JhcGggLS0+Cgo8IS0tIHdwOnBhcmFncmFwaCB7InRleHRDb2xvciI6ImJsYWNrIn0gLS0+CjxwIGNsYXNzPSJoYXMtYmxhY2stY29sb3IgaGFzLXRleHQtY29sb3IiPjxzdHJvbmc+aVBIT05FIEZvcnRmw7xocnVuZ3NrdXJzPC9zdHJvbmc+IDxicj5NYXJpYW5uZSBIb2x6PGJyPkRpZW5zdGFnLCBhYiAuIE9rdG9iZXIgMjAyNjxicj4xMDozMCBVaHIgYmlzIDEyOjAwIFVociA8c3Ryb25nPlJhdW0gTT88L3N0cm9uZz48L3A+CjwhLS0gL3dwOnBhcmFncmFwaCAtLT4KCjwhLS0gd3A6cGFyYWdyYXBoIHsidGV4dENvbG9yIjoiYmxhY2sifSAtLT4KPHAgY2xhc3M9Imhhcy1ibGFjay1jb2xvciBoYXMtdGV4dC1jb2xvciI+PHN0cm9uZz5pUEhPTkUgRm9ydGbDvGhydW5nc2t1cnM8L3N0cm9uZz4gS3VycyAyPGJyPk1hcmlhbm5lIEhvbHo8YnI+RGllbnN0YWcsIGFiICAyMDI3LCA2IG1hbDxicj4xMDozMCBVaHIgYmlzIDEyOjAwIFVociA8c3Ryb25nPlJhdW0gPHN0cm9uZz48c3Ryb25nPk0\/PC9zdHJvbmc+PC9zdHJvbmc+PC9zdHJvbmc+PC9wPgo8IS0tIC93cDpwYXJhZ3JhcGggLS0+Cgo8IS0tIHdwOnBhcmFncmFwaCB7InRleHRDb2xvciI6ImJsYWNrIn0gLS0+CjxwIGNsYXNzPSJoYXMtYmxhY2stY29sb3IgaGFzLXRleHQtY29sb3IiPjxzdHJvbmc+aVBIT05FIEZvcnRzZXR6dW5nc2t1cnM8L3N0cm9uZz4gLSBhdXNnZWJ1Y2h0PGJyPkFsZnJlZCBIYW5kZWw8YnI+RnJlaXRhZywgYWIgMTMuIE5vdmVtYmVyIDIwMjYsIDYtbWFsIDxicj4xMDowMCBVaHIgYmlzIDExOjMwIFVociwgPHN0cm9uZz5SYXVtIE0\/PC9zdHJvbmc+PC9wPgo8IS0tIC93cDpwYXJhZ3JhcGggLS0+Cgo8IS0tIHdwOnBhcmFncmFwaCB7InRleHRDb2xvciI6ImJsYWNrIn0gLS0+CjxwIGNsYXNzPSJoYXMtYmxhY2stY29sb3IgaGFzLXRleHQtY29sb3IiPjxzdHJvbmc+U01BUlRQSE9ORSDigJMgQU5EUk9JRCBmw7xyIEFuZsOkbmdlcjwvc3Ryb25nPjxicj5Xb2xmZ2FuZyBSdW1tZWw8YnI+RG9ubmVyc3RhZywgPy4gSmFudWFyIC0gPy4gRmVicnVhciAyMDI2LCA2LW1hbCA8YnI+MTA6MDAgVWhyIGJpcyAxMTozMCBVaHIsIDxzdHJvbmc+UmF1bSBNPC9zdHJvbmc+PzwvcD4KPCEtLSAvd3A6cGFyYWdyYXBoIC0tPgoKPCEtLSB3cDpwYXJhZ3JhcGggLS0+CjxwPjwvcD4KPCEtLSAvd3A6cGFyYWdyYXBoIC0tPmRvY3VtZW50ZXhjZXJwdGRvY3VtZW50YXV0aG9yZG9jdW1lbnRmZWF0dXJlZF9tZWRpYWRvY3VtZW50Y29tbWVudF9zdGF0dXNkb2N1bWVudHBpbmdfc3RhdHVzZG9jdW1lbnR0ZW1wbGF0ZWRvY3VtZW50bWV0YV90aGVtZWlzbGVfZ3V0ZW5iZXJnX2Jsb2NrX2hhc19yZXZpZXdmb290bm90ZXNkb2N1bWVudGJsb2Nrc2NsaWVudElkaXNWYWxpZG9yaWdpbmFsQ29udGVudG5hbWVhdHRyaWJ1dGVzY29udGVudDxzdHJvbmc+QWxsZSBQQy1BbmdlYm90ZSBmaW5kZW4gaW0gTGFib3IgaW4gZGVyIE1hcmllbnN0cmHDn2UgUmF1bSBNMzIxIHN0YXR0Ljwvc3Ryb25nPiA8c3Ryb25nPkFsbGUgd2VpdGVyZW4gQW5nZWJvdGUgZmluZGVuIGluIGRlciBNYXJpZW5zdHJhw59lIGluIGRlbiBqZXdlaWxzIGFuZ2VnZWJlbmVuIFLDpHVtZW4gc3RhdHQuPC9zdHJvbmc+ZHJvcENhcHN0eWxlaGFzQ3VzdG9tQ1NTb3R0ZXJDb25kaXRpb25zaW5uZXJCbG9ja3NjbGllbnRJZGlzVmFsaWRvcmlnaW5hbENvbnRlbnRuYW1lYXR0cmlidXRlc2NvbnRlbnQ8c3Ryb25nPkFubWVsZGVmb3JtdWxhciB6dSBkZW4gUEMtLCBTbWFydHBob25la3Vyc2VuIHVuZCBkZW4gU3ByYWNoZW48L3N0cm9uZz5kcm9wQ2Fwc3R5bGVoYXNDdXN0b21DU1NvdHRlckNvbmRpdGlvbnNpbm5lckJsb2Nrc2NsaWVudElkaXNWYWxpZG9yaWdpbmFsQ29udGVudG5hbWVhdHRyaWJ1dGVzY29udGVudDxzdHJvbmc+RHVyY2ggS2xpY2tlbiBhdWYgZGllIMOcYmVyc2NocmlmdGVuIGVyaGFsdGVuIFNpZSB6dXPDpHR6bGljaGUgSW5mb3JtYXRpb25lbi48L3N0cm9uZz5kcm9wQ2FwaGFzQ3VzdG9tQ1NTb3R0ZXJDb25kaXRpb25zaW5uZXJCbG9ja3NjbGllbnRJZGlzVmFsaWRvcmlnaW5hbENvbnRlbnRuYW1lYXR0cmlidXRlc2NvbnRlbnQ8YSBocmVmPSJodHRwczovL3d3dy5zZW5pb3JlbmFrYWRlbWllLmRoYnctaGVpZGVuaGVpbS5kZS9pbmRleC5waHAvc2VtZXN0ZXJwcm9ncmFtbS0yMDI1LTIwMjYvc3ByYWNoZW4tdW5kLWRpZ2l0YWxlLW1lZGllbi0yNS0yNi9mcmFuem9lc2lzY2gvIiBkYXRhLXR5cGU9InBhZ2UiIGRhdGEtaWQ9IjEwODU2Ij48c3Ryb25nPkZSQU5aw5ZTSVNDSCBJPC9zdHJvbmc+PC9hPiAtIEIxIE5pdmVhdTxicj5FcmlrYSBFZGxlcjxicj5Nb250YWcsIHfDtmNoZW50bGljaCBhYiAyNi4gT2t0b2JlciAyMDI2LCBpbSA8c3Ryb25nPjxzdHJvbmc+UmF1bSBNPywgIDwvc3Ryb25nPjwvc3Ryb25nPjxicj4wOTozMCBiaXMgMTA6MzAgVWhyLCA8c3Ryb25nPm1heGltYWxlIFRlaWxuZWhtZXJ6YWhsIDE1PC9zdHJvbmc+ZHJvcENhcGhhc0N1c3RvbUNTU290dGVyQ29uZGl0aW9uc2lubmVyQmxvY2tzY2xpZW50SWRpc1ZhbGlkb3JpZ2luYWxDb250ZW50bmFtZWF0dHJpYnV0ZXNjb250ZW50PGEgaHJlZj0iaHR0cHM6Ly93d3cuc2VuaW9yZW5ha2FkZW1pZS5kaGJ3LWhlaWRlbmhlaW0uZGUvaW5kZXgucGhwL3NlbWVzdGVycHJvZ3JhbW0tMjAyMy0yMDI0L2RpZ2l0YWxlLW1lZGllbi0yMDIxLTIyL2ZyYW56b2VzaXNjaC8iPjxzdHJvbmc+RlJBTlrDllNJU0NIIElJPC9zdHJvbmc+PC9hPiAtIEZvcnRmw7xocnVuZyBkZXMgYmlzaGVyaWdlbiBLdXJzZXM8YnI+RXJpa2EgRWRsZXI8YnI+TW9udGFnLCB3w7ZjaGVudGxpY2ggYWIgMjYuIE9rdG9iZXIgMjAyNiA8YnI+MTA6MzAgYmlzIDEyOjAwIFVociwgaW0gPHN0cm9uZz48c3Ryb25nPlJhdW0gTTwvc3Ryb25nPjwvc3Ryb25nPj9kcm9wQ2FwaGFzQ3VzdG9tQ1NTb3R0ZXJDb25kaXRpb25zaW5uZXJCbG9ja3NjbGllbnRJZGlzVmFsaWRvcmlnaW5hbENvbnRlbnRuYW1lYXR0cmlidXRlc2NvbnRlbnQ8c3Ryb25nPjxhIGhyZWY9Imh0dHBzOi8vd3d3LnNlbmlvcmVuYWthZGVtaWUuZGhidy1oZWlkZW5oZWltLmRlL2luZGV4LnBocC9zZW1lc3RlcnByb2dyYW1tLTIwMjUtMjAyNi9zcHJhY2hlbi11bmQtZGlnaXRhbGUtbWVkaWVuLTI1LTI2L2VuZ2xpc2NoLyIgZGF0YS10eXBlPSJwYWdlIiBkYXRhLWlkPSIxMDkxOCI+RU5HTElTQ0ggQ2x1YiAtIENvbnZlcnNhdGlvbiBhbmQgbGFuZ3VhZ2UgcHJhY3Rpc2U8L2E+PC9zdHJvbmc+PGJyPkViZXJoYXJkIFJvdHRsZXI8YnI+RnJlaXRhZywgd8O2Y2hlbnRsaWNoIGFiIDE2LiBPa3RvYmVyIDIwMjY8YnI+MDk6NDUgYmlzIDExOjE1IFVociwgaW0gPHN0cm9uZz48c3Ryb25nPlJhdW0gTT88L3N0cm9uZz48L3N0cm9uZz5kcm9wQ2FwaGFzQ3VzdG9tQ1NTb3R0ZXJDb25kaXRpb25zaW5uZXJCbG9ja3NjbGllbnRJZGlzVmFsaWRvcmlnaW5hbENvbnRlbnRuYW1lYXR0cmlidXRlc2NvbnRlbnQ8c3Ryb25nPjxhIGhyZWY9Imh0dHBzOi8vd3d3LnNlbmlvcmVuYWthZGVtaWUuZGhidy1oZWlkZW5oZWltLmRlL2luZGV4LnBocC9zZW1lc3RlcnByb2dyYW1tLTIwMjUtMjAyNi9zcHJhY2hlbi11bmQtZGlnaXRhbGUtbWVkaWVuLTI1LTI2L2Rlci1wYy1pbS1zZW5pb3JlbmFsbHRhZy8iIGRhdGEtdHlwZT0icGFnZSIgZGF0YS1pZD0iNTYwMCI+RGVyIFBDIGltIFNlbmlvcmVuYWxsdGFnPC9hPjwvc3Ryb25nPjxicj5Hw7xudGVyIFNjaHJ1bXBmIDxicj5Nb250YWcsIHfDtmNoZW50bGljaCBhYiAxMi4gT2t0b2JlciAyMDI2IDxicj4wOTozMCBVaHIgYmlzIDExOjMwIFVociBtaXQgUGF1c2UsIDxzdHJvbmc+UmF1bSBNMzIxPC9zdHJvbmc+ZHJvcENhcHRleHRDb2xvcmhhc0N1c3RvbUNTU290dGVyQ29uZGl0aW9uc2lubmVyQmxvY2tzY2xpZW50SWRpc1ZhbGlkb3JpZ2luYWxDb250ZW50bmFtZWF0dHJpYnV0ZXNjb250ZW50PHN0cm9uZz5pUEhPTkUgZsO8ciBFaW5zdGVpZ2VyIHVuZCBGb3J0Z2VzY2hyaXR0ZW5lPC9zdHJvbmc+IDxicj5NYXJpYW5uZSBIb2x6PGJyPkRpZW5zdGFnLCBhYiA8YnI+MDk6MDAgVWhyIGJpcyAxMDozMCBVaHIgPHN0cm9uZz5SYXVtIE08L3N0cm9uZz5kcm9wQ2FwdGV4dENvbG9yaGFzQ3VzdG9tQ1NTb3R0ZXJDb25kaXRpb25zaW5uZXJCbG9ja3NjbGllbnRJZGlzVmFsaWRvcmlnaW5hbENvbnRlbnRuYW1lYXR0cmlidXRlc2NvbnRlbnQ8c3Ryb25nPmlQSE9ORSBmw7xyIEVpbnN0ZWlnZXIgdW5kIEZvcnRnZXNjaHJpdHRlbmU8L3N0cm9uZz4gS3VycyAxPGJyPk1hcmlhbm5lIEhvbHo8YnI+RGllbnN0YWcsIGFiICAyMDI2LCA2IG1hbDxicj4wOTowMCBVaHIgYmlzIDEwOjMwIFVociA8c3Ryb25nPlJhdW0gPHN0cm9uZz5NPzwvc3Ryb25nPjwvc3Ryb25nPmRyb3BDYXB0ZXh0Q29sb3JoYXNDdXN0b21DU1NvdHRlckNvbmRpdGlvbnNpbm5lckJsb2Nrc2NsaWVudElkaXNWYWxpZG9yaWdpbmFsQ29udGVudG5hbWVhdHRyaWJ1dGVzY29udGVudDxzdHJvbmc+aVBIT05FIEZvcnRmw7xocnVuZ3NrdXJzPC9zdHJvbmc+IDxicj5NYXJpYW5uZSBIb2x6PGJyPkRpZW5zdGFnLCBhYiAuIE9rdG9iZXIgMjAyNjxicj4xMDozMCBVaHIgYmlzIDEyOjAwIFVociA8c3Ryb25nPlJhdW0gTT88L3N0cm9uZz5kcm9wQ2FwdGV4dENvbG9yaGFzQ3VzdG9tQ1NTb3R0ZXJDb25kaXRpb25zaW5uZXJCbG9ja3NjbGllbnRJZGlzVmFsaWRvcmlnaW5hbENvbnRlbnRuYW1lYXR0cmlidXRlc2NvbnRlbnQ8c3Ryb25nPmlQSE9ORSBGb3J0ZsO8aHJ1bmdza3Vyczwvc3Ryb25nPiBLdXJzIDI8YnI+TWFyaWFubmUgSG9sejxicj5EaWVuc3RhZywgYWIgIDIwMjcsIDYgbWFsPGJyPjEwOjMwIFVociBiaXMgMTI6MDAgVWhyIDxzdHJvbmc+UmF1bSA8c3Ryb25nPjxzdHJvbmc+TT88L3N0cm9uZz48L3N0cm9uZz48L3N0cm9uZz5kcm9wQ2FwdGV4dENvbG9yaGFzQ3VzdG9tQ1NTb3R0ZXJDb25kaXRpb25zaW5uZXJCbG9ja3NjbGllbnRJZGlzVmFsaWRvcmlnaW5hbENvbnRlbnRuYW1lYXR0cmlidXRlc2NvbnRlbnQ8c3Ryb25nPmlQSE9ORSBGb3J0c2V0enVuZ3NrdXJzPC9zdHJvbmc+IC0gYXVzZ2VidWNodDxicj5BbGZyZWQgSGFuZGVsPGJyPkZyZWl0YWcsIGFiIDEzLiBOb3ZlbWJlciAyMDI2LCA2LW1hbCA8YnI+MTA6MDAgVWhyIGJpcyAxMTozMCBVaHIsIDxzdHJvbmc+UmF1bSBNPzwvc3Ryb25nPmRyb3BDYXB0ZXh0Q29sb3JoYXNDdXN0b21DU1NvdHRlckNvbmRpdGlvbnNpbm5lckJsb2Nrc2NsaWVudElkaXNWYWxpZG9yaWdpbmFsQ29udGVudG5hbWVhdHRyaWJ1dGVzY29udGVudDxzdHJvbmc+U01BUlRQSE9ORSDigJMgQU5EUk9JRCBmw7xyIEFuZsOkbmdlcjwvc3Ryb25nPjxicj5Xb2xmZ2FuZyBSdW1tZWw8YnI+RG9ubmVyc3RhZywgPy4gSmFudWFyIC0gPy4gRmVicnVhciAyMDI2LCA2LW1hbCA8YnI+MTA6MDAgVWhyIGJpcyAxMTozMCBVaHIsIDxzdHJvbmc+UmF1bSBNPC9zdHJvbmc+P2Ryb3BDYXB0ZXh0Q29sb3JoYXNDdXN0b21DU1NvdHRlckNvbmRpdGlvbnNpbm5lckJsb2Nrc2NsaWVudElkaXNWYWxpZG9yaWdpbmFsQ29udGVudG5hbWVhdHRyaWJ1dGVzY29udGVudGRyb3BDYXBoYXNDdXN0b21DU1NvdHRlckNvbmRpdGlvbnNpbm5lckJsb2Nrc3N0YXRlc2F2ZWRBdHN0YXRlc2F2ZWRCeQUHCAQIBAgGCAUiCAe\/QQgHCAYIDggOCAtIAQQlCQgGCAcPBAoHggMHBQwPCwgHDwQKB44BBwUMDwsIBw8ECgecAQcMDwsIBw8ECgeOBgcMDwsIBw8ECgeMBQcMDwsIBw8ECge5BQcMDwsIBw8ECgeqBQcJDA8LCAcPBAoHkQIHCQwPCwgHDwQKB7UCBwkMDwsIBw8ECgeNAgcJDA8LCAcPBAoHswIHCQwPCwgHDwQKB6QCBwkMDwsIBw8ECgetAgcJDA8LCAcPBApHAAwPCwUHBQcSAQQAAAEAAAABBgABAQAAogEBPEIBAQBBAAIAQQACAEEAAgBBAAIAQQACAEEAAgBBAAIAQQACAEEAAgBBAAIAQQACAEEAAgBBAAIAQQACAAJBdgHEAQB9AXcTMjAyNi0wNC0wNFQxNDozMTozNHcic3ByYWNoZW4tdW5kLWRpZ2l0YWxlLW1lZGllbi0yNi0yN3cHcHVibGlzaH0Kfb0SdwZjbG9zZWR3BmNsb3NlZHcAeXcAdyRmYzU3Yzc1MC1jMjNiLTQxMzUtYmFlMC02MzVkYTg1OGI4Zjh4d4gCPHAgY2xhc3M9Imhhcy10ZXh0LWNvbG9yIGhhcy1saW5rLWNvbG9yIiBzdHlsZT0iY29sb3I6I2Y4MDAwMCI+PHN0cm9uZz5BbGxlIFBDLUFuZ2Vib3RlIGZpbmRlbiBpbSBMYWJvciBpbiBkZXIgTWFyaWVuc3RyYcOfZSBSYXVtIE0zMjEgc3RhdHQuPC9zdHJvbmc+IDxzdHJvbmc+QWxsZSB3ZWl0ZXJlbiBBbmdlYm90ZSBmaW5kZW4gaW4gZGVyIE1hcmllbnN0cmHDn2UgaW4gZGVuIGpld2VpbHMgYW5nZWdlYmVuZW4gUsOkdW1lbiBzdGF0dC48L3N0cm9uZz48L3A+dw5jb3JlL3BhcmFncmFwaHl2AgVjb2xvcnYBBHRleHR3ByNmODAwMDAIZWxlbWVudHN2AQRsaW5rdgEFY29sb3J2AQR0ZXh0dwcjZjgwMDAweXUAdyQ0YTdjMDIwYy01MWI0LTQ4ODctOGY2OS00NjJkYzY0MmNmODl4d3M8cCBjbGFzcz0iaGFzLXRleHQtYWxpZ24tY2VudGVyIj48c3Ryb25nPkFubWVsZGVmb3JtdWxhciB6dSBkZW4gUEMtLCBTbWFydHBob25la3Vyc2VuIHVuZCBkZW4gU3ByYWNoZW48L3N0cm9uZz48L3A+dw5jb3JlL3BhcmFncmFwaHl2AQp0eXBvZ3JhcGh5dgEJdGV4dEFsaWdudwZjZW50ZXJ5dQB3JDAzOWYzNjBhLTliZDYtNDg0Yi04NTBiLTdhNGM2OWFjNDdjM3h3ZTxwPjxzdHJvbmc+RHVyY2ggS2xpY2tlbiBhdWYgZGllIMOcYmVyc2NocmlmdGVuIGVyaGFsdGVuIFNpZSB6dXPDpHR6bGljaGUgSW5mb3JtYXRpb25lbi48L3N0cm9uZz48L3A+dw5jb3JlL3BhcmFncmFwaHl5dQB3JGIyY2YzZmI3LWY5MDctNGYwMC05NjNkLWY5MzcyMzllOWIzZnh3lwM8cD48YSBocmVmPSJodHRwczovL3d3dy5zZW5pb3JlbmFrYWRlbWllLmRoYnctaGVpZGVuaGVpbS5kZS9pbmRleC5waHAvc2VtZXN0ZXJwcm9ncmFtbS0yMDI1LTIwMjYvc3ByYWNoZW4tdW5kLWRpZ2l0YWxlLW1lZGllbi0yNS0yNi9mcmFuem9lc2lzY2gvIiBkYXRhLXR5cGU9InBhZ2UiIGRhdGEtaWQ9IjEwODU2Ij48c3Ryb25nPkZSQU5aw5ZTSVNDSCBJPC9zdHJvbmc+PC9hPiAtIEIxIE5pdmVhdTxicj5FcmlrYSBFZGxlcjxicj5Nb250YWcsIHfDtmNoZW50bGljaCBhYiAyNi4gT2t0b2JlciAyMDI2LCBpbSA8c3Ryb25nPjxzdHJvbmc+UmF1bSBNPywgIDwvc3Ryb25nPjwvc3Ryb25nPjxicj4wOTozMCBiaXMgMTA6MzAgVWhyLCA8c3Ryb25nPm1heGltYWxlIFRlaWxuZWhtZXJ6YWhsIDE1PC9zdHJvbmc+PC9wPncOY29yZS9wYXJhZ3JhcGh5eXUAdyQ3MDQ5NWY1My04ZTA0LTQwNjktYWYyNy1lYzQwZThkYmFjMWN4d9YCPHA+PGEgaHJlZj0iaHR0cHM6Ly93d3cuc2VuaW9yZW5ha2FkZW1pZS5kaGJ3LWhlaWRlbmhlaW0uZGUvaW5kZXgucGhwL3NlbWVzdGVycHJvZ3JhbW0tMjAyMy0yMDI0L2RpZ2l0YWxlLW1lZGllbi0yMDIxLTIyL2ZyYW56b2VzaXNjaC8iPjxzdHJvbmc+RlJBTlrDllNJU0NIIElJPC9zdHJvbmc+PC9hPiAtIEZvcnRmw7xocnVuZyBkZXMgYmlzaGVyaWdlbiBLdXJzZXM8YnI+RXJpa2EgRWRsZXI8YnI+TW9udGFnLCB3w7ZjaGVudGxpY2ggYWIgMjYuIE9rdG9iZXIgMjAyNiA8YnI+MTA6MzAgYmlzIDEyOjAwIFVociwgaW0gPHN0cm9uZz48c3Ryb25nPlJhdW0gTTwvc3Ryb25nPjwvc3Ryb25nPj88L3A+dw5jb3JlL3BhcmFncmFwaHl5dQB3JDI1NjdjNTk3LTM5YmYtNGMwMC1hNmY4LTg5ZTRjYzkyZjJlOHh3gQM8cD48c3Ryb25nPjxhIGhyZWY9Imh0dHBzOi8vd3d3LnNlbmlvcmVuYWthZGVtaWUuZGhidy1oZWlkZW5oZWltLmRlL2luZGV4LnBocC9zZW1lc3RlcnByb2dyYW1tLTIwMjUtMjAyNi9zcHJhY2hlbi11bmQtZGlnaXRhbGUtbWVkaWVuLTI1LTI2L2VuZ2xpc2NoLyIgZGF0YS10eXBlPSJwYWdlIiBkYXRhLWlkPSIxMDkxOCI+RU5HTElTQ0ggQ2x1YiAtIENvbnZlcnNhdGlvbiBhbmQgbGFuZ3VhZ2UgcHJhY3Rpc2U8L2E+PC9zdHJvbmc+PGJyPkViZXJoYXJkIFJvdHRsZXI8YnI+RnJlaXRhZywgd8O2Y2hlbnRsaWNoIGFiIDE2LiBPa3RvYmVyIDIwMjY8YnI+MDk6NDUgYmlzIDExOjE1IFVociwgaW0gPHN0cm9uZz48c3Ryb25nPlJhdW0gTT88L3N0cm9uZz48L3N0cm9uZz48L3A+dw5jb3JlL3BhcmFncmFwaHl5dQB3JDlhODc3M2VmLWE3MDYtNDc4Ni05Yjk4LWIxNmM4MTNhNGY1OHh3mgM8cCBjbGFzcz0iaGFzLWJsYWNrLWNvbG9yIGhhcy10ZXh0LWNvbG9yIj48c3Ryb25nPjxhIGhyZWY9Imh0dHBzOi8vd3d3LnNlbmlvcmVuYWthZGVtaWUuZGhidy1oZWlkZW5oZWltLmRlL2luZGV4LnBocC9zZW1lc3RlcnByb2dyYW1tLTIwMjUtMjAyNi9zcHJhY2hlbi11bmQtZGlnaXRhbGUtbWVkaWVuLTI1LTI2L2Rlci1wYy1pbS1zZW5pb3JlbmFsbHRhZy8iIGRhdGEtdHlwZT0icGFnZSIgZGF0YS1pZD0iNTYwMCI+RGVyIFBDIGltIFNlbmlvcmVuYWxsdGFnPC9hPjwvc3Ryb25nPjxicj5Hw7xudGVyIFNjaHJ1bXBmIDxicj5Nb250YWcsIHfDtmNoZW50bGljaCBhYiAxMi4gT2t0b2JlciAyMDI2IDxicj4wOTozMCBVaHIgYmlzIDExOjMwIFVociBtaXQgUGF1c2UsIDxzdHJvbmc+UmF1bSBNMzIxPC9zdHJvbmc+PC9wPncOY29yZS9wYXJhZ3JhcGh5dwVibGFja3l1AHckZmI0MDI3M2EtNWY0OC00MWQ4LTliOWEtNDAyN2FkMTUzNmU4eHfAATxwIGNsYXNzPSJoYXMtYmxhY2stY29sb3IgaGFzLXRleHQtY29sb3IiPjxzdHJvbmc+aVBIT05FIGbDvHIgRWluc3RlaWdlciB1bmQgRm9ydGdlc2Nocml0dGVuZTwvc3Ryb25nPiA8YnI+TWFyaWFubmUgSG9sejxicj5EaWVuc3RhZywgYWIgPGJyPjA5OjAwIFVociBiaXMgMTA6MzAgVWhyIDxzdHJvbmc+UmF1bSBNPC9zdHJvbmc+PC9wPncOY29yZS9wYXJhZ3JhcGh5dwVibGFja3l1AHckM2ZiZDU4MmUtOTBmNi00Y2E5LWJjZGEtNTU1ZjcxMjdmNzQ0eHfkATxwIGNsYXNzPSJoYXMtYmxhY2stY29sb3IgaGFzLXRleHQtY29sb3IiPjxzdHJvbmc+aVBIT05FIGbDvHIgRWluc3RlaWdlciB1bmQgRm9ydGdlc2Nocml0dGVuZTwvc3Ryb25nPiBLdXJzIDE8YnI+TWFyaWFubmUgSG9sejxicj5EaWVuc3RhZywgYWIgIDIwMjYsIDYgbWFsPGJyPjA5OjAwIFVociBiaXMgMTA6MzAgVWhyIDxzdHJvbmc+UmF1bSA8c3Ryb25nPk0\/PC9zdHJvbmc+PC9zdHJvbmc+PC9wPncOY29yZS9wYXJhZ3JhcGh5dwVibGFja3l1AHckYTRhMGUzY2MtYTk5OC00MDEyLWFiMzEtODgwNTc5YjZhMTE2eHe8ATxwIGNsYXNzPSJoYXMtYmxhY2stY29sb3IgaGFzLXRleHQtY29sb3IiPjxzdHJvbmc+aVBIT05FIEZvcnRmw7xocnVuZ3NrdXJzPC9zdHJvbmc+IDxicj5NYXJpYW5uZSBIb2x6PGJyPkRpZW5zdGFnLCBhYiAuIE9rdG9iZXIgMjAyNjxicj4xMDozMCBVaHIgYmlzIDEyOjAwIFVociA8c3Ryb25nPlJhdW0gTT88L3N0cm9uZz48L3A+dw5jb3JlL3BhcmFncmFwaHl3BWJsYWNreXUAdyRkYzNhYjk0YS04NzRjLTQzYTYtYTQ0Ny0xMjgyN2E0N2E0YTR4d+IBPHAgY2xhc3M9Imhhcy1ibGFjay1jb2xvciBoYXMtdGV4dC1jb2xvciI+PHN0cm9uZz5pUEhPTkUgRm9ydGbDvGhydW5nc2t1cnM8L3N0cm9uZz4gS3VycyAyPGJyPk1hcmlhbm5lIEhvbHo8YnI+RGllbnN0YWcsIGFiICAyMDI3LCA2IG1hbDxicj4xMDozMCBVaHIgYmlzIDEyOjAwIFVociA8c3Ryb25nPlJhdW0gPHN0cm9uZz48c3Ryb25nPk0\/PC9zdHJvbmc+PC9zdHJvbmc+PC9zdHJvbmc+PC9wPncOY29yZS9wYXJhZ3JhcGh5dwVibGFja3l1AHckNDM0ZjViZTYtYThmMi00YWY4LWE1YWItOTQ2NzNkNTViYTE5eHfSATxwIGNsYXNzPSJoYXMtYmxhY2stY29sb3IgaGFzLXRleHQtY29sb3IiPjxzdHJvbmc+aVBIT05FIEZvcnRzZXR6dW5nc2t1cnM8L3N0cm9uZz4gLSBhdXNnZWJ1Y2h0PGJyPkFsZnJlZCBIYW5kZWw8YnI+RnJlaXRhZywgYWIgMTMuIE5vdmVtYmVyIDIwMjYsIDYtbWFsIDxicj4xMDowMCBVaHIgYmlzIDExOjMwIFVociwgPHN0cm9uZz5SYXVtIE0\/PC9zdHJvbmc+PC9wPncOY29yZS9wYXJhZ3JhcGh5dwVibGFja3l1AHckOWFkZTlkYWUtNGZhZS00MzA2LWJlZjYtZDMzODRhYTA1ZWY2eHffATxwIGNsYXNzPSJoYXMtYmxhY2stY29sb3IgaGFzLXRleHQtY29sb3IiPjxzdHJvbmc+U01BUlRQSE9ORSDigJMgQU5EUk9JRCBmw7xyIEFuZsOkbmdlcjwvc3Ryb25nPjxicj5Xb2xmZ2FuZyBSdW1tZWw8YnI+RG9ubmVyc3RhZywgPy4gSmFudWFyIC0gPy4gRmVicnVhciAyMDI2LCA2LW1hbCA8YnI+MTA6MDAgVWhyIGJpcyAxMTozMCBVaHIsIDxzdHJvbmc+UmF1bSBNPC9zdHJvbmc+PzwvcD53DmNvcmUvcGFyYWdyYXBoeXcFYmxhY2t5dQB3JGExZDliYmRjLWExYzMtNGM5MS04MTdiLWQyMjJiNDRiNDEzY3h3BzxwPjwvcD53DmNvcmUvcGFyYWdyYXBoeXl1AHtCedkXUNcgAH2lxLjKCwA=\",\"updateId\":777605894}","_themeisle_gutenberg_block_has_review":false,"footnotes":""},"class_list":["post-14160","page","type-page","status-publish","has-post-thumbnail","hentry","gallery-content-unit"],"_links":{"self":[{"href":"https:\/\/www.seniorenakademie.dhbw-heidenheim.de\/index.php\/wp-json\/wp\/v2\/pages\/14160","targetHints":{"allow":["GET"]}}],"collection":[{"href":"https:\/\/www.seniorenakademie.dhbw-heidenheim.de\/index.php\/wp-json\/wp\/v2\/pages"}],"about":[{"href":"https:\/\/www.seniorenakademie.dhbw-heidenheim.de\/index.php\/wp-json\/wp\/v2\/types\/page"}],"author":[{"embeddable":true,"href":"https:\/\/www.seniorenakademie.dhbw-heidenheim.de\/index.php\/wp-json\/wp\/v2\/users\/10"}],"replies":[{"embeddable":true,"href":"https:\/\/www.seniorenakademie.dhbw-heidenheim.de\/index.php\/wp-json\/wp\/v2\/comments?post=14160"}],"version-history":[{"count":3,"href":"https:\/\/www.seniorenakademie.dhbw-heidenheim.de\/index.php\/wp-json\/wp\/v2\/pages\/14160\/revisions"}],"predecessor-version":[{"id":14170,"href":"https:\/\/www.seniorenakademie.dhbw-heidenheim.de\/index.php\/wp-json\/wp\/v2\/pages\/14160\/revisions\/14170"}],"up":[{"embeddable":true,"href":"https:\/\/www.seniorenakademie.dhbw-heidenheim.de\/index.php\/wp-json\/wp\/v2\/pages\/12004"}],"wp:featuredmedia":[{"embeddable":true,"href":"https:\/\/www.seniorenakademie.dhbw-heidenheim.de\/index.php\/wp-json\/wp\/v2\/media\/1213"}],"wp:attachment":[{"href":"https:\/\/www.seniorenakademie.dhbw-heidenheim.de\/index.php\/wp-json\/wp\/v2\/media?parent=14160"}],"curies":[{"name":"wp","href":"https:\/\/api.w.org\/{rel}","templated":true}]}}