{"id":14021,"date":"2026-02-20T16:41:33","date_gmt":"2026-02-20T15:41:33","guid":{"rendered":"https:\/\/www.seniorenakademie.dhbw-heidenheim.de\/?page_id=14021"},"modified":"2026-02-20T16:41:33","modified_gmt":"2026-02-20T15:41:33","slug":"weiherwiesenrunde-sah","status":"publish","type":"page","link":"https:\/\/www.seniorenakademie.dhbw-heidenheim.de\/index.php\/semesterprogramm-2025-2026\/unterwegs-2025-26\/weiherwiesenrunde-sah\/","title":{"rendered":"Weiherwiesenrunde SAH"},"content":{"rendered":"\n<p class=\"wp-block-paragraph\">Wir wandern vom Waldrand Irmannsweiler in das Naturschutzgebiet<br>Weiherwiesen, danach nach Tauchenweiler und zur\u00fcck zum Startpunkt.<\/p>\n\n\n\n<p class=\"wp-block-paragraph\"><strong>Termin: 23:04.2026 13:30 Uhr Parkplatz Irmannweiler Waldrand.<\/strong><\/p>\n\n\n\n<p class=\"wp-block-paragraph\">Strecke ca. 8 km 76 H\u00f6henmeter auf Wiesen- und Waldwegen.<br>Gutes Schuhwerk und Wanderst\u00f6cke empfehlenswert.<\/p>\n\n\n\n<p class=\"wp-block-paragraph\">Nach der Wanderung ist eine Einkehr im Landgasthof Wental vorgesehen.<\/p>\n\n\n\n<p class=\"wp-block-paragraph\"><strong>Anmeldung f\u00fcr die Einkehr bei Otto Palfi Tel. 07328 4286\u00a0<\/strong><\/p>\n\n\n\n<p class=\"wp-block-paragraph\">Er erteilt auch gerne Auskunft \u00fcber die Anfahrt zum Startpunkt.<\/p>\n","protected":false},"excerpt":{"rendered":"<p>Wir wandern vom Waldrand Irmannsweiler in das NaturschutzgebietWeiherwiesen, danach nach Tauchenweiler und zur\u00fcck zum Startpunkt. Termin: 23:04.2026 13:30 Uhr Parkplatz Irmannweiler Waldrand. Strecke ca. 8 km 76 H\u00f6henmeter auf Wiesen- und Waldwegen.Gutes Schuhwerk und Wanderst\u00f6cke empfehlenswert. Nach der Wanderung ist eine Einkehr im Landgasthof Wental vorgesehen. Anmeldung f\u00fcr die Einkehr bei Otto Palfi Tel. 07328 <a class=\"more-link\" href=\"https:\/\/www.seniorenakademie.dhbw-heidenheim.de\/index.php\/semesterprogramm-2025-2026\/unterwegs-2025-26\/weiherwiesenrunde-sah\/\">weiterlesen&#8230;<\/a><\/p>\n","protected":false},"author":10,"featured_media":0,"parent":7453,"menu_order":0,"comment_status":"closed","ping_status":"closed","template":"","meta":{"_crdt_document":"","_themeisle_gutenberg_block_has_review":false,"footnotes":""},"class_list":["post-14021","page","type-page","status-publish","hentry","gallery-content-unit"],"_links":{"self":[{"href":"https:\/\/www.seniorenakademie.dhbw-heidenheim.de\/index.php\/wp-json\/wp\/v2\/pages\/14021","targetHints":{"allow":["GET"]}}],"collection":[{"href":"https:\/\/www.seniorenakademie.dhbw-heidenheim.de\/index.php\/wp-json\/wp\/v2\/pages"}],"about":[{"href":"https:\/\/www.seniorenakademie.dhbw-heidenheim.de\/index.php\/wp-json\/wp\/v2\/types\/page"}],"author":[{"embeddable":true,"href":"https:\/\/www.seniorenakademie.dhbw-heidenheim.de\/index.php\/wp-json\/wp\/v2\/users\/10"}],"replies":[{"embeddable":true,"href":"https:\/\/www.seniorenakademie.dhbw-heidenheim.de\/index.php\/wp-json\/wp\/v2\/comments?post=14021"}],"version-history":[{"count":1,"href":"https:\/\/www.seniorenakademie.dhbw-heidenheim.de\/index.php\/wp-json\/wp\/v2\/pages\/14021\/revisions"}],"predecessor-version":[{"id":14022,"href":"https:\/\/www.seniorenakademie.dhbw-heidenheim.de\/index.php\/wp-json\/wp\/v2\/pages\/14021\/revisions\/14022"}],"up":[{"embeddable":true,"href":"https:\/\/www.seniorenakademie.dhbw-heidenheim.de\/index.php\/wp-json\/wp\/v2\/pages\/7453"}],"wp:attachment":[{"href":"https:\/\/www.seniorenakademie.dhbw-heidenheim.de\/index.php\/wp-json\/wp\/v2\/media?parent=14021"}],"curies":[{"name":"wp","href":"https:\/\/api.w.org\/{rel}","templated":true}]}}