{"id":14013,"date":"2026-02-16T09:11:25","date_gmt":"2026-02-16T08:11:25","guid":{"rendered":"https:\/\/www.seniorenakademie.dhbw-heidenheim.de\/?page_id=14013"},"modified":"2026-03-21T14:07:53","modified_gmt":"2026-03-21T13:07:53","slug":"die-einfuhrung-von-herrn-ehrtmann-entfaellt","status":"publish","type":"page","link":"https:\/\/www.seniorenakademie.dhbw-heidenheim.de\/index.php\/die-einfuhrung-von-herrn-ehrtmann-entfaellt\/","title":{"rendered":"Die Kulturfahrt nach M\u00fcnchen von Herrn Ehrtmann am 6.5.2026 entf\u00e4llt"},"content":{"rendered":"\n<!--more-->\n\n\n\n<p class=\"wp-block-paragraph\">Da sich nach unserer Erinnerungsmail die Anmeldezahl nur geringf\u00fcgig erh\u00f6ht hat, ist eine Durchf\u00fchrung der <strong>Kulturfahrt nach M\u00fcnchen<\/strong> in das <strong>Museum Brandhorst<\/strong> von Herrn Ehrtmann <strong>am Mittwoch, 06. Mai 2026<\/strong>, nicht m\u00f6glich.<\/p>\n\n\n\n<p class=\"wp-block-paragraph\">Der entfallene Vortrag &#8222;Bella Italia&#8220; &#8211; 2. Teil von Herrn Pr\u00fcfer findet in diesem Semester nicht mehr statt.<\/p>\n","protected":false},"excerpt":{"rendered":"","protected":false},"author":10,"featured_media":214,"parent":0,"menu_order":0,"comment_status":"closed","ping_status":"closed","template":"","meta":{"_crdt_document":"","_themeisle_gutenberg_block_has_review":false,"footnotes":""},"class_list":["post-14013","page","type-page","status-publish","has-post-thumbnail","hentry","gallery-content-unit"],"_links":{"self":[{"href":"https:\/\/www.seniorenakademie.dhbw-heidenheim.de\/index.php\/wp-json\/wp\/v2\/pages\/14013","targetHints":{"allow":["GET"]}}],"collection":[{"href":"https:\/\/www.seniorenakademie.dhbw-heidenheim.de\/index.php\/wp-json\/wp\/v2\/pages"}],"about":[{"href":"https:\/\/www.seniorenakademie.dhbw-heidenheim.de\/index.php\/wp-json\/wp\/v2\/types\/page"}],"author":[{"embeddable":true,"href":"https:\/\/www.seniorenakademie.dhbw-heidenheim.de\/index.php\/wp-json\/wp\/v2\/users\/10"}],"replies":[{"embeddable":true,"href":"https:\/\/www.seniorenakademie.dhbw-heidenheim.de\/index.php\/wp-json\/wp\/v2\/comments?post=14013"}],"version-history":[{"count":5,"href":"https:\/\/www.seniorenakademie.dhbw-heidenheim.de\/index.php\/wp-json\/wp\/v2\/pages\/14013\/revisions"}],"predecessor-version":[{"id":14065,"href":"https:\/\/www.seniorenakademie.dhbw-heidenheim.de\/index.php\/wp-json\/wp\/v2\/pages\/14013\/revisions\/14065"}],"wp:featuredmedia":[{"embeddable":true,"href":"https:\/\/www.seniorenakademie.dhbw-heidenheim.de\/index.php\/wp-json\/wp\/v2\/media\/214"}],"wp:attachment":[{"href":"https:\/\/www.seniorenakademie.dhbw-heidenheim.de\/index.php\/wp-json\/wp\/v2\/media?parent=14013"}],"curies":[{"name":"wp","href":"https:\/\/api.w.org\/{rel}","templated":true}]}}