{"id":13953,"date":"2026-01-19T14:55:56","date_gmt":"2026-01-19T13:55:56","guid":{"rendered":"https:\/\/www.seniorenakademie.dhbw-heidenheim.de\/?page_id=13953"},"modified":"2026-01-19T14:55:56","modified_gmt":"2026-01-19T13:55:56","slug":"diversitaet-des-koerpers","status":"publish","type":"page","link":"https:\/\/www.seniorenakademie.dhbw-heidenheim.de\/index.php\/semesterprogramm-2025-2026\/veranstaltungen-25-26\/diversitaet-des-koerpers\/","title":{"rendered":"Diversit\u00e4t des K\u00f6rpers?"},"content":{"rendered":"\n<p class=\"wp-block-paragraph\">Der Vortrag von Frau Dr. L. Pr\u00fcfer-Kr\u00e4mer widmet sich der Diversit\u00e4t des menschlichen K\u00f6rpers \u00fcber die Zeit, der Lebensspanne und bei verschiedenen Ethnien. Es erwartet Sie ein bebilderter Vortrag, der in positiver Weise auf die Verschiedenheit ohne Wertung hinweist. Dieser Blick auf die Verschiedenheit ist gepr\u00e4gt durch die in Jahrzehnten erworbene Erfahrung einer Tropen\u00e4rztin, die offen f\u00fcr \u201eAlles\u201c ist, jenseits von Diskriminierung oder Ausgrenzung. Der Vortrag wird Anlass zu Diskussionen geben.<\/p>\n","protected":false},"excerpt":{"rendered":"<p>Der Vortrag von Frau Dr. L. Pr\u00fcfer-Kr\u00e4mer widmet sich der Diversit\u00e4t des menschlichen K\u00f6rpers \u00fcber die Zeit, der Lebensspanne und bei verschiedenen Ethnien. Es erwartet Sie ein bebilderter Vortrag, der in positiver Weise auf die Verschiedenheit ohne Wertung hinweist. Dieser Blick auf die Verschiedenheit ist gepr\u00e4gt durch die in Jahrzehnten erworbene Erfahrung einer Tropen\u00e4rztin, die <a class=\"more-link\" href=\"https:\/\/www.seniorenakademie.dhbw-heidenheim.de\/index.php\/semesterprogramm-2025-2026\/veranstaltungen-25-26\/diversitaet-des-koerpers\/\">weiterlesen&#8230;<\/a><\/p>\n","protected":false},"author":10,"featured_media":0,"parent":12007,"menu_order":0,"comment_status":"closed","ping_status":"closed","template":"","meta":{"_crdt_document":"","_themeisle_gutenberg_block_has_review":false,"footnotes":""},"class_list":["post-13953","page","type-page","status-publish","hentry","gallery-content-unit"],"_links":{"self":[{"href":"https:\/\/www.seniorenakademie.dhbw-heidenheim.de\/index.php\/wp-json\/wp\/v2\/pages\/13953","targetHints":{"allow":["GET"]}}],"collection":[{"href":"https:\/\/www.seniorenakademie.dhbw-heidenheim.de\/index.php\/wp-json\/wp\/v2\/pages"}],"about":[{"href":"https:\/\/www.seniorenakademie.dhbw-heidenheim.de\/index.php\/wp-json\/wp\/v2\/types\/page"}],"author":[{"embeddable":true,"href":"https:\/\/www.seniorenakademie.dhbw-heidenheim.de\/index.php\/wp-json\/wp\/v2\/users\/10"}],"replies":[{"embeddable":true,"href":"https:\/\/www.seniorenakademie.dhbw-heidenheim.de\/index.php\/wp-json\/wp\/v2\/comments?post=13953"}],"version-history":[{"count":1,"href":"https:\/\/www.seniorenakademie.dhbw-heidenheim.de\/index.php\/wp-json\/wp\/v2\/pages\/13953\/revisions"}],"predecessor-version":[{"id":13954,"href":"https:\/\/www.seniorenakademie.dhbw-heidenheim.de\/index.php\/wp-json\/wp\/v2\/pages\/13953\/revisions\/13954"}],"up":[{"embeddable":true,"href":"https:\/\/www.seniorenakademie.dhbw-heidenheim.de\/index.php\/wp-json\/wp\/v2\/pages\/12007"}],"wp:attachment":[{"href":"https:\/\/www.seniorenakademie.dhbw-heidenheim.de\/index.php\/wp-json\/wp\/v2\/media?parent=13953"}],"curies":[{"name":"wp","href":"https:\/\/api.w.org\/{rel}","templated":true}]}}