{"id":13928,"date":"2026-01-09T15:10:04","date_gmt":"2026-01-09T14:10:04","guid":{"rendered":"https:\/\/www.seniorenakademie.dhbw-heidenheim.de\/?page_id=13928"},"modified":"2026-04-04T15:45:43","modified_gmt":"2026-04-04T13:45:43","slug":"roberto-devereux","status":"publish","type":"page","link":"https:\/\/www.seniorenakademie.dhbw-heidenheim.de\/index.php\/roberto-devereux\/","title":{"rendered":"MEPHISTO"},"content":{"rendered":"\n<p class=\"wp-block-paragraph\"><strong>Nach dem Roman von Klaus Mann<\/strong><br><strong>B\u00fchnenfassung f\u00fcr das Theater Ulm von Malte Kreutzfeldt<\/strong><\/p>\n\n\n\n<p class=\"wp-block-paragraph\">Zwei Schauspielerkarrieren in den Wirren der Weimarer Republik und des Nationalsozialismus: Der eine opfert seiner Laufbahn Freundschaften und politische \u00dcberzeugungen, der andere \u00fcbt Widerstand und wird ermordet. Zwei Menschen, die bis zur Selbstaufgabe konsequent handeln im Guten wie im \u00dcblen, entweder gewissenlos oder vom Gewissen geleitet: Es geht um den Balanceakt zwischen moralischem Anspruch und Erfolg, Integrit\u00e4t oder k\u00fcnstlerischer Erf\u00fcllung und Karriere. Und es wird die Frage gestellt nach der Verantwortung des K\u00fcnstlers gegen\u00fcber der Gesellschaft, in der er lebt, nach der Funktion und Aufgabe des Theaters und den Wirkungsm\u00f6glichkeiten von Kunst.<\/p>\n\n\n\n<p class=\"wp-block-paragraph\">Durch die biografische N\u00e4he der Hauptfigur zum Schauspieler Gustaf Gr\u00fcndgens blieb Klaus Manns 1936 im Exil ver\u00f6ffentlichter Roman auch nach der nationalsozialistischen Diktatur in Deutschland lange Zeit verboten \u2014 ein skandal\u00f6ser Umstand in der viel beschworenen demokratischen Meinungsfreiheit der Bundesrepublik.<\/p>\n\n\n\n<p class=\"wp-block-paragraph\">Regisseur und B\u00fchnenbildner Malte Kreutzfeldt setzte in Ulm mit Kafkas \u00bbDer Prozess\u00ab bereits einen anderen Klassiker der literarischen Moderne bildstark in Szene.<\/p>\n\n\n\n<p class=\"wp-block-paragraph\">Hier k\u00f6nnen Sie sich ein<a href=\"https:\/\/shop.theater-ulm.de\/de\/buyingflow\/tickets\/15477\/35608#tixsp\"> <strong>Onlineticket f\u00fcr Sa. 09. Mai 2026 19.00 <\/strong><\/a><strong>Uhr<\/strong><a href=\"https:\/\/shop.theater-ulm.de\/de\/buyingflow\/tickets\/15477\/35608#tixsp\"> <\/a>kaufen.<\/p>\n\n\n\n<p class=\"wp-block-paragraph\">Die Fahrt mit dem <strong>Theater-Schuttle kostet pro Person 17.00\u20ac,<\/strong> die beim Einsteigen in den Bus bei der Begleitperson (Herrn Reppin) bar zu bezahlen sind. Der &#8222;Theater-Shuttel&#8220; f\u00e4hrt in<strong> Heidenheim im Zentralen Omnibus Bahnhof (ZOB) um Uhr 17.30 Uhr und in Giengen gegen\u00fcber dem Parkplatz der Realschule um 17.45 Uhr ab.<\/strong><\/p>\n\n\n\n<p class=\"wp-block-paragraph\">Hier k\u00f6nnenn Sie sich<strong> f\u00fcr den &#8222;Theater-Shuttle&#8220; anmelden<\/strong><\/p>\n\n\n<noscript class=\"ninja-forms-noscript-message\">\n\tHinweis: F\u00fcr diesen Inhalt ist JavaScript erforderlich.<\/noscript>\n<div id=\"nf-form-24-cont\" class=\"nf-form-cont\" aria-live=\"polite\" aria-labelledby=\"nf-form-title-24\" aria-describedby=\"nf-form-errors-24\" role=\"form\">\n\n    <div class=\"nf-loading-spinner\"><\/div>\n\n<\/div>\n        <!-- That data is being printed as a workaround to page builders reordering the order of the scripts loaded-->\n        <script>var formDisplay=1;var nfForms=nfForms||[];var form=[];form.id='24';form.settings={\"objectType\":\"Form Setting\",\"editActive\":true,\"title\":\"Theater-Shuttel Ulm  - Anmeldung 09.05.2026\",\"created_at\":\"2026-01-09 15:17:13\",\"default_label_pos\":\"above\",\"show_title\":\"1\",\"clear_complete\":\"1\",\"hide_complete\":\"1\",\"logged_in\":\"\",\"wrapper_class\":\"\",\"element_class\":\"\",\"add_submit\":\"0\",\"not_logged_in_msg\":\"\",\"sub_limit_number\":\"20\",\"sub_limit_msg\":\"<p>Die Anzahl der zugelassenen Teilnehmer ist bereits erreicht. <\\\/p><p><strong>Sie sind leider nicht zugelassen.<\\\/strong><\\\/p>\",\"calculations\":[{\"errors\":[],\"max_options\":0,\"order\":0,\"new\":false,\"options\":[],\"name\":\"\",\"eq\":\"\",\"dec\":\"0\",\"settingModel\":{\"settings\":false,\"hide_merge_tags\":false,\"error\":false,\"name\":\"calculations\",\"type\":\"option-repeater\",\"label\":\" <a href=\\\"#\\\" class=\\\"nf-add-new\\\">Hinzuf\\u00fcgen<\\\/a>\",\"width\":\"full\",\"group\":\"primary\",\"tmpl_row\":\"tmpl-nf-edit-setting-calculation-repeater-row\",\"columns\":{\"name\":{\"header\":\"Variablenname\",\"default\":\"\"},\"eq\":{\"header\":\"Gleichung\",\"default\":\"\"},\"dec\":{\"header\":\"Genauigkeit\",\"default\":\"2\"}},\"use_merge_tags\":{\"exclude\":[\"user\",\"system\",\"post\"]}}}],\"formContentData\":[\"vorname_1502787786293\",\"nachname_1502787795148\",\"e-mail_1502787806500\",\"telefon_1502787819555\",\"waehlen_sie_ihre_einstiegsstation_1764757625729\",\"date_1764757399971\",\"ich_habe_die_einfuehrenden_erlaeuterungen_gelesen_und_stimme_der_datenspeicherung_zu_1767888793361\",\"hr_2\",\"anmeldung_abschicken_1502788086448\"],\"currency\":\"\",\"unique_field_error\":\"\",\"key\":\"\",\"changeEmailErrorMsg\":\"Bitte gib eine g\\u00fcltige E-Mail-Adresse ein.\",\"changeDateErrorMsg\":\"Bitte gib ein g\\u00fcltiges Datum ein!\",\"confirmFieldErrorMsg\":\"Diese Felder m\\u00fcssen \\u00fcbereinstimmen!\",\"fieldNumberNumMinError\":\"Die eingegebene Zahl ist zu klein.\",\"fieldNumberNumMaxError\":\"Die eingegebene Zahl ist zu gross.\",\"fieldNumberIncrementBy\":\"Bitte erh\\u00f6hen in Schritten von\",\"formErrorsCorrectErrors\":\"Bitte korrigiere die Fehler, bevor du das Formular sendest.\",\"validateRequiredField\":\"Dies ist ein Pflichtfeld.\",\"honeypotHoneypotError\":\"Honeypot-Fehler\",\"fieldsMarkedRequired\":\"Felder mit einem <span class=\\\"ninja-forms-req-symbol\\\">*<\\\/span> sind Pflichtfelder\",\"unique_field\":\"vorname_1502787786293\",\"drawerDisabled\":false,\"repeatable_fieldsets\":\"\",\"form_title_heading_level\":\"3\",\"objectDomain\":\"display\",\"allow_public_link\":0,\"embed_form\":\"\",\"ninjaForms\":\"Ninja Forms\",\"fieldTextareaRTEInsertLink\":\"Link einf\\u00fcgen\",\"fieldTextareaRTEInsertMedia\":\"Medien einf\\u00fcgen\",\"fieldTextareaRTESelectAFile\":\"Eine Datei ausw\\u00e4hlen\",\"tableInsertRowAbove\":\"Insert Row Above\",\"tableInsertRowBelow\":\"Insert Row Below\",\"tableInsertColumnLeft\":\"Insert Column Left\",\"tableInsertColumnRight\":\"Insert Column Right\",\"tableDeleteRow\":\"Delete Row\",\"tableDeleteColumn\":\"Delete Column\",\"tableDeleteTable\":\"Delete Table\",\"tableLegacyNotice\":\"This content has tables in the old editor format. Custom styles are preserved until converted. Editing will update to the new format.\",\"tableLegacyConvert\":\"Convert Now\",\"tableInsertTable\":\"Insert Table\",\"dismiss\":\"Verwerfen\",\"insertLink\":\"Link einf\\u00fcgen\",\"formHoneypot\":\"Falls du ein Mensch bist und dieses Feld siehst, dann lasse es bitte leer.\",\"fileUploadOldCodeFileUploadInProgress\":\"Datei-Upload l\\u00e4uft.\",\"fileUploadOldCodeFileUpload\":\"DATEI-UPLOAD\",\"currencySymbol\":\"&euro;\",\"thousands_sep\":\".\",\"decimal_point\":\",\",\"siteLocale\":\"de_DE\",\"dateFormat\":\"d\\\/m\\\/Y\",\"startOfWeek\":\"1\",\"of\":\"von\",\"previousMonth\":\"Vorheriger Monat\",\"nextMonth\":\"N\\u00e4chster Monat\",\"months\":[\"Januar\",\"Februar\",\"M\\u00e4rz\",\"April\",\"Mai\",\"Juni\",\"Juli\",\"August\",\"September\",\"Oktober\",\"November\",\"Dezember\"],\"monthsShort\":[\"Jan.\",\"Feb.\",\"M\\u00e4rz\",\"Apr.\",\"Mai\",\"Juni\",\"Juli\",\"Aug\",\"Sep.\",\"Okt.\",\"Nov.\",\"Dez.\"],\"weekdays\":[\"Sonntag\",\"Montag\",\"Dienstag\",\"Mittwoch\",\"Donnerstag\",\"Freitag\",\"Samstag\"],\"weekdaysShort\":[\"So.\",\"Mo.\",\"Di.\",\"Mi.\",\"Do.\",\"Fr.\",\"Sa.\"],\"weekdaysMin\":[\"So.\",\"Mo.\",\"Di.\",\"Mi.\",\"Do.\",\"Fr.\",\"Sa.\"],\"recaptchaConsentMissing\":\"reCaptcha validation couldn&#039;t load.\",\"recaptchaMissingCookie\":\"reCaptcha v3 validation couldn&#039;t load the cookie needed to submit the form.\",\"recaptchaConsentEvent\":\"Accept reCaptcha cookies before sending the form.\",\"currency_symbol\":\"\",\"beforeForm\":\"\",\"beforeFields\":\"\",\"afterFields\":\"\",\"afterForm\":\"\"};form.fields=[{\"objectType\":\"Field\",\"objectDomain\":\"fields\",\"editActive\":false,\"order\":1,\"idAttribute\":\"id\",\"label_pos\":\"above\",\"required\":1,\"default\":\"\",\"placeholder\":\"\",\"container_class\":\"one-half first\",\"element_class\":\"\",\"admin_label\":\"\",\"help_text\":\"\",\"desc_text\":\"\",\"label\":\"Vorname\",\"key\":\"vorname_1502787786293\",\"type\":\"firstname\",\"created_at\":\"2017-08-15 11:02:50\",\"drawerDisabled\":\"\",\"custom_name_attribute\":\"fname\",\"personally_identifiable\":1,\"value\":\"\",\"field_label\":\"Vorname\",\"field_key\":\"vorname_1502787786293\",\"id\":312,\"beforeField\":\"\",\"afterField\":\"\",\"parentType\":\"firstname\",\"element_templates\":[\"firstname\",\"input\"],\"old_classname\":\"\",\"wrap_template\":\"wrap\"},{\"objectType\":\"Field\",\"objectDomain\":\"fields\",\"editActive\":false,\"order\":2,\"idAttribute\":\"id\",\"label_pos\":\"above\",\"required\":1,\"default\":\"\",\"placeholder\":\"\",\"container_class\":\"one-half\",\"element_class\":\"\",\"admin_label\":\"\",\"help_text\":\"\",\"desc_text\":\"\",\"label\":\"Nachname\",\"key\":\"nachname_1502787795148\",\"type\":\"lastname\",\"created_at\":\"2017-08-15 11:02:50\",\"drawerDisabled\":\"\",\"custom_name_attribute\":\"lname\",\"personally_identifiable\":1,\"value\":\"\",\"field_label\":\"Nachname\",\"field_key\":\"nachname_1502787795148\",\"id\":313,\"beforeField\":\"\",\"afterField\":\"\",\"parentType\":\"lastname\",\"element_templates\":[\"lastname\",\"input\"],\"old_classname\":\"\",\"wrap_template\":\"wrap\"},{\"objectType\":\"Field\",\"objectDomain\":\"fields\",\"editActive\":false,\"order\":3,\"idAttribute\":\"id\",\"label_pos\":\"above\",\"required\":1,\"default\":\"\",\"placeholder\":\"\",\"container_class\":\"one-half first\",\"element_class\":\"\",\"admin_label\":\"\",\"help_text\":\"\",\"desc_text\":\"\",\"label\":\"E-Mail\",\"key\":\"e-mail_1502787806500\",\"type\":\"email\",\"created_at\":\"2017-08-15 11:02:50\",\"drawerDisabled\":\"\",\"custom_name_attribute\":\"email\",\"personally_identifiable\":1,\"value\":\"\",\"field_label\":\"E-Mail\",\"field_key\":\"e-mail_1502787806500\",\"id\":314,\"beforeField\":\"\",\"afterField\":\"\",\"parentType\":\"email\",\"element_templates\":[\"email\",\"input\"],\"old_classname\":\"\",\"wrap_template\":\"wrap\"},{\"objectType\":\"Field\",\"objectDomain\":\"fields\",\"editActive\":false,\"order\":4,\"idAttribute\":\"id\",\"label_pos\":\"above\",\"required\":1,\"placeholder\":\"\",\"default\":\"\",\"container_class\":\"one-half\",\"element_class\":\"\",\"input_limit\":\"\",\"input_limit_type\":\"characters\",\"input_limit_msg\":\"Character(s) left\",\"manual_key\":\"\",\"disable_input\":\"\",\"admin_label\":\"\",\"help_text\":\"\",\"desc_text\":\"\",\"disable_browser_autocomplete\":\"\",\"mask\":\"\",\"custom_mask\":\"\",\"label\":\"Telefon\",\"key\":\"telefon_1502787819555\",\"type\":\"textbox\",\"created_at\":\"2017-08-15 11:02:50\",\"drawerDisabled\":\"\",\"custom_name_attribute\":\"\",\"personally_identifiable\":\"\",\"value\":\"\",\"field_label\":\"Telefon\",\"field_key\":\"telefon_1502787819555\",\"id\":315,\"beforeField\":\"\",\"afterField\":\"\",\"parentType\":\"textbox\",\"element_templates\":[\"textbox\",\"input\"],\"old_classname\":\"\",\"wrap_template\":\"wrap\"},{\"objectType\":\"Field\",\"objectDomain\":\"fields\",\"editActive\":false,\"order\":5,\"idAttribute\":\"id\",\"type\":\"listcheckbox\",\"label\":\"W\\u00e4hlen Sie ihre Einstiegsstation \",\"key\":\"waehlen_sie_ihre_einstiegsstation_1764757625729\",\"label_pos\":\"above\",\"required\":1,\"options\":[{\"errors\":[],\"max_options\":0,\"label\":\"ZOB Heidenheim, 17.30 Uhr\",\"value\":\"ZOB\",\"calc\":\"\",\"selected\":0,\"order\":0,\"settingModel\":{\"settings\":false,\"hide_merge_tags\":false,\"error\":false,\"name\":\"options\",\"type\":\"option-repeater\",\"label\":\"Optionen <a href=\\\"#\\\" class=\\\"nf-add-new\\\">Hinzuf\\u00fcgen<\\\/a> <a href=\\\"#\\\" class=\\\"extra nf-open-import-tooltip\\\"><i class=\\\"fa fa-sign-in\\\" aria-hidden=\\\"true\\\"><\\\/i> Importieren<\\\/a>\",\"width\":\"full\",\"group\":\"\",\"value\":[{\"label\":\"Eins\",\"value\":\"eins\",\"calc\":\"\",\"selected\":0,\"order\":0},{\"label\":\"Zwei\",\"value\":\"zwei\",\"calc\":\"\",\"selected\":0,\"order\":1},{\"label\":\"Drei\",\"value\":\"drei\",\"calc\":\"\",\"selected\":0,\"order\":2}],\"columns\":{\"label\":{\"header\":\"Beschriftung\",\"default\":\"\"},\"value\":{\"header\":\"Wert\",\"default\":\"\"},\"calc\":{\"header\":\"Berechneter Wert\",\"default\":\"\"},\"selected\":{\"header\":\"<span class=\\\"dashicons dashicons-yes\\\"><\\\/span>\",\"default\":0}}},\"manual_value\":true},{\"errors\":[],\"max_options\":0,\"label\":\"Giengen, gegen\\u00fcber Parkplatz Realschule, 17.45 Uhr\",\"value\":\"giengen-gegenueber-parkplatz-realschule-17-45-uhr\",\"calc\":\"\",\"selected\":0,\"order\":1,\"settingModel\":{\"settings\":false,\"hide_merge_tags\":false,\"error\":false,\"name\":\"options\",\"type\":\"option-repeater\",\"label\":\"Optionen <a href=\\\"#\\\" class=\\\"nf-add-new\\\">Hinzuf\\u00fcgen<\\\/a> <a href=\\\"#\\\" class=\\\"extra nf-open-import-tooltip\\\"><i class=\\\"fa fa-sign-in\\\" aria-hidden=\\\"true\\\"><\\\/i> Importieren<\\\/a>\",\"width\":\"full\",\"group\":\"\",\"value\":[{\"label\":\"Eins\",\"value\":\"eins\",\"calc\":\"\",\"selected\":0,\"order\":0},{\"label\":\"Zwei\",\"value\":\"zwei\",\"calc\":\"\",\"selected\":0,\"order\":1},{\"label\":\"Drei\",\"value\":\"drei\",\"calc\":\"\",\"selected\":0,\"order\":2}],\"columns\":{\"label\":{\"header\":\"Beschriftung\",\"default\":\"\"},\"value\":{\"header\":\"Wert\",\"default\":\"\"},\"calc\":{\"header\":\"Berechneter Wert\",\"default\":\"\"},\"selected\":{\"header\":\"<span class=\\\"dashicons dashicons-yes\\\"><\\\/span>\",\"default\":0}}}}],\"container_class\":\"\",\"element_class\":\"\",\"admin_label\":\"\",\"help_text\":\"\",\"drawerDisabled\":\"\",\"field_label\":\"W\\u00e4hlen Sie ihre Einstiegsstation \",\"field_key\":\"waehlen_sie_ihre_einstiegsstation_1764757625729\",\"id\":317,\"beforeField\":\"\",\"afterField\":\"\",\"value\":\"\",\"parentType\":\"list\",\"element_templates\":[\"listcheckbox\",\"input\"],\"old_classname\":\"list-checkbox\",\"wrap_template\":\"wrap\"},{\"objectType\":\"Field\",\"objectDomain\":\"fields\",\"editActive\":false,\"order\":6,\"idAttribute\":\"id\",\"type\":\"date\",\"label\":\"Datum\\\/Uhrzeit\",\"key\":\"date_1764757399971\",\"label_pos\":\"above\",\"required\":\"\",\"placeholder\":\"\",\"container_class\":\"\",\"element_class\":\"\",\"manual_key\":\"\",\"admin_label\":\"\",\"help_text\":\"\",\"date_mode\":\"date_only\",\"date_format\":\"default\",\"year_range_start\":\"\",\"year_range_end\":\"\",\"hours_24\":0,\"minute_increment\":5,\"field_label\":\"Datum\\\/Uhrzeit\",\"field_key\":\"date_1764757399971\",\"id\":318,\"beforeField\":\"\",\"afterField\":\"\",\"value\":\"\",\"parentType\":\"date\",\"element_templates\":[\"date\",\"textbox\",\"input\"],\"old_classname\":\"\",\"wrap_template\":\"wrap\"},{\"objectType\":\"Field\",\"objectDomain\":\"fields\",\"editActive\":false,\"order\":7,\"idAttribute\":\"id\",\"type\":\"checkbox\",\"label\":\"Ich habe die einf\\u00fchrenden Erl\\u00e4uterungen gelesen und stimme der Datenspeicherung zu.\",\"key\":\"ich_habe_die_einfuehrenden_erlaeuterungen_gelesen_und_stimme_der_datenspeicherung_zu_1767888793361\",\"label_pos\":\"right\",\"required\":1,\"container_class\":\"\",\"element_class\":\"\",\"manual_key\":\"\",\"admin_label\":\"\",\"help_text\":\"<p><em>Der Name, Vorname, Telephon und die E-Mail-Adresse sind verpflichtend als Kontakt- und Kommunikationsdaten. Ihre Daten werden nicht an Dritte weitergeben.<\\\/em><\\\/p><p><span id=\\\"nf-drawer-content\\\"><span class=\\\"nf-setting-groups\\\"><span class=\\\"nf-field-settings\\\"><span class=\\\"nf-field-sub-settings\\\">Nach der <strong>DSGVO <\\\/strong>ist die Zustimmung erforderlich<\\\/span><\\\/span><\\\/span><\\\/span><\\\/p>\",\"default_value\":\"unchecked\",\"checked_value\":\"Ausgew\\u00e4hlt\",\"unchecked_value\":\"Nicht ausgew\\u00e4hlt\",\"checked_calc_value\":\"\",\"unchecked_calc_value\":\"\",\"drawerDisabled\":\"\",\"field_label\":\"Ich habe die einf\\u00fchrenden Erl\\u00e4uterungen gelesen und stimme der Datenspeicherung zu.\",\"field_key\":\"ich_habe_die_einfuehrenden_erlaeuterungen_gelesen_und_stimme_der_datenspeicherung_zu_1767888793361\",\"id\":316,\"beforeField\":\"\",\"afterField\":\"\",\"value\":\"\",\"parentType\":\"checkbox\",\"element_templates\":[\"checkbox\",\"input\"],\"old_classname\":\"\",\"wrap_template\":\"wrap\"},{\"objectType\":\"Field\",\"objectDomain\":\"fields\",\"editActive\":false,\"order\":8,\"idAttribute\":\"id\",\"container_class\":\"\",\"element_class\":\"\",\"label\":\"Divider\",\"key\":\"hr_2\",\"type\":\"hr\",\"created_at\":\"2017-08-15 11:02:50\",\"field_label\":\"Divider\",\"field_key\":\"hr_2\",\"admin_label\":\"\",\"id\":310,\"beforeField\":\"\",\"afterField\":\"\",\"value\":\"\",\"label_pos\":\"above\",\"parentType\":\"hr\",\"element_templates\":[\"hr\",\"input\"],\"old_classname\":\"\",\"wrap_template\":\"wrap\"},{\"objectType\":\"Field\",\"objectDomain\":\"fields\",\"editActive\":false,\"order\":9,\"idAttribute\":\"id\",\"processing_label\":\"Processing\",\"container_class\":\"\",\"element_class\":\"\",\"label\":\"Anmeldung abschicken\",\"key\":\"anmeldung_abschicken_1502788086448\",\"type\":\"submit\",\"created_at\":\"2017-08-15 11:02:50\",\"drawerDisabled\":\"\",\"field_label\":\"Anmeldung abschicken\",\"field_key\":\"anmeldung_abschicken_1502788086448\",\"admin_label\":\"\",\"id\":311,\"beforeField\":\"\",\"afterField\":\"\",\"value\":\"\",\"label_pos\":\"above\",\"parentType\":\"textbox\",\"element_templates\":[\"submit\",\"button\",\"input\"],\"old_classname\":\"\",\"wrap_template\":\"wrap-no-label\"}];nfForms.push(form);<\/script>\n        \n","protected":false},"excerpt":{"rendered":"<p>Nach dem Roman von Klaus MannB\u00fchnenfassung f\u00fcr das Theater Ulm von Malte Kreutzfeldt Zwei Schauspielerkarrieren in den Wirren der Weimarer Republik und des Nationalsozialismus: Der eine opfert seiner Laufbahn Freundschaften und politische \u00dcberzeugungen, der andere \u00fcbt Widerstand und wird ermordet. Zwei Menschen, die bis zur Selbstaufgabe konsequent handeln im Guten wie im \u00dcblen, entweder gewissenlos <a class=\"more-link\" href=\"https:\/\/www.seniorenakademie.dhbw-heidenheim.de\/index.php\/roberto-devereux\/\">weiterlesen&#8230;<\/a><\/p>\n","protected":false},"author":10,"featured_media":214,"parent":0,"menu_order":0,"comment_status":"closed","ping_status":"closed","template":"","meta":{"_crdt_document":"","_themeisle_gutenberg_block_has_review":false,"footnotes":""},"class_list":["post-13928","page","type-page","status-publish","has-post-thumbnail","hentry","gallery-content-unit"],"_links":{"self":[{"href":"https:\/\/www.seniorenakademie.dhbw-heidenheim.de\/index.php\/wp-json\/wp\/v2\/pages\/13928","targetHints":{"allow":["GET"]}}],"collection":[{"href":"https:\/\/www.seniorenakademie.dhbw-heidenheim.de\/index.php\/wp-json\/wp\/v2\/pages"}],"about":[{"href":"https:\/\/www.seniorenakademie.dhbw-heidenheim.de\/index.php\/wp-json\/wp\/v2\/types\/page"}],"author":[{"embeddable":true,"href":"https:\/\/www.seniorenakademie.dhbw-heidenheim.de\/index.php\/wp-json\/wp\/v2\/users\/10"}],"replies":[{"embeddable":true,"href":"https:\/\/www.seniorenakademie.dhbw-heidenheim.de\/index.php\/wp-json\/wp\/v2\/comments?post=13928"}],"version-history":[{"count":5,"href":"https:\/\/www.seniorenakademie.dhbw-heidenheim.de\/index.php\/wp-json\/wp\/v2\/pages\/13928\/revisions"}],"predecessor-version":[{"id":14187,"href":"https:\/\/www.seniorenakademie.dhbw-heidenheim.de\/index.php\/wp-json\/wp\/v2\/pages\/13928\/revisions\/14187"}],"wp:featuredmedia":[{"embeddable":true,"href":"https:\/\/www.seniorenakademie.dhbw-heidenheim.de\/index.php\/wp-json\/wp\/v2\/media\/214"}],"wp:attachment":[{"href":"https:\/\/www.seniorenakademie.dhbw-heidenheim.de\/index.php\/wp-json\/wp\/v2\/media?parent=13928"}],"curies":[{"name":"wp","href":"https:\/\/api.w.org\/{rel}","templated":true}]}}