{"id":13824,"date":"2025-12-02T16:36:17","date_gmt":"2025-12-02T15:36:17","guid":{"rendered":"https:\/\/www.seniorenakademie.dhbw-heidenheim.de\/?page_id=13824"},"modified":"2026-03-11T11:14:02","modified_gmt":"2026-03-11T10:14:02","slug":"the-turn-of-the-screw","status":"publish","type":"page","link":"https:\/\/www.seniorenakademie.dhbw-heidenheim.de\/index.php\/the-turn-of-the-screw\/","title":{"rendered":"THE TURN OF THE SCREW"},"content":{"rendered":"\n<p class=\"wp-block-paragraph\"><strong>Kammeroper in einem Prolog und zwei Akten, Musik von Benjamin Britten<\/strong><br><strong>Text von Myfanwy Piper nach der gleichnamigen Novelle von Henry James<\/strong><br><strong>in englischer Sprache mit deutschen \u00dcbertiteln<\/strong><\/p>\n\n\n\n<p class=\"wp-block-paragraph\">&nbsp;Die Geister der Vergangenheit rufen. Sie lauern in jedem Winkel, sind nicht greifbar und doch immer da. Als eine junge Gouvernante auf den Landsitz Bly geschickt wird, um sich um die Waisenkinder Miles und Flora zu k\u00fcmmern, muss sie feststellen, dass seltsame Dinge vor sich gehen. Nicht nur die Kinder h\u00fcten offenbar Geheimnisse, auch die Haush\u00e4lterin Mrs. Grose verschweigt etwas. Immer h\u00e4ufiger sieht die Gouvernante einen schemenhaften Mann und eine Frau. Einbildung? Tote? In welcher Beziehung stehen die Erscheinungen zu den Kindern? Was ist hier geschehen? Wer ist T\u00e4ter, wer ist Opfer? Die Suche nach Antworten bedeutet ein Ende des Schweigens \u2014 und das gef\u00e4hrdet mindestens ein Leben.<\/p>\n\n\n\n<p class=\"wp-block-paragraph\">Benjamin Brittens \u00bbThe Turn of the Screw\u00ab (\u00bbDie Drehung der Schraube\u00ab) ist ein Psychothriller im Kammeropernformat. Die Geschichte um Unausgesprochenes, \u00c4ngste und das Ausgeliefertsein wird erz\u00e4hlt aus der Sicht der Gouvernante. Doch Wahrnehmungen und Erinnerungen k\u00f6nnen tr\u00fcgen. Geschickt nimmt Britten das Fragmentarische in seiner Komposition auf, verwandelt Atmosph\u00e4re in Klang und Sprache in T\u00f6ne, deren Sog man sich nicht entziehen kann.<\/p>\n\n\n\n<p class=\"wp-block-paragraph\">Hier k\u00f6nnen Sie sich ein <strong><a href=\"https:\/\/shop.theater-ulm.de\/de\/buyingflow\/tickets\/15478\/35623#tixsp\">Onlineticket f\u00fcr Sa. 18. April 2026 19.00 Uhr<\/a><\/strong> kaufen.<\/p>\n\n\n\n<p class=\"wp-block-paragraph\">Die Fahrt mit dem <strong>Theater-Schuttle kostet pro Person 17.00\u20ac,<\/strong> die beim Einsteigen in den Bus bei der Begleitperson (Herrn Reppin) bar zu bezahlen sind. Der &#8222;Theater-Shuttel&#8220; f\u00e4hrt in<strong> Heidenheim im Zentralen Omnibus Bahnhof (ZOB) um Uhr 17.30 Uhr und in Giengen gegen\u00fcber dem Parkplatz der Realschule um 17.45 Uhr ab.<\/strong><\/p>\n\n\n\n<p class=\"wp-block-paragraph\">Hier k\u00f6nnenn Sie sich<strong> f\u00fcr den &#8222;Theater-Shuttle&#8220; anmelden<\/strong><\/p>\n\n\n<noscript class=\"ninja-forms-noscript-message\">\n\tHinweis: F\u00fcr diesen Inhalt ist JavaScript erforderlich.<\/noscript>\n<div id=\"nf-form-17-cont\" class=\"nf-form-cont\" aria-live=\"polite\" aria-labelledby=\"nf-form-title-17\" aria-describedby=\"nf-form-errors-17\" role=\"form\">\n\n    <div class=\"nf-loading-spinner\"><\/div>\n\n<\/div>\n        <!-- That data is being printed as a workaround to page builders reordering the order of the scripts loaded-->\n        <script>var formDisplay=1;var nfForms=nfForms||[];var form=[];form.id='17';form.settings={\"objectType\":\"Form Setting\",\"editActive\":true,\"title\":\"Theater-Shuttel Ulm  - Anmeldung 18.04.2026\",\"created_at\":\"2020-10-06 16:15:22\",\"default_label_pos\":\"above\",\"show_title\":\"1\",\"clear_complete\":\"1\",\"hide_complete\":\"1\",\"logged_in\":\"\",\"wrapper_class\":\"\",\"element_class\":\"\",\"add_submit\":\"0\",\"not_logged_in_msg\":\"\",\"sub_limit_number\":\"20\",\"sub_limit_msg\":\"<p>Die Anzahl der zugelassenen Teilnehmer ist bereits erreicht. <\\\/p><p><b>Sie sind leider nicht zugelassen.<\\\/b><br><\\\/p>\",\"calculations\":[{\"errors\":[],\"max_options\":0,\"order\":0,\"new\":false,\"options\":[],\"name\":\"\",\"eq\":\"\",\"dec\":\"0\",\"settingModel\":{\"settings\":false,\"hide_merge_tags\":false,\"error\":false,\"name\":\"calculations\",\"type\":\"option-repeater\",\"label\":\" <a href=\\\"#\\\" class=\\\"nf-add-new\\\">Hinzuf\\u00fcgen<\\\/a>\",\"width\":\"full\",\"group\":\"primary\",\"tmpl_row\":\"tmpl-nf-edit-setting-calculation-repeater-row\",\"columns\":{\"name\":{\"header\":\"Variablenname\",\"default\":\"\"},\"eq\":{\"header\":\"Gleichung\",\"default\":\"\"},\"dec\":{\"header\":\"Genauigkeit\",\"default\":\"2\"}},\"use_merge_tags\":{\"exclude\":[\"user\",\"system\",\"post\"]}}}],\"formContentData\":[\"vorname_1502787786293\",\"nachname_1502787795148\",\"e-mail_1502787806500\",\"telefon_1502787819555\",\"waehlen_sie_ihre_einstiegsstation_1764757625729\",\"date_1764757399971\",\"ich_habe_die_einfuehrenden_erlaeuterungen_gelesen_und_stimme_der_datenspeicherung_zu_1767888793361\",\"hr_2\",\"anmeldung_abschicken_1502788086448\"],\"currency\":\"\",\"unique_field_error\":\"\",\"key\":\"\",\"changeEmailErrorMsg\":\"Bitte gib eine g\\u00fcltige E-Mail-Adresse ein.\",\"changeDateErrorMsg\":\"Bitte gib ein g\\u00fcltiges Datum ein!\",\"confirmFieldErrorMsg\":\"Diese Felder m\\u00fcssen \\u00fcbereinstimmen!\",\"fieldNumberNumMinError\":\"Die eingegebene Zahl ist zu klein.\",\"fieldNumberNumMaxError\":\"Die eingegebene Zahl ist zu gross.\",\"fieldNumberIncrementBy\":\"Bitte erh\\u00f6hen in Schritten von\",\"formErrorsCorrectErrors\":\"Bitte korrigiere die Fehler, bevor du das Formular sendest.\",\"validateRequiredField\":\"Dies ist ein Pflichtfeld.\",\"honeypotHoneypotError\":\"Honeypot-Fehler\",\"fieldsMarkedRequired\":\"Felder mit einem <span class=\\\"ninja-forms-req-symbol\\\">*<\\\/span> sind Pflichtfelder\",\"unique_field\":\"vorname_1502787786293\",\"drawerDisabled\":false,\"allow_public_link\":0,\"embed_form\":\"\",\"repeatable_fieldsets\":\"\",\"form_title_heading_level\":\"3\",\"objectDomain\":\"display\",\"ninjaForms\":\"Ninja Forms\",\"fieldTextareaRTEInsertLink\":\"Link einf\\u00fcgen\",\"fieldTextareaRTEInsertMedia\":\"Medien einf\\u00fcgen\",\"fieldTextareaRTESelectAFile\":\"Eine Datei ausw\\u00e4hlen\",\"tableInsertRowAbove\":\"Insert Row Above\",\"tableInsertRowBelow\":\"Insert Row Below\",\"tableInsertColumnLeft\":\"Insert Column Left\",\"tableInsertColumnRight\":\"Insert Column Right\",\"tableDeleteRow\":\"Delete Row\",\"tableDeleteColumn\":\"Delete Column\",\"tableDeleteTable\":\"Delete Table\",\"tableLegacyNotice\":\"This content has tables in the old editor format. Custom styles are preserved until converted. Editing will update to the new format.\",\"tableLegacyConvert\":\"Convert Now\",\"tableInsertTable\":\"Insert Table\",\"dismiss\":\"Verwerfen\",\"insertLink\":\"Link einf\\u00fcgen\",\"formHoneypot\":\"Falls du ein Mensch bist und dieses Feld siehst, dann lasse es bitte leer.\",\"fileUploadOldCodeFileUploadInProgress\":\"Datei-Upload l\\u00e4uft.\",\"fileUploadOldCodeFileUpload\":\"DATEI-UPLOAD\",\"currencySymbol\":\"&euro;\",\"thousands_sep\":\".\",\"decimal_point\":\",\",\"siteLocale\":\"de_DE\",\"dateFormat\":\"d\\\/m\\\/Y\",\"startOfWeek\":\"1\",\"of\":\"von\",\"previousMonth\":\"Vorheriger Monat\",\"nextMonth\":\"N\\u00e4chster Monat\",\"months\":[\"Januar\",\"Februar\",\"M\\u00e4rz\",\"April\",\"Mai\",\"Juni\",\"Juli\",\"August\",\"September\",\"Oktober\",\"November\",\"Dezember\"],\"monthsShort\":[\"Jan.\",\"Feb.\",\"M\\u00e4rz\",\"Apr.\",\"Mai\",\"Juni\",\"Juli\",\"Aug\",\"Sep.\",\"Okt.\",\"Nov.\",\"Dez.\"],\"weekdays\":[\"Sonntag\",\"Montag\",\"Dienstag\",\"Mittwoch\",\"Donnerstag\",\"Freitag\",\"Samstag\"],\"weekdaysShort\":[\"So.\",\"Mo.\",\"Di.\",\"Mi.\",\"Do.\",\"Fr.\",\"Sa.\"],\"weekdaysMin\":[\"So.\",\"Mo.\",\"Di.\",\"Mi.\",\"Do.\",\"Fr.\",\"Sa.\"],\"recaptchaConsentMissing\":\"reCaptcha validation couldn&#039;t load.\",\"recaptchaMissingCookie\":\"reCaptcha v3 validation couldn&#039;t load the cookie needed to submit the form.\",\"recaptchaConsentEvent\":\"Accept reCaptcha cookies before sending the form.\",\"currency_symbol\":\"\",\"beforeForm\":\"\",\"beforeFields\":\"\",\"afterFields\":\"\",\"afterForm\":\"\"};form.fields=[{\"objectType\":\"Field\",\"objectDomain\":\"fields\",\"editActive\":false,\"order\":1,\"idAttribute\":\"id\",\"label_pos\":\"above\",\"required\":1,\"default\":\"\",\"placeholder\":\"\",\"container_class\":\"one-half first\",\"element_class\":\"\",\"admin_label\":\"\",\"help_text\":\"\",\"desc_text\":\"\",\"label\":\"Vorname\",\"key\":\"vorname_1502787786293\",\"type\":\"firstname\",\"created_at\":\"2017-08-15 11:02:50\",\"drawerDisabled\":\"\",\"custom_name_attribute\":\"fname\",\"personally_identifiable\":1,\"value\":\"\",\"field_label\":\"Vorname\",\"field_key\":\"vorname_1502787786293\",\"id\":219,\"beforeField\":\"\",\"afterField\":\"\",\"parentType\":\"firstname\",\"element_templates\":[\"firstname\",\"input\"],\"old_classname\":\"\",\"wrap_template\":\"wrap\"},{\"objectType\":\"Field\",\"objectDomain\":\"fields\",\"editActive\":false,\"order\":2,\"idAttribute\":\"id\",\"label_pos\":\"above\",\"required\":1,\"default\":\"\",\"placeholder\":\"\",\"container_class\":\"one-half\",\"element_class\":\"\",\"admin_label\":\"\",\"help_text\":\"\",\"desc_text\":\"\",\"label\":\"Nachname\",\"key\":\"nachname_1502787795148\",\"type\":\"lastname\",\"created_at\":\"2017-08-15 11:02:50\",\"drawerDisabled\":\"\",\"custom_name_attribute\":\"lname\",\"personally_identifiable\":1,\"value\":\"\",\"field_label\":\"Nachname\",\"field_key\":\"nachname_1502787795148\",\"id\":220,\"beforeField\":\"\",\"afterField\":\"\",\"parentType\":\"lastname\",\"element_templates\":[\"lastname\",\"input\"],\"old_classname\":\"\",\"wrap_template\":\"wrap\"},{\"objectType\":\"Field\",\"objectDomain\":\"fields\",\"editActive\":false,\"order\":3,\"idAttribute\":\"id\",\"label_pos\":\"above\",\"required\":1,\"default\":\"\",\"placeholder\":\"\",\"container_class\":\"one-half first\",\"element_class\":\"\",\"admin_label\":\"\",\"help_text\":\"\",\"desc_text\":\"\",\"label\":\"E-Mail\",\"key\":\"e-mail_1502787806500\",\"type\":\"email\",\"created_at\":\"2017-08-15 11:02:50\",\"drawerDisabled\":\"\",\"custom_name_attribute\":\"email\",\"personally_identifiable\":1,\"value\":\"\",\"field_label\":\"E-Mail\",\"field_key\":\"e-mail_1502787806500\",\"id\":221,\"beforeField\":\"\",\"afterField\":\"\",\"parentType\":\"email\",\"element_templates\":[\"email\",\"input\"],\"old_classname\":\"\",\"wrap_template\":\"wrap\"},{\"objectType\":\"Field\",\"objectDomain\":\"fields\",\"editActive\":false,\"order\":4,\"idAttribute\":\"id\",\"label_pos\":\"above\",\"required\":1,\"placeholder\":\"\",\"default\":\"\",\"container_class\":\"one-half\",\"element_class\":\"\",\"input_limit\":\"\",\"input_limit_type\":\"characters\",\"input_limit_msg\":\"Character(s) left\",\"manual_key\":\"\",\"disable_input\":\"\",\"admin_label\":\"\",\"help_text\":\"\",\"desc_text\":\"\",\"disable_browser_autocomplete\":\"\",\"mask\":\"\",\"custom_mask\":\"\",\"label\":\"Telefon\",\"key\":\"telefon_1502787819555\",\"type\":\"textbox\",\"created_at\":\"2017-08-15 11:02:50\",\"drawerDisabled\":\"\",\"custom_name_attribute\":\"\",\"personally_identifiable\":\"\",\"value\":\"\",\"field_label\":\"Telefon\",\"field_key\":\"telefon_1502787819555\",\"id\":222,\"beforeField\":\"\",\"afterField\":\"\",\"parentType\":\"textbox\",\"element_templates\":[\"textbox\",\"input\"],\"old_classname\":\"\",\"wrap_template\":\"wrap\"},{\"objectType\":\"Field\",\"objectDomain\":\"fields\",\"editActive\":false,\"order\":5,\"idAttribute\":\"id\",\"type\":\"listcheckbox\",\"label\":\"W\\u00e4hlen Sie ihre Einstiegsstation \",\"key\":\"waehlen_sie_ihre_einstiegsstation_1764757625729\",\"label_pos\":\"above\",\"required\":1,\"options\":[{\"errors\":[],\"max_options\":0,\"label\":\"ZOB Heidenheim, 17.30 Uhr\",\"value\":\"ZOB\",\"calc\":\"\",\"selected\":0,\"order\":0,\"settingModel\":{\"settings\":false,\"hide_merge_tags\":false,\"error\":false,\"name\":\"options\",\"type\":\"option-repeater\",\"label\":\"Optionen <a href=\\\"#\\\" class=\\\"nf-add-new\\\">Hinzuf\\u00fcgen<\\\/a> <a href=\\\"#\\\" class=\\\"extra nf-open-import-tooltip\\\"><i class=\\\"fa fa-sign-in\\\" aria-hidden=\\\"true\\\"><\\\/i> Importieren<\\\/a>\",\"width\":\"full\",\"group\":\"\",\"value\":[{\"label\":\"Eins\",\"value\":\"eins\",\"calc\":\"\",\"selected\":0,\"order\":0},{\"label\":\"Zwei\",\"value\":\"zwei\",\"calc\":\"\",\"selected\":0,\"order\":1},{\"label\":\"Drei\",\"value\":\"drei\",\"calc\":\"\",\"selected\":0,\"order\":2}],\"columns\":{\"label\":{\"header\":\"Beschriftung\",\"default\":\"\"},\"value\":{\"header\":\"Wert\",\"default\":\"\"},\"calc\":{\"header\":\"Berechneter Wert\",\"default\":\"\"},\"selected\":{\"header\":\"<span class=\\\"dashicons dashicons-yes\\\"><\\\/span>\",\"default\":0}}},\"manual_value\":true},{\"errors\":[],\"max_options\":0,\"label\":\"Giengen, gegen\\u00fcber Parkplatz Realschule, 17.45 Uhr\",\"value\":\"giengen-gegenueber-parkplatz-realschule-17-45-uhr\",\"calc\":\"\",\"selected\":0,\"order\":1,\"settingModel\":{\"settings\":false,\"hide_merge_tags\":false,\"error\":false,\"name\":\"options\",\"type\":\"option-repeater\",\"label\":\"Optionen <a href=\\\"#\\\" class=\\\"nf-add-new\\\">Hinzuf\\u00fcgen<\\\/a> <a href=\\\"#\\\" class=\\\"extra nf-open-import-tooltip\\\"><i class=\\\"fa fa-sign-in\\\" aria-hidden=\\\"true\\\"><\\\/i> Importieren<\\\/a>\",\"width\":\"full\",\"group\":\"\",\"value\":[{\"label\":\"Eins\",\"value\":\"eins\",\"calc\":\"\",\"selected\":0,\"order\":0},{\"label\":\"Zwei\",\"value\":\"zwei\",\"calc\":\"\",\"selected\":0,\"order\":1},{\"label\":\"Drei\",\"value\":\"drei\",\"calc\":\"\",\"selected\":0,\"order\":2}],\"columns\":{\"label\":{\"header\":\"Beschriftung\",\"default\":\"\"},\"value\":{\"header\":\"Wert\",\"default\":\"\"},\"calc\":{\"header\":\"Berechneter Wert\",\"default\":\"\"},\"selected\":{\"header\":\"<span class=\\\"dashicons dashicons-yes\\\"><\\\/span>\",\"default\":0}}}}],\"container_class\":\"\",\"element_class\":\"\",\"admin_label\":\"\",\"help_text\":\"\",\"drawerDisabled\":false,\"id\":308,\"beforeField\":\"\",\"afterField\":\"\",\"value\":\"\",\"parentType\":\"list\",\"element_templates\":[\"listcheckbox\",\"input\"],\"old_classname\":\"list-checkbox\",\"wrap_template\":\"wrap\"},{\"objectType\":\"Field\",\"objectDomain\":\"fields\",\"editActive\":false,\"order\":6,\"idAttribute\":\"id\",\"type\":\"date\",\"label\":\"Datum\\\/Uhrzeit\",\"key\":\"date_1764757399971\",\"label_pos\":\"above\",\"required\":false,\"placeholder\":\"\",\"container_class\":\"\",\"element_class\":\"\",\"manual_key\":false,\"admin_label\":\"\",\"help_text\":\"\",\"date_mode\":\"date_only\",\"date_format\":\"default\",\"year_range_start\":\"\",\"year_range_end\":\"\",\"hours_24\":0,\"minute_increment\":5,\"id\":309,\"beforeField\":\"\",\"afterField\":\"\",\"value\":\"\",\"parentType\":\"date\",\"element_templates\":[\"date\",\"textbox\",\"input\"],\"old_classname\":\"\",\"wrap_template\":\"wrap\"},{\"objectType\":\"Field\",\"objectDomain\":\"fields\",\"editActive\":false,\"order\":7,\"idAttribute\":\"id\",\"type\":\"checkbox\",\"label\":\"Ich habe die einf\\u00fchrenden Erl\\u00e4uterungen gelesen und stimme der Datenspeicherung zu.\",\"key\":\"ich_habe_die_einfuehrenden_erlaeuterungen_gelesen_und_stimme_der_datenspeicherung_zu_1767888793361\",\"label_pos\":\"right\",\"required\":1,\"container_class\":\"\",\"element_class\":\"\",\"manual_key\":false,\"admin_label\":\"\",\"help_text\":\"<p><em>Der Name, Vorname, Telephon und die E-Mail-Adresse sind verpflichtend als Kontakt- und Kommunikationsdaten. Ihre Daten werden nicht an Dritte weitergeben.<\\\/em><\\\/p><p><span id=\\\"nf-drawer-content\\\"><span class=\\\"nf-setting-groups\\\"><span class=\\\"nf-field-settings\\\"><span class=\\\"nf-field-sub-settings\\\">Nach der <strong>DSGVO <\\\/strong>ist die Zustimmung erforderlich<\\\/span><\\\/span><\\\/span><\\\/span><\\\/p>\",\"default_value\":\"unchecked\",\"checked_value\":\"Ausgew\\u00e4hlt\",\"unchecked_value\":\"Nicht ausgew\\u00e4hlt\",\"checked_calc_value\":\"\",\"unchecked_calc_value\":\"\",\"drawerDisabled\":false,\"id\":278,\"beforeField\":\"\",\"afterField\":\"\",\"value\":\"\",\"parentType\":\"checkbox\",\"element_templates\":[\"checkbox\",\"input\"],\"old_classname\":\"\",\"wrap_template\":\"wrap\"},{\"objectType\":\"Field\",\"objectDomain\":\"fields\",\"editActive\":false,\"order\":8,\"idAttribute\":\"id\",\"container_class\":\"\",\"element_class\":\"\",\"label\":\"Divider\",\"key\":\"hr_2\",\"type\":\"hr\",\"created_at\":\"2017-08-15 11:02:50\",\"field_label\":\"Divider\",\"field_key\":\"hr_2\",\"admin_label\":\"\",\"id\":216,\"beforeField\":\"\",\"afterField\":\"\",\"value\":\"\",\"label_pos\":\"above\",\"parentType\":\"hr\",\"element_templates\":[\"hr\",\"input\"],\"old_classname\":\"\",\"wrap_template\":\"wrap\"},{\"objectType\":\"Field\",\"objectDomain\":\"fields\",\"editActive\":false,\"order\":9,\"idAttribute\":\"id\",\"processing_label\":\"Processing\",\"container_class\":\"\",\"element_class\":\"\",\"label\":\"Anmeldung abschicken\",\"key\":\"anmeldung_abschicken_1502788086448\",\"type\":\"submit\",\"created_at\":\"2017-08-15 11:02:50\",\"drawerDisabled\":\"\",\"field_label\":\"Anmeldung abschicken\",\"field_key\":\"anmeldung_abschicken_1502788086448\",\"admin_label\":\"\",\"id\":217,\"beforeField\":\"\",\"afterField\":\"\",\"value\":\"\",\"label_pos\":\"above\",\"parentType\":\"textbox\",\"element_templates\":[\"submit\",\"button\",\"input\"],\"old_classname\":\"\",\"wrap_template\":\"wrap-no-label\"}];nfForms.push(form);<\/script>\n        \n","protected":false},"excerpt":{"rendered":"<p>Kammeroper in einem Prolog und zwei Akten, Musik von Benjamin BrittenText von Myfanwy Piper nach der gleichnamigen Novelle von Henry Jamesin englischer Sprache mit deutschen \u00dcbertiteln &nbsp;Die Geister der Vergangenheit rufen. Sie lauern in jedem Winkel, sind nicht greifbar und doch immer da. Als eine junge Gouvernante auf den Landsitz Bly geschickt wird, um sich <a class=\"more-link\" href=\"https:\/\/www.seniorenakademie.dhbw-heidenheim.de\/index.php\/the-turn-of-the-screw\/\">weiterlesen&#8230;<\/a><\/p>\n","protected":false},"author":10,"featured_media":214,"parent":0,"menu_order":0,"comment_status":"closed","ping_status":"closed","template":"","meta":{"_crdt_document":"","_themeisle_gutenberg_block_has_review":false,"footnotes":""},"class_list":["post-13824","page","type-page","status-publish","has-post-thumbnail","hentry","gallery-content-unit"],"_links":{"self":[{"href":"https:\/\/www.seniorenakademie.dhbw-heidenheim.de\/index.php\/wp-json\/wp\/v2\/pages\/13824","targetHints":{"allow":["GET"]}}],"collection":[{"href":"https:\/\/www.seniorenakademie.dhbw-heidenheim.de\/index.php\/wp-json\/wp\/v2\/pages"}],"about":[{"href":"https:\/\/www.seniorenakademie.dhbw-heidenheim.de\/index.php\/wp-json\/wp\/v2\/types\/page"}],"author":[{"embeddable":true,"href":"https:\/\/www.seniorenakademie.dhbw-heidenheim.de\/index.php\/wp-json\/wp\/v2\/users\/10"}],"replies":[{"embeddable":true,"href":"https:\/\/www.seniorenakademie.dhbw-heidenheim.de\/index.php\/wp-json\/wp\/v2\/comments?post=13824"}],"version-history":[{"count":13,"href":"https:\/\/www.seniorenakademie.dhbw-heidenheim.de\/index.php\/wp-json\/wp\/v2\/pages\/13824\/revisions"}],"predecessor-version":[{"id":14057,"href":"https:\/\/www.seniorenakademie.dhbw-heidenheim.de\/index.php\/wp-json\/wp\/v2\/pages\/13824\/revisions\/14057"}],"wp:featuredmedia":[{"embeddable":true,"href":"https:\/\/www.seniorenakademie.dhbw-heidenheim.de\/index.php\/wp-json\/wp\/v2\/media\/214"}],"wp:attachment":[{"href":"https:\/\/www.seniorenakademie.dhbw-heidenheim.de\/index.php\/wp-json\/wp\/v2\/media?parent=13824"}],"curies":[{"name":"wp","href":"https:\/\/api.w.org\/{rel}","templated":true}]}}