{"id":13817,"date":"2026-01-09T14:45:28","date_gmt":"2026-01-09T13:45:28","guid":{"rendered":"https:\/\/www.seniorenakademie.dhbw-heidenheim.de\/?page_id=13817"},"modified":"2026-04-04T15:38:43","modified_gmt":"2026-04-04T13:38:43","slug":"die-seniorenakademie-kooperiert-mit-dem-theater-ulm","status":"publish","type":"page","link":"https:\/\/www.seniorenakademie.dhbw-heidenheim.de\/index.php\/die-seniorenakademie-kooperiert-mit-dem-theater-ulm\/","title":{"rendered":"Die Seniorenakademie kooperiert mit dem Theater Ulm"},"content":{"rendered":"\n<h5 class=\"wp-block-heading has-text-align-center\">Mit dem Bus ins Theater! &#8211; <strong>Ganz entspannt mit dem \u00bbTheater-Shuttle\u00ab direkt vor die T\u00fcre!<\/strong><\/h5>\n\n\n\n<!--more-->\n\n\n\n<p class=\"wp-block-paragraph\">F\u00fcr folgende Termine und Vorstellungen des Theaters Ulm im <strong><a href=\"https:\/\/www.theater-ulm.de\/orte\/grosses-haus\">Gro\u00dfen Haus<\/a> <\/strong>gibt es von Heidenheim aus f\u00fcr Abonnentinnen und Abonnenten das exklusive Busabonnement des Besucherringes, d. h. an diesen Terminen f\u00e4hrt der &#8222;<strong>Theater-Shuttle<\/strong>&#8220; direkt vor die T\u00fcr des Umer Theaters. <strong>Durch die Kooperation mit dem Theater Ulm k\u00f6nnen auch Sie als Nichtabonnent diese Serviceoption \u00bbMit dem Bus ins Theater\u00ab an diesen Terminen nutzen.<\/strong><\/p>\n\n\n\n<p class=\"wp-block-paragraph\">Sa 18.04.2026 19.00 Uhr <strong>The Turn of the Screw <\/strong><br>Sa 09.05.2026 19.00 Uhr <strong>Mephisto <\/strong><br>Sa 30.05.2026 19.00 Uhr <strong>Creative Dialogues (Tanztheater)<\/strong><br>Sa 20.06.2026 19.00 Uhr <strong>Ewig jung<\/strong><\/p>\n\n\n\n<p class=\"wp-block-paragraph\">Was m\u00fcssen Sie tun? <\/p>\n\n\n\n<p class=\"wp-block-paragraph\">Nichtabonnentinnen und Abonnenten, die das exklusive Busabonnement des Besucherringes in Anspruch nehmen wollen, k\u00f6nnen sich \u00fcber die Seniorenakademie zun\u00e4chst f\u00fcr<\/p>\n\n\n\n<p class=\"has-text-align-center wp-block-paragraph\"><strong><a href=\"https:\/\/www.seniorenakademie.dhbw-heidenheim.de\/index.php\/the-turn-of-the-screw\/\">The Turn of Screw am Samstag 09.0.2026 19.00 Uhr hier informieren und anmelden.<\/a><\/strong><\/p>\n\n\n\n<p class=\"has-text-align-center wp-block-paragraph\"><a href=\"https:\/\/www.seniorenakademie.dhbw-heidenheim.de\/index.php\/roberto-devereux\/\" data-type=\"page\" data-id=\"13928\"><strong>Mephisto<\/strong> <strong>am Samstag 09.05.2026 19.00 Uhr hier informieren und anmelden.<\/strong><\/a><br><\/p>\n\n\n\n<p class=\"wp-block-paragraph\">Nutzen Sie die Zeit f\u00fcr anregende Gespr\u00e4che mit Gleichgesinnten, stimmen Sie sich behaglich auf den bevorstehenden Abend ein und lauschen Sie dabei der interessanten H\u00f6reinf\u00fchrung zum St\u00fcck. G\u00f6nnen Sie sich sogar ein Glas Sekt, denn das l\u00e4stige Selbstfahren entf\u00e4llt.<\/p>\n\n\n\n<p class=\"wp-block-paragraph\">Haben Sie schon unsere bequeme Serviceoption \u00bbMit dem Bus ins Theater\u00ab entdeckt?<br>Ein Erlebnis, das man einmal genossen hat, m\u00f6chte man nicht mehr missen. Ganz entspannt bis unmittelbar vor der Theater-T\u00fcr.<\/p>\n","protected":false},"excerpt":{"rendered":"<p>Mit dem Bus ins Theater! &#8211; Ganz entspannt mit dem \u00bbTheater-Shuttle\u00ab direkt vor die T\u00fcre!<\/p>\n","protected":false},"author":10,"featured_media":214,"parent":0,"menu_order":0,"comment_status":"closed","ping_status":"closed","template":"","meta":{"_crdt_document":"","_themeisle_gutenberg_block_has_review":false,"footnotes":""},"class_list":["post-13817","page","type-page","status-publish","has-post-thumbnail","hentry","gallery-content-unit"],"_links":{"self":[{"href":"https:\/\/www.seniorenakademie.dhbw-heidenheim.de\/index.php\/wp-json\/wp\/v2\/pages\/13817","targetHints":{"allow":["GET"]}}],"collection":[{"href":"https:\/\/www.seniorenakademie.dhbw-heidenheim.de\/index.php\/wp-json\/wp\/v2\/pages"}],"about":[{"href":"https:\/\/www.seniorenakademie.dhbw-heidenheim.de\/index.php\/wp-json\/wp\/v2\/types\/page"}],"author":[{"embeddable":true,"href":"https:\/\/www.seniorenakademie.dhbw-heidenheim.de\/index.php\/wp-json\/wp\/v2\/users\/10"}],"replies":[{"embeddable":true,"href":"https:\/\/www.seniorenakademie.dhbw-heidenheim.de\/index.php\/wp-json\/wp\/v2\/comments?post=13817"}],"version-history":[{"count":18,"href":"https:\/\/www.seniorenakademie.dhbw-heidenheim.de\/index.php\/wp-json\/wp\/v2\/pages\/13817\/revisions"}],"predecessor-version":[{"id":14184,"href":"https:\/\/www.seniorenakademie.dhbw-heidenheim.de\/index.php\/wp-json\/wp\/v2\/pages\/13817\/revisions\/14184"}],"wp:featuredmedia":[{"embeddable":true,"href":"https:\/\/www.seniorenakademie.dhbw-heidenheim.de\/index.php\/wp-json\/wp\/v2\/media\/214"}],"wp:attachment":[{"href":"https:\/\/www.seniorenakademie.dhbw-heidenheim.de\/index.php\/wp-json\/wp\/v2\/media?parent=13817"}],"curies":[{"name":"wp","href":"https:\/\/api.w.org\/{rel}","templated":true}]}}