{"id":13712,"date":"2025-10-07T14:57:23","date_gmt":"2025-10-07T12:57:23","guid":{"rendered":"https:\/\/www.seniorenakademie.dhbw-heidenheim.de\/?page_id=13712"},"modified":"2025-10-07T14:57:23","modified_gmt":"2025-10-07T12:57:23","slug":"probleme-bei-der-ueberweisung","status":"publish","type":"page","link":"https:\/\/www.seniorenakademie.dhbw-heidenheim.de\/index.php\/probleme-bei-der-ueberweisung\/","title":{"rendered":"Probleme bei der \u00dcberweisung"},"content":{"rendered":"\n<p class=\"has-text-align-center wp-block-paragraph\">Abweichung bei der Empf\u00e4nger\u00fcberpr\u00fcfung &#8211; Infos hier<\/p>\n\n\n\n<!--more-->\n\n\n\n<p class=\"wp-block-paragraph\">Ab dem 5. Oktober 2025 findet bei einer \u00dcberweisung eine automatische Pr\u00fcfung des Empf\u00e4ngernamens und der IBAN statt. Das kann dazu f\u00fchren, dass bei der <strong>Empf\u00e4nger\u00fcberpr\u00fcfung<\/strong> der eingegebene Empf\u00e4ngername mit den Kontoinhaberangaben der Empf\u00e4ngerbank nicht \u00fcbereinstimmen. Wir haben den Empf\u00e4ngername aktualisiert, so dass es jetzt keine Probleme mehr geben d\u00fcrfte.<\/p>\n\n\n\n<p class=\"wp-block-paragraph\">Empf\u00e4nger: <strong>F\u00f6rderverein der DHBW<\/strong><br>IBAN: <strong>DE94 6329 0110 0104 9910 11<\/strong><\/p>\n\n\n\n<p class=\"wp-block-paragraph\">Verwendungszweck: Semester 2025 \/ 2026<br>F\u00fcr : Name, Vorname<br>Betrag: <em>__<\/em>,00\u20ac<\/p>\n","protected":false},"excerpt":{"rendered":"<p>Abweichung bei der Empf\u00e4nger\u00fcberpr\u00fcfung &#8211; Infos hier<\/p>\n","protected":false},"author":10,"featured_media":214,"parent":0,"menu_order":0,"comment_status":"closed","ping_status":"closed","template":"","meta":{"_crdt_document":"","_themeisle_gutenberg_block_has_review":false,"footnotes":""},"class_list":["post-13712","page","type-page","status-publish","has-post-thumbnail","hentry","gallery-content-unit"],"_links":{"self":[{"href":"https:\/\/www.seniorenakademie.dhbw-heidenheim.de\/index.php\/wp-json\/wp\/v2\/pages\/13712","targetHints":{"allow":["GET"]}}],"collection":[{"href":"https:\/\/www.seniorenakademie.dhbw-heidenheim.de\/index.php\/wp-json\/wp\/v2\/pages"}],"about":[{"href":"https:\/\/www.seniorenakademie.dhbw-heidenheim.de\/index.php\/wp-json\/wp\/v2\/types\/page"}],"author":[{"embeddable":true,"href":"https:\/\/www.seniorenakademie.dhbw-heidenheim.de\/index.php\/wp-json\/wp\/v2\/users\/10"}],"replies":[{"embeddable":true,"href":"https:\/\/www.seniorenakademie.dhbw-heidenheim.de\/index.php\/wp-json\/wp\/v2\/comments?post=13712"}],"version-history":[{"count":1,"href":"https:\/\/www.seniorenakademie.dhbw-heidenheim.de\/index.php\/wp-json\/wp\/v2\/pages\/13712\/revisions"}],"predecessor-version":[{"id":13713,"href":"https:\/\/www.seniorenakademie.dhbw-heidenheim.de\/index.php\/wp-json\/wp\/v2\/pages\/13712\/revisions\/13713"}],"wp:featuredmedia":[{"embeddable":true,"href":"https:\/\/www.seniorenakademie.dhbw-heidenheim.de\/index.php\/wp-json\/wp\/v2\/media\/214"}],"wp:attachment":[{"href":"https:\/\/www.seniorenakademie.dhbw-heidenheim.de\/index.php\/wp-json\/wp\/v2\/media?parent=13712"}],"curies":[{"name":"wp","href":"https:\/\/api.w.org\/{rel}","templated":true}]}}