{"id":13510,"date":"2025-08-14T13:11:45","date_gmt":"2025-08-14T11:11:45","guid":{"rendered":"https:\/\/www.seniorenakademie.dhbw-heidenheim.de\/?page_id=13510"},"modified":"2025-08-15T19:01:34","modified_gmt":"2025-08-15T17:01:34","slug":"pieter-breugel-d-ae-erfinder-des-landschafts-und-genrebildes","status":"publish","type":"page","link":"https:\/\/www.seniorenakademie.dhbw-heidenheim.de\/index.php\/semesterprogramm-2025-2026\/veranstaltungen-25-26\/pieter-breugel-d-ae-erfinder-des-landschafts-und-genrebildes\/","title":{"rendered":"Pieter Breugel d. \u00c4. \u2013 Erfinder des Landschafts- und Genrebildes"},"content":{"rendered":"\n<p class=\"wp-block-paragraph\">Pieter Breugel (um 1525\/30 \u2013 1569) ist der bedeutendste K\u00fcnstler der Niederl\u00e4ndischen Renaissance. In jungen Jahren schuf er als Zeichner von Radierungsvorlagen ein umfangreiches und extrem popul\u00e4res graphisches Werk, das zun\u00e4chst an Hieronymus Bosch ankn\u00fcpfte, jedoch zunehmend selbstst\u00e4ndiger wurde.<\/p>\n\n\n\n<div class=\"wp-block-media-text is-stacked-on-mobile\" style=\"grid-template-columns:52% auto\"><figure class=\"wp-block-media-text__media\"><img loading=\"lazy\" decoding=\"async\" width=\"1024\" height=\"729\" src=\"https:\/\/www.seniorenakademie.dhbw-heidenheim.de\/wp-content\/uploads\/2025\/08\/p-Breughel-1024x729.jpg\" alt=\"\n\" class=\"wp-image-13515 size-full\" srcset=\"https:\/\/www.seniorenakademie.dhbw-heidenheim.de\/wp-content\/uploads\/2025\/08\/p-Breughel-1024x729.jpg 1024w, https:\/\/www.seniorenakademie.dhbw-heidenheim.de\/wp-content\/uploads\/2025\/08\/p-Breughel-300x214.jpg 300w, https:\/\/www.seniorenakademie.dhbw-heidenheim.de\/wp-content\/uploads\/2025\/08\/p-Breughel-768x547.jpg 768w, https:\/\/www.seniorenakademie.dhbw-heidenheim.de\/wp-content\/uploads\/2025\/08\/p-Breughel-1536x1094.jpg 1536w, https:\/\/www.seniorenakademie.dhbw-heidenheim.de\/wp-content\/uploads\/2025\/08\/p-Breughel.jpg 1580w\" sizes=\"auto, (max-width: 1024px) 100vw, 1024px\" \/><\/figure><div class=\"wp-block-media-text__content\">\n<p class=\"wp-block-paragraph\">Als Maler brillierte er anschlie\u00dfend mit Bildern wie den \u201eKinderspielen\u201c (heute in Wien) oder den \u201eNiederl\u00e4ndischen Sprichw\u00f6rtern\u201c (heute in Berlin), die das Alltagsleben thematisierten und damit der Genremalerei den Weg ebneten. Seine Bilder von Bauernfesten und -hochzeiten gelten als fr\u00fche H\u00f6hepunkte der niederl\u00e4ndischen Genremalerei, die ihm den Beinamen \u201eBauernbreugel\u201c einbrachten. Au\u00dferdem war er ein un\u00fcbertroffener Meister in der Darstellung panoramatischer Landschaftsbilder, deren H\u00f6hepunkt seine \u201eJahreszeitenzyklus\u201c mit den \u201eJ\u00e4gern im Schnee\u201c (Wien) bildet. \u00a0<\/p>\n<\/div><\/div>\n\n\n\n<p class=\"wp-block-paragraph\">Zusammen mit seinen S\u00f6hnen Pieter Breugel der J\u00fcngere (genannt \u201eH\u00f6llenbreugel\u201c) und Jan Breugel der \u00c4ltere (\u201eBlumenbreugel\u201c) bildet er eine einmalige Malerdynastie, wobei Pieter der J\u00fcngere die gro\u00dfen Werke seines Vater fast serienm\u00e4\u00dfig kopierte und so wesentlich zur Verbreitung von dessen Ruhm beitrug.<\/p>\n\n\n\n<p class=\"wp-block-paragraph\"><\/p>\n","protected":false},"excerpt":{"rendered":"<p>Pieter Breugel (um 1525\/30 \u2013 1569) ist der bedeutendste K\u00fcnstler der Niederl\u00e4ndischen Renaissance. In jungen Jahren schuf er als Zeichner von Radierungsvorlagen ein umfangreiches und extrem popul\u00e4res graphisches Werk, das zun\u00e4chst an Hieronymus Bosch ankn\u00fcpfte, jedoch zunehmend selbstst\u00e4ndiger wurde. Als Maler brillierte er anschlie\u00dfend mit Bildern wie den \u201eKinderspielen\u201c (heute in Wien) oder den \u201eNiederl\u00e4ndischen <a class=\"more-link\" href=\"https:\/\/www.seniorenakademie.dhbw-heidenheim.de\/index.php\/semesterprogramm-2025-2026\/veranstaltungen-25-26\/pieter-breugel-d-ae-erfinder-des-landschafts-und-genrebildes\/\">weiterlesen&#8230;<\/a><\/p>\n","protected":false},"author":10,"featured_media":0,"parent":12007,"menu_order":0,"comment_status":"closed","ping_status":"closed","template":"","meta":{"_crdt_document":"","_themeisle_gutenberg_block_has_review":false,"footnotes":""},"class_list":["post-13510","page","type-page","status-publish","hentry","gallery-content-unit"],"_links":{"self":[{"href":"https:\/\/www.seniorenakademie.dhbw-heidenheim.de\/index.php\/wp-json\/wp\/v2\/pages\/13510","targetHints":{"allow":["GET"]}}],"collection":[{"href":"https:\/\/www.seniorenakademie.dhbw-heidenheim.de\/index.php\/wp-json\/wp\/v2\/pages"}],"about":[{"href":"https:\/\/www.seniorenakademie.dhbw-heidenheim.de\/index.php\/wp-json\/wp\/v2\/types\/page"}],"author":[{"embeddable":true,"href":"https:\/\/www.seniorenakademie.dhbw-heidenheim.de\/index.php\/wp-json\/wp\/v2\/users\/10"}],"replies":[{"embeddable":true,"href":"https:\/\/www.seniorenakademie.dhbw-heidenheim.de\/index.php\/wp-json\/wp\/v2\/comments?post=13510"}],"version-history":[{"count":4,"href":"https:\/\/www.seniorenakademie.dhbw-heidenheim.de\/index.php\/wp-json\/wp\/v2\/pages\/13510\/revisions"}],"predecessor-version":[{"id":13523,"href":"https:\/\/www.seniorenakademie.dhbw-heidenheim.de\/index.php\/wp-json\/wp\/v2\/pages\/13510\/revisions\/13523"}],"up":[{"embeddable":true,"href":"https:\/\/www.seniorenakademie.dhbw-heidenheim.de\/index.php\/wp-json\/wp\/v2\/pages\/12007"}],"wp:attachment":[{"href":"https:\/\/www.seniorenakademie.dhbw-heidenheim.de\/index.php\/wp-json\/wp\/v2\/media?parent=13510"}],"curies":[{"name":"wp","href":"https:\/\/api.w.org\/{rel}","templated":true}]}}