{"id":13507,"date":"2025-08-14T13:08:49","date_gmt":"2025-08-14T11:08:49","guid":{"rendered":"https:\/\/www.seniorenakademie.dhbw-heidenheim.de\/?page_id=13507"},"modified":"2025-08-15T18:55:21","modified_gmt":"2025-08-15T16:55:21","slug":"hieronymus-bosch-maler-der-monster-und-liebenden","status":"publish","type":"page","link":"https:\/\/www.seniorenakademie.dhbw-heidenheim.de\/index.php\/semesterprogramm-2025-2026\/veranstaltungen-25-26\/hieronymus-bosch-maler-der-monster-und-liebenden\/","title":{"rendered":"Hieronymus Bosch \u2013 Maler der Monster und Liebenden"},"content":{"rendered":"\n<div class=\"wp-block-media-text is-stacked-on-mobile\"><figure class=\"wp-block-media-text__media\"><img loading=\"lazy\" decoding=\"async\" width=\"696\" height=\"937\" src=\"https:\/\/www.seniorenakademie.dhbw-heidenheim.de\/wp-content\/uploads\/2025\/08\/H-Bosch.jpg\" alt=\"\" class=\"wp-image-13514 size-full\" srcset=\"https:\/\/www.seniorenakademie.dhbw-heidenheim.de\/wp-content\/uploads\/2025\/08\/H-Bosch.jpg 696w, https:\/\/www.seniorenakademie.dhbw-heidenheim.de\/wp-content\/uploads\/2025\/08\/H-Bosch-223x300.jpg 223w\" sizes=\"auto, (max-width: 696px) 100vw, 696px\" \/><\/figure><div class=\"wp-block-media-text__content\">\n<p class=\"wp-block-paragraph\">Hieronymus Bosch (um 1450 \u2013 1516) ist bekannt als Maler des \u201eGartens der L\u00fcste\u201c und schauriger H\u00f6llenmonster, die er meist\u00a0 als Mischwesen aus Tier und Mensch darstellt. Bis heute pr\u00e4gen diese Kreaturen unsere Vorstellungen von der H\u00f6lle, doch der niederl\u00e4ndische Maler leistet noch weit mehr. Denn seine Bilder stellen h\u00e4ufig keine religi\u00f6se Themen dar, sondern befassen sich mit der Alltagsrealit\u00e4t, wie sie der Maler sieht. Damit ist er nach der Antike der erste K\u00fcnstler der Neuzeit, der eine ganz eigene, originelle Bilderwelt schafft, wie sie nicht einmal die Maler der italienischen Renaissance hervorgebracht haben. Der Vortrag widmet sich dieser Bilderwelt, ihren Bedeutungen und den k\u00fcnstlerischen Methoden, die Bosch anwendet.<\/p>\n<\/div><\/div>\n","protected":false},"excerpt":{"rendered":"<p>Hieronymus Bosch (um 1450 \u2013 1516) ist bekannt als Maler des \u201eGartens der L\u00fcste\u201c und schauriger H\u00f6llenmonster, die er meist\u00a0 als Mischwesen aus Tier und Mensch darstellt. Bis heute pr\u00e4gen diese Kreaturen unsere Vorstellungen von der H\u00f6lle, doch der niederl\u00e4ndische Maler leistet noch weit mehr. Denn seine Bilder stellen h\u00e4ufig keine religi\u00f6se Themen dar, sondern <a class=\"more-link\" href=\"https:\/\/www.seniorenakademie.dhbw-heidenheim.de\/index.php\/semesterprogramm-2025-2026\/veranstaltungen-25-26\/hieronymus-bosch-maler-der-monster-und-liebenden\/\">weiterlesen&#8230;<\/a><\/p>\n","protected":false},"author":10,"featured_media":0,"parent":12007,"menu_order":0,"comment_status":"closed","ping_status":"closed","template":"","meta":{"_crdt_document":"","_themeisle_gutenberg_block_has_review":false,"footnotes":""},"class_list":["post-13507","page","type-page","status-publish","hentry","gallery-content-unit"],"_links":{"self":[{"href":"https:\/\/www.seniorenakademie.dhbw-heidenheim.de\/index.php\/wp-json\/wp\/v2\/pages\/13507","targetHints":{"allow":["GET"]}}],"collection":[{"href":"https:\/\/www.seniorenakademie.dhbw-heidenheim.de\/index.php\/wp-json\/wp\/v2\/pages"}],"about":[{"href":"https:\/\/www.seniorenakademie.dhbw-heidenheim.de\/index.php\/wp-json\/wp\/v2\/types\/page"}],"author":[{"embeddable":true,"href":"https:\/\/www.seniorenakademie.dhbw-heidenheim.de\/index.php\/wp-json\/wp\/v2\/users\/10"}],"replies":[{"embeddable":true,"href":"https:\/\/www.seniorenakademie.dhbw-heidenheim.de\/index.php\/wp-json\/wp\/v2\/comments?post=13507"}],"version-history":[{"count":3,"href":"https:\/\/www.seniorenakademie.dhbw-heidenheim.de\/index.php\/wp-json\/wp\/v2\/pages\/13507\/revisions"}],"predecessor-version":[{"id":13518,"href":"https:\/\/www.seniorenakademie.dhbw-heidenheim.de\/index.php\/wp-json\/wp\/v2\/pages\/13507\/revisions\/13518"}],"up":[{"embeddable":true,"href":"https:\/\/www.seniorenakademie.dhbw-heidenheim.de\/index.php\/wp-json\/wp\/v2\/pages\/12007"}],"wp:attachment":[{"href":"https:\/\/www.seniorenakademie.dhbw-heidenheim.de\/index.php\/wp-json\/wp\/v2\/media?parent=13507"}],"curies":[{"name":"wp","href":"https:\/\/api.w.org\/{rel}","templated":true}]}}