{"id":13159,"date":"2025-07-04T09:57:23","date_gmt":"2025-07-04T07:57:23","guid":{"rendered":"https:\/\/www.seniorenakademie.dhbw-heidenheim.de\/?page_id=13159"},"modified":"2025-07-04T09:57:23","modified_gmt":"2025-07-04T07:57:23","slug":"noch-mehr-schaetze-indiens-steinerne-prachtkutsche-bemalte-haeuser-u-v-m","status":"publish","type":"page","link":"https:\/\/www.seniorenakademie.dhbw-heidenheim.de\/index.php\/semesterprogramm-2025-2026\/veranstaltungen-25-26\/noch-mehr-schaetze-indiens-steinerne-prachtkutsche-bemalte-haeuser-u-v-m\/","title":{"rendered":"Noch mehr Sch\u00e4tze Indiens &#8211; (steinerne Prachtkutsche, bemalte H\u00e4user u.v.m.)"},"content":{"rendered":"\n<div class=\"wp-block-media-text is-stacked-on-mobile\"><figure class=\"wp-block-media-text__media\"><img loading=\"lazy\" decoding=\"async\" width=\"646\" height=\"484\" src=\"https:\/\/www.seniorenakademie.dhbw-heidenheim.de\/wp-content\/uploads\/2025\/07\/Indien-3b.jpg\" alt=\"\" class=\"wp-image-13160 size-full\" srcset=\"https:\/\/www.seniorenakademie.dhbw-heidenheim.de\/wp-content\/uploads\/2025\/07\/Indien-3b.jpg 646w, https:\/\/www.seniorenakademie.dhbw-heidenheim.de\/wp-content\/uploads\/2025\/07\/Indien-3b-300x225.jpg 300w\" sizes=\"auto, (max-width: 646px) 100vw, 646px\" \/><\/figure><div class=\"wp-block-media-text__content\">\n<p class=\"wp-block-paragraph\"><strong>Eine steinerne Prachtkutsche, kunstvoll bemalte H\u00e4user und mehr \u2026<\/strong><\/p>\n\n\n\n<p class=\"wp-block-paragraph\">&nbsp;Indien ist ein Kaleidoskop der Religionen, Rassen und lokaler Traditionen. Selbst innerhalb Indiens k\u00f6nnen die Unterschiede verbl\u00fcffen. Auch dieser Vortrag f\u00fchrt zu au\u00dfergew\u00f6hnlichen Orten im Osten Indiens und s\u00fcdwestlich von Delhi. Hier ist es ebenfalls mein Ziel, sich gemeinsam auf diese fremde Kulturen einzulassen und von diesem Land voller Wunder bereichert zu werden.<\/p>\n<\/div><\/div>\n","protected":false},"excerpt":{"rendered":"<p>Eine steinerne Prachtkutsche, kunstvoll bemalte H\u00e4user und mehr \u2026 &nbsp;Indien ist ein Kaleidoskop der Religionen, Rassen und lokaler Traditionen. Selbst innerhalb Indiens k\u00f6nnen die Unterschiede verbl\u00fcffen. Auch dieser Vortrag f\u00fchrt zu au\u00dfergew\u00f6hnlichen Orten im Osten Indiens und s\u00fcdwestlich von Delhi. Hier ist es ebenfalls mein Ziel, sich gemeinsam auf diese fremde Kulturen einzulassen und von <a class=\"more-link\" href=\"https:\/\/www.seniorenakademie.dhbw-heidenheim.de\/index.php\/semesterprogramm-2025-2026\/veranstaltungen-25-26\/noch-mehr-schaetze-indiens-steinerne-prachtkutsche-bemalte-haeuser-u-v-m\/\">weiterlesen&#8230;<\/a><\/p>\n","protected":false},"author":10,"featured_media":0,"parent":12007,"menu_order":0,"comment_status":"closed","ping_status":"closed","template":"","meta":{"_crdt_document":"","_themeisle_gutenberg_block_has_review":false,"footnotes":""},"class_list":["post-13159","page","type-page","status-publish","hentry","gallery-content-unit"],"_links":{"self":[{"href":"https:\/\/www.seniorenakademie.dhbw-heidenheim.de\/index.php\/wp-json\/wp\/v2\/pages\/13159","targetHints":{"allow":["GET"]}}],"collection":[{"href":"https:\/\/www.seniorenakademie.dhbw-heidenheim.de\/index.php\/wp-json\/wp\/v2\/pages"}],"about":[{"href":"https:\/\/www.seniorenakademie.dhbw-heidenheim.de\/index.php\/wp-json\/wp\/v2\/types\/page"}],"author":[{"embeddable":true,"href":"https:\/\/www.seniorenakademie.dhbw-heidenheim.de\/index.php\/wp-json\/wp\/v2\/users\/10"}],"replies":[{"embeddable":true,"href":"https:\/\/www.seniorenakademie.dhbw-heidenheim.de\/index.php\/wp-json\/wp\/v2\/comments?post=13159"}],"version-history":[{"count":1,"href":"https:\/\/www.seniorenakademie.dhbw-heidenheim.de\/index.php\/wp-json\/wp\/v2\/pages\/13159\/revisions"}],"predecessor-version":[{"id":13161,"href":"https:\/\/www.seniorenakademie.dhbw-heidenheim.de\/index.php\/wp-json\/wp\/v2\/pages\/13159\/revisions\/13161"}],"up":[{"embeddable":true,"href":"https:\/\/www.seniorenakademie.dhbw-heidenheim.de\/index.php\/wp-json\/wp\/v2\/pages\/12007"}],"wp:attachment":[{"href":"https:\/\/www.seniorenakademie.dhbw-heidenheim.de\/index.php\/wp-json\/wp\/v2\/media?parent=13159"}],"curies":[{"name":"wp","href":"https:\/\/api.w.org\/{rel}","templated":true}]}}