{"id":13149,"date":"2025-06-30T17:33:37","date_gmt":"2025-06-30T15:33:37","guid":{"rendered":"https:\/\/www.seniorenakademie.dhbw-heidenheim.de\/?page_id=13149"},"modified":"2025-06-30T17:33:37","modified_gmt":"2025-06-30T15:33:37","slug":"indien-hoch-drei-teil-2","status":"publish","type":"page","link":"https:\/\/www.seniorenakademie.dhbw-heidenheim.de\/index.php\/semesterprogramm-2025-2026\/veranstaltungen-25-26\/indien-hoch-drei-teil-2\/","title":{"rendered":"Indien hoch drei &#8211; Teil 2"},"content":{"rendered":"\n<p class=\"wp-block-paragraph\">Bei Mark Twain lesen wir zu Indien: \u201eAlle Menschen m\u00f6chten dieses Land sehen. Und wenn sie es einmal gesehen haben, dann w\u00fcrden sie diesen fl\u00fcchtigen Augenblick nicht gegen s\u00e4mtliche Darbietungen der ganzen \u00fcbrigen Welt eintauschen.\u201c K\u00fchne Worte? Mark Twain hat es erlebt &#8211; lassen Sie sich anstecken mit Bildern von Indien, dem Land der lebendigen Farben, der Vielfalt der Natur, der \u00fcberbordenden sakralen und weltlichen Architektur sowie der fr\u00f6hlichen Menschen.<\/p>\n\n\n\n<p class=\"wp-block-paragraph\">In diese f\u00fcr uns so fremde und teilweise geheimnisvolle Welt m\u00f6chten Sie diese drei Vortr\u00e4ge f\u00fchren \u2013 kommen Sie mit!<\/p>\n\n\n\n<p class=\"wp-block-paragraph\">\u00a0<strong>Indiens unbekannter S\u00fcden  &#8211;  Monumentale Bauwerke in tropischer Landschaft.<\/strong><\/p>\n\n\n\n<div class=\"wp-block-media-text is-stacked-on-mobile\"><figure class=\"wp-block-media-text__media\"><img loading=\"lazy\" decoding=\"async\" width=\"893\" height=\"1024\" src=\"https:\/\/www.seniorenakademie.dhbw-heidenheim.de\/wp-content\/uploads\/2025\/06\/Indien-2-893x1024.jpg\" alt=\"\" class=\"wp-image-13150 size-full\" srcset=\"https:\/\/www.seniorenakademie.dhbw-heidenheim.de\/wp-content\/uploads\/2025\/06\/Indien-2-893x1024.jpg 893w, https:\/\/www.seniorenakademie.dhbw-heidenheim.de\/wp-content\/uploads\/2025\/06\/Indien-2-262x300.jpg 262w, https:\/\/www.seniorenakademie.dhbw-heidenheim.de\/wp-content\/uploads\/2025\/06\/Indien-2-768x880.jpg 768w, https:\/\/www.seniorenakademie.dhbw-heidenheim.de\/wp-content\/uploads\/2025\/06\/Indien-2-1340x1536.jpg 1340w, https:\/\/www.seniorenakademie.dhbw-heidenheim.de\/wp-content\/uploads\/2025\/06\/Indien-2.jpg 1502w\" sizes=\"auto, (max-width: 893px) 100vw, 893px\" \/><\/figure><div class=\"wp-block-media-text__content\">\n<p class=\"wp-block-paragraph\">Im S\u00fcden des f\u00fcr viele traumhaften Subkontinents hat sich die Jahrtausende alte Kultur dieses Landes am reinsten erhalten \u2013 nicht wenige nennen diese Region \u201edas echte Indien\u201c. W\u00e4hrend die nordindischen Maharadscha-Pal\u00e4ste und Mogul-Bauten noch eher bekannt sind, bietet der S\u00fcden \u00fcberraschende Kostbarkeiten, die atemberaubend sind. Gro\u00dfartige Tempelbaukunst mit bis zu 60 m hohen Tort\u00fcrmen aus Granit, \u00fcberquellend von farbigen Skulpturen, feinste Steinmetzarbeiten aus Basalt und Sandstein, dazu faszinierende Landschaften mit vertr\u00e4umten Wasserwegen, Tee- und Kaffeeplantagen, liebenswerte Menschen und uns fremde Gebr\u00e4uche \u2013 das alles wird dieser Vortrag nahebringen.<\/p>\n<\/div><\/div>\n","protected":false},"excerpt":{"rendered":"<p>Bei Mark Twain lesen wir zu Indien: \u201eAlle Menschen m\u00f6chten dieses Land sehen. Und wenn sie es einmal gesehen haben, dann w\u00fcrden sie diesen fl\u00fcchtigen Augenblick nicht gegen s\u00e4mtliche Darbietungen der ganzen \u00fcbrigen Welt eintauschen.\u201c K\u00fchne Worte? Mark Twain hat es erlebt &#8211; lassen Sie sich anstecken mit Bildern von Indien, dem Land der lebendigen <a class=\"more-link\" href=\"https:\/\/www.seniorenakademie.dhbw-heidenheim.de\/index.php\/semesterprogramm-2025-2026\/veranstaltungen-25-26\/indien-hoch-drei-teil-2\/\">weiterlesen&#8230;<\/a><\/p>\n","protected":false},"author":10,"featured_media":0,"parent":12007,"menu_order":0,"comment_status":"closed","ping_status":"closed","template":"","meta":{"_crdt_document":"","_themeisle_gutenberg_block_has_review":false,"footnotes":""},"class_list":["post-13149","page","type-page","status-publish","hentry","gallery-content-unit"],"_links":{"self":[{"href":"https:\/\/www.seniorenakademie.dhbw-heidenheim.de\/index.php\/wp-json\/wp\/v2\/pages\/13149","targetHints":{"allow":["GET"]}}],"collection":[{"href":"https:\/\/www.seniorenakademie.dhbw-heidenheim.de\/index.php\/wp-json\/wp\/v2\/pages"}],"about":[{"href":"https:\/\/www.seniorenakademie.dhbw-heidenheim.de\/index.php\/wp-json\/wp\/v2\/types\/page"}],"author":[{"embeddable":true,"href":"https:\/\/www.seniorenakademie.dhbw-heidenheim.de\/index.php\/wp-json\/wp\/v2\/users\/10"}],"replies":[{"embeddable":true,"href":"https:\/\/www.seniorenakademie.dhbw-heidenheim.de\/index.php\/wp-json\/wp\/v2\/comments?post=13149"}],"version-history":[{"count":1,"href":"https:\/\/www.seniorenakademie.dhbw-heidenheim.de\/index.php\/wp-json\/wp\/v2\/pages\/13149\/revisions"}],"predecessor-version":[{"id":13151,"href":"https:\/\/www.seniorenakademie.dhbw-heidenheim.de\/index.php\/wp-json\/wp\/v2\/pages\/13149\/revisions\/13151"}],"up":[{"embeddable":true,"href":"https:\/\/www.seniorenakademie.dhbw-heidenheim.de\/index.php\/wp-json\/wp\/v2\/pages\/12007"}],"wp:attachment":[{"href":"https:\/\/www.seniorenakademie.dhbw-heidenheim.de\/index.php\/wp-json\/wp\/v2\/media?parent=13149"}],"curies":[{"name":"wp","href":"https:\/\/api.w.org\/{rel}","templated":true}]}}