{"id":13146,"date":"2025-06-30T17:26:31","date_gmt":"2025-06-30T15:26:31","guid":{"rendered":"https:\/\/www.seniorenakademie.dhbw-heidenheim.de\/?page_id=13146"},"modified":"2025-06-30T17:26:31","modified_gmt":"2025-06-30T15:26:31","slug":"indien-hoch-drei-teil-1","status":"publish","type":"page","link":"https:\/\/www.seniorenakademie.dhbw-heidenheim.de\/index.php\/semesterprogramm-2025-2026\/veranstaltungen-25-26\/indien-hoch-drei-teil-1\/","title":{"rendered":"Indien hoch drei &#8211; Teil 1"},"content":{"rendered":"\n<p class=\"wp-block-paragraph\">Bei Mark Twain lesen wir zu Indien: \u201eAlle Menschen m\u00f6chten dieses Land sehen. Und wenn sie es einmal gesehen haben, dann w\u00fcrden sie diesen fl\u00fcchtigen Augenblick nicht gegen s\u00e4mtliche Darbietungen der ganzen \u00fcbrigen Welt eintauschen.\u201c K\u00fchne Worte? Mark Twain hat es erlebt &#8211; lassen Sie sich anstecken mit Bildern von Indien, dem Land der lebendigen Farben, der Vielfalt der Natur, der \u00fcberbordenden sakralen und weltlichen Architektur sowie der fr\u00f6hlichen Menschen.<\/p>\n\n\n\n<p class=\"wp-block-paragraph\">In diese f\u00fcr uns so fremde und teilweise geheimnisvolle Welt m\u00f6chten Sie diese drei Vortr\u00e4ge f\u00fchren \u2013 kommen Sie mit!<\/p>\n\n\n\n<p class=\"wp-block-paragraph\">\u00a0<strong>Wundersch\u00f6nes Indien<\/strong><em>  &#8211; <\/em><strong>Pal\u00e4ste \u2013 Tempel \u2013 Menschen<\/strong><\/p>\n\n\n\n<div class=\"wp-block-media-text is-stacked-on-mobile\" style=\"grid-template-columns:53% auto\"><figure class=\"wp-block-media-text__media\"><img loading=\"lazy\" decoding=\"async\" width=\"1024\" height=\"766\" src=\"https:\/\/www.seniorenakademie.dhbw-heidenheim.de\/wp-content\/uploads\/2025\/06\/Indien-1-1024x766.jpg\" alt=\"\" class=\"wp-image-13147 size-full\" srcset=\"https:\/\/www.seniorenakademie.dhbw-heidenheim.de\/wp-content\/uploads\/2025\/06\/Indien-1-1024x766.jpg 1024w, https:\/\/www.seniorenakademie.dhbw-heidenheim.de\/wp-content\/uploads\/2025\/06\/Indien-1-300x224.jpg 300w, https:\/\/www.seniorenakademie.dhbw-heidenheim.de\/wp-content\/uploads\/2025\/06\/Indien-1-768x574.jpg 768w, https:\/\/www.seniorenakademie.dhbw-heidenheim.de\/wp-content\/uploads\/2025\/06\/Indien-1.jpg 1181w\" sizes=\"auto, (max-width: 1024px) 100vw, 1024px\" \/><\/figure><div class=\"wp-block-media-text__content\">\n<p class=\"wp-block-paragraph\">Indien hat eine (im wahren Sinne des Wortes) \u00fcberw\u00e4ltigende F\u00fclle von architektonischen Kostbarkeiten zu bieten, die entstanden sind, um Glauben zu pr\u00e4sentieren und Macht zu demonstrieren. Hinduismus, Buddhismus und Jainismus haben eine Vielfalt an Tempelbauwerken entstehen lassen, die den meisten Menschen hier weitgehend unbekannt ist. Maharadschas und Mogulkaiser manifestierten ihre Macht in m\u00e4rchenhaften Pal\u00e4sten und Grabm\u00e4lern \u2013 der Taj Mahal ist weltber\u00fchmt \u2013 und auch die Menschen des heutigen Indien bieten ein fremdes und oft unvermutet pr\u00e4chtiges Bild.<\/p>\n<\/div><\/div>\n\n\n\n<p class=\"wp-block-paragraph\">Ausgew\u00e4hlte Beispiele dieser Kulturen aus Nord- und Mittelindien werden in diesem Vortrag gezeigt.<\/p>\n","protected":false},"excerpt":{"rendered":"<p>Bei Mark Twain lesen wir zu Indien: \u201eAlle Menschen m\u00f6chten dieses Land sehen. Und wenn sie es einmal gesehen haben, dann w\u00fcrden sie diesen fl\u00fcchtigen Augenblick nicht gegen s\u00e4mtliche Darbietungen der ganzen \u00fcbrigen Welt eintauschen.\u201c K\u00fchne Worte? Mark Twain hat es erlebt &#8211; lassen Sie sich anstecken mit Bildern von Indien, dem Land der lebendigen <a class=\"more-link\" href=\"https:\/\/www.seniorenakademie.dhbw-heidenheim.de\/index.php\/semesterprogramm-2025-2026\/veranstaltungen-25-26\/indien-hoch-drei-teil-1\/\">weiterlesen&#8230;<\/a><\/p>\n","protected":false},"author":10,"featured_media":0,"parent":12007,"menu_order":0,"comment_status":"closed","ping_status":"closed","template":"","meta":{"_crdt_document":"","_themeisle_gutenberg_block_has_review":false,"footnotes":""},"class_list":["post-13146","page","type-page","status-publish","hentry","gallery-content-unit"],"_links":{"self":[{"href":"https:\/\/www.seniorenakademie.dhbw-heidenheim.de\/index.php\/wp-json\/wp\/v2\/pages\/13146","targetHints":{"allow":["GET"]}}],"collection":[{"href":"https:\/\/www.seniorenakademie.dhbw-heidenheim.de\/index.php\/wp-json\/wp\/v2\/pages"}],"about":[{"href":"https:\/\/www.seniorenakademie.dhbw-heidenheim.de\/index.php\/wp-json\/wp\/v2\/types\/page"}],"author":[{"embeddable":true,"href":"https:\/\/www.seniorenakademie.dhbw-heidenheim.de\/index.php\/wp-json\/wp\/v2\/users\/10"}],"replies":[{"embeddable":true,"href":"https:\/\/www.seniorenakademie.dhbw-heidenheim.de\/index.php\/wp-json\/wp\/v2\/comments?post=13146"}],"version-history":[{"count":1,"href":"https:\/\/www.seniorenakademie.dhbw-heidenheim.de\/index.php\/wp-json\/wp\/v2\/pages\/13146\/revisions"}],"predecessor-version":[{"id":13148,"href":"https:\/\/www.seniorenakademie.dhbw-heidenheim.de\/index.php\/wp-json\/wp\/v2\/pages\/13146\/revisions\/13148"}],"up":[{"embeddable":true,"href":"https:\/\/www.seniorenakademie.dhbw-heidenheim.de\/index.php\/wp-json\/wp\/v2\/pages\/12007"}],"wp:attachment":[{"href":"https:\/\/www.seniorenakademie.dhbw-heidenheim.de\/index.php\/wp-json\/wp\/v2\/media?parent=13146"}],"curies":[{"name":"wp","href":"https:\/\/api.w.org\/{rel}","templated":true}]}}