{"id":13143,"date":"2025-06-30T17:15:25","date_gmt":"2025-06-30T15:15:25","guid":{"rendered":"https:\/\/www.seniorenakademie.dhbw-heidenheim.de\/?page_id=13143"},"modified":"2025-06-30T17:15:25","modified_gmt":"2025-06-30T15:15:25","slug":"la-bella-italia","status":"publish","type":"page","link":"https:\/\/www.seniorenakademie.dhbw-heidenheim.de\/index.php\/semesterprogramm-2025-2026\/veranstaltungen-25-26\/la-bella-italia\/","title":{"rendered":"La Bella Italia"},"content":{"rendered":"\n<p class=\"wp-block-paragraph\">Landschaft, Geschichte, Kultur, Ferientraumziele sind Teil der zweiteiligen Darstellung, dar\u00fcber hinaus werden aber auch Ausf\u00fchrungen zur Sozialstruktur, zu den politischen Verh\u00e4ltnissen, zur Wirtschaft, zu aktuellen Problemen zur Sprache kommen. Es soll so ein, wenn auch l\u00fcckenhaftes, Gesamtbild des Landes entstehen.<\/p>\n","protected":false},"excerpt":{"rendered":"<p>Landschaft, Geschichte, Kultur, Ferientraumziele sind Teil der zweiteiligen Darstellung, dar\u00fcber hinaus werden aber auch Ausf\u00fchrungen zur Sozialstruktur, zu den politischen Verh\u00e4ltnissen, zur Wirtschaft, zu aktuellen Problemen zur Sprache kommen. Es soll so ein, wenn auch l\u00fcckenhaftes, Gesamtbild des Landes entstehen.<\/p>\n","protected":false},"author":10,"featured_media":0,"parent":12007,"menu_order":0,"comment_status":"closed","ping_status":"closed","template":"","meta":{"_crdt_document":"","_themeisle_gutenberg_block_has_review":false,"footnotes":""},"class_list":["post-13143","page","type-page","status-publish","hentry","gallery-content-unit"],"_links":{"self":[{"href":"https:\/\/www.seniorenakademie.dhbw-heidenheim.de\/index.php\/wp-json\/wp\/v2\/pages\/13143","targetHints":{"allow":["GET"]}}],"collection":[{"href":"https:\/\/www.seniorenakademie.dhbw-heidenheim.de\/index.php\/wp-json\/wp\/v2\/pages"}],"about":[{"href":"https:\/\/www.seniorenakademie.dhbw-heidenheim.de\/index.php\/wp-json\/wp\/v2\/types\/page"}],"author":[{"embeddable":true,"href":"https:\/\/www.seniorenakademie.dhbw-heidenheim.de\/index.php\/wp-json\/wp\/v2\/users\/10"}],"replies":[{"embeddable":true,"href":"https:\/\/www.seniorenakademie.dhbw-heidenheim.de\/index.php\/wp-json\/wp\/v2\/comments?post=13143"}],"version-history":[{"count":1,"href":"https:\/\/www.seniorenakademie.dhbw-heidenheim.de\/index.php\/wp-json\/wp\/v2\/pages\/13143\/revisions"}],"predecessor-version":[{"id":13144,"href":"https:\/\/www.seniorenakademie.dhbw-heidenheim.de\/index.php\/wp-json\/wp\/v2\/pages\/13143\/revisions\/13144"}],"up":[{"embeddable":true,"href":"https:\/\/www.seniorenakademie.dhbw-heidenheim.de\/index.php\/wp-json\/wp\/v2\/pages\/12007"}],"wp:attachment":[{"href":"https:\/\/www.seniorenakademie.dhbw-heidenheim.de\/index.php\/wp-json\/wp\/v2\/media?parent=13143"}],"curies":[{"name":"wp","href":"https:\/\/api.w.org\/{rel}","templated":true}]}}