{"id":13135,"date":"2025-06-30T16:50:38","date_gmt":"2025-06-30T14:50:38","guid":{"rendered":"https:\/\/www.seniorenakademie.dhbw-heidenheim.de\/?page_id=13135"},"modified":"2025-09-23T10:49:10","modified_gmt":"2025-09-23T08:49:10","slug":"excel-oder-powerpoint-fuer-anfaenger","status":"publish","type":"page","link":"https:\/\/www.seniorenakademie.dhbw-heidenheim.de\/index.php\/semesterprogramm-2025-2026\/sprachen-und-digitale-medien-25-26\/excel-oder-powerpoint-fuer-anfaenger\/","title":{"rendered":"Excel oder PowerPoint f\u00fcr Anf\u00e4nger"},"content":{"rendered":"\n<p class=\"has-text-color has-link-color wp-elements-fda9d3d272a2b72bd19e676c8da4d957 wp-block-paragraph\" style=\"color:#e32041\"><strong>Der gew\u00e4hlte Kurs findet im (Labor) in der Marienstra\u00dfe (W\u00fcrfel) im Raum M321 statt<\/strong><\/p>\n\n\n\n<p class=\"has-text-color has-link-color wp-elements-cc9a21bc6bc147d5dbb5a4e51f5f5777 wp-block-paragraph\" style=\"color:#fa0808\"><strong>Anmeldeschluss 15.Oktober 25<\/strong><\/p>\n\n\n\n<p class=\"wp-block-paragraph\"><strong>Excel f\u00fcr Anf\u00e4nger<\/strong><br>In dem Kurs, der 6 Doppelstunden umfasst, werden Grundkenntnisse eines Kalkulationsprogrammes erworben. Neben den M\u00f6glichkeiten, den Computer rechnen zu lassen, gibt es weitaus mehr: Es lassen sich Stundenpl\u00e4ne erstellen, man kann Vereinsmitglieder verwalten, Zahlenreihen wie Wahlergebnisse oder Umsatzentwicklungen anschaulich darstellen, Statistiken bearbeiten. Wer will, kann auch dynamische Prozesse modellieren und Finanzpl\u00e4ne (Hausfinanzierung) erstellen.<br>Die Teilnehmer sollten mit den grundlegenden Befehlen eines Schreibprogramms (Word) vertraut sein.<br>Teilnehmerbegrenzung: 8 Personen, damit eine individuelle Betreuung m\u00f6glich ist.<\/p>\n\n\n\n<p class=\"wp-block-paragraph\"><strong>PowerPoint f\u00fcr Anf\u00e4nger<\/strong><\/p>\n\n\n\n<p class=\"wp-block-paragraph\">In dem Kurs, der 6 Doppelstunden umfasst, werden Grundkenntnisse eines Pr\u00e4sentationsprogramms erworben: es dient dazu, einen Vortrag visuell zu unterst\u00fctzen oder auch eine Diashow zu erstellen, die in ihren M\u00f6glichkeiten recht vielf\u00e4ltig sein kann. So k\u00f6nnen Diagramme, Strukturpl\u00e4ne, Tabellen, Musikst\u00fccke aus anderen Programmen (Word, Excel, YouTube \u2026) in eine solche Darstellung eingebunden werden. Die Teilnehmer sollten mit den grundlegenden Befehlen eines Schreibprogramms (Word) vertraut sein.<br>Teilnehmerbegrenzung: 8 Personen, damit eine individuelle Betreuung, m\u00f6glich ist.<\/p>\n\n\n\n<p class=\"wp-block-paragraph\"><strong>Die Angaben im Anmeldeformular sind n\u00f6tig, um Sie informieren zu k\u00f6nnen, welcher Kurs stattfindet und ob Sie zugelassen sind (nur 8 Teilnehmer).<\/strong><\/p>\n\n\n<noscript class=\"ninja-forms-noscript-message\">\n\tHinweis: F\u00fcr diesen Inhalt ist JavaScript erforderlich.<\/noscript>\n<div id=\"nf-form-7-cont\" class=\"nf-form-cont\" aria-live=\"polite\" aria-labelledby=\"nf-form-title-7\" aria-describedby=\"nf-form-errors-7\" role=\"form\">\n\n    <div class=\"nf-loading-spinner\"><\/div>\n\n<\/div>\n        <!-- That data is being printed as a workaround to page builders reordering the order of the scripts loaded-->\n        <script>var formDisplay=1;var nfForms=nfForms||[];var form=[];form.id='7';form.settings={\"objectType\":\"Form Setting\",\"editActive\":true,\"title\":\"Auswahl Veranstaltung-Pr\\u00fcfer\",\"show_title\":1,\"clear_complete\":1,\"hide_complete\":1,\"default_label_pos\":\"above\",\"wrapper_class\":\"\",\"element_class\":\"\",\"key\":\"\",\"add_submit\":0,\"changeEmailErrorMsg\":\"Bitte gib eine g\\u00fcltige E-Mail-Adresse ein.\",\"confirmFieldErrorMsg\":\"Diese Felder m\\u00fcssen \\u00fcbereinstimmen!\",\"fieldNumberNumMinError\":\"Die eingegebene Zahl ist zu klein.\",\"fieldNumberNumMaxError\":\"Die eingegebene Zahl ist zu gross.\",\"fieldNumberIncrementBy\":\"Bitte erh\\u00f6hen in Schritten von\",\"formErrorsCorrectErrors\":\"Bitte korrigiere die Fehler, bevor du das Formular sendest.\",\"validateRequiredField\":\"Dies ist ein Pflichtfeld.\",\"honeypotHoneypotError\":\"Honeypot-Fehler\",\"fieldsMarkedRequired\":\"Felder mit einem <span class=\\\"ninja-forms-req-symbol\\\">*<\\\/span> sind Pflichtfelder\",\"currency\":\"\",\"unique_field_error\":\"A form with this value has already been submitted.\",\"logged_in\":false,\"not_logged_in_msg\":\"\",\"sub_limit_msg\":\"The form has reached its submission limit.\",\"calculations\":[],\"formContentData\":[\"auswahl_fuer_die_veranstaltung_bei_herrn_pruefer_1747128957700\",\"firstname_1502794875268\",\"lastname_1502794876408\",\"email_1502794879911\",\"phone_1502794882584\",\"date_1502795524713\",\"submit_1502795158260\"],\"drawerDisabled\":false,\"changeDateErrorMsg\":\"Bitte gib ein g\\u00fcltiges Datum ein!\",\"allow_public_link\":0,\"embed_form\":\"\",\"repeatable_fieldsets\":\"\",\"form_title_heading_level\":\"3\",\"objectDomain\":\"calculations\",\"ninjaForms\":\"Ninja Forms\",\"fieldTextareaRTEInsertLink\":\"Link einf\\u00fcgen\",\"fieldTextareaRTEInsertMedia\":\"Medien einf\\u00fcgen\",\"fieldTextareaRTESelectAFile\":\"Eine Datei ausw\\u00e4hlen\",\"formHoneypot\":\"Falls du ein Mensch bist und dieses Feld siehst, dann lasse es bitte leer.\",\"fileUploadOldCodeFileUploadInProgress\":\"Datei-Upload l\\u00e4uft.\",\"fileUploadOldCodeFileUpload\":\"DATEI-UPLOAD\",\"currencySymbol\":\"&euro;\",\"thousands_sep\":\".\",\"decimal_point\":\",\",\"siteLocale\":\"de_DE\",\"dateFormat\":\"d\\\/m\\\/Y\",\"startOfWeek\":\"1\",\"of\":\"von\",\"previousMonth\":\"Vorheriger Monat\",\"nextMonth\":\"N\\u00e4chster Monat\",\"months\":[\"Januar\",\"Februar\",\"M\\u00e4rz\",\"April\",\"Mai\",\"Juni\",\"Juli\",\"August\",\"September\",\"Oktober\",\"November\",\"Dezember\"],\"monthsShort\":[\"Jan.\",\"Feb.\",\"M\\u00e4rz\",\"Apr.\",\"Mai\",\"Juni\",\"Juli\",\"Aug\",\"Sep.\",\"Okt.\",\"Nov.\",\"Dez.\"],\"weekdays\":[\"Sonntag\",\"Montag\",\"Dienstag\",\"Mittwoch\",\"Donnerstag\",\"Freitag\",\"Samstag\"],\"weekdaysShort\":[\"So.\",\"Mo.\",\"Di.\",\"Mi.\",\"Do.\",\"Fr.\",\"Sa.\"],\"weekdaysMin\":[\"So.\",\"Mo.\",\"Di.\",\"Mi.\",\"Do.\",\"Fr.\",\"Sa.\"],\"recaptchaConsentMissing\":\"reCaptcha validation couldn&#039;t load.\",\"recaptchaMissingCookie\":\"reCaptcha v3 validation couldn&#039;t load the cookie needed to submit the form.\",\"recaptchaConsentEvent\":\"Accept reCaptcha cookies before sending the form.\",\"currency_symbol\":\"\",\"beforeForm\":\"\",\"beforeFields\":\"\",\"afterFields\":\"\",\"afterForm\":\"\"};form.fields=[{\"objectType\":\"Field\",\"objectDomain\":\"fields\",\"editActive\":false,\"order\":1,\"idAttribute\":\"id\",\"type\":\"listcheckbox\",\"label\":\"Auswahl f\\u00fcr die Veranstaltung bei Herrn Pr\\u00fcfer\",\"key\":\"auswahl_fuer_die_veranstaltung_bei_herrn_pruefer_1747128957700\",\"label_pos\":\"above\",\"required\":false,\"options\":[{\"errors\":[],\"max_options\":0,\"label\":\"Excel f\\u00fcr Anf\\u00e4nger\",\"value\":\"excel-fuer-anfaenger\",\"calc\":1,\"selected\":0,\"order\":0,\"settingModel\":{\"settings\":false,\"hide_merge_tags\":false,\"error\":false,\"name\":\"options\",\"type\":\"option-repeater\",\"label\":\"Optionen <a href=\\\"#\\\" class=\\\"nf-add-new\\\">Erstellen<\\\/a> <a href=\\\"#\\\" class=\\\"extra nf-open-import-tooltip\\\"><i class=\\\"fa fa-sign-in\\\" aria-hidden=\\\"true\\\"><\\\/i> Importieren<\\\/a>\",\"width\":\"full\",\"group\":\"\",\"value\":[{\"label\":\"Eins\",\"value\":\"eins\",\"calc\":\"\",\"selected\":0,\"order\":0},{\"label\":\"Zwei\",\"value\":\"zwei\",\"calc\":\"\",\"selected\":0,\"order\":1},{\"label\":\"Drei\",\"value\":\"drei\",\"calc\":\"\",\"selected\":0,\"order\":2}],\"columns\":{\"label\":{\"header\":\"Beschriftung\",\"default\":\"\"},\"value\":{\"header\":\"Wert\",\"default\":\"\"},\"calc\":{\"header\":\"Berechneter Wert\",\"default\":\"\"},\"selected\":{\"header\":\"<span class=\\\"dashicons dashicons-yes\\\"><\\\/span>\",\"default\":0}}}},{\"errors\":[],\"max_options\":0,\"label\":\"PowerPoint f\\u00fcr Anf\\u00e4nger\",\"value\":\"powerpoint-fuer-anfaenger\",\"calc\":1,\"selected\":0,\"order\":1,\"settingModel\":{\"settings\":false,\"hide_merge_tags\":false,\"error\":false,\"name\":\"options\",\"type\":\"option-repeater\",\"label\":\"Optionen <a href=\\\"#\\\" class=\\\"nf-add-new\\\">Erstellen<\\\/a> <a href=\\\"#\\\" class=\\\"extra nf-open-import-tooltip\\\"><i class=\\\"fa fa-sign-in\\\" aria-hidden=\\\"true\\\"><\\\/i> Importieren<\\\/a>\",\"width\":\"full\",\"group\":\"\",\"value\":[{\"label\":\"Eins\",\"value\":\"eins\",\"calc\":\"\",\"selected\":0,\"order\":0},{\"label\":\"Zwei\",\"value\":\"zwei\",\"calc\":\"\",\"selected\":0,\"order\":1},{\"label\":\"Drei\",\"value\":\"drei\",\"calc\":\"\",\"selected\":0,\"order\":2}],\"columns\":{\"label\":{\"header\":\"Beschriftung\",\"default\":\"\"},\"value\":{\"header\":\"Wert\",\"default\":\"\"},\"calc\":{\"header\":\"Berechneter Wert\",\"default\":\"\"},\"selected\":{\"header\":\"<span class=\\\"dashicons dashicons-yes\\\"><\\\/span>\",\"default\":0}}}}],\"container_class\":\"\",\"element_class\":\"\",\"admin_label\":\"\",\"help_text\":\"\",\"desc_text\":\"<p>Bitte w\\u00e4hlen Sie, an welcher Veranstaltung Sie teilnehmen m\\u00f6chten. <\\\/p><p><b>Es wird nur die Veranstaltung mit der h\\u00f6chsten Teilnehmerzahl durchgef\\u00fchrt.<\\\/b><\\\/p>\",\"drawerDisabled\":false,\"id\":297,\"beforeField\":\"\",\"afterField\":\"\",\"value\":\"\",\"parentType\":\"list\",\"element_templates\":[\"listcheckbox\",\"input\"],\"old_classname\":\"list-checkbox\",\"wrap_template\":\"wrap\"},{\"objectType\":\"Field\",\"objectDomain\":\"fields\",\"editActive\":false,\"order\":2,\"idAttribute\":\"id\",\"type\":\"firstname\",\"label\":\"Vorname\",\"key\":\"firstname_1502794875268\",\"label_pos\":\"above\",\"required\":1,\"default\":\"\",\"placeholder\":\"\",\"container_class\":\"\",\"element_class\":\"\",\"admin_label\":\"\",\"help_text\":\"\",\"desc_text\":\"\",\"custom_name_attribute\":\"fname\",\"personally_identifiable\":1,\"value\":\"\",\"id\":58,\"beforeField\":\"\",\"afterField\":\"\",\"parentType\":\"firstname\",\"element_templates\":[\"firstname\",\"input\"],\"old_classname\":\"\",\"wrap_template\":\"wrap\"},{\"objectType\":\"Field\",\"objectDomain\":\"fields\",\"editActive\":false,\"order\":3,\"idAttribute\":\"id\",\"type\":\"lastname\",\"label\":\"Nachname\",\"key\":\"lastname_1502794876408\",\"label_pos\":\"above\",\"required\":1,\"default\":\"\",\"placeholder\":\"\",\"container_class\":\"\",\"element_class\":\"\",\"admin_label\":\"\",\"help_text\":\"\",\"desc_text\":\"\",\"custom_name_attribute\":\"lname\",\"personally_identifiable\":1,\"value\":\"\",\"id\":59,\"beforeField\":\"\",\"afterField\":\"\",\"parentType\":\"lastname\",\"element_templates\":[\"lastname\",\"input\"],\"old_classname\":\"\",\"wrap_template\":\"wrap\"},{\"objectType\":\"Field\",\"objectDomain\":\"fields\",\"editActive\":false,\"order\":4,\"idAttribute\":\"id\",\"type\":\"email\",\"label\":\"E-Mail\",\"key\":\"email_1502794879911\",\"label_pos\":\"above\",\"required\":1,\"default\":\"\",\"placeholder\":\"\",\"container_class\":\"\",\"element_class\":\"\",\"admin_label\":\"\",\"help_text\":\"\",\"desc_text\":\"\",\"drawerDisabled\":false,\"custom_name_attribute\":\"email\",\"personally_identifiable\":1,\"value\":\"\",\"id\":63,\"beforeField\":\"\",\"afterField\":\"\",\"parentType\":\"email\",\"element_templates\":[\"email\",\"input\"],\"old_classname\":\"\",\"wrap_template\":\"wrap\"},{\"objectType\":\"Field\",\"objectDomain\":\"fields\",\"editActive\":false,\"order\":5,\"idAttribute\":\"id\",\"type\":\"phone\",\"label\":\"\\ufeffTelefon\",\"key\":\"phone_1502794882584\",\"label_pos\":\"above\",\"required\":1,\"default\":\"\",\"placeholder\":\"\",\"container_class\":\"\",\"element_class\":\"\",\"input_limit\":\"\",\"input_limit_type\":\"characters\",\"input_limit_msg\":\"Zeichen \\u00fcbrig\",\"manual_key\":false,\"disable_input\":\"\",\"admin_label\":\"\",\"help_text\":\"\",\"desc_text\":\"\",\"disable_browser_autocomplete\":\"\",\"mask\":\"\",\"custom_mask\":\"\",\"drawerDisabled\":false,\"custom_name_attribute\":\"phone\",\"personally_identifiable\":1,\"value\":\"\",\"id\":64,\"beforeField\":\"\",\"afterField\":\"\",\"parentType\":\"textbox\",\"element_templates\":[\"tel\",\"textbox\",\"input\"],\"old_classname\":\"\",\"wrap_template\":\"wrap\"},{\"objectType\":\"Field\",\"objectDomain\":\"fields\",\"editActive\":false,\"order\":6,\"idAttribute\":\"id\",\"type\":\"date\",\"label\":\"Datum\",\"key\":\"date_1502795524713\",\"label_pos\":\"above\",\"required\":1,\"container_class\":\"\",\"element_class\":\"\",\"manual_key\":false,\"admin_label\":\"\",\"help_text\":\"\",\"desc_text\":\"\",\"date_default\":\"\",\"date_format\":\"\",\"year_range_start\":\"\",\"year_range_end\":\"\",\"drawerDisabled\":false,\"placeholder\":\"\",\"date_mode\":\"date_only\",\"hours_24\":0,\"minute_increment\":5,\"id\":65,\"beforeField\":\"\",\"afterField\":\"\",\"value\":\"\",\"parentType\":\"date\",\"element_templates\":[\"date\",\"textbox\",\"input\"],\"old_classname\":\"\",\"wrap_template\":\"wrap\"},{\"objectType\":\"Field\",\"objectDomain\":\"fields\",\"editActive\":false,\"order\":7,\"idAttribute\":\"id\",\"type\":\"submit\",\"label\":\"Absenden\",\"processing_label\":\"Verarbeite\",\"container_class\":\"\",\"element_class\":\"\",\"key\":\"submit_1502795158260\",\"drawerDisabled\":false,\"admin_label\":\"\",\"id\":67,\"beforeField\":\"\",\"afterField\":\"\",\"value\":\"\",\"label_pos\":\"above\",\"parentType\":\"textbox\",\"element_templates\":[\"submit\",\"button\",\"input\"],\"old_classname\":\"\",\"wrap_template\":\"wrap-no-label\"}];nfForms.push(form);<\/script>\n        \n","protected":false},"excerpt":{"rendered":"<p>Der gew\u00e4hlte Kurs findet im (Labor) in der Marienstra\u00dfe (W\u00fcrfel) im Raum M321 statt Anmeldeschluss 15.Oktober 25 Excel f\u00fcr Anf\u00e4ngerIn dem Kurs, der 6 Doppelstunden umfasst, werden Grundkenntnisse eines Kalkulationsprogrammes erworben. Neben den M\u00f6glichkeiten, den Computer rechnen zu lassen, gibt es weitaus mehr: Es lassen sich Stundenpl\u00e4ne erstellen, man kann Vereinsmitglieder verwalten, Zahlenreihen wie Wahlergebnisse <a class=\"more-link\" href=\"https:\/\/www.seniorenakademie.dhbw-heidenheim.de\/index.php\/semesterprogramm-2025-2026\/sprachen-und-digitale-medien-25-26\/excel-oder-powerpoint-fuer-anfaenger\/\">weiterlesen&#8230;<\/a><\/p>\n","protected":false},"author":10,"featured_media":0,"parent":12028,"menu_order":0,"comment_status":"closed","ping_status":"closed","template":"","meta":{"_crdt_document":"","_themeisle_gutenberg_block_has_review":false,"footnotes":""},"class_list":["post-13135","page","type-page","status-publish","hentry","gallery-content-unit"],"_links":{"self":[{"href":"https:\/\/www.seniorenakademie.dhbw-heidenheim.de\/index.php\/wp-json\/wp\/v2\/pages\/13135","targetHints":{"allow":["GET"]}}],"collection":[{"href":"https:\/\/www.seniorenakademie.dhbw-heidenheim.de\/index.php\/wp-json\/wp\/v2\/pages"}],"about":[{"href":"https:\/\/www.seniorenakademie.dhbw-heidenheim.de\/index.php\/wp-json\/wp\/v2\/types\/page"}],"author":[{"embeddable":true,"href":"https:\/\/www.seniorenakademie.dhbw-heidenheim.de\/index.php\/wp-json\/wp\/v2\/users\/10"}],"replies":[{"embeddable":true,"href":"https:\/\/www.seniorenakademie.dhbw-heidenheim.de\/index.php\/wp-json\/wp\/v2\/comments?post=13135"}],"version-history":[{"count":8,"href":"https:\/\/www.seniorenakademie.dhbw-heidenheim.de\/index.php\/wp-json\/wp\/v2\/pages\/13135\/revisions"}],"predecessor-version":[{"id":13620,"href":"https:\/\/www.seniorenakademie.dhbw-heidenheim.de\/index.php\/wp-json\/wp\/v2\/pages\/13135\/revisions\/13620"}],"up":[{"embeddable":true,"href":"https:\/\/www.seniorenakademie.dhbw-heidenheim.de\/index.php\/wp-json\/wp\/v2\/pages\/12028"}],"wp:attachment":[{"href":"https:\/\/www.seniorenakademie.dhbw-heidenheim.de\/index.php\/wp-json\/wp\/v2\/media?parent=13135"}],"curies":[{"name":"wp","href":"https:\/\/api.w.org\/{rel}","templated":true}]}}