{"id":13132,"date":"2025-06-30T11:31:24","date_gmt":"2025-06-30T09:31:24","guid":{"rendered":"https:\/\/www.seniorenakademie.dhbw-heidenheim.de\/?page_id=13132"},"modified":"2025-06-30T11:31:24","modified_gmt":"2025-06-30T09:31:24","slug":"kambodscha-reise-im-november-2023-diashow-teil-2","status":"publish","type":"page","link":"https:\/\/www.seniorenakademie.dhbw-heidenheim.de\/index.php\/semesterprogramm-2025-2026\/veranstaltungen-25-26\/kambodscha-reise-im-november-2023-diashow-teil-2\/","title":{"rendered":"Kambodscha \u2013 Reise im November 2023 Diashow Teil 2"},"content":{"rendered":"\n<p class=\"wp-block-paragraph\">Flug nach Siem Reap, Ausgangspunkt f\u00fcr einen ausf\u00fchrlichen Besuch der vom Dschungel \u00fcberwucherten und teilweise freigelegten Stadt Ankor mit seinen vielen Pal\u00e4sten, Tempeln und Kl\u00f6stern. Unweit der Stadt liegt der riesige Tonle-Sap-See mit seinem halbj\u00e4hrlichen Wechselspiel von Hoch- und Niedrigwasser. <\/p>\n\n\n\n<p class=\"wp-block-paragraph\">Die Hauptstadt Phnom Penh beeindruckt mit ihrem quirligen Leben, aber auch mit dem fantastischen K\u00f6nigspalast. Aber auch hier m\u00fcssen wir die schreckliche Zeit des Rote-Khmer-Regimes ersch\u00fctternd zur<\/p>\n\n\n\n<p class=\"wp-block-paragraph\">Kenntnis nehmen.<\/p>\n\n\n\n<p class=\"wp-block-paragraph\">Danach erleben wir in einem der gr\u00f6\u00dften Dschungelgebiete S\u00fcd-Ost-Asiens in einem Nationalpark Einfachheit und tolle Natur. <\/p>\n\n\n\n<p class=\"wp-block-paragraph\">Ebenfalls tolle Natur gibt es auf der der Stadt Sihanoukville im Golf von Thailand vorgelagerten Insel Koh Rong Samloem. Unter anderem eine ganz besondere, \u00fcberraschendeTierbegegnung durften wir erleben.<\/p>\n\n\n\n<p class=\"wp-block-paragraph\">\u00dcber Sihanoukville zur\u00fcck nach Phnom Penh und dann wieder \u00fcber Bangkok und Dubai nach Frankfurt.<\/p>\n","protected":false},"excerpt":{"rendered":"<p>Flug nach Siem Reap, Ausgangspunkt f\u00fcr einen ausf\u00fchrlichen Besuch der vom Dschungel \u00fcberwucherten und teilweise freigelegten Stadt Ankor mit seinen vielen Pal\u00e4sten, Tempeln und Kl\u00f6stern. Unweit der Stadt liegt der riesige Tonle-Sap-See mit seinem halbj\u00e4hrlichen Wechselspiel von Hoch- und Niedrigwasser. Die Hauptstadt Phnom Penh beeindruckt mit ihrem quirligen Leben, aber auch mit dem fantastischen K\u00f6nigspalast. <a class=\"more-link\" href=\"https:\/\/www.seniorenakademie.dhbw-heidenheim.de\/index.php\/semesterprogramm-2025-2026\/veranstaltungen-25-26\/kambodscha-reise-im-november-2023-diashow-teil-2\/\">weiterlesen&#8230;<\/a><\/p>\n","protected":false},"author":10,"featured_media":0,"parent":12007,"menu_order":0,"comment_status":"closed","ping_status":"closed","template":"","meta":{"_crdt_document":"","_themeisle_gutenberg_block_has_review":false,"footnotes":""},"class_list":["post-13132","page","type-page","status-publish","hentry","gallery-content-unit"],"_links":{"self":[{"href":"https:\/\/www.seniorenakademie.dhbw-heidenheim.de\/index.php\/wp-json\/wp\/v2\/pages\/13132","targetHints":{"allow":["GET"]}}],"collection":[{"href":"https:\/\/www.seniorenakademie.dhbw-heidenheim.de\/index.php\/wp-json\/wp\/v2\/pages"}],"about":[{"href":"https:\/\/www.seniorenakademie.dhbw-heidenheim.de\/index.php\/wp-json\/wp\/v2\/types\/page"}],"author":[{"embeddable":true,"href":"https:\/\/www.seniorenakademie.dhbw-heidenheim.de\/index.php\/wp-json\/wp\/v2\/users\/10"}],"replies":[{"embeddable":true,"href":"https:\/\/www.seniorenakademie.dhbw-heidenheim.de\/index.php\/wp-json\/wp\/v2\/comments?post=13132"}],"version-history":[{"count":1,"href":"https:\/\/www.seniorenakademie.dhbw-heidenheim.de\/index.php\/wp-json\/wp\/v2\/pages\/13132\/revisions"}],"predecessor-version":[{"id":13133,"href":"https:\/\/www.seniorenakademie.dhbw-heidenheim.de\/index.php\/wp-json\/wp\/v2\/pages\/13132\/revisions\/13133"}],"up":[{"embeddable":true,"href":"https:\/\/www.seniorenakademie.dhbw-heidenheim.de\/index.php\/wp-json\/wp\/v2\/pages\/12007"}],"wp:attachment":[{"href":"https:\/\/www.seniorenakademie.dhbw-heidenheim.de\/index.php\/wp-json\/wp\/v2\/media?parent=13132"}],"curies":[{"name":"wp","href":"https:\/\/api.w.org\/{rel}","templated":true}]}}