{"id":13128,"date":"2025-06-30T11:27:20","date_gmt":"2025-06-30T09:27:20","guid":{"rendered":"https:\/\/www.seniorenakademie.dhbw-heidenheim.de\/?page_id=13128"},"modified":"2025-06-30T11:27:59","modified_gmt":"2025-06-30T09:27:59","slug":"laos-reise-im-november-2023-diashow-teil-1","status":"publish","type":"page","link":"https:\/\/www.seniorenakademie.dhbw-heidenheim.de\/index.php\/semesterprogramm-2025-2026\/veranstaltungen-25-26\/laos-reise-im-november-2023-diashow-teil-1\/","title":{"rendered":"Laos &#8211; Reise im November 2023 Diashow Teil 1"},"content":{"rendered":"\n<p class=\"wp-block-paragraph\"><strong><u>Diashow Teil 1 \u2013 Laos<\/u><\/strong><\/p>\n\n\n\n<p class=\"wp-block-paragraph\">Flug \u00fcber Dubai und Bangkok in den Norden von Laos in die alte K\u00f6nigsstadt Luang Prabang mit seinen \u00fcber 30 als Weltkulturerbe ausgezeichneten wundersch\u00f6nen Tempeln und Kl\u00f6stern.<\/p>\n\n\n\n<p class=\"wp-block-paragraph\">Auf dem Mekong fahren wir mit einem kleinen Boot gut 20 km durch herrliche Landschaft entlang des Dschungels stromauf zu den Pak Ou-H\u00f6hlen mit ihren ca. 6.000 unterschiedlichen Buddha-Statuen.<\/p>\n\n\n\n<p class=\"wp-block-paragraph\">Mit dem neuen von China erbauten Schnellzug fahren wir s\u00fcdlich in die Stadt Viang Vieng, wo wir einen au\u00dfergew\u00f6hnlichen Sonnenaufgang erleben. Die Hauptstadt Vientiane mit ihren vielen Sehensw\u00fcrdigkeiten, aber auch dem Gedenken an die unmenschliche Bombardierung w\u00e4hrend des Vietnam-Krieges beschlie\u00dft den ersten Teil der Reise.<\/p>\n","protected":false},"excerpt":{"rendered":"<p>Diashow Teil 1 \u2013 Laos Flug \u00fcber Dubai und Bangkok in den Norden von Laos in die alte K\u00f6nigsstadt Luang Prabang mit seinen \u00fcber 30 als Weltkulturerbe ausgezeichneten wundersch\u00f6nen Tempeln und Kl\u00f6stern. Auf dem Mekong fahren wir mit einem kleinen Boot gut 20 km durch herrliche Landschaft entlang des Dschungels stromauf zu den Pak Ou-H\u00f6hlen <a class=\"more-link\" href=\"https:\/\/www.seniorenakademie.dhbw-heidenheim.de\/index.php\/semesterprogramm-2025-2026\/veranstaltungen-25-26\/laos-reise-im-november-2023-diashow-teil-1\/\">weiterlesen&#8230;<\/a><\/p>\n","protected":false},"author":10,"featured_media":0,"parent":12007,"menu_order":0,"comment_status":"closed","ping_status":"closed","template":"","meta":{"_crdt_document":"","_themeisle_gutenberg_block_has_review":false,"footnotes":""},"class_list":["post-13128","page","type-page","status-publish","hentry","gallery-content-unit"],"_links":{"self":[{"href":"https:\/\/www.seniorenakademie.dhbw-heidenheim.de\/index.php\/wp-json\/wp\/v2\/pages\/13128","targetHints":{"allow":["GET"]}}],"collection":[{"href":"https:\/\/www.seniorenakademie.dhbw-heidenheim.de\/index.php\/wp-json\/wp\/v2\/pages"}],"about":[{"href":"https:\/\/www.seniorenakademie.dhbw-heidenheim.de\/index.php\/wp-json\/wp\/v2\/types\/page"}],"author":[{"embeddable":true,"href":"https:\/\/www.seniorenakademie.dhbw-heidenheim.de\/index.php\/wp-json\/wp\/v2\/users\/10"}],"replies":[{"embeddable":true,"href":"https:\/\/www.seniorenakademie.dhbw-heidenheim.de\/index.php\/wp-json\/wp\/v2\/comments?post=13128"}],"version-history":[{"count":2,"href":"https:\/\/www.seniorenakademie.dhbw-heidenheim.de\/index.php\/wp-json\/wp\/v2\/pages\/13128\/revisions"}],"predecessor-version":[{"id":13130,"href":"https:\/\/www.seniorenakademie.dhbw-heidenheim.de\/index.php\/wp-json\/wp\/v2\/pages\/13128\/revisions\/13130"}],"up":[{"embeddable":true,"href":"https:\/\/www.seniorenakademie.dhbw-heidenheim.de\/index.php\/wp-json\/wp\/v2\/pages\/12007"}],"wp:attachment":[{"href":"https:\/\/www.seniorenakademie.dhbw-heidenheim.de\/index.php\/wp-json\/wp\/v2\/media?parent=13128"}],"curies":[{"name":"wp","href":"https:\/\/api.w.org\/{rel}","templated":true}]}}