{"id":13125,"date":"2025-06-30T11:24:05","date_gmt":"2025-06-30T09:24:05","guid":{"rendered":"https:\/\/www.seniorenakademie.dhbw-heidenheim.de\/?page_id=13125"},"modified":"2025-06-30T11:24:06","modified_gmt":"2025-06-30T09:24:06","slug":"80-jahre-nach-elsers-tod-ist-elser-noch-heute-aktuell","status":"publish","type":"page","link":"https:\/\/www.seniorenakademie.dhbw-heidenheim.de\/index.php\/semesterprogramm-2025-2026\/veranstaltungen-25-26\/80-jahre-nach-elsers-tod-ist-elser-noch-heute-aktuell\/","title":{"rendered":"80 Jahre nach Elsers Tod. Ist Elser noch heute aktuell?"},"content":{"rendered":"\n<p class=\"wp-block-paragraph\"><strong>80 Jahre nach Elsers Tod und 86 Jahre nach dem Attentat: Sollen wir es gut sein lassen? Was w\u00e4ren die Folgen, wenn wir nicht mehr \u00fcber die Nazi-Zeit reden w\u00fcrden? Elser hat gezeigt, dass auch einfache Menschen sehr wohl zu richtigen Einsichten gelangen k\u00f6nnen.<\/strong><\/p>\n","protected":false},"excerpt":{"rendered":"<p>80 Jahre nach Elsers Tod und 86 Jahre nach dem Attentat: Sollen wir es gut sein lassen? Was w\u00e4ren die Folgen, wenn wir nicht mehr \u00fcber die Nazi-Zeit reden w\u00fcrden? Elser hat gezeigt, dass auch einfache Menschen sehr wohl zu richtigen Einsichten gelangen k\u00f6nnen.<\/p>\n","protected":false},"author":10,"featured_media":0,"parent":12007,"menu_order":0,"comment_status":"closed","ping_status":"closed","template":"","meta":{"_crdt_document":"","_themeisle_gutenberg_block_has_review":false,"footnotes":""},"class_list":["post-13125","page","type-page","status-publish","hentry","gallery-content-unit"],"_links":{"self":[{"href":"https:\/\/www.seniorenakademie.dhbw-heidenheim.de\/index.php\/wp-json\/wp\/v2\/pages\/13125","targetHints":{"allow":["GET"]}}],"collection":[{"href":"https:\/\/www.seniorenakademie.dhbw-heidenheim.de\/index.php\/wp-json\/wp\/v2\/pages"}],"about":[{"href":"https:\/\/www.seniorenakademie.dhbw-heidenheim.de\/index.php\/wp-json\/wp\/v2\/types\/page"}],"author":[{"embeddable":true,"href":"https:\/\/www.seniorenakademie.dhbw-heidenheim.de\/index.php\/wp-json\/wp\/v2\/users\/10"}],"replies":[{"embeddable":true,"href":"https:\/\/www.seniorenakademie.dhbw-heidenheim.de\/index.php\/wp-json\/wp\/v2\/comments?post=13125"}],"version-history":[{"count":1,"href":"https:\/\/www.seniorenakademie.dhbw-heidenheim.de\/index.php\/wp-json\/wp\/v2\/pages\/13125\/revisions"}],"predecessor-version":[{"id":13126,"href":"https:\/\/www.seniorenakademie.dhbw-heidenheim.de\/index.php\/wp-json\/wp\/v2\/pages\/13125\/revisions\/13126"}],"up":[{"embeddable":true,"href":"https:\/\/www.seniorenakademie.dhbw-heidenheim.de\/index.php\/wp-json\/wp\/v2\/pages\/12007"}],"wp:attachment":[{"href":"https:\/\/www.seniorenakademie.dhbw-heidenheim.de\/index.php\/wp-json\/wp\/v2\/media?parent=13125"}],"curies":[{"name":"wp","href":"https:\/\/api.w.org\/{rel}","templated":true}]}}