{"id":13121,"date":"2025-06-30T11:18:42","date_gmt":"2025-06-30T09:18:42","guid":{"rendered":"https:\/\/www.seniorenakademie.dhbw-heidenheim.de\/?page_id=13121"},"modified":"2025-06-30T11:18:43","modified_gmt":"2025-06-30T09:18:43","slug":"sachsen-anhalt-das-land-im-herzen-deutschlands","status":"publish","type":"page","link":"https:\/\/www.seniorenakademie.dhbw-heidenheim.de\/index.php\/semesterprogramm-2025-2026\/veranstaltungen-25-26\/sachsen-anhalt-das-land-im-herzen-deutschlands\/","title":{"rendered":"Sachsen-Anhalt, das Land im Herzen Deutschlands"},"content":{"rendered":"\n<div class=\"wp-block-media-text is-stacked-on-mobile\"><figure class=\"wp-block-media-text__media\"><img loading=\"lazy\" decoding=\"async\" width=\"724\" height=\"543\" src=\"https:\/\/www.seniorenakademie.dhbw-heidenheim.de\/wp-content\/uploads\/2025\/06\/S-An-C_2.jpg\" alt=\"\" class=\"wp-image-13122 size-full\" srcset=\"https:\/\/www.seniorenakademie.dhbw-heidenheim.de\/wp-content\/uploads\/2025\/06\/S-An-C_2.jpg 724w, https:\/\/www.seniorenakademie.dhbw-heidenheim.de\/wp-content\/uploads\/2025\/06\/S-An-C_2-300x225.jpg 300w\" sizes=\"auto, (max-width: 724px) 100vw, 724px\" \/><\/figure><div class=\"wp-block-media-text__content\">\n<p class=\"wp-block-paragraph\">Wer Sachsen-Anhalt nicht kennt, wird freudig erstaunt sein, welche Sch\u00e4tze dieses Land zu bieten hat: Von allen deutschen Bundesl\u00e4ndern besitzt Sachsen-Anhalt \u2013 bezogen sowohl auf seine Fl\u00e4che als auch auf die Einwohnerzahl \u2013 die gr\u00f6\u00dfte Anzahl Unesco-Welterbest\u00e4tten wie z.B. Quedlinburg mit seiner hohen Dichte an wundersch\u00f6nen Fachwerkh\u00e4usern in einer faszinierenden Stilvielfalt. Halle mit Moritzburg und Museum f\u00fcr Vorgeschichte sowie das Bauhaus in Dessau sind zwei weitere Beispiele f\u00fcr lohnenswerte Ziele, und Naumburg hat noch weit mehr aufzuweisen als seine ber\u00fchmte Stifterfigur Uta. All diese St\u00e4tten und noch weitere werden wir in diesem Vortrag besuchen. Schlie\u00dflich reisen wir noch 7000 Jahre zur\u00fcck zu verbl\u00fcffenden Funden \u2013 Stichwort \u201eNebra\u201c \u2013 und weiteren Erkenntnissen aus der Bronzezeit.<\/p>\n<\/div><\/div>\n","protected":false},"excerpt":{"rendered":"<p>Wer Sachsen-Anhalt nicht kennt, wird freudig erstaunt sein, welche Sch\u00e4tze dieses Land zu bieten hat: Von allen deutschen Bundesl\u00e4ndern besitzt Sachsen-Anhalt \u2013 bezogen sowohl auf seine Fl\u00e4che als auch auf die Einwohnerzahl \u2013 die gr\u00f6\u00dfte Anzahl Unesco-Welterbest\u00e4tten wie z.B. Quedlinburg mit seiner hohen Dichte an wundersch\u00f6nen Fachwerkh\u00e4usern in einer faszinierenden Stilvielfalt. Halle mit Moritzburg und <a class=\"more-link\" href=\"https:\/\/www.seniorenakademie.dhbw-heidenheim.de\/index.php\/semesterprogramm-2025-2026\/veranstaltungen-25-26\/sachsen-anhalt-das-land-im-herzen-deutschlands\/\">weiterlesen&#8230;<\/a><\/p>\n","protected":false},"author":10,"featured_media":0,"parent":12007,"menu_order":0,"comment_status":"closed","ping_status":"closed","template":"","meta":{"_crdt_document":"","_themeisle_gutenberg_block_has_review":false,"footnotes":""},"class_list":["post-13121","page","type-page","status-publish","hentry","gallery-content-unit"],"_links":{"self":[{"href":"https:\/\/www.seniorenakademie.dhbw-heidenheim.de\/index.php\/wp-json\/wp\/v2\/pages\/13121","targetHints":{"allow":["GET"]}}],"collection":[{"href":"https:\/\/www.seniorenakademie.dhbw-heidenheim.de\/index.php\/wp-json\/wp\/v2\/pages"}],"about":[{"href":"https:\/\/www.seniorenakademie.dhbw-heidenheim.de\/index.php\/wp-json\/wp\/v2\/types\/page"}],"author":[{"embeddable":true,"href":"https:\/\/www.seniorenakademie.dhbw-heidenheim.de\/index.php\/wp-json\/wp\/v2\/users\/10"}],"replies":[{"embeddable":true,"href":"https:\/\/www.seniorenakademie.dhbw-heidenheim.de\/index.php\/wp-json\/wp\/v2\/comments?post=13121"}],"version-history":[{"count":1,"href":"https:\/\/www.seniorenakademie.dhbw-heidenheim.de\/index.php\/wp-json\/wp\/v2\/pages\/13121\/revisions"}],"predecessor-version":[{"id":13123,"href":"https:\/\/www.seniorenakademie.dhbw-heidenheim.de\/index.php\/wp-json\/wp\/v2\/pages\/13121\/revisions\/13123"}],"up":[{"embeddable":true,"href":"https:\/\/www.seniorenakademie.dhbw-heidenheim.de\/index.php\/wp-json\/wp\/v2\/pages\/12007"}],"wp:attachment":[{"href":"https:\/\/www.seniorenakademie.dhbw-heidenheim.de\/index.php\/wp-json\/wp\/v2\/media?parent=13121"}],"curies":[{"name":"wp","href":"https:\/\/api.w.org\/{rel}","templated":true}]}}