{"id":13108,"date":"2025-06-30T10:55:07","date_gmt":"2025-06-30T08:55:07","guid":{"rendered":"https:\/\/www.seniorenakademie.dhbw-heidenheim.de\/?page_id=13108"},"modified":"2025-06-30T10:55:07","modified_gmt":"2025-06-30T08:55:07","slug":"marokko-mit-dem-wohnmobil-ein-reise-und-erlebnisbericht","status":"publish","type":"page","link":"https:\/\/www.seniorenakademie.dhbw-heidenheim.de\/index.php\/semesterprogramm-2025-2026\/veranstaltungen-25-26\/marokko-mit-dem-wohnmobil-ein-reise-und-erlebnisbericht\/","title":{"rendered":"Marokko mit dem Wohnmobil: ein Reise- und Erlebnisbericht"},"content":{"rendered":"\n<p class=\"wp-block-paragraph\">Marokko, das Land im Nordwesten Afrikas, ist zwar nur wenige Kilometer von Europa entfernt. Trotzdem f\u00fchlt man sich beim Besuch in eine andere Welt versetzt. \u201e1001-Nacht\u201c ist nahe und erlebbar.<\/p>\n\n\n\n<div class=\"wp-block-media-text is-stacked-on-mobile\"><figure class=\"wp-block-media-text__media\"><img loading=\"lazy\" decoding=\"async\" width=\"911\" height=\"534\" src=\"https:\/\/www.seniorenakademie.dhbw-heidenheim.de\/wp-content\/uploads\/2025\/06\/Marokko-1.jpg\" alt=\"\" class=\"wp-image-13109 size-full\" srcset=\"https:\/\/www.seniorenakademie.dhbw-heidenheim.de\/wp-content\/uploads\/2025\/06\/Marokko-1.jpg 911w, https:\/\/www.seniorenakademie.dhbw-heidenheim.de\/wp-content\/uploads\/2025\/06\/Marokko-1-300x176.jpg 300w, https:\/\/www.seniorenakademie.dhbw-heidenheim.de\/wp-content\/uploads\/2025\/06\/Marokko-1-768x450.jpg 768w\" sizes=\"auto, (max-width: 911px) 100vw, 911px\" \/><\/figure><div class=\"wp-block-media-text__content\">\n<p class=\"wp-block-paragraph\">Die K\u00f6nigsst\u00e4dte Rabat, Marrakech, F\u00e8s und Meknes ziehen Besucher aus aller Welt an.<\/p>\n\n\n\n<p class=\"wp-block-paragraph\">Abwechslungsreiche Landschaften mit endlosen Str\u00e4nden, herrliche Berg-und W\u00fcstenregionen faszinieren.<\/p>\n<\/div><\/div>\n\n\n\n<figure class=\"wp-block-gallery has-nested-images columns-default is-cropped wp-block-gallery-1 is-layout-flex wp-block-gallery-is-layout-flex\">\n<figure class=\"wp-block-image size-large\"><img loading=\"lazy\" decoding=\"async\" width=\"470\" height=\"352\" data-id=\"13110\" src=\"https:\/\/www.seniorenakademie.dhbw-heidenheim.de\/wp-content\/uploads\/2025\/06\/Marokko-2.jpg\" alt=\"\" class=\"wp-image-13110\" srcset=\"https:\/\/www.seniorenakademie.dhbw-heidenheim.de\/wp-content\/uploads\/2025\/06\/Marokko-2.jpg 470w, https:\/\/www.seniorenakademie.dhbw-heidenheim.de\/wp-content\/uploads\/2025\/06\/Marokko-2-300x225.jpg 300w\" sizes=\"auto, (max-width: 470px) 100vw, 470px\" \/><\/figure>\n\n\n\n<figure class=\"wp-block-image size-large\"><img loading=\"lazy\" decoding=\"async\" width=\"333\" height=\"367\" data-id=\"13113\" src=\"https:\/\/www.seniorenakademie.dhbw-heidenheim.de\/wp-content\/uploads\/2025\/06\/Marokko-3.jpg\" alt=\"\" class=\"wp-image-13113\" srcset=\"https:\/\/www.seniorenakademie.dhbw-heidenheim.de\/wp-content\/uploads\/2025\/06\/Marokko-3.jpg 333w, https:\/\/www.seniorenakademie.dhbw-heidenheim.de\/wp-content\/uploads\/2025\/06\/Marokko-3-272x300.jpg 272w\" sizes=\"auto, (max-width: 333px) 100vw, 333px\" \/><\/figure>\n\n\n\n<figure class=\"wp-block-image size-large\"><img loading=\"lazy\" decoding=\"async\" width=\"468\" height=\"351\" data-id=\"13111\" src=\"https:\/\/www.seniorenakademie.dhbw-heidenheim.de\/wp-content\/uploads\/2025\/06\/Marokko-4.jpg\" alt=\"\" class=\"wp-image-13111\" srcset=\"https:\/\/www.seniorenakademie.dhbw-heidenheim.de\/wp-content\/uploads\/2025\/06\/Marokko-4.jpg 468w, https:\/\/www.seniorenakademie.dhbw-heidenheim.de\/wp-content\/uploads\/2025\/06\/Marokko-4-300x225.jpg 300w\" sizes=\"auto, (max-width: 468px) 100vw, 468px\" \/><\/figure>\n\n\n\n<figure class=\"wp-block-image size-large\"><img loading=\"lazy\" decoding=\"async\" width=\"425\" height=\"536\" data-id=\"13114\" src=\"https:\/\/www.seniorenakademie.dhbw-heidenheim.de\/wp-content\/uploads\/2025\/06\/Marokko-5.jpg\" alt=\"\" class=\"wp-image-13114\" srcset=\"https:\/\/www.seniorenakademie.dhbw-heidenheim.de\/wp-content\/uploads\/2025\/06\/Marokko-5.jpg 425w, https:\/\/www.seniorenakademie.dhbw-heidenheim.de\/wp-content\/uploads\/2025\/06\/Marokko-5-238x300.jpg 238w\" sizes=\"auto, (max-width: 425px) 100vw, 425px\" \/><\/figure>\n\n\n\n<figure class=\"wp-block-image size-large\"><img loading=\"lazy\" decoding=\"async\" width=\"359\" height=\"549\" data-id=\"13112\" src=\"https:\/\/www.seniorenakademie.dhbw-heidenheim.de\/wp-content\/uploads\/2025\/06\/Marokko-6.jpg\" alt=\"\" class=\"wp-image-13112\" srcset=\"https:\/\/www.seniorenakademie.dhbw-heidenheim.de\/wp-content\/uploads\/2025\/06\/Marokko-6.jpg 359w, https:\/\/www.seniorenakademie.dhbw-heidenheim.de\/wp-content\/uploads\/2025\/06\/Marokko-6-196x300.jpg 196w\" sizes=\"auto, (max-width: 359px) 100vw, 359px\" \/><\/figure>\n<\/figure>\n\n\n\n<p class=\"wp-block-paragraph\">Farbenfrohe St\u00e4dte und eindrucksvolle Menschen geh\u00f6ren dazu.<\/p>\n\n\n\n<p class=\"wp-block-paragraph\">Erleben Sie unser \u201eWohnmobil-Marokko-Abenteuer\u201c mit.<\/p>\n","protected":false},"excerpt":{"rendered":"<p>Marokko, das Land im Nordwesten Afrikas, ist zwar nur wenige Kilometer von Europa entfernt. Trotzdem f\u00fchlt man sich beim Besuch in eine andere Welt versetzt. \u201e1001-Nacht\u201c ist nahe und erlebbar. Die K\u00f6nigsst\u00e4dte Rabat, Marrakech, F\u00e8s und Meknes ziehen Besucher aus aller Welt an. Abwechslungsreiche Landschaften mit endlosen Str\u00e4nden, herrliche Berg-und W\u00fcstenregionen faszinieren. Farbenfrohe St\u00e4dte und <a class=\"more-link\" href=\"https:\/\/www.seniorenakademie.dhbw-heidenheim.de\/index.php\/semesterprogramm-2025-2026\/veranstaltungen-25-26\/marokko-mit-dem-wohnmobil-ein-reise-und-erlebnisbericht\/\">weiterlesen&#8230;<\/a><\/p>\n","protected":false},"author":10,"featured_media":0,"parent":12007,"menu_order":0,"comment_status":"closed","ping_status":"closed","template":"","meta":{"_crdt_document":"","_themeisle_gutenberg_block_has_review":false,"footnotes":""},"class_list":["post-13108","page","type-page","status-publish","hentry","gallery-content-unit"],"_links":{"self":[{"href":"https:\/\/www.seniorenakademie.dhbw-heidenheim.de\/index.php\/wp-json\/wp\/v2\/pages\/13108","targetHints":{"allow":["GET"]}}],"collection":[{"href":"https:\/\/www.seniorenakademie.dhbw-heidenheim.de\/index.php\/wp-json\/wp\/v2\/pages"}],"about":[{"href":"https:\/\/www.seniorenakademie.dhbw-heidenheim.de\/index.php\/wp-json\/wp\/v2\/types\/page"}],"author":[{"embeddable":true,"href":"https:\/\/www.seniorenakademie.dhbw-heidenheim.de\/index.php\/wp-json\/wp\/v2\/users\/10"}],"replies":[{"embeddable":true,"href":"https:\/\/www.seniorenakademie.dhbw-heidenheim.de\/index.php\/wp-json\/wp\/v2\/comments?post=13108"}],"version-history":[{"count":1,"href":"https:\/\/www.seniorenakademie.dhbw-heidenheim.de\/index.php\/wp-json\/wp\/v2\/pages\/13108\/revisions"}],"predecessor-version":[{"id":13115,"href":"https:\/\/www.seniorenakademie.dhbw-heidenheim.de\/index.php\/wp-json\/wp\/v2\/pages\/13108\/revisions\/13115"}],"up":[{"embeddable":true,"href":"https:\/\/www.seniorenakademie.dhbw-heidenheim.de\/index.php\/wp-json\/wp\/v2\/pages\/12007"}],"wp:attachment":[{"href":"https:\/\/www.seniorenakademie.dhbw-heidenheim.de\/index.php\/wp-json\/wp\/v2\/media?parent=13108"}],"curies":[{"name":"wp","href":"https:\/\/api.w.org\/{rel}","templated":true}]}}