{"id":13074,"date":"2025-06-23T11:06:05","date_gmt":"2025-06-23T09:06:05","guid":{"rendered":"https:\/\/www.seniorenakademie.dhbw-heidenheim.de\/?page_id=13074"},"modified":"2025-06-23T11:06:05","modified_gmt":"2025-06-23T09:06:05","slug":"500-jahre-bauernkrieg-im-heidenheimer-land","status":"publish","type":"page","link":"https:\/\/www.seniorenakademie.dhbw-heidenheim.de\/index.php\/semesterprogramm-2025-2026\/veranstaltungen-25-26\/500-jahre-bauernkrieg-im-heidenheimer-land\/","title":{"rendered":"500 Jahre Bauernkrieg im Heidenheimer Land"},"content":{"rendered":"\n<div class=\"wp-block-media-text is-stacked-on-mobile\" style=\"grid-template-columns:27% auto\"><figure class=\"wp-block-media-text__media\"><img loading=\"lazy\" decoding=\"async\" width=\"234\" height=\"331\" src=\"https:\/\/www.seniorenakademie.dhbw-heidenheim.de\/wp-content\/uploads\/2025\/06\/Bauernkrieg.png\" alt=\"\" class=\"wp-image-13075 size-full\" srcset=\"https:\/\/www.seniorenakademie.dhbw-heidenheim.de\/wp-content\/uploads\/2025\/06\/Bauernkrieg.png 234w, https:\/\/www.seniorenakademie.dhbw-heidenheim.de\/wp-content\/uploads\/2025\/06\/Bauernkrieg-212x300.png 212w\" sizes=\"auto, (max-width: 234px) 100vw, 234px\" \/><\/figure><div class=\"wp-block-media-text__content\">\n<p class=\"wp-block-paragraph\">Vor 500 Jahren, im Fr\u00fchjahr 1525, war das ganze Amt Heidenheim in revolution\u00e4rem Aufruhr. Auch bei uns schlossen sich die Bauern zur Durchsetzung ihrer Forderungen dem Bauernhaufen von Langenau an. Die vereinigten Bauernhaufen von Albuch und Donau wurden am 4. April 1525 in der gro\u00dfen \u201eSchlacht bei Leipheim\u201c in einem furchtbaren Gemetzel geschlagen, bei dem u.a. hunderte Aufst\u00e4ndische in der Donau ertr\u00e4nkt wurden. <\/p>\n<\/div><\/div>\n\n\n\n<p class=\"wp-block-paragraph\">Auch die \u00dcberlebenden wurden einem harten Strafgericht unterzogen. Die revolution\u00e4ren Ereignisse dieser Zeit, genannt \u201eBauernkrieg\u201c waren auch eine Bewegung der l\u00e4ndlichen und st\u00e4dtischen Unterschichten und B\u00fcrger, die lediglich heute als selbstverst\u00e4ndlich geltende Menschenrechte gegen\u00fcber Adel und Klerus einforderten. Der Referent hat zum Thema eine Brosch\u00fcre verfasst und behandelt in seiner Pr\u00e4sentation die historischen Ereignisse und ideologischen Positionen der Protagonisten, sowie deren Wirkung in den Folgejahren und m\u00f6gliche Lehren aus der Geschichte.\u00a0<\/p>\n","protected":false},"excerpt":{"rendered":"<p>Vor 500 Jahren, im Fr\u00fchjahr 1525, war das ganze Amt Heidenheim in revolution\u00e4rem Aufruhr. Auch bei uns schlossen sich die Bauern zur Durchsetzung ihrer Forderungen dem Bauernhaufen von Langenau an. Die vereinigten Bauernhaufen von Albuch und Donau wurden am 4. April 1525 in der gro\u00dfen \u201eSchlacht bei Leipheim\u201c in einem furchtbaren Gemetzel geschlagen, bei dem <a class=\"more-link\" href=\"https:\/\/www.seniorenakademie.dhbw-heidenheim.de\/index.php\/semesterprogramm-2025-2026\/veranstaltungen-25-26\/500-jahre-bauernkrieg-im-heidenheimer-land\/\">weiterlesen&#8230;<\/a><\/p>\n","protected":false},"author":10,"featured_media":0,"parent":12007,"menu_order":0,"comment_status":"closed","ping_status":"closed","template":"","meta":{"_crdt_document":"","_themeisle_gutenberg_block_has_review":false,"footnotes":""},"class_list":["post-13074","page","type-page","status-publish","hentry","gallery-content-unit"],"_links":{"self":[{"href":"https:\/\/www.seniorenakademie.dhbw-heidenheim.de\/index.php\/wp-json\/wp\/v2\/pages\/13074","targetHints":{"allow":["GET"]}}],"collection":[{"href":"https:\/\/www.seniorenakademie.dhbw-heidenheim.de\/index.php\/wp-json\/wp\/v2\/pages"}],"about":[{"href":"https:\/\/www.seniorenakademie.dhbw-heidenheim.de\/index.php\/wp-json\/wp\/v2\/types\/page"}],"author":[{"embeddable":true,"href":"https:\/\/www.seniorenakademie.dhbw-heidenheim.de\/index.php\/wp-json\/wp\/v2\/users\/10"}],"replies":[{"embeddable":true,"href":"https:\/\/www.seniorenakademie.dhbw-heidenheim.de\/index.php\/wp-json\/wp\/v2\/comments?post=13074"}],"version-history":[{"count":1,"href":"https:\/\/www.seniorenakademie.dhbw-heidenheim.de\/index.php\/wp-json\/wp\/v2\/pages\/13074\/revisions"}],"predecessor-version":[{"id":13076,"href":"https:\/\/www.seniorenakademie.dhbw-heidenheim.de\/index.php\/wp-json\/wp\/v2\/pages\/13074\/revisions\/13076"}],"up":[{"embeddable":true,"href":"https:\/\/www.seniorenakademie.dhbw-heidenheim.de\/index.php\/wp-json\/wp\/v2\/pages\/12007"}],"wp:attachment":[{"href":"https:\/\/www.seniorenakademie.dhbw-heidenheim.de\/index.php\/wp-json\/wp\/v2\/media?parent=13074"}],"curies":[{"name":"wp","href":"https:\/\/api.w.org\/{rel}","templated":true}]}}