{"id":13071,"date":"2025-06-23T10:48:20","date_gmt":"2025-06-23T08:48:20","guid":{"rendered":"https:\/\/www.seniorenakademie.dhbw-heidenheim.de\/?page_id=13071"},"modified":"2025-11-03T14:13:59","modified_gmt":"2025-11-03T13:13:59","slug":"woher-weiss-der-scanner-im-supermarkt-ob-er-richtig-gelesen-hat","status":"publish","type":"page","link":"https:\/\/www.seniorenakademie.dhbw-heidenheim.de\/index.php\/semesterprogramm-2025-2026\/veranstaltungen-25-26\/woher-weiss-der-scanner-im-supermarkt-ob-er-richtig-gelesen-hat\/","title":{"rendered":"Woher wei\u00df der Scanner im Supermarkt, ob er richtig gelesen hat?"},"content":{"rendered":"\n<p class=\"wp-block-paragraph\"><br>Rasend schnell erkennt der Scanner an der Supermarktkasse die gekauften Artikel samt deren Preis. M\u00f6glich machen dies die auf den Verpackungen aufgedruckten \u201eZebrastreifen\u201c. Was es mit diesen Streifen auf sich hat, wie diese in Zahlen verwandelt werden und wie schlie\u00dflich \u00fcberpr\u00fcft wird, ob die gelesenen Zahlen korrekt sind, hat nat\u00fcrlich wieder mit Mathematik zu tun. Insbesondere wird mit mathematischen Methoden festgestellt, ob die ermittelten Zahlen korrekt sind. Sie wollen ja schlie\u00dflich f\u00fcr einen Joghurt an der Kasse nicht mehrere hundert Euro bezahlen!<br>Noch heikler wird die Angelegenheit bei der Angabe der Kontoverbindung. Wie leicht kann es passieren, dass bei unserer 22-stelligen IBAN eine Ziffer falsch eingegeben wird \u2013 und prompt landet Ihre \u00dcberweisung auf dem falschen Konto. Falls Ihnen dies bei einer elektronischen \u00dcberweisung einmal passiert sein sollte, dann werden Sie bereits erfahren haben, dass das ebanking-System falsche Angaben erkennen kann.<br>Wie diese Erkennung funktioniert und ob tats\u00e4chlich alle Falscheingaben erkannt werden k\u00f6nnen, erkunden wir im Rahmen des Vortrags gemeinsam.<br>\u00a0<br><strong>Die H\u00f6rerinnen und H\u00f6rer sollten bitte etwas zu schreiben und nach <strong>M\u00f6glichkeit <\/strong>den Ausdruck eines EAN-Codes (Streifencode auf Verpackungen) mitbringen.<\/strong> Am besten ist es, wenn dieser aus der Verpackung ausgeschnitten wird, das ben\u00f6tigt am wenigsten Platz beim Transport. Man kann aber auch eine ganze Packung mit aufgedrucktem Streifencode mitbringen.<\/p>\n","protected":false},"excerpt":{"rendered":"<p>Rasend schnell erkennt der Scanner an der Supermarktkasse die gekauften Artikel samt deren Preis. M\u00f6glich machen dies die auf den Verpackungen aufgedruckten \u201eZebrastreifen\u201c. Was es mit diesen Streifen auf sich hat, wie diese in Zahlen verwandelt werden und wie schlie\u00dflich \u00fcberpr\u00fcft wird, ob die gelesenen Zahlen korrekt sind, hat nat\u00fcrlich wieder mit Mathematik zu tun. <a class=\"more-link\" href=\"https:\/\/www.seniorenakademie.dhbw-heidenheim.de\/index.php\/semesterprogramm-2025-2026\/veranstaltungen-25-26\/woher-weiss-der-scanner-im-supermarkt-ob-er-richtig-gelesen-hat\/\">weiterlesen&#8230;<\/a><\/p>\n","protected":false},"author":10,"featured_media":0,"parent":12007,"menu_order":0,"comment_status":"closed","ping_status":"closed","template":"","meta":{"_crdt_document":"","_themeisle_gutenberg_block_has_review":false,"footnotes":""},"class_list":["post-13071","page","type-page","status-publish","hentry","gallery-content-unit"],"_links":{"self":[{"href":"https:\/\/www.seniorenakademie.dhbw-heidenheim.de\/index.php\/wp-json\/wp\/v2\/pages\/13071","targetHints":{"allow":["GET"]}}],"collection":[{"href":"https:\/\/www.seniorenakademie.dhbw-heidenheim.de\/index.php\/wp-json\/wp\/v2\/pages"}],"about":[{"href":"https:\/\/www.seniorenakademie.dhbw-heidenheim.de\/index.php\/wp-json\/wp\/v2\/types\/page"}],"author":[{"embeddable":true,"href":"https:\/\/www.seniorenakademie.dhbw-heidenheim.de\/index.php\/wp-json\/wp\/v2\/users\/10"}],"replies":[{"embeddable":true,"href":"https:\/\/www.seniorenakademie.dhbw-heidenheim.de\/index.php\/wp-json\/wp\/v2\/comments?post=13071"}],"version-history":[{"count":2,"href":"https:\/\/www.seniorenakademie.dhbw-heidenheim.de\/index.php\/wp-json\/wp\/v2\/pages\/13071\/revisions"}],"predecessor-version":[{"id":13768,"href":"https:\/\/www.seniorenakademie.dhbw-heidenheim.de\/index.php\/wp-json\/wp\/v2\/pages\/13071\/revisions\/13768"}],"up":[{"embeddable":true,"href":"https:\/\/www.seniorenakademie.dhbw-heidenheim.de\/index.php\/wp-json\/wp\/v2\/pages\/12007"}],"wp:attachment":[{"href":"https:\/\/www.seniorenakademie.dhbw-heidenheim.de\/index.php\/wp-json\/wp\/v2\/media?parent=13071"}],"curies":[{"name":"wp","href":"https:\/\/api.w.org\/{rel}","templated":true}]}}