{"id":13068,"date":"2025-06-23T10:27:08","date_gmt":"2025-06-23T08:27:08","guid":{"rendered":"https:\/\/www.seniorenakademie.dhbw-heidenheim.de\/?page_id=13068"},"modified":"2025-07-31T16:42:16","modified_gmt":"2025-07-31T14:42:16","slug":"willkommen-im-reich-der-geschichten","status":"publish","type":"page","link":"https:\/\/www.seniorenakademie.dhbw-heidenheim.de\/index.php\/semesterprogramm-2025-2026\/und-ausserdem-25-26\/willkommen-im-reich-der-geschichten\/","title":{"rendered":"Willkommen im Reich der Geschichten"},"content":{"rendered":"\n<p class=\"wp-block-paragraph\"><br><strong>Sie sind es, die uns seit Kindheitstagen begleiten,<\/strong><br><strong>die uns noch als Erwachsene in ihrer Vielf\u00e4ltigkeit<\/strong><br><strong>von Betr\u00fcbnis ablenken und uns Freude schenken.<\/strong><br><strong>Ein Leben wird \u00a0durch H\u00f6ren, Lesen &amp; Ersinnen<\/strong><br><strong>von Erz\u00e4hlungen erst facetten- und farbenreich.<\/strong><br><strong>So l\u00e4dt dieses neue Kursangebot\u00a0 Interessierte ein:<\/strong><br><strong>Willkommen beim Geschichtenlauschen &#8211; vorlesen,<\/strong><br><strong>wird Traudel Volz aus eigenen Schriften, damit auch<\/strong><br><strong>als eine M\u00f6glichkeit vorgestellt, Sie als die Zuh\u00f6renden,<\/strong><br><strong>mitzunehmen, \u00a0anzuregen, selbst pers\u00f6nlich Erdachtes<\/strong><br><strong>oder Erlebtes in Geschichten ans Licht zu bringen.<\/strong><br><strong>Auch daf\u00fcr gibt es fachkundige Angebote,\u00a0erwecken<\/strong><br><strong>Sie Ihre Freude f\u00fcr\u00a0reiche Geschichten! Willkommen!\u00a0<\/strong><br><strong>\u00a0<\/strong><br><strong>Willkommen im Reich der Geschichten<\/strong><br><strong>Traudel Volz<\/strong><br><strong>Dienstag, ab 11.11.<\/strong><br><strong>14t\u00e4gig bis 02.12.2025 und 13.01. bis 24.02.2026<\/strong><br><strong>15:00 \u2013 16:30<\/strong> <strong>Raum<\/strong> <strong>108<\/strong><br>\u00a0<\/p>\n","protected":false},"excerpt":{"rendered":"<p>Sie sind es, die uns seit Kindheitstagen begleiten,die uns noch als Erwachsene in ihrer Vielf\u00e4ltigkeitvon Betr\u00fcbnis ablenken und uns Freude schenken.Ein Leben wird \u00a0durch H\u00f6ren, Lesen &amp; Ersinnenvon Erz\u00e4hlungen erst facetten- und farbenreich.So l\u00e4dt dieses neue Kursangebot\u00a0 Interessierte ein:Willkommen beim Geschichtenlauschen &#8211; vorlesen,wird Traudel Volz aus eigenen Schriften, damit auchals eine M\u00f6glichkeit vorgestellt, Sie als <a class=\"more-link\" href=\"https:\/\/www.seniorenakademie.dhbw-heidenheim.de\/index.php\/semesterprogramm-2025-2026\/und-ausserdem-25-26\/willkommen-im-reich-der-geschichten\/\">weiterlesen&#8230;<\/a><\/p>\n","protected":false},"author":10,"featured_media":0,"parent":10758,"menu_order":0,"comment_status":"closed","ping_status":"closed","template":"","meta":{"_crdt_document":"","_themeisle_gutenberg_block_has_review":false,"footnotes":""},"class_list":["post-13068","page","type-page","status-publish","hentry","gallery-content-unit"],"_links":{"self":[{"href":"https:\/\/www.seniorenakademie.dhbw-heidenheim.de\/index.php\/wp-json\/wp\/v2\/pages\/13068","targetHints":{"allow":["GET"]}}],"collection":[{"href":"https:\/\/www.seniorenakademie.dhbw-heidenheim.de\/index.php\/wp-json\/wp\/v2\/pages"}],"about":[{"href":"https:\/\/www.seniorenakademie.dhbw-heidenheim.de\/index.php\/wp-json\/wp\/v2\/types\/page"}],"author":[{"embeddable":true,"href":"https:\/\/www.seniorenakademie.dhbw-heidenheim.de\/index.php\/wp-json\/wp\/v2\/users\/10"}],"replies":[{"embeddable":true,"href":"https:\/\/www.seniorenakademie.dhbw-heidenheim.de\/index.php\/wp-json\/wp\/v2\/comments?post=13068"}],"version-history":[{"count":3,"href":"https:\/\/www.seniorenakademie.dhbw-heidenheim.de\/index.php\/wp-json\/wp\/v2\/pages\/13068\/revisions"}],"predecessor-version":[{"id":13455,"href":"https:\/\/www.seniorenakademie.dhbw-heidenheim.de\/index.php\/wp-json\/wp\/v2\/pages\/13068\/revisions\/13455"}],"up":[{"embeddable":true,"href":"https:\/\/www.seniorenakademie.dhbw-heidenheim.de\/index.php\/wp-json\/wp\/v2\/pages\/10758"}],"wp:attachment":[{"href":"https:\/\/www.seniorenakademie.dhbw-heidenheim.de\/index.php\/wp-json\/wp\/v2\/media?parent=13068"}],"curies":[{"name":"wp","href":"https:\/\/api.w.org\/{rel}","templated":true}]}}