{"id":12028,"date":"2024-05-17T17:43:29","date_gmt":"2024-05-17T15:43:29","guid":{"rendered":"https:\/\/www.seniorenakademie.dhbw-heidenheim.de\/?page_id=12028"},"modified":"2026-01-07T17:23:19","modified_gmt":"2026-01-07T16:23:19","slug":"sprachen-und-digitale-medien-25-26","status":"publish","type":"page","link":"https:\/\/www.seniorenakademie.dhbw-heidenheim.de\/index.php\/semesterprogramm-2025-2026\/sprachen-und-digitale-medien-25-26\/","title":{"rendered":"Sprachen und Digitale Medien 25\/26"},"content":{"rendered":"\n<p class=\"has-text-color has-link-color wp-elements-6ff45bff38579ffb1b6b1ceff88e650b wp-block-paragraph\" style=\"color:#f80000\"><strong>Alle PC-Angebote finden im Labor in der Marienstra\u00dfe Raum M321 statt.<\/strong> <strong>Alle weiteren Angebote finden ab Januar in der Marienstra\u00dfe in den jeweils angegebenen R\u00e4umen statt.<\/strong> <\/p>\n\n\n\n<p class=\"has-text-align-center wp-block-paragraph\"><strong><a href=\"https:\/\/www.seniorenakademie.dhbw-heidenheim.de\/index.php\/semesterprogramm-2025-2026\/anmeldeformular-25-26\/\" data-type=\"page\" data-id=\"4708\">Anmeldeformular zu den PC-, Smartphonekursen und den Sprachen<\/a><\/strong><\/p>\n\n\n\n<p class=\"wp-block-paragraph\"><strong>Durch Klicken auf die \u00dcberschriften erhalten Sie zus\u00e4tzliche Informationen.<\/strong><\/p>\n\n\n\n<p class=\"wp-block-paragraph\"><a href=\"https:\/\/www.seniorenakademie.dhbw-heidenheim.de\/index.php\/semesterprogramm-2025-2026\/sprachen-und-digitale-medien-25-26\/franzoesisch\/\" data-type=\"page\" data-id=\"10856\"><strong>FRANZ\u00d6SISCH I<\/strong> <\/a> &#8211; B1 Niveau<br>Erika Edler<br>Montag, w\u00f6chentlich ab 27. Oktober 2025, ab Januar 26 im <strong><strong>Raum M207, <\/strong>au\u00dfer 12.01.26 in M218<\/strong><br>09:30 bis 10:30 Uhr, <strong>maximale Teilnehmerzahl 15<\/strong><\/p>\n\n\n\n<p class=\"wp-block-paragraph\"><a href=\"https:\/\/www.seniorenakademie.dhbw-heidenheim.de\/index.php\/semesterprogramm-2023-2024\/digitale-medien-2021-22\/franzoesisch\/\"><strong>FRANZ\u00d6SISCH II<\/strong> <\/a> &#8211; Fortf\u00fchrung des bisherigen Kurses<br>Erika Edler<br>Montag, w\u00f6chentlich ab 27. Oktober 2025 <br>10:30 bis 12:00 Uhr, ab Januar 26 im <strong><strong>Raum M207, <\/strong>au\u00dfer 12.01.26 in M218<\/strong><\/p>\n\n\n\n<p class=\"wp-block-paragraph\"><strong><a href=\"https:\/\/www.seniorenakademie.dhbw-heidenheim.de\/index.php\/semesterprogramm-2025-2026\/sprachen-und-digitale-medien-25-26\/englisch\/\" data-type=\"page\" data-id=\"10918\">ENGLISCH Club &#8211; Conversation and language practise<\/a><\/strong><br>Eberhard Rottler<br>Freitag, w\u00f6chentlich ab 10. Oktober 2025<br>09:45 bis 11:15 Uhr, ab Januar 26 im <strong><strong>Raum M207,<\/strong><\/strong><\/p>\n\n\n\n<p class=\"has-black-color has-text-color wp-block-paragraph\"><strong><a href=\"https:\/\/www.seniorenakademie.dhbw-heidenheim.de\/index.php\/semesterprogramm-2025-2026\/sprachen-und-digitale-medien-25-26\/der-pc-im-seniorenalltag\/\" data-type=\"page\" data-id=\"5600\">Der PC im Seniorenalltag<\/a><\/strong><br>G\u00fcnter Schrumpf <br>Montag, w\u00f6chentlich ab 13. Oktober 2025 <br>09:30 Uhr bis 11:30 Uhr mit Pause, <strong>Raum M321<\/strong><\/p>\n\n\n\n<p class=\"has-black-color has-text-color wp-block-paragraph\"><a href=\"https:\/\/www.seniorenakademie.dhbw-heidenheim.de\/index.php\/semesterprogramm-2025-2026\/sprachen-und-digitale-medien-25-26\/excel-oder-powerpoint-fuer-anfaenger\/\" data-type=\"page\" data-id=\"13135\"><strong>Excel f\u00fcr Anf\u00e4nger (6 mal) oder<\/strong> <strong>Powerpoint f\u00fcr Anf\u00e4nger (6 mal)  (Zur Auswahl<\/strong> <\/a>&#8211; es wird <strong>nur die Veranstaltung mit der h\u00f6chsten Teilnehmerzahl<\/strong> durchgef\u00fchrt<br>Georg Pr\u00fcfer <br>ab Dienstag, 28. Oktober 2025,<strong> Anmeldeschluss 15.Oktober 25<\/strong><br>10:00 Uhr bis 12:00 Uhr, <strong>Raum M321<\/strong><\/p>\n\n\n\n<p class=\"has-black-color has-text-color wp-block-paragraph\"><strong>iPHONE f\u00fcr Einsteiger und Fortgeschrittene<\/strong> <br>Marianne Holz<br>Dienstag, ab 07. \/ 14. \/ 21. Oktober + 18. \/ 25. November + 02. Dezember 2025<br>09:00 Uhr bis 10:30 Uhr <strong>Raum W<strong><strong>108<\/strong><\/strong><\/strong><\/p>\n\n\n\n<p class=\"has-black-color has-text-color wp-block-paragraph\"><strong>iPHONE f\u00fcr Einsteiger und Fortgeschrittene<\/strong> Kurs 1<br>Marianne Holz<br>Dienstag, ab 13. Januar 2026, 6 mal<br>09:00 Uhr bis 10:30 Uhr <strong>Raum <strong>M218<\/strong><\/strong><\/p>\n\n\n\n<p class=\"has-black-color has-text-color wp-block-paragraph\"><strong>iPHONE Fortf\u00fchrungskurs<\/strong> <br>Marianne Holz<br>Dienstag, ab 07. \/ 14. \/ 21. Oktober + 18. \/ 25. November + 02. Dezember 2025<br>10:30 Uhr bis 12:00 Uhr <strong>Raum W<strong><strong>108<\/strong><\/strong><\/strong><\/p>\n\n\n\n<p class=\"has-black-color has-text-color wp-block-paragraph\"><strong>iPHONE Fortf\u00fchrungskurs<\/strong> Kurs 2<br>Marianne Holz<br>Dienstag, ab 13. Januar 2026, 6 mal<br>10:30 Uhr bis 12:00 Uhr <strong>Raum <strong><strong>M218<\/strong><\/strong><\/strong><\/p>\n\n\n\n<p class=\"has-black-color has-text-color wp-block-paragraph\"><strong>iPHONE Fortsetzungskurs<\/strong> &#8211; ausgebucht<br>Alfred Handel<br>Freitag, ab 14. November 2025, 6-mal <br>10:00 Uhr bis 11:30 Uhr, 19.12. <strong>Raum M301<\/strong><\/p>\n\n\n\n<p class=\"has-black-color has-text-color wp-block-paragraph\"><strong><a href=\"https:\/\/www.seniorenakademie.dhbw-heidenheim.de\/index.php\/semesterprogramm-2025-2026\/sprachen-und-digitale-medien-25-26\/smartphone-android-fuer-einsteiger\/\" data-type=\"page\" data-id=\"1111\">SMARTPHONE \u2013 ANDROID f\u00fcr Anf\u00e4nger<\/a><\/strong><br>Wolfgang Rummel<br>Donnerstag, 15. Januar &#8211; 19. Februar 2026, 6-mal <br>10:00 Uhr bis 11:30 Uhr, <strong>Raum M207 au\u00dfer <strong>am 12.02. in Raum M315<\/strong><\/strong><\/p>\n\n\n\n<p class=\"wp-block-paragraph\"><\/p>\n","protected":false},"excerpt":{"rendered":"<p>Alle PC-Angebote finden im Labor in der Marienstra\u00dfe Raum M321 statt. Alle weiteren Angebote finden ab Januar in der Marienstra\u00dfe in den jeweils angegebenen R\u00e4umen statt. Anmeldeformular zu den PC-, Smartphonekursen und den Sprachen Durch Klicken auf die \u00dcberschriften erhalten Sie zus\u00e4tzliche Informationen. FRANZ\u00d6SISCH I &#8211; B1 NiveauErika EdlerMontag, w\u00f6chentlich ab 27. Oktober 2025, ab <a class=\"more-link\" href=\"https:\/\/www.seniorenakademie.dhbw-heidenheim.de\/index.php\/semesterprogramm-2025-2026\/sprachen-und-digitale-medien-25-26\/\">weiterlesen&#8230;<\/a><\/p>\n","protected":false},"author":10,"featured_media":1213,"parent":10633,"menu_order":0,"comment_status":"closed","ping_status":"closed","template":"","meta":{"_crdt_document":"","_themeisle_gutenberg_block_has_review":false,"footnotes":""},"class_list":["post-12028","page","type-page","status-publish","has-post-thumbnail","hentry","gallery-content-unit"],"_links":{"self":[{"href":"https:\/\/www.seniorenakademie.dhbw-heidenheim.de\/index.php\/wp-json\/wp\/v2\/pages\/12028","targetHints":{"allow":["GET"]}}],"collection":[{"href":"https:\/\/www.seniorenakademie.dhbw-heidenheim.de\/index.php\/wp-json\/wp\/v2\/pages"}],"about":[{"href":"https:\/\/www.seniorenakademie.dhbw-heidenheim.de\/index.php\/wp-json\/wp\/v2\/types\/page"}],"author":[{"embeddable":true,"href":"https:\/\/www.seniorenakademie.dhbw-heidenheim.de\/index.php\/wp-json\/wp\/v2\/users\/10"}],"replies":[{"embeddable":true,"href":"https:\/\/www.seniorenakademie.dhbw-heidenheim.de\/index.php\/wp-json\/wp\/v2\/comments?post=12028"}],"version-history":[{"count":40,"href":"https:\/\/www.seniorenakademie.dhbw-heidenheim.de\/index.php\/wp-json\/wp\/v2\/pages\/12028\/revisions"}],"predecessor-version":[{"id":13916,"href":"https:\/\/www.seniorenakademie.dhbw-heidenheim.de\/index.php\/wp-json\/wp\/v2\/pages\/12028\/revisions\/13916"}],"up":[{"embeddable":true,"href":"https:\/\/www.seniorenakademie.dhbw-heidenheim.de\/index.php\/wp-json\/wp\/v2\/pages\/10633"}],"wp:featuredmedia":[{"embeddable":true,"href":"https:\/\/www.seniorenakademie.dhbw-heidenheim.de\/index.php\/wp-json\/wp\/v2\/media\/1213"}],"wp:attachment":[{"href":"https:\/\/www.seniorenakademie.dhbw-heidenheim.de\/index.php\/wp-json\/wp\/v2\/media?parent=12028"}],"curies":[{"name":"wp","href":"https:\/\/api.w.org\/{rel}","templated":true}]}}