{"id":120,"date":"2017-07-26T14:09:06","date_gmt":"2017-07-26T12:09:06","guid":{"rendered":"http:\/\/www.seniorenakademie.dhbw-heidenheim.de\/?page_id=120"},"modified":"2024-05-17T15:27:08","modified_gmt":"2024-05-17T13:27:08","slug":"aktivitaeten","status":"publish","type":"page","link":"https:\/\/www.seniorenakademie.dhbw-heidenheim.de\/index.php\/aktivitaeten\/","title":{"rendered":"R\u00fcckblick"},"content":{"rendered":"<h5><a href=\"https:\/\/www.seniorenakademie.dhbw-heidenheim.de\/index.php\/aktivitaeten\/aktuelles-semester\/\">Veranstaltungen in den letzten Semestern<\/a><\/h5>\n<p>Hier finden Sie Informationen zu stattgefundenen Veranstaltungen der letzten Semester.<\/p>\n<p><a href=\"https:\/\/www.seniorenakademie.dhbw-heidenheim.de\/index.php\/aktivitaeten\/aktuelles-semester\/\"><img loading=\"lazy\" decoding=\"async\" class=\"alignnone wp-image-10093 size-medium\" src=\"https:\/\/www.seniorenakademie.dhbw-heidenheim.de\/wp-content\/uploads\/2022\/10\/IMG_0861-2-scaled-e1668592003676-300x183.jpg\" alt=\"\" width=\"300\" height=\"183\" srcset=\"https:\/\/www.seniorenakademie.dhbw-heidenheim.de\/wp-content\/uploads\/2022\/10\/IMG_0861-2-scaled-e1668592003676-300x183.jpg 300w, https:\/\/www.seniorenakademie.dhbw-heidenheim.de\/wp-content\/uploads\/2022\/10\/IMG_0861-2-scaled-e1668592003676-1024x624.jpg 1024w, https:\/\/www.seniorenakademie.dhbw-heidenheim.de\/wp-content\/uploads\/2022\/10\/IMG_0861-2-scaled-e1668592003676-768x468.jpg 768w, https:\/\/www.seniorenakademie.dhbw-heidenheim.de\/wp-content\/uploads\/2022\/10\/IMG_0861-2-scaled-e1668592003676-1536x936.jpg 1536w, https:\/\/www.seniorenakademie.dhbw-heidenheim.de\/wp-content\/uploads\/2022\/10\/IMG_0861-2-scaled-e1668592003676-2048x1247.jpg 2048w\" sizes=\"auto, (max-width: 300px) 100vw, 300px\" \/><\/a><\/p>\n<h5><a href=\"http:\/\/www.seniorenakademie.dhbw-heidenheim.de\/index.php\/aktivitaeten\/semester-1718\/\">Fotogalerien<\/a><\/h5>\n<p>Hier finden Sie Informationen und Bildergalerien<br \/>\n\u00fcber Ausfl\u00fcge und Veranstaltungen der Seniorenakademie.<\/p>\n<p><a href=\"https:\/\/www.seniorenakademie.dhbw-heidenheim.de\/index.php\/aktivitaeten\/semester-1718\/\"><img loading=\"lazy\" decoding=\"async\" class=\"alignnone wp-image-3532 size-medium\" src=\"https:\/\/www.seniorenakademie.dhbw-heidenheim.de\/wp-content\/uploads\/2018\/08\/Br\u00fcssel-1b-300x131.jpg\" alt=\"\" width=\"300\" height=\"131\" srcset=\"https:\/\/www.seniorenakademie.dhbw-heidenheim.de\/wp-content\/uploads\/2018\/08\/Br\u00fcssel-1b-300x131.jpg 300w, https:\/\/www.seniorenakademie.dhbw-heidenheim.de\/wp-content\/uploads\/2018\/08\/Br\u00fcssel-1b-768x334.jpg 768w, https:\/\/www.seniorenakademie.dhbw-heidenheim.de\/wp-content\/uploads\/2018\/08\/Br\u00fcssel-1b-1024x445.jpg 1024w, https:\/\/www.seniorenakademie.dhbw-heidenheim.de\/wp-content\/uploads\/2018\/08\/Br\u00fcssel-1b.jpg 1200w\" sizes=\"auto, (max-width: 300px) 100vw, 300px\" \/><\/a><\/p>\n<h4><span style=\"color: #993300;\"><a href=\"http:\/\/www.seniorenakademie.dhbw-heidenheim.de\/index.php\/presseartikel\/\">Presseartikel<\/a><\/span><\/h4>\n<p>Hier finden Sie Presseartikel \u00fcber die Ausfl\u00fcge<br \/>\nund Veranstaltungen der Seniorenakademie in<br \/>\nden letzten Jahren.<\/p>\n<p><a href=\"http:\/\/www.seniorenakademie.dhbw-heidenheim.de\/index.php\/presseartikel\/\"><img loading=\"lazy\" decoding=\"async\" class=\"alignleft wp-image-779 size-medium\" src=\"http:\/\/www.seniorenakademie.dhbw-heidenheim.de\/wp-content\/uploads\/2017\/08\/presse-300x100.jpg\" alt=\"\" width=\"300\" height=\"100\" srcset=\"https:\/\/www.seniorenakademie.dhbw-heidenheim.de\/wp-content\/uploads\/2017\/08\/presse-300x100.jpg 300w, https:\/\/www.seniorenakademie.dhbw-heidenheim.de\/wp-content\/uploads\/2017\/08\/presse-768x256.jpg 768w, https:\/\/www.seniorenakademie.dhbw-heidenheim.de\/wp-content\/uploads\/2017\/08\/presse-1024x341.jpg 1024w, https:\/\/www.seniorenakademie.dhbw-heidenheim.de\/wp-content\/uploads\/2017\/08\/presse.jpg 1200w\" sizes=\"auto, (max-width: 300px) 100vw, 300px\" \/><\/a><\/p>\n<h4><\/h4>\n<h4><\/h4>\n<h4><a href=\"http:\/\/www.seniorenakademie.dhbw-heidenheim.de\/index.php\/archiv\/\">Archiv<\/a><\/h4>\n<p>Das Archiv beinhaltet zahlreiche Informationen<br \/>\nzu abgeschlossenen Projekten,\u00a0Einzelbeitr\u00e4gen<br \/>\nvon Teilnehmern sowie die Semsterprogramme\u00a0und Abschlussfeiern der vergangenen Jahre.<\/p>\n<p><a href=\"http:\/\/www.seniorenakademie.dhbw-heidenheim.de\/index.php\/archiv\/\"><img loading=\"lazy\" decoding=\"async\" class=\"alignnone wp-image-1940 size-medium\" src=\"http:\/\/www.seniorenakademie.dhbw-heidenheim.de\/wp-content\/uploads\/2017\/10\/R\u00fcckblick-03-300x106.jpg\" alt=\"\" width=\"300\" height=\"106\" srcset=\"https:\/\/www.seniorenakademie.dhbw-heidenheim.de\/wp-content\/uploads\/2017\/10\/R\u00fcckblick-03-300x106.jpg 300w, https:\/\/www.seniorenakademie.dhbw-heidenheim.de\/wp-content\/uploads\/2017\/10\/R\u00fcckblick-03-768x271.jpg 768w, https:\/\/www.seniorenakademie.dhbw-heidenheim.de\/wp-content\/uploads\/2017\/10\/R\u00fcckblick-03-1024x361.jpg 1024w, https:\/\/www.seniorenakademie.dhbw-heidenheim.de\/wp-content\/uploads\/2017\/10\/R\u00fcckblick-03.jpg 1200w\" sizes=\"auto, (max-width: 300px) 100vw, 300px\" \/><\/a><\/p>\n","protected":false},"excerpt":{"rendered":"<p>Veranstaltungen in den letzten Semestern Hier finden Sie Informationen zu stattgefundenen Veranstaltungen der letzten Semester. Fotogalerien Hier finden Sie Informationen und Bildergalerien \u00fcber Ausfl\u00fcge und Veranstaltungen der Seniorenakademie. Presseartikel Hier finden Sie Presseartikel \u00fcber die Ausfl\u00fcge und Veranstaltungen der Seniorenakademie in den letzten Jahren. Archiv Das Archiv beinhaltet zahlreiche Informationen zu abgeschlossenen Projekten,\u00a0Einzelbeitr\u00e4gen von Teilnehmern <a class=\"more-link\" href=\"https:\/\/www.seniorenakademie.dhbw-heidenheim.de\/index.php\/aktivitaeten\/\">weiterlesen&#8230;<\/a><\/p>\n","protected":false},"author":10,"featured_media":1942,"parent":0,"menu_order":0,"comment_status":"closed","ping_status":"closed","template":"","meta":{"_crdt_document":"","_themeisle_gutenberg_block_has_review":false,"footnotes":""},"class_list":["post-120","page","type-page","status-publish","has-post-thumbnail","hentry","gallery-content-unit"],"_links":{"self":[{"href":"https:\/\/www.seniorenakademie.dhbw-heidenheim.de\/index.php\/wp-json\/wp\/v2\/pages\/120","targetHints":{"allow":["GET"]}}],"collection":[{"href":"https:\/\/www.seniorenakademie.dhbw-heidenheim.de\/index.php\/wp-json\/wp\/v2\/pages"}],"about":[{"href":"https:\/\/www.seniorenakademie.dhbw-heidenheim.de\/index.php\/wp-json\/wp\/v2\/types\/page"}],"author":[{"embeddable":true,"href":"https:\/\/www.seniorenakademie.dhbw-heidenheim.de\/index.php\/wp-json\/wp\/v2\/users\/10"}],"replies":[{"embeddable":true,"href":"https:\/\/www.seniorenakademie.dhbw-heidenheim.de\/index.php\/wp-json\/wp\/v2\/comments?post=120"}],"version-history":[{"count":37,"href":"https:\/\/www.seniorenakademie.dhbw-heidenheim.de\/index.php\/wp-json\/wp\/v2\/pages\/120\/revisions"}],"predecessor-version":[{"id":12010,"href":"https:\/\/www.seniorenakademie.dhbw-heidenheim.de\/index.php\/wp-json\/wp\/v2\/pages\/120\/revisions\/12010"}],"wp:featuredmedia":[{"embeddable":true,"href":"https:\/\/www.seniorenakademie.dhbw-heidenheim.de\/index.php\/wp-json\/wp\/v2\/media\/1942"}],"wp:attachment":[{"href":"https:\/\/www.seniorenakademie.dhbw-heidenheim.de\/index.php\/wp-json\/wp\/v2\/media?parent=120"}],"curies":[{"name":"wp","href":"https:\/\/api.w.org\/{rel}","templated":true}]}}