{"id":11985,"date":"2024-04-14T16:12:17","date_gmt":"2024-04-14T14:12:17","guid":{"rendered":"https:\/\/www.seniorenakademie.dhbw-heidenheim.de\/?page_id=11985"},"modified":"2024-05-17T15:35:36","modified_gmt":"2024-05-17T13:35:36","slug":"semesterabschlussfeier-2024","status":"publish","type":"page","link":"https:\/\/www.seniorenakademie.dhbw-heidenheim.de\/index.php\/aktivitaeten\/aktuelles-semester\/semesterabschlussfeier-2024\/","title":{"rendered":"Semesterabschlussfeier 2024"},"content":{"rendered":"\n<p class=\"wp-block-paragraph\">Die Selbstverwaltung freute sich, dass auch dieses Jahr wieder eine Abschlussfeier stattfinden konnte.<\/p>\n\n\n\n<!--more-->\n\n\n<div class=\"wp-block-image\">\n<figure class=\"aligncenter size-large\"><img loading=\"lazy\" decoding=\"async\" width=\"1024\" height=\"318\" src=\"https:\/\/www.seniorenakademie.dhbw-heidenheim.de\/wp-content\/uploads\/2024\/04\/SAF-24-1024x318.jpg\" alt=\"\" class=\"wp-image-11984\" srcset=\"https:\/\/www.seniorenakademie.dhbw-heidenheim.de\/wp-content\/uploads\/2024\/04\/SAF-24-1024x318.jpg 1024w, https:\/\/www.seniorenakademie.dhbw-heidenheim.de\/wp-content\/uploads\/2024\/04\/SAF-24-300x93.jpg 300w, https:\/\/www.seniorenakademie.dhbw-heidenheim.de\/wp-content\/uploads\/2024\/04\/SAF-24-768x239.jpg 768w, https:\/\/www.seniorenakademie.dhbw-heidenheim.de\/wp-content\/uploads\/2024\/04\/SAF-24.jpg 1306w\" sizes=\"auto, (max-width: 1024px) 100vw, 1024px\" \/><\/figure>\n<\/div>\n\n<div class=\"wp-block-image\">\n<figure class=\"aligncenter size-large\"><img loading=\"lazy\" decoding=\"async\" width=\"1024\" height=\"576\" src=\"https:\/\/www.seniorenakademie.dhbw-heidenheim.de\/wp-content\/uploads\/2024\/04\/IMG_4864-1024x576.jpg\" alt=\"\" class=\"wp-image-11987\" srcset=\"https:\/\/www.seniorenakademie.dhbw-heidenheim.de\/wp-content\/uploads\/2024\/04\/IMG_4864-1024x576.jpg 1024w, https:\/\/www.seniorenakademie.dhbw-heidenheim.de\/wp-content\/uploads\/2024\/04\/IMG_4864-300x169.jpg 300w, https:\/\/www.seniorenakademie.dhbw-heidenheim.de\/wp-content\/uploads\/2024\/04\/IMG_4864-768x432.jpg 768w, https:\/\/www.seniorenakademie.dhbw-heidenheim.de\/wp-content\/uploads\/2024\/04\/IMG_4864-350x197.jpg 350w, https:\/\/www.seniorenakademie.dhbw-heidenheim.de\/wp-content\/uploads\/2024\/04\/IMG_4864-528x297.jpg 528w, https:\/\/www.seniorenakademie.dhbw-heidenheim.de\/wp-content\/uploads\/2024\/04\/IMG_4864-860x484.jpg 860w, https:\/\/www.seniorenakademie.dhbw-heidenheim.de\/wp-content\/uploads\/2024\/04\/IMG_4864.jpg 1280w\" sizes=\"auto, (max-width: 1024px) 100vw, 1024px\" \/><\/figure>\n<\/div>\n\n\n<p class=\"wp-block-paragraph\">Frau Krug-Oberlader konnte zu diesem Anlass ca. 70 Mitglieder*innen<em>, <\/em>Dozenten*innen und G\u00e4ste im Ottilienhof begr\u00fc\u00dfen. Musikalisch umrahmte die Feier Georg Pr\u00fcfer mit der Querfl\u00f6te.<\/p>\n\n\n\n<div class=\"wp-block-media-text is-stacked-on-mobile\" style=\"grid-template-columns:73% auto\"><figure class=\"wp-block-media-text__media\"><img loading=\"lazy\" decoding=\"async\" width=\"1024\" height=\"392\" src=\"https:\/\/www.seniorenakademie.dhbw-heidenheim.de\/wp-content\/uploads\/2024\/04\/SAF-1-1024x392.jpg\" alt=\"\" class=\"wp-image-11988 size-full\" srcset=\"https:\/\/www.seniorenakademie.dhbw-heidenheim.de\/wp-content\/uploads\/2024\/04\/SAF-1-1024x392.jpg 1024w, https:\/\/www.seniorenakademie.dhbw-heidenheim.de\/wp-content\/uploads\/2024\/04\/SAF-1-300x115.jpg 300w, https:\/\/www.seniorenakademie.dhbw-heidenheim.de\/wp-content\/uploads\/2024\/04\/SAF-1-768x294.jpg 768w, https:\/\/www.seniorenakademie.dhbw-heidenheim.de\/wp-content\/uploads\/2024\/04\/SAF-1.jpg 1186w\" sizes=\"auto, (max-width: 1024px) 100vw, 1024px\" \/><\/figure><div class=\"wp-block-media-text__content\">\n<p class=\"wp-block-paragraph\">Prof. M. Tr\u00e4ger, der Gesch\u00e4ftsf\u00fchrer des F\u00f6rdervereins der DHBW Heidenheim e.V.  stellte die aktuelle Entwicklung der Dualen Hochschule und auch die Perspektive der SAH in diesem Umfeld dar.<\/p>\n<\/div><\/div>\n\n\n\n<p class=\"wp-block-paragraph\">Szenenauschnitte aus &#8222;Glaube Liebe Hoffnung&#8220; von \u00d6d\u00f6n von Horv\u00e1th, vorgetragen von der Theater-AG des Schillergymnasiums unter Leitung von Helen D\u00f6blin und Brigitte Krug-Oberlader erg\u00e4nzten das Programm.<\/p>\n\n\n<div class=\"wp-block-image\">\n<figure class=\"aligncenter size-large\"><img loading=\"lazy\" decoding=\"async\" width=\"1024\" height=\"388\" src=\"https:\/\/www.seniorenakademie.dhbw-heidenheim.de\/wp-content\/uploads\/2024\/04\/SAF-2-1024x388.jpg\" alt=\"\" class=\"wp-image-11989\" srcset=\"https:\/\/www.seniorenakademie.dhbw-heidenheim.de\/wp-content\/uploads\/2024\/04\/SAF-2-1024x388.jpg 1024w, https:\/\/www.seniorenakademie.dhbw-heidenheim.de\/wp-content\/uploads\/2024\/04\/SAF-2-300x114.jpg 300w, https:\/\/www.seniorenakademie.dhbw-heidenheim.de\/wp-content\/uploads\/2024\/04\/SAF-2-768x291.jpg 768w, https:\/\/www.seniorenakademie.dhbw-heidenheim.de\/wp-content\/uploads\/2024\/04\/SAF-2.jpg 1278w\" sizes=\"auto, (max-width: 1024px) 100vw, 1024px\" \/><\/figure>\n<\/div>\n\n\n<p class=\"wp-block-paragraph\">Georg Pr\u00fcfer erinnerte mit wunderbaren Bildern an die Kulturausfahrt nach K\u00fcnzelsau und Dinkelsb\u00fchl. Mit einem reichhaltigen Buffet der Metzgerei Hasen wurde ein erfolgreiches Semester gefeiert.<\/p>\n\n\n\n<figure class=\"wp-block-gallery has-nested-images columns-default is-cropped wp-block-gallery-1 is-layout-flex wp-block-gallery-is-layout-flex\">\n<figure class=\"wp-block-image size-large\"><img loading=\"lazy\" decoding=\"async\" width=\"987\" height=\"622\" data-id=\"11991\" src=\"https:\/\/www.seniorenakademie.dhbw-heidenheim.de\/wp-content\/uploads\/2024\/04\/SAF-4.jpg\" alt=\"\" class=\"wp-image-11991\" srcset=\"https:\/\/www.seniorenakademie.dhbw-heidenheim.de\/wp-content\/uploads\/2024\/04\/SAF-4.jpg 987w, https:\/\/www.seniorenakademie.dhbw-heidenheim.de\/wp-content\/uploads\/2024\/04\/SAF-4-300x189.jpg 300w, https:\/\/www.seniorenakademie.dhbw-heidenheim.de\/wp-content\/uploads\/2024\/04\/SAF-4-768x484.jpg 768w\" sizes=\"auto, (max-width: 987px) 100vw, 987px\" \/><\/figure>\n\n\n\n<figure class=\"wp-block-image size-large\"><img loading=\"lazy\" decoding=\"async\" width=\"720\" height=\"532\" data-id=\"11992\" src=\"https:\/\/www.seniorenakademie.dhbw-heidenheim.de\/wp-content\/uploads\/2024\/04\/SAF-3.jpg\" alt=\"\" class=\"wp-image-11992\" srcset=\"https:\/\/www.seniorenakademie.dhbw-heidenheim.de\/wp-content\/uploads\/2024\/04\/SAF-3.jpg 720w, https:\/\/www.seniorenakademie.dhbw-heidenheim.de\/wp-content\/uploads\/2024\/04\/SAF-3-300x222.jpg 300w\" sizes=\"auto, (max-width: 720px) 100vw, 720px\" \/><\/figure>\n<\/figure>\n\n\n\n<p class=\"wp-block-paragraph\">Die Seniorenakademie freut sich, nach der Sommerpause Anfang Oktober m\u00f6glichst viele neue Mitglieder zu interessanten neuen Angeboten im Wintersemester 2024\/25 begr\u00fc\u00dfen zu d\u00fcrfen.<\/p>\n","protected":false},"excerpt":{"rendered":"<p>Die Selbstverwaltung freute sich, dass auch dieses Jahr wieder eine Abschlussfeier stattfinden konnte.<\/p>\n","protected":false},"author":10,"featured_media":214,"parent":3128,"menu_order":0,"comment_status":"closed","ping_status":"closed","template":"","meta":{"_crdt_document":"","_themeisle_gutenberg_block_has_review":false,"footnotes":""},"class_list":["post-11985","page","type-page","status-publish","has-post-thumbnail","hentry","gallery-content-unit"],"_links":{"self":[{"href":"https:\/\/www.seniorenakademie.dhbw-heidenheim.de\/index.php\/wp-json\/wp\/v2\/pages\/11985","targetHints":{"allow":["GET"]}}],"collection":[{"href":"https:\/\/www.seniorenakademie.dhbw-heidenheim.de\/index.php\/wp-json\/wp\/v2\/pages"}],"about":[{"href":"https:\/\/www.seniorenakademie.dhbw-heidenheim.de\/index.php\/wp-json\/wp\/v2\/types\/page"}],"author":[{"embeddable":true,"href":"https:\/\/www.seniorenakademie.dhbw-heidenheim.de\/index.php\/wp-json\/wp\/v2\/users\/10"}],"replies":[{"embeddable":true,"href":"https:\/\/www.seniorenakademie.dhbw-heidenheim.de\/index.php\/wp-json\/wp\/v2\/comments?post=11985"}],"version-history":[{"count":2,"href":"https:\/\/www.seniorenakademie.dhbw-heidenheim.de\/index.php\/wp-json\/wp\/v2\/pages\/11985\/revisions"}],"predecessor-version":[{"id":11997,"href":"https:\/\/www.seniorenakademie.dhbw-heidenheim.de\/index.php\/wp-json\/wp\/v2\/pages\/11985\/revisions\/11997"}],"up":[{"embeddable":true,"href":"https:\/\/www.seniorenakademie.dhbw-heidenheim.de\/index.php\/wp-json\/wp\/v2\/pages\/3128"}],"wp:featuredmedia":[{"embeddable":true,"href":"https:\/\/www.seniorenakademie.dhbw-heidenheim.de\/index.php\/wp-json\/wp\/v2\/media\/214"}],"wp:attachment":[{"href":"https:\/\/www.seniorenakademie.dhbw-heidenheim.de\/index.php\/wp-json\/wp\/v2\/media?parent=11985"}],"curies":[{"name":"wp","href":"https:\/\/api.w.org\/{rel}","templated":true}]}}