{"id":10909,"date":"2023-06-20T16:26:47","date_gmt":"2023-06-20T14:26:47","guid":{"rendered":"https:\/\/www.seniorenakademie.dhbw-heidenheim.de\/?page_id=10909"},"modified":"2026-04-04T14:36:05","modified_gmt":"2026-04-04T12:36:05","slug":"smarthphone-fuer-anfaenger-und-fortgeschrittene","status":"publish","type":"page","link":"https:\/\/www.seniorenakademie.dhbw-heidenheim.de\/index.php\/semesterprogramm-2026-2027\/sprachen-und-digitale-medien-26-27\/smarthphone-fuer-anfaenger-und-fortgeschrittene\/","title":{"rendered":"Smarthphone f\u00fcr Anf\u00e4nger"},"content":{"rendered":"\n<p class=\"wp-block-paragraph\"><strong>(ab  \u00a0\u00a0 6 mal) \u00a0\u00a0\u00a0\u00a0\u00a0\u00a0\u00a0\u00a0\u00a0\u00a0\u00a0\u00a0\u00a0\u00a0\u00a0\u00a0\u00a0\u00a0\u00a0\u00a0\u00a0\u00a0\u00a0\u00a0\u00a0\u00a0\u00a0\u00a0\u00a0\u00a0\u00a0\u00a0\u00a0 \u00a0 \u00a0 \u00a0 \u00a0 \u00a0\u00a0 \u00a0 <\/strong>   \u00a0 <strong>max. 5 Teilnehmer<\/strong><\/p>\n\n\n\n<p class=\"wp-block-paragraph\">Die grundlegenden Funktionen eines Android Smarthphones werden erkl\u00e4rt und gemeinsam ausprobiert.<\/p>\n\n\n\n<p class=\"wp-block-paragraph\">Bildschirm Oberfl\u00e4chen , erweiterte Funktionen kennen lernen, Google Play Store;&nbsp; Apps installieren und l\u00f6schen , Telefonieren und Kontakte einrichten und sichern, Wlan Verbindungen im \u00f6ffentlichem Raum und Zuhause<\/p>\n\n\n\n<p class=\"wp-block-paragraph\">Durch Wiederholungen wird das Gelernte gefestigt.<\/p>\n","protected":false},"excerpt":{"rendered":"<p>(ab \u00a0\u00a0 6 mal) \u00a0\u00a0\u00a0\u00a0\u00a0\u00a0\u00a0\u00a0\u00a0\u00a0\u00a0\u00a0\u00a0\u00a0\u00a0\u00a0\u00a0\u00a0\u00a0\u00a0\u00a0\u00a0\u00a0\u00a0\u00a0\u00a0\u00a0\u00a0\u00a0\u00a0\u00a0\u00a0\u00a0 \u00a0 \u00a0 \u00a0 \u00a0 \u00a0\u00a0 \u00a0 \u00a0 max. 5 Teilnehmer Die grundlegenden Funktionen eines Android Smarthphones werden erkl\u00e4rt und gemeinsam ausprobiert. Bildschirm Oberfl\u00e4chen , erweiterte Funktionen kennen lernen, Google Play Store;&nbsp; Apps installieren und l\u00f6schen , Telefonieren und Kontakte einrichten und sichern, Wlan Verbindungen im \u00f6ffentlichem Raum und Zuhause Durch <a class=\"more-link\" href=\"https:\/\/www.seniorenakademie.dhbw-heidenheim.de\/index.php\/semesterprogramm-2026-2027\/sprachen-und-digitale-medien-26-27\/smarthphone-fuer-anfaenger-und-fortgeschrittene\/\">weiterlesen&#8230;<\/a><\/p>\n","protected":false},"author":10,"featured_media":0,"parent":14160,"menu_order":0,"comment_status":"closed","ping_status":"closed","template":"","meta":{"_crdt_document":"","_themeisle_gutenberg_block_has_review":false,"footnotes":""},"class_list":["post-10909","page","type-page","status-publish","hentry","gallery-content-unit"],"_links":{"self":[{"href":"https:\/\/www.seniorenakademie.dhbw-heidenheim.de\/index.php\/wp-json\/wp\/v2\/pages\/10909","targetHints":{"allow":["GET"]}}],"collection":[{"href":"https:\/\/www.seniorenakademie.dhbw-heidenheim.de\/index.php\/wp-json\/wp\/v2\/pages"}],"about":[{"href":"https:\/\/www.seniorenakademie.dhbw-heidenheim.de\/index.php\/wp-json\/wp\/v2\/types\/page"}],"author":[{"embeddable":true,"href":"https:\/\/www.seniorenakademie.dhbw-heidenheim.de\/index.php\/wp-json\/wp\/v2\/users\/10"}],"replies":[{"embeddable":true,"href":"https:\/\/www.seniorenakademie.dhbw-heidenheim.de\/index.php\/wp-json\/wp\/v2\/comments?post=10909"}],"version-history":[{"count":5,"href":"https:\/\/www.seniorenakademie.dhbw-heidenheim.de\/index.php\/wp-json\/wp\/v2\/pages\/10909\/revisions"}],"predecessor-version":[{"id":14163,"href":"https:\/\/www.seniorenakademie.dhbw-heidenheim.de\/index.php\/wp-json\/wp\/v2\/pages\/10909\/revisions\/14163"}],"up":[{"embeddable":true,"href":"https:\/\/www.seniorenakademie.dhbw-heidenheim.de\/index.php\/wp-json\/wp\/v2\/pages\/14160"}],"wp:attachment":[{"href":"https:\/\/www.seniorenakademie.dhbw-heidenheim.de\/index.php\/wp-json\/wp\/v2\/media?parent=10909"}],"curies":[{"name":"wp","href":"https:\/\/api.w.org\/{rel}","templated":true}]}}