{"id":10856,"date":"2023-06-09T11:54:51","date_gmt":"2023-06-09T09:54:51","guid":{"rendered":"https:\/\/www.seniorenakademie.dhbw-heidenheim.de\/?page_id=10856"},"modified":"2025-07-10T15:45:36","modified_gmt":"2025-07-10T13:45:36","slug":"franzoesisch","status":"publish","type":"page","link":"https:\/\/www.seniorenakademie.dhbw-heidenheim.de\/index.php\/semesterprogramm-2025-2026\/sprachen-und-digitale-medien-25-26\/franzoesisch\/","title":{"rendered":"Franz\u00f6sisch"},"content":{"rendered":"\n<p class=\"wp-block-paragraph\"><\/p>\n\n\n\n<p class=\"wp-block-paragraph\"><strong>Kurs I  &#8211;  B1 Niveau<\/strong><\/p>\n\n\n\n<p class=\"wp-block-paragraph\">Situationsbezogene Anwendung der franz\u00f6sischen Sprache mit Wortschatzerarbeitung; <\/p>\n\n\n\n<p class=\"wp-block-paragraph\">Franz\u00f6sische Konversation zu Themen, die uns interessieren<\/p>\n\n\n\n<p class=\"wp-block-paragraph\"><strong>Kurs II <\/strong><\/p>\n\n\n\n<p class=\"wp-block-paragraph\">Fortf\u00fchrung des bisherigen Kurses mit Diskussion aktueller Themen nach&nbsp; Wunsch der Teilnehmer*innen <\/p>\n\n\n\n<p class=\"wp-block-paragraph\">Neue Teilnehmer*innen sind herzlich willkommen!<\/p>\n\n\n\n<p class=\"wp-block-paragraph\"><\/p>\n","protected":false},"excerpt":{"rendered":"<p>Kurs I &#8211; B1 Niveau Situationsbezogene Anwendung der franz\u00f6sischen Sprache mit Wortschatzerarbeitung; Franz\u00f6sische Konversation zu Themen, die uns interessieren Kurs II Fortf\u00fchrung des bisherigen Kurses mit Diskussion aktueller Themen nach&nbsp; Wunsch der Teilnehmer*innen Neue Teilnehmer*innen sind herzlich willkommen!<\/p>\n","protected":false},"author":10,"featured_media":0,"parent":12028,"menu_order":0,"comment_status":"closed","ping_status":"closed","template":"","meta":{"_crdt_document":"","_themeisle_gutenberg_block_has_review":false,"footnotes":""},"class_list":["post-10856","page","type-page","status-publish","hentry","gallery-content-unit"],"_links":{"self":[{"href":"https:\/\/www.seniorenakademie.dhbw-heidenheim.de\/index.php\/wp-json\/wp\/v2\/pages\/10856","targetHints":{"allow":["GET"]}}],"collection":[{"href":"https:\/\/www.seniorenakademie.dhbw-heidenheim.de\/index.php\/wp-json\/wp\/v2\/pages"}],"about":[{"href":"https:\/\/www.seniorenakademie.dhbw-heidenheim.de\/index.php\/wp-json\/wp\/v2\/types\/page"}],"author":[{"embeddable":true,"href":"https:\/\/www.seniorenakademie.dhbw-heidenheim.de\/index.php\/wp-json\/wp\/v2\/users\/10"}],"replies":[{"embeddable":true,"href":"https:\/\/www.seniorenakademie.dhbw-heidenheim.de\/index.php\/wp-json\/wp\/v2\/comments?post=10856"}],"version-history":[{"count":7,"href":"https:\/\/www.seniorenakademie.dhbw-heidenheim.de\/index.php\/wp-json\/wp\/v2\/pages\/10856\/revisions"}],"predecessor-version":[{"id":13295,"href":"https:\/\/www.seniorenakademie.dhbw-heidenheim.de\/index.php\/wp-json\/wp\/v2\/pages\/10856\/revisions\/13295"}],"up":[{"embeddable":true,"href":"https:\/\/www.seniorenakademie.dhbw-heidenheim.de\/index.php\/wp-json\/wp\/v2\/pages\/12028"}],"wp:attachment":[{"href":"https:\/\/www.seniorenakademie.dhbw-heidenheim.de\/index.php\/wp-json\/wp\/v2\/media?parent=10856"}],"curies":[{"name":"wp","href":"https:\/\/api.w.org\/{rel}","templated":true}]}}