{"id":10682,"date":"2023-04-07T13:44:51","date_gmt":"2023-04-07T11:44:51","guid":{"rendered":"https:\/\/www.seniorenakademie.dhbw-heidenheim.de\/?page_id=10682"},"modified":"2023-04-07T14:18:12","modified_gmt":"2023-04-07T12:18:12","slug":"semesterabschlussfeier-2023","status":"publish","type":"page","link":"https:\/\/www.seniorenakademie.dhbw-heidenheim.de\/index.php\/aktivitaeten\/aktuelles-semester\/semesterabschlussfeier-2023\/","title":{"rendered":"Semesterabschlussfeier 2023"},"content":{"rendered":"\n<p class=\"wp-block-paragraph\">Unter dem Motto \u201eEndlich wieder feiern\u201c fand nach 3 Corona-Jahren die Abschlussfeier zum Semesterende der Seniorenakademie statt.<\/p>\n\n\n\n<!--more-->\n\n\n\n<figure class=\"wp-block-image size-large is-resized\"><img loading=\"lazy\" decoding=\"async\" src=\"https:\/\/www.seniorenakademie.dhbw-heidenheim.de\/wp-content\/uploads\/2023\/04\/Unbenannt-1024x330.jpg\" alt=\"\" class=\"wp-image-10683\" width=\"780\" height=\"251\" srcset=\"https:\/\/www.seniorenakademie.dhbw-heidenheim.de\/wp-content\/uploads\/2023\/04\/Unbenannt-1024x330.jpg 1024w, https:\/\/www.seniorenakademie.dhbw-heidenheim.de\/wp-content\/uploads\/2023\/04\/Unbenannt-300x97.jpg 300w, https:\/\/www.seniorenakademie.dhbw-heidenheim.de\/wp-content\/uploads\/2023\/04\/Unbenannt-768x247.jpg 768w, https:\/\/www.seniorenakademie.dhbw-heidenheim.de\/wp-content\/uploads\/2023\/04\/Unbenannt.jpg 1299w\" sizes=\"auto, (max-width: 780px) 100vw, 780px\" \/><\/figure>\n\n\n\n<div class=\"wp-block-media-text has-media-on-the-right is-stacked-on-mobile\" style=\"grid-template-columns:auto 21%\"><div class=\"wp-block-media-text__content\">\n<p class=\"wp-block-paragraph\">Frau Krug-Oberlader konnte zu diesem Anlass \u00fcber 70 Mitglieder*innen, Dozenten*innen und G\u00e4ste begr\u00fc\u00dfen.  <\/p>\n\n\n\n<div class=\"wp-block-columns is-layout-flex wp-container-core-columns-is-layout-8f761849 wp-block-columns-is-layout-flex\">\n<div class=\"wp-block-column is-layout-flow wp-block-column-is-layout-flow\" style=\"flex-basis:50%\">\n<figure class=\"wp-block-image\"><img loading=\"lazy\" decoding=\"async\" width=\"2048\" height=\"1365\" src=\"https:\/\/www.seniorenakademie.dhbw-heidenheim.de\/wp-content\/uploads\/2023\/04\/DSC1182-2-1.jpg\" alt=\"\" class=\"wp-image-10709\"\/><\/figure>\n<\/div>\n\n\n\n<div class=\"wp-block-column is-layout-flow wp-block-column-is-layout-flow\" style=\"flex-basis:50%\">\n<p class=\"wp-block-paragraph\">Mit einem abwechslungsvollen Programm wie dem Vortrag von Prof.Przywara \u00fcber die Entwicklung an der DHBW,<\/p>\n<\/div>\n<\/div>\n<\/div><figure class=\"wp-block-media-text__media\"><img loading=\"lazy\" decoding=\"async\" width=\"683\" height=\"1024\" src=\"https:\/\/www.seniorenakademie.dhbw-heidenheim.de\/wp-content\/uploads\/2023\/04\/DSC1174-2-683x1024.jpg\" alt=\"\" class=\"wp-image-10684 size-full\" srcset=\"https:\/\/www.seniorenakademie.dhbw-heidenheim.de\/wp-content\/uploads\/2023\/04\/DSC1174-2-683x1024.jpg 683w, https:\/\/www.seniorenakademie.dhbw-heidenheim.de\/wp-content\/uploads\/2023\/04\/DSC1174-2-200x300.jpg 200w, https:\/\/www.seniorenakademie.dhbw-heidenheim.de\/wp-content\/uploads\/2023\/04\/DSC1174-2-768x1152.jpg 768w, https:\/\/www.seniorenakademie.dhbw-heidenheim.de\/wp-content\/uploads\/2023\/04\/DSC1174-2-1024x1536.jpg 1024w, https:\/\/www.seniorenakademie.dhbw-heidenheim.de\/wp-content\/uploads\/2023\/04\/DSC1174-2.jpg 1365w\" sizes=\"auto, (max-width: 683px) 100vw, 683px\" \/><\/figure><\/div>\n\n\n\n<figure class=\"wp-block-gallery has-nested-images columns-default is-cropped wp-block-gallery-1 is-layout-flex wp-block-gallery-is-layout-flex\">\n<figure class=\"wp-block-image size-large\"><img loading=\"lazy\" decoding=\"async\" width=\"1024\" height=\"683\" data-id=\"10686\" src=\"https:\/\/www.seniorenakademie.dhbw-heidenheim.de\/wp-content\/uploads\/2023\/04\/DSC1176-1024x683.jpg\" alt=\"\" class=\"wp-image-10686\" srcset=\"https:\/\/www.seniorenakademie.dhbw-heidenheim.de\/wp-content\/uploads\/2023\/04\/DSC1176-1024x683.jpg 1024w, https:\/\/www.seniorenakademie.dhbw-heidenheim.de\/wp-content\/uploads\/2023\/04\/DSC1176-300x200.jpg 300w, https:\/\/www.seniorenakademie.dhbw-heidenheim.de\/wp-content\/uploads\/2023\/04\/DSC1176-768x512.jpg 768w, https:\/\/www.seniorenakademie.dhbw-heidenheim.de\/wp-content\/uploads\/2023\/04\/DSC1176-1536x1024.jpg 1536w, https:\/\/www.seniorenakademie.dhbw-heidenheim.de\/wp-content\/uploads\/2023\/04\/DSC1176.jpg 2048w\" sizes=\"auto, (max-width: 1024px) 100vw, 1024px\" \/><\/figure>\n\n\n\n<figure class=\"wp-block-image size-large\"><img loading=\"lazy\" decoding=\"async\" width=\"1024\" height=\"683\" data-id=\"10687\" src=\"https:\/\/www.seniorenakademie.dhbw-heidenheim.de\/wp-content\/uploads\/2023\/04\/DSC1179-1024x683.jpg\" alt=\"\" class=\"wp-image-10687\" srcset=\"https:\/\/www.seniorenakademie.dhbw-heidenheim.de\/wp-content\/uploads\/2023\/04\/DSC1179-1024x683.jpg 1024w, https:\/\/www.seniorenakademie.dhbw-heidenheim.de\/wp-content\/uploads\/2023\/04\/DSC1179-300x200.jpg 300w, https:\/\/www.seniorenakademie.dhbw-heidenheim.de\/wp-content\/uploads\/2023\/04\/DSC1179-768x512.jpg 768w, https:\/\/www.seniorenakademie.dhbw-heidenheim.de\/wp-content\/uploads\/2023\/04\/DSC1179-1536x1024.jpg 1536w, https:\/\/www.seniorenakademie.dhbw-heidenheim.de\/wp-content\/uploads\/2023\/04\/DSC1179.jpg 2048w\" sizes=\"auto, (max-width: 1024px) 100vw, 1024px\" \/><\/figure>\n<\/figure>\n\n\n\n<p class=\"wp-block-paragraph\"> einem Szenenausschnitt aus \u201eBiedermann und die Brandstifter\u201c(Max Frisch), vorgetragen von der Theater-AG des Schillergymnasiums unter Leitung von Helen D\u00f6belin und Brigitte Krug-Oberlader und <\/p>\n\n\n\n<figure class=\"wp-block-gallery has-nested-images columns-default is-cropped wp-block-gallery-2 is-layout-flex wp-block-gallery-is-layout-flex\">\n<figure class=\"wp-block-image size-large\"><img loading=\"lazy\" decoding=\"async\" width=\"1024\" height=\"683\" data-id=\"10697\" src=\"https:\/\/www.seniorenakademie.dhbw-heidenheim.de\/wp-content\/uploads\/2023\/04\/DSC1217-2-1024x683.jpg\" alt=\"\" class=\"wp-image-10697\" srcset=\"https:\/\/www.seniorenakademie.dhbw-heidenheim.de\/wp-content\/uploads\/2023\/04\/DSC1217-2-1024x683.jpg 1024w, https:\/\/www.seniorenakademie.dhbw-heidenheim.de\/wp-content\/uploads\/2023\/04\/DSC1217-2-300x200.jpg 300w, https:\/\/www.seniorenakademie.dhbw-heidenheim.de\/wp-content\/uploads\/2023\/04\/DSC1217-2-768x512.jpg 768w, https:\/\/www.seniorenakademie.dhbw-heidenheim.de\/wp-content\/uploads\/2023\/04\/DSC1217-2-1536x1024.jpg 1536w, https:\/\/www.seniorenakademie.dhbw-heidenheim.de\/wp-content\/uploads\/2023\/04\/DSC1217-2.jpg 2048w\" sizes=\"auto, (max-width: 1024px) 100vw, 1024px\" \/><\/figure>\n\n\n\n<figure class=\"wp-block-image size-large\"><img loading=\"lazy\" decoding=\"async\" width=\"1024\" height=\"683\" data-id=\"10705\" src=\"https:\/\/www.seniorenakademie.dhbw-heidenheim.de\/wp-content\/uploads\/2023\/04\/DSC1223-2-1-1024x683.jpg\" alt=\"\" class=\"wp-image-10705\" srcset=\"https:\/\/www.seniorenakademie.dhbw-heidenheim.de\/wp-content\/uploads\/2023\/04\/DSC1223-2-1-1024x683.jpg 1024w, https:\/\/www.seniorenakademie.dhbw-heidenheim.de\/wp-content\/uploads\/2023\/04\/DSC1223-2-1-300x200.jpg 300w, https:\/\/www.seniorenakademie.dhbw-heidenheim.de\/wp-content\/uploads\/2023\/04\/DSC1223-2-1-768x512.jpg 768w, https:\/\/www.seniorenakademie.dhbw-heidenheim.de\/wp-content\/uploads\/2023\/04\/DSC1223-2-1-1536x1024.jpg 1536w, https:\/\/www.seniorenakademie.dhbw-heidenheim.de\/wp-content\/uploads\/2023\/04\/DSC1223-2-1.jpg 2048w\" sizes=\"auto, (max-width: 1024px) 100vw, 1024px\" \/><\/figure>\n\n\n\n<figure class=\"wp-block-image size-large\"><img loading=\"lazy\" decoding=\"async\" width=\"1024\" height=\"683\" data-id=\"10706\" src=\"https:\/\/www.seniorenakademie.dhbw-heidenheim.de\/wp-content\/uploads\/2023\/04\/DSC1243-2-2-1024x683.jpg\" alt=\"\" class=\"wp-image-10706\" srcset=\"https:\/\/www.seniorenakademie.dhbw-heidenheim.de\/wp-content\/uploads\/2023\/04\/DSC1243-2-2-1024x683.jpg 1024w, https:\/\/www.seniorenakademie.dhbw-heidenheim.de\/wp-content\/uploads\/2023\/04\/DSC1243-2-2-300x200.jpg 300w, https:\/\/www.seniorenakademie.dhbw-heidenheim.de\/wp-content\/uploads\/2023\/04\/DSC1243-2-2-768x512.jpg 768w, https:\/\/www.seniorenakademie.dhbw-heidenheim.de\/wp-content\/uploads\/2023\/04\/DSC1243-2-2-1536x1024.jpg 1536w, https:\/\/www.seniorenakademie.dhbw-heidenheim.de\/wp-content\/uploads\/2023\/04\/DSC1243-2-2.jpg 2048w\" sizes=\"auto, (max-width: 1024px) 100vw, 1024px\" \/><\/figure>\n<\/figure>\n\n\n\n<p class=\"wp-block-paragraph\">mit einem reichhaltigen Buffet, in dem auch die Gaumenfreuden nicht zu kurz kamen, wurde ein erfolgreiches Semester gefeiert.<\/p>\n\n\n\n<figure class=\"wp-block-gallery has-nested-images columns-default is-cropped wp-block-gallery-3 is-layout-flex wp-block-gallery-is-layout-flex\">\n<figure class=\"wp-block-image size-large\"><img loading=\"lazy\" decoding=\"async\" width=\"768\" height=\"1024\" data-id=\"10690\" src=\"https:\/\/www.seniorenakademie.dhbw-heidenheim.de\/wp-content\/uploads\/2023\/04\/IMG_0290-768x1024.jpg\" alt=\"\" class=\"wp-image-10690\" srcset=\"https:\/\/www.seniorenakademie.dhbw-heidenheim.de\/wp-content\/uploads\/2023\/04\/IMG_0290-768x1024.jpg 768w, https:\/\/www.seniorenakademie.dhbw-heidenheim.de\/wp-content\/uploads\/2023\/04\/IMG_0290-225x300.jpg 225w, https:\/\/www.seniorenakademie.dhbw-heidenheim.de\/wp-content\/uploads\/2023\/04\/IMG_0290-1152x1536.jpg 1152w, https:\/\/www.seniorenakademie.dhbw-heidenheim.de\/wp-content\/uploads\/2023\/04\/IMG_0290.jpg 1200w\" sizes=\"auto, (max-width: 768px) 100vw, 768px\" \/><\/figure>\n\n\n\n<figure class=\"wp-block-image size-large\"><img loading=\"lazy\" decoding=\"async\" width=\"768\" height=\"1024\" data-id=\"10693\" src=\"https:\/\/www.seniorenakademie.dhbw-heidenheim.de\/wp-content\/uploads\/2023\/04\/IMG_0291-768x1024.jpg\" alt=\"\" class=\"wp-image-10693\" srcset=\"https:\/\/www.seniorenakademie.dhbw-heidenheim.de\/wp-content\/uploads\/2023\/04\/IMG_0291-768x1024.jpg 768w, https:\/\/www.seniorenakademie.dhbw-heidenheim.de\/wp-content\/uploads\/2023\/04\/IMG_0291-225x300.jpg 225w, https:\/\/www.seniorenakademie.dhbw-heidenheim.de\/wp-content\/uploads\/2023\/04\/IMG_0291-1152x1536.jpg 1152w, https:\/\/www.seniorenakademie.dhbw-heidenheim.de\/wp-content\/uploads\/2023\/04\/IMG_0291.jpg 1200w\" sizes=\"auto, (max-width: 768px) 100vw, 768px\" \/><\/figure>\n\n\n\n<figure class=\"wp-block-image size-large\"><img loading=\"lazy\" decoding=\"async\" width=\"576\" height=\"1024\" data-id=\"10696\" src=\"https:\/\/www.seniorenakademie.dhbw-heidenheim.de\/wp-content\/uploads\/2023\/04\/IMG_0292-2-576x1024.jpg\" alt=\"\" class=\"wp-image-10696\" srcset=\"https:\/\/www.seniorenakademie.dhbw-heidenheim.de\/wp-content\/uploads\/2023\/04\/IMG_0292-2-576x1024.jpg 576w, https:\/\/www.seniorenakademie.dhbw-heidenheim.de\/wp-content\/uploads\/2023\/04\/IMG_0292-2-169x300.jpg 169w, https:\/\/www.seniorenakademie.dhbw-heidenheim.de\/wp-content\/uploads\/2023\/04\/IMG_0292-2-768x1365.jpg 768w, https:\/\/www.seniorenakademie.dhbw-heidenheim.de\/wp-content\/uploads\/2023\/04\/IMG_0292-2-864x1536.jpg 864w, https:\/\/www.seniorenakademie.dhbw-heidenheim.de\/wp-content\/uploads\/2023\/04\/IMG_0292-2.jpg 900w\" sizes=\"auto, (max-width: 576px) 100vw, 576px\" \/><\/figure>\n\n\n\n<figure class=\"wp-block-image size-large\"><img loading=\"lazy\" decoding=\"async\" width=\"575\" height=\"1024\" data-id=\"10694\" src=\"https:\/\/www.seniorenakademie.dhbw-heidenheim.de\/wp-content\/uploads\/2023\/04\/IMG_0293-575x1024.jpg\" alt=\"\" class=\"wp-image-10694\" srcset=\"https:\/\/www.seniorenakademie.dhbw-heidenheim.de\/wp-content\/uploads\/2023\/04\/IMG_0293-575x1024.jpg 575w, https:\/\/www.seniorenakademie.dhbw-heidenheim.de\/wp-content\/uploads\/2023\/04\/IMG_0293-169x300.jpg 169w, https:\/\/www.seniorenakademie.dhbw-heidenheim.de\/wp-content\/uploads\/2023\/04\/IMG_0293-768x1367.jpg 768w, https:\/\/www.seniorenakademie.dhbw-heidenheim.de\/wp-content\/uploads\/2023\/04\/IMG_0293-863x1536.jpg 863w, https:\/\/www.seniorenakademie.dhbw-heidenheim.de\/wp-content\/uploads\/2023\/04\/IMG_0293.jpg 899w\" sizes=\"auto, (max-width: 575px) 100vw, 575px\" \/><\/figure>\n\n\n\n<figure class=\"wp-block-image size-large\"><img loading=\"lazy\" decoding=\"async\" width=\"576\" height=\"1024\" data-id=\"10689\" src=\"https:\/\/www.seniorenakademie.dhbw-heidenheim.de\/wp-content\/uploads\/2023\/04\/IMG_0294-576x1024.jpg\" alt=\"\" class=\"wp-image-10689\" srcset=\"https:\/\/www.seniorenakademie.dhbw-heidenheim.de\/wp-content\/uploads\/2023\/04\/IMG_0294-576x1024.jpg 576w, https:\/\/www.seniorenakademie.dhbw-heidenheim.de\/wp-content\/uploads\/2023\/04\/IMG_0294-169x300.jpg 169w, https:\/\/www.seniorenakademie.dhbw-heidenheim.de\/wp-content\/uploads\/2023\/04\/IMG_0294-768x1365.jpg 768w, https:\/\/www.seniorenakademie.dhbw-heidenheim.de\/wp-content\/uploads\/2023\/04\/IMG_0294-864x1536.jpg 864w, https:\/\/www.seniorenakademie.dhbw-heidenheim.de\/wp-content\/uploads\/2023\/04\/IMG_0294.jpg 900w\" sizes=\"auto, (max-width: 576px) 100vw, 576px\" \/><\/figure>\n\n\n\n<figure class=\"wp-block-image size-large\"><img loading=\"lazy\" decoding=\"async\" width=\"1024\" height=\"576\" data-id=\"10695\" src=\"https:\/\/www.seniorenakademie.dhbw-heidenheim.de\/wp-content\/uploads\/2023\/04\/IMG_0295-1-1024x576.jpg\" alt=\"\" class=\"wp-image-10695\" srcset=\"https:\/\/www.seniorenakademie.dhbw-heidenheim.de\/wp-content\/uploads\/2023\/04\/IMG_0295-1-1024x576.jpg 1024w, https:\/\/www.seniorenakademie.dhbw-heidenheim.de\/wp-content\/uploads\/2023\/04\/IMG_0295-1-300x169.jpg 300w, https:\/\/www.seniorenakademie.dhbw-heidenheim.de\/wp-content\/uploads\/2023\/04\/IMG_0295-1-768x432.jpg 768w, https:\/\/www.seniorenakademie.dhbw-heidenheim.de\/wp-content\/uploads\/2023\/04\/IMG_0295-1-1536x864.jpg 1536w, https:\/\/www.seniorenakademie.dhbw-heidenheim.de\/wp-content\/uploads\/2023\/04\/IMG_0295-1-350x197.jpg 350w, https:\/\/www.seniorenakademie.dhbw-heidenheim.de\/wp-content\/uploads\/2023\/04\/IMG_0295-1-528x297.jpg 528w, https:\/\/www.seniorenakademie.dhbw-heidenheim.de\/wp-content\/uploads\/2023\/04\/IMG_0295-1-860x484.jpg 860w, https:\/\/www.seniorenakademie.dhbw-heidenheim.de\/wp-content\/uploads\/2023\/04\/IMG_0295-1.jpg 1600w\" sizes=\"auto, (max-width: 1024px) 100vw, 1024px\" \/><\/figure>\n<\/figure>\n\n\n\n<p class=\"wp-block-paragraph\">F\u00fcr die musikalische Unterhaltung und eine gute Stimmung sorgte die Live Band \u201eTriomitri\u201c mit Karl-Heinz Weis, Wolfgang M\u00fcller, Matthias Held und Tri Chau-Huu. \u201eWieder mal eine gelungene Feier!\u201c&nbsp; urteilten die Besucher.<\/p>\n\n\n\n<figure class=\"wp-block-gallery has-nested-images columns-default is-cropped wp-block-gallery-4 is-layout-flex wp-block-gallery-is-layout-flex\">\n<figure class=\"wp-block-image size-large\"><img loading=\"lazy\" decoding=\"async\" width=\"1024\" height=\"683\" data-id=\"10712\" src=\"https:\/\/www.seniorenakademie.dhbw-heidenheim.de\/wp-content\/uploads\/2023\/04\/DSC1257-2-1024x683.jpg\" alt=\"\" class=\"wp-image-10712\" srcset=\"https:\/\/www.seniorenakademie.dhbw-heidenheim.de\/wp-content\/uploads\/2023\/04\/DSC1257-2-1024x683.jpg 1024w, https:\/\/www.seniorenakademie.dhbw-heidenheim.de\/wp-content\/uploads\/2023\/04\/DSC1257-2-300x200.jpg 300w, https:\/\/www.seniorenakademie.dhbw-heidenheim.de\/wp-content\/uploads\/2023\/04\/DSC1257-2-768x512.jpg 768w, https:\/\/www.seniorenakademie.dhbw-heidenheim.de\/wp-content\/uploads\/2023\/04\/DSC1257-2-1536x1024.jpg 1536w, https:\/\/www.seniorenakademie.dhbw-heidenheim.de\/wp-content\/uploads\/2023\/04\/DSC1257-2.jpg 2048w\" sizes=\"auto, (max-width: 1024px) 100vw, 1024px\" \/><\/figure>\n\n\n\n<figure class=\"wp-block-image size-large\"><img loading=\"lazy\" decoding=\"async\" width=\"1024\" height=\"683\" data-id=\"10711\" src=\"https:\/\/www.seniorenakademie.dhbw-heidenheim.de\/wp-content\/uploads\/2023\/04\/DSC1281-2-1024x683.jpg\" alt=\"\" class=\"wp-image-10711\" srcset=\"https:\/\/www.seniorenakademie.dhbw-heidenheim.de\/wp-content\/uploads\/2023\/04\/DSC1281-2-1024x683.jpg 1024w, https:\/\/www.seniorenakademie.dhbw-heidenheim.de\/wp-content\/uploads\/2023\/04\/DSC1281-2-300x200.jpg 300w, https:\/\/www.seniorenakademie.dhbw-heidenheim.de\/wp-content\/uploads\/2023\/04\/DSC1281-2-768x512.jpg 768w, https:\/\/www.seniorenakademie.dhbw-heidenheim.de\/wp-content\/uploads\/2023\/04\/DSC1281-2-1536x1024.jpg 1536w, https:\/\/www.seniorenakademie.dhbw-heidenheim.de\/wp-content\/uploads\/2023\/04\/DSC1281-2.jpg 2048w\" sizes=\"auto, (max-width: 1024px) 100vw, 1024px\" \/><\/figure>\n\n\n\n<figure class=\"wp-block-image size-large\"><img loading=\"lazy\" decoding=\"async\" width=\"1024\" height=\"683\" data-id=\"10710\" src=\"https:\/\/www.seniorenakademie.dhbw-heidenheim.de\/wp-content\/uploads\/2023\/04\/DSC1260-1024x683.jpg\" alt=\"\" class=\"wp-image-10710\" srcset=\"https:\/\/www.seniorenakademie.dhbw-heidenheim.de\/wp-content\/uploads\/2023\/04\/DSC1260-1024x683.jpg 1024w, https:\/\/www.seniorenakademie.dhbw-heidenheim.de\/wp-content\/uploads\/2023\/04\/DSC1260-300x200.jpg 300w, https:\/\/www.seniorenakademie.dhbw-heidenheim.de\/wp-content\/uploads\/2023\/04\/DSC1260-768x512.jpg 768w, https:\/\/www.seniorenakademie.dhbw-heidenheim.de\/wp-content\/uploads\/2023\/04\/DSC1260-1536x1024.jpg 1536w, https:\/\/www.seniorenakademie.dhbw-heidenheim.de\/wp-content\/uploads\/2023\/04\/DSC1260.jpg 2048w\" sizes=\"auto, (max-width: 1024px) 100vw, 1024px\" \/><\/figure>\n<\/figure>\n\n\n\n<p class=\"wp-block-paragraph\">Die Seniorenakademie freut sich, nach der Sommerpause Mitte Oktober m\u00f6glichst viele neue Mitglieder zu interessanten neuen Angeboten im Wintersemester 2023\/24 begr\u00fc\u00dfen zu d\u00fcrfen.<\/p>\n","protected":false},"excerpt":{"rendered":"<p>Unter dem Motto \u201eEndlich wieder feiern\u201c fand nach 3 Corona-Jahren die Abschlussfeier zum Semesterende der Seniorenakademie statt.<\/p>\n","protected":false},"author":10,"featured_media":214,"parent":3128,"menu_order":0,"comment_status":"closed","ping_status":"closed","template":"","meta":{"_crdt_document":"","_themeisle_gutenberg_block_has_review":false,"footnotes":""},"class_list":["post-10682","page","type-page","status-publish","has-post-thumbnail","hentry","gallery-content-unit"],"_links":{"self":[{"href":"https:\/\/www.seniorenakademie.dhbw-heidenheim.de\/index.php\/wp-json\/wp\/v2\/pages\/10682","targetHints":{"allow":["GET"]}}],"collection":[{"href":"https:\/\/www.seniorenakademie.dhbw-heidenheim.de\/index.php\/wp-json\/wp\/v2\/pages"}],"about":[{"href":"https:\/\/www.seniorenakademie.dhbw-heidenheim.de\/index.php\/wp-json\/wp\/v2\/types\/page"}],"author":[{"embeddable":true,"href":"https:\/\/www.seniorenakademie.dhbw-heidenheim.de\/index.php\/wp-json\/wp\/v2\/users\/10"}],"replies":[{"embeddable":true,"href":"https:\/\/www.seniorenakademie.dhbw-heidenheim.de\/index.php\/wp-json\/wp\/v2\/comments?post=10682"}],"version-history":[{"count":3,"href":"https:\/\/www.seniorenakademie.dhbw-heidenheim.de\/index.php\/wp-json\/wp\/v2\/pages\/10682\/revisions"}],"predecessor-version":[{"id":10722,"href":"https:\/\/www.seniorenakademie.dhbw-heidenheim.de\/index.php\/wp-json\/wp\/v2\/pages\/10682\/revisions\/10722"}],"up":[{"embeddable":true,"href":"https:\/\/www.seniorenakademie.dhbw-heidenheim.de\/index.php\/wp-json\/wp\/v2\/pages\/3128"}],"wp:featuredmedia":[{"embeddable":true,"href":"https:\/\/www.seniorenakademie.dhbw-heidenheim.de\/index.php\/wp-json\/wp\/v2\/media\/214"}],"wp:attachment":[{"href":"https:\/\/www.seniorenakademie.dhbw-heidenheim.de\/index.php\/wp-json\/wp\/v2\/media?parent=10682"}],"curies":[{"name":"wp","href":"https:\/\/api.w.org\/{rel}","templated":true}]}}