{"id":10079,"date":"2022-10-01T12:40:18","date_gmt":"2022-10-01T10:40:18","guid":{"rendered":"https:\/\/www.seniorenakademie.dhbw-heidenheim.de\/?page_id=10079"},"modified":"2022-11-16T11:02:21","modified_gmt":"2022-11-16T10:02:21","slug":"bericht-von-der-vollbersammlung-neue-geschaeftfuehrung-an-der-sah","status":"publish","type":"page","link":"https:\/\/www.seniorenakademie.dhbw-heidenheim.de\/index.php\/aktivitaeten\/aktuelles-semester\/bericht-von-der-vollbersammlung-neue-geschaeftfuehrung-an-der-sah\/","title":{"rendered":"Neue Gesch\u00e4ftsf\u00fchrung in der Vollversammlung 2022 gew\u00e4hlt"},"content":{"rendered":"\n<!--more-->\n\n\n\n<div class=\"wp-block-media-text alignwide is-stacked-on-mobile\" style=\"grid-template-columns:40% auto\"><figure class=\"wp-block-media-text__media\"><img decoding=\"async\" src=\"https:\/\/www.seniorenakademie.dhbw-heidenheim.de\/wp-content\/uploads\/2022\/10\/IMG_0861-2-1024x768.jpg\" alt=\"\" class=\"wp-image-10093 size-full\"\/><\/figure><div class=\"wp-block-media-text__content\">\n<p class=\"wp-block-paragraph\">Nachdem in den letzten 2 Jahren pandemiebedingt keine Vollversammlung stattfinden konnte, war es sehr erfreulich, dass die scheidende Vorsitzende Irmgard Maetz wieder etwa 60 Besucher*innen begr\u00fc\u00dfen konnte. Nach einem kurzen R\u00fcckblick \u00fcber die von der Corona Pandemie gepr\u00e4gten letzten Jahre und der Entlastung des Vorstandes und der Selbstverwaltung durch den Gesch\u00e4ftsf\u00fchrer des F\u00f6rdervereins der DHBW Prof. Manfred Tr\u00e4ger wurde von diesem die bisherige Gesch\u00e4ftsf\u00fchrerin der SAH Frau Irmgard Maetz mit vielen anerkennenden und lobenden Worten verabschiedet<\/p>\n<\/div><\/div>\n\n\n\n<div class=\"wp-block-media-text alignwide is-stacked-on-mobile\" style=\"grid-template-columns:20% auto\"><figure class=\"wp-block-media-text__media\"><img loading=\"lazy\" decoding=\"async\" width=\"768\" height=\"1024\" src=\"https:\/\/www.seniorenakademie.dhbw-heidenheim.de\/wp-content\/uploads\/2022\/10\/IMG_0234-768x1024.jpg\" alt=\"\" class=\"wp-image-10083 size-full\" srcset=\"https:\/\/www.seniorenakademie.dhbw-heidenheim.de\/wp-content\/uploads\/2022\/10\/IMG_0234-768x1024.jpg 768w, https:\/\/www.seniorenakademie.dhbw-heidenheim.de\/wp-content\/uploads\/2022\/10\/IMG_0234-225x300.jpg 225w, https:\/\/www.seniorenakademie.dhbw-heidenheim.de\/wp-content\/uploads\/2022\/10\/IMG_0234-1152x1536.jpg 1152w, https:\/\/www.seniorenakademie.dhbw-heidenheim.de\/wp-content\/uploads\/2022\/10\/IMG_0234.jpg 1200w\" sizes=\"auto, (max-width: 768px) 100vw, 768px\" \/><\/figure><div class=\"wp-block-media-text__content\">\n<p class=\"wp-block-paragraph\">Herr Tr\u00e4ger sprach Frau Maetz gro\u00dfe Anerkennung, Dank und Respekt f\u00fcr ihre Leistung in den vergangenen 14 Jahren aus. Frau Maetz habe mit ihrer besonderen F\u00e4higkeit immer wieder neue Dozenten*innen f\u00fcr die SAH gewinnen k\u00f6nnen und mit ihrer f\u00fcr sie typischen Wahrhaftigkeit und Menschlichkeit das Gesicht der Seniorenakademie gepr\u00e4gt. Neben Frau Maetz wurde auch Alfred Mahlau, der seit 20 Jahren an der SAH in verschiedenen Funktionen aktiv war, verabschiedet. Die Selbstverwaltung der SAH bedankt sich bei beiden f\u00fcr ihr \u00fcbergro\u00dfes Engagement in dieser Zeit.<\/p>\n<\/div><\/div>\n\n\n\n<div class=\"wp-block-columns is-layout-flex wp-container-core-columns-is-layout-8f761849 wp-block-columns-is-layout-flex\">\n<div class=\"wp-block-column is-layout-flow wp-block-column-is-layout-flow\" style=\"flex-basis:100%\">\n<figure class=\"wp-block-gallery has-nested-images columns-default is-cropped wp-block-gallery-1 is-layout-flex wp-block-gallery-is-layout-flex\">\n<figure class=\"wp-block-image size-large\"><img loading=\"lazy\" decoding=\"async\" width=\"1024\" height=\"768\" data-id=\"10086\" src=\"https:\/\/www.seniorenakademie.dhbw-heidenheim.de\/wp-content\/uploads\/2022\/10\/IMG_0237-2-1024x768.jpg\" alt=\"\" class=\"wp-image-10086\" srcset=\"https:\/\/www.seniorenakademie.dhbw-heidenheim.de\/wp-content\/uploads\/2022\/10\/IMG_0237-2-1024x768.jpg 1024w, https:\/\/www.seniorenakademie.dhbw-heidenheim.de\/wp-content\/uploads\/2022\/10\/IMG_0237-2-300x225.jpg 300w, https:\/\/www.seniorenakademie.dhbw-heidenheim.de\/wp-content\/uploads\/2022\/10\/IMG_0237-2-768x576.jpg 768w, https:\/\/www.seniorenakademie.dhbw-heidenheim.de\/wp-content\/uploads\/2022\/10\/IMG_0237-2-1536x1152.jpg 1536w, https:\/\/www.seniorenakademie.dhbw-heidenheim.de\/wp-content\/uploads\/2022\/10\/IMG_0237-2.jpg 1600w\" sizes=\"auto, (max-width: 1024px) 100vw, 1024px\" \/><\/figure>\n\n\n\n<figure class=\"wp-block-image size-large\"><img loading=\"lazy\" decoding=\"async\" width=\"1024\" height=\"768\" data-id=\"10087\" src=\"https:\/\/www.seniorenakademie.dhbw-heidenheim.de\/wp-content\/uploads\/2022\/10\/IMG_0231-1-1024x768.jpg\" alt=\"\" class=\"wp-image-10087\" srcset=\"https:\/\/www.seniorenakademie.dhbw-heidenheim.de\/wp-content\/uploads\/2022\/10\/IMG_0231-1-1024x768.jpg 1024w, https:\/\/www.seniorenakademie.dhbw-heidenheim.de\/wp-content\/uploads\/2022\/10\/IMG_0231-1-300x225.jpg 300w, https:\/\/www.seniorenakademie.dhbw-heidenheim.de\/wp-content\/uploads\/2022\/10\/IMG_0231-1-768x576.jpg 768w, https:\/\/www.seniorenakademie.dhbw-heidenheim.de\/wp-content\/uploads\/2022\/10\/IMG_0231-1-1536x1152.jpg 1536w, https:\/\/www.seniorenakademie.dhbw-heidenheim.de\/wp-content\/uploads\/2022\/10\/IMG_0231-1.jpg 1600w\" sizes=\"auto, (max-width: 1024px) 100vw, 1024px\" \/><\/figure>\n<\/figure>\n<\/div>\n<\/div>\n\n\n\n<div class=\"wp-block-columns is-layout-flex wp-container-core-columns-is-layout-8f761849 wp-block-columns-is-layout-flex\">\n<div class=\"wp-block-column is-layout-flow wp-block-column-is-layout-flow\" style=\"flex-basis:100%\">\n<figure class=\"wp-block-gallery has-nested-images columns-default is-cropped wp-block-gallery-2 is-layout-flex wp-block-gallery-is-layout-flex\">\n<figure class=\"wp-block-image size-large\"><img loading=\"lazy\" decoding=\"async\" width=\"768\" height=\"1024\" data-id=\"10094\" src=\"https:\/\/www.seniorenakademie.dhbw-heidenheim.de\/wp-content\/uploads\/2022\/10\/IMG_0899-768x1024.jpeg\" alt=\"\" class=\"wp-image-10094\" srcset=\"https:\/\/www.seniorenakademie.dhbw-heidenheim.de\/wp-content\/uploads\/2022\/10\/IMG_0899-768x1024.jpeg 768w, https:\/\/www.seniorenakademie.dhbw-heidenheim.de\/wp-content\/uploads\/2022\/10\/IMG_0899-225x300.jpeg 225w, https:\/\/www.seniorenakademie.dhbw-heidenheim.de\/wp-content\/uploads\/2022\/10\/IMG_0899-1152x1536.jpeg 1152w, https:\/\/www.seniorenakademie.dhbw-heidenheim.de\/wp-content\/uploads\/2022\/10\/IMG_0899.jpeg 1536w\" sizes=\"auto, (max-width: 768px) 100vw, 768px\" \/><\/figure>\n\n\n\n<figure class=\"wp-block-image size-large\"><img loading=\"lazy\" decoding=\"async\" width=\"1024\" height=\"767\" data-id=\"10088\" src=\"https:\/\/www.seniorenakademie.dhbw-heidenheim.de\/wp-content\/uploads\/2022\/10\/IMG_0238-1024x767.jpg\" alt=\"\" class=\"wp-image-10088\" srcset=\"https:\/\/www.seniorenakademie.dhbw-heidenheim.de\/wp-content\/uploads\/2022\/10\/IMG_0238-1024x767.jpg 1024w, https:\/\/www.seniorenakademie.dhbw-heidenheim.de\/wp-content\/uploads\/2022\/10\/IMG_0238-300x225.jpg 300w, https:\/\/www.seniorenakademie.dhbw-heidenheim.de\/wp-content\/uploads\/2022\/10\/IMG_0238-768x575.jpg 768w, https:\/\/www.seniorenakademie.dhbw-heidenheim.de\/wp-content\/uploads\/2022\/10\/IMG_0238-1536x1150.jpg 1536w, https:\/\/www.seniorenakademie.dhbw-heidenheim.de\/wp-content\/uploads\/2022\/10\/IMG_0238.jpg 1600w\" sizes=\"auto, (max-width: 1024px) 100vw, 1024px\" \/><\/figure>\n\n\n\n<figure class=\"wp-block-image size-large\"><img loading=\"lazy\" decoding=\"async\" width=\"768\" height=\"1024\" data-id=\"10090\" src=\"https:\/\/www.seniorenakademie.dhbw-heidenheim.de\/wp-content\/uploads\/2022\/10\/IMG_0910-768x1024.jpeg\" alt=\"\" class=\"wp-image-10090\" srcset=\"https:\/\/www.seniorenakademie.dhbw-heidenheim.de\/wp-content\/uploads\/2022\/10\/IMG_0910-768x1024.jpeg 768w, https:\/\/www.seniorenakademie.dhbw-heidenheim.de\/wp-content\/uploads\/2022\/10\/IMG_0910-225x300.jpeg 225w, https:\/\/www.seniorenakademie.dhbw-heidenheim.de\/wp-content\/uploads\/2022\/10\/IMG_0910-1152x1536.jpeg 1152w, https:\/\/www.seniorenakademie.dhbw-heidenheim.de\/wp-content\/uploads\/2022\/10\/IMG_0910.jpeg 1536w\" sizes=\"auto, (max-width: 768px) 100vw, 768px\" \/><\/figure>\n\n\n\n<figure class=\"wp-block-image size-large\"><img loading=\"lazy\" decoding=\"async\" width=\"1024\" height=\"768\" data-id=\"10095\" src=\"https:\/\/www.seniorenakademie.dhbw-heidenheim.de\/wp-content\/uploads\/2022\/10\/IMG_0242-1024x768.jpg\" alt=\"\" class=\"wp-image-10095\" srcset=\"https:\/\/www.seniorenakademie.dhbw-heidenheim.de\/wp-content\/uploads\/2022\/10\/IMG_0242-1024x768.jpg 1024w, https:\/\/www.seniorenakademie.dhbw-heidenheim.de\/wp-content\/uploads\/2022\/10\/IMG_0242-300x225.jpg 300w, https:\/\/www.seniorenakademie.dhbw-heidenheim.de\/wp-content\/uploads\/2022\/10\/IMG_0242-768x576.jpg 768w, https:\/\/www.seniorenakademie.dhbw-heidenheim.de\/wp-content\/uploads\/2022\/10\/IMG_0242-1536x1152.jpg 1536w, https:\/\/www.seniorenakademie.dhbw-heidenheim.de\/wp-content\/uploads\/2022\/10\/IMG_0242.jpg 1600w\" sizes=\"auto, (max-width: 1024px) 100vw, 1024px\" \/><figcaption class=\"wp-element-caption\">Brigitte Krug-Oberlader, Viktor Wagner, Irmgard Maetz<\/figcaption><\/figure>\n<\/figure>\n<\/div>\n<\/div>\n\n\n\n<p class=\"wp-block-paragraph\">Danach wurden einstimmig Brigitte Krug-Oberlader und Viktor Wagner zur neuen Gesch\u00e4ftsf\u00fchrung gew\u00e4hlt.<\/p>\n\n\n\n<p class=\"wp-block-paragraph\">Anschlie\u00dfend wurden die 50 Angebote f\u00fcr das kommende Semester von Oktober bis M\u00e4rz von Mitgliedern der Selbstverwaltung vorgestellt. Das Angebot reicht von Kursen zu digitalen Medien, Sprachen, Vortr\u00e4gen zu geschichtlichen, kulturellen, politischen und sozialen Themen, sowie Reiseangeboten und Kulturfahrten. Ebenso wird wieder der Literaturkreis, der Chor, das Fahrtraining, &#8230; angeboten. Wie man sieht wird ein gro\u00dfes Spektrum an Interessenbereichen abgedeckt.<\/p>\n","protected":false},"excerpt":{"rendered":"","protected":false},"author":10,"featured_media":214,"parent":3128,"menu_order":0,"comment_status":"closed","ping_status":"closed","template":"","meta":{"_crdt_document":"","_themeisle_gutenberg_block_has_review":false,"footnotes":""},"class_list":["post-10079","page","type-page","status-publish","has-post-thumbnail","hentry","gallery-content-unit"],"_links":{"self":[{"href":"https:\/\/www.seniorenakademie.dhbw-heidenheim.de\/index.php\/wp-json\/wp\/v2\/pages\/10079","targetHints":{"allow":["GET"]}}],"collection":[{"href":"https:\/\/www.seniorenakademie.dhbw-heidenheim.de\/index.php\/wp-json\/wp\/v2\/pages"}],"about":[{"href":"https:\/\/www.seniorenakademie.dhbw-heidenheim.de\/index.php\/wp-json\/wp\/v2\/types\/page"}],"author":[{"embeddable":true,"href":"https:\/\/www.seniorenakademie.dhbw-heidenheim.de\/index.php\/wp-json\/wp\/v2\/users\/10"}],"replies":[{"embeddable":true,"href":"https:\/\/www.seniorenakademie.dhbw-heidenheim.de\/index.php\/wp-json\/wp\/v2\/comments?post=10079"}],"version-history":[{"count":14,"href":"https:\/\/www.seniorenakademie.dhbw-heidenheim.de\/index.php\/wp-json\/wp\/v2\/pages\/10079\/revisions"}],"predecessor-version":[{"id":10313,"href":"https:\/\/www.seniorenakademie.dhbw-heidenheim.de\/index.php\/wp-json\/wp\/v2\/pages\/10079\/revisions\/10313"}],"up":[{"embeddable":true,"href":"https:\/\/www.seniorenakademie.dhbw-heidenheim.de\/index.php\/wp-json\/wp\/v2\/pages\/3128"}],"wp:featuredmedia":[{"embeddable":true,"href":"https:\/\/www.seniorenakademie.dhbw-heidenheim.de\/index.php\/wp-json\/wp\/v2\/media\/214"}],"wp:attachment":[{"href":"https:\/\/www.seniorenakademie.dhbw-heidenheim.de\/index.php\/wp-json\/wp\/v2\/media?parent=10079"}],"curies":[{"name":"wp","href":"https:\/\/api.w.org\/{rel}","templated":true}]}}